{"id":982,"date":"2023-02-09T09:25:31","date_gmt":"2023-02-09T15:25:31","guid":{"rendered":"https:\/\/www.ssaver.gob.mx\/direccionjuridica\/?page_id=982"},"modified":"2026-03-25T11:40:25","modified_gmt":"2026-03-25T17:40:25","slug":"reglamentos","status":"publish","type":"page","link":"https:\/\/www.ssaver.gob.mx\/direccionjuridica\/normatividad-federal\/reglamentos\/","title":{"rendered":"Reglamentos"},"content":{"rendered":"\n<hr class=\"wp-block-separator has-text-color has-alpha-channel-opacity has-background is-style-wide\" style=\"background-color:#d8bf31;color:#d8bf31\" \/>\n\n\n\n<div class=\"wp-block-group is-layout-constrained wp-container-core-group-is-layout-2ba5b490 wp-block-group-is-layout-constrained\">\n<div class=\"wp-block-columns is-layout-flex wp-container-core-columns-is-layout-28f84493 wp-block-columns-is-layout-flex\">\n<div class=\"wp-block-column is-layout-flow wp-block-column-is-layout-flow\" style=\"flex-basis:100%\">\n<div class=\"wp-block-cover has-aspect-ratio\" style=\"margin-top:0;margin-bottom:0;padding-top:0;padding-bottom:0;aspect-ratio:auto;min-height:unset;\"><img decoding=\"async\" class=\"wp-block-cover__image-background wp-image-3976 size-full\" alt=\"\" src=\"https:\/\/www.ssaver.gob.mx\/funcionario\/wp-content\/uploads\/sites\/3\/2025\/10\/micrositios_encabezado_textura_-scaled.png\" data-object-fit=\"cover\" \/><span aria-hidden=\"true\" class=\"wp-block-cover__background has-background-dim-100 has-background-dim\" style=\"background-color:#720f37\"><\/span><div class=\"wp-block-cover__inner-container is-layout-constrained wp-block-cover-is-layout-constrained\">\n<p class=\"has-text-align-center\" style=\"font-size:28px\"><strong>Reglamentos<\/strong><\/p>\n<\/div><\/div>\n<\/div>\n<\/div>\n\n\n\n<div class=\"wp-block-columns has-background is-layout-flex wp-container-core-columns-is-layout-28f84493 wp-block-columns-is-layout-flex\" style=\"background:linear-gradient(180deg,rgb(233,231,225) 31%,rgba(232,230,225,0) 100%)\">\n<div class=\"wp-block-column is-layout-flow wp-block-column-is-layout-flow\" style=\"flex-basis:100%\">\n<ul class=\"wp-block-list has-medium-font-size\">\n<li><strong><a href=\"https:\/\/dof.gob.mx\/nota_detalle.php?codigo=5776519&amp;fecha=18\/12\/2025#gsc.tab=0\">Reglamento de la Ley de Adquisiciones, Arrendamientos y Servicios del Sector P\u00fablico<\/a><\/strong><\/li>\n\n\n\n<li><strong><a href=\"https:\/\/www.diputados.gob.mx\/LeyesBiblio\/regley\/Reg_LOPSRM.pdf\">Reglamento de la Ley de Obras P\u00fablicas y Servicios Relacionados con las Mismas<\/a><\/strong><\/li>\n\n\n\n<li><strong><a href=\"https:\/\/www.diputados.gob.mx\/LeyesBiblio\/regley\/Reg_LGDNNA.pdf\">Reglamento de la Ley General de los Derechos de Ni\u00f1as, Ni\u00f1os y Adolescentes<\/a><\/strong><\/li>\n\n\n\n<li><strong><a href=\"https:\/\/www.diputados.gob.mx\/LeyesBiblio\/regley\/Reg_LGPC_091215.pdf\">Reglamento de la Ley General de Protecci\u00f3n Civil<\/a><\/strong><\/li>\n\n\n\n<li><strong><a href=\"https:\/\/www.diputados.gob.mx\/LeyesBiblio\/regley\/Reg_LGS_MCSAEPS_281204.pdf\">Reglamento de la Ley General de Salud en Materia de Control Sanitario de Actividades, Establecimientos, Productos y Servicios<\/a><\/strong><\/li>\n\n\n\n<li><a href=\"https:\/\/www.diputados.gob.mx\/LeyesBiblio\/regley\/Reg_LGS_MCSOTCSH.pdf\"><strong>Reglamento de la Ley General de Salud en Materia de Control Sanitario de la Disposici\u00f3n de \u00d3rganos, Tejidos y Cad\u00e1veres de Seres Humanos<\/strong><\/a><\/li>\n\n\n\n<li><strong><a href=\"https:\/\/www.diputados.gob.mx\/LeyesBiblio\/regley\/Reg_LGS_MCSPIUMC_120121.pdf\">Reglamento de la Ley General de Salud en Materia de Control Sanitario para la Producci\u00f3n, Investigaci\u00f3n y Uso Medicinal de la Cannabis y sus Derivados Farmacol\u00f3gicos<\/a><\/strong><\/li>\n\n\n\n<li><strong><a href=\"https:\/\/www.diputados.gob.mx\/LeyesBiblio\/regley\/Reg_LGS_MIS.pdf\">Reglamento de la Ley General de Salud en Materia de Investigaci\u00f3n para la Salud<\/a><\/strong><\/li>\n\n\n\n<li><strong><a href=\"https:\/\/www.diputados.gob.mx\/LeyesBiblio\/regley\/Reg_LGS_MPSAM_170718.pdf\">Reglamento de la Ley General de Salud en Materia de Prestaci\u00f3n de Servicios de Atenci\u00f3n M\u00e9dica<\/a><\/strong><\/li>\n\n\n\n<li><strong><a href=\"https:\/\/www.diputados.gob.mx\/LeyesBiblio\/regley\/Reg_LGS_MPSS_171214.pdf\">Reglamento de la Ley General de Salud en Materia de Protecci\u00f3n Social en Salud<\/a><\/strong><\/li>\n\n\n\n<li><strong><a href=\"https:\/\/www.diputados.gob.mx\/LeyesBiblio\/regley\/Reg_LGS_MP.pdf\">Reglamento de la Ley General de Salud en Materia de Publicidad<\/a><\/strong><\/li>\n\n\n\n<li><strong><a href=\"https:\/\/www.diputados.gob.mx\/LeyesBiblio\/regley\/Reg_LGS_MSI.pdf\">Reglamento de la Ley General de Salud en Materia de Sanidad Internacional<\/a><\/strong><\/li>\n\n\n\n<li><strong><a href=\"https:\/\/www.diputados.gob.mx\/LeyesBiblio\/regley\/Reg_LGS_MT.pdf\">Reglamento de la Ley General de Salud en Materia de Trasplantes<\/a><\/strong><\/li>\n\n\n\n<li><strong><a href=\"https:\/\/www.diputados.gob.mx\/LeyesBiblio\/regley\/Reg_LGCT.pdf\">Reglamento de la Ley General para el Control del Tabaco<\/a><\/strong><\/li>\n\n\n\n<li><strong><a href=\"https:\/\/www.diputados.gob.mx\/LeyesBiblio\/regley\/Reg_LGAPPCEA.pdf\">Reglamento de la Ley General para la Atenci\u00f3n y Protecci\u00f3n a Personas con la Condici\u00f3n del Espectro Autista<\/a><\/strong><\/li>\n\n\n\n<li><strong><a href=\"https:\/\/www.diputados.gob.mx\/LeyesBiblio\/regley\/Reg_LGIPD.pdf\">Reglamento de la Ley General para la Inclusi\u00f3n de las Personas con Discapacidad<\/a><\/strong><\/li>\n\n\n\n<li><strong><a href=\"https:\/\/www.diputados.gob.mx\/LeyesBiblio\/regley\/Reg_Art121-122_LFT_050614.pdf\">Reglamento de los Art\u00edculos 121 y 122 de la Ley Federal del Trabajo<\/a><\/strong><\/li>\n\n\n\n<li><strong><a href=\"https:\/\/www.diputados.gob.mx\/LeyesBiblio\/regley\/Reg_CFF.pdf\">Reglamento del C\u00f3digo Fiscal de la Federaci\u00f3n<\/a><\/strong><\/li>\n<\/ul>\n<\/div>\n<\/div>\n<\/div>\n","protected":false},"excerpt":{"rendered":"","protected":false},"author":2,"featured_media":0,"parent":529,"menu_order":5,"comment_status":"closed","ping_status":"closed","template":"","meta":{"colormag_page_container_layout":"default_layout","colormag_page_sidebar_layout":"default_layout","footnotes":""},"class_list":["post-982","page","type-page","status-publish","hentry"],"_links":{"self":[{"href":"https:\/\/www.ssaver.gob.mx\/direccionjuridica\/wp-json\/wp\/v2\/pages\/982","targetHints":{"allow":["GET"]}}],"collection":[{"href":"https:\/\/www.ssaver.gob.mx\/direccionjuridica\/wp-json\/wp\/v2\/pages"}],"about":[{"href":"https:\/\/www.ssaver.gob.mx\/direccionjuridica\/wp-json\/wp\/v2\/types\/page"}],"author":[{"embeddable":true,"href":"https:\/\/www.ssaver.gob.mx\/direccionjuridica\/wp-json\/wp\/v2\/users\/2"}],"replies":[{"embeddable":true,"href":"https:\/\/www.ssaver.gob.mx\/direccionjuridica\/wp-json\/wp\/v2\/comments?post=982"}],"version-history":[{"count":14,"href":"https:\/\/www.ssaver.gob.mx\/direccionjuridica\/wp-json\/wp\/v2\/pages\/982\/revisions"}],"predecessor-version":[{"id":1680,"href":"https:\/\/www.ssaver.gob.mx\/direccionjuridica\/wp-json\/wp\/v2\/pages\/982\/revisions\/1680"}],"up":[{"embeddable":true,"href":"https:\/\/www.ssaver.gob.mx\/direccionjuridica\/wp-json\/wp\/v2\/pages\/529"}],"wp:attachment":[{"href":"https:\/\/www.ssaver.gob.mx\/direccionjuridica\/wp-json\/wp\/v2\/media?parent=982"}],"curies":[{"name":"wp","href":"https:\/\/api.w.org\/{rel}","templated":true}]}}