{"id":2,"date":"2022-06-11T17:30:07","date_gmt":"2022-06-11T22:30:07","guid":{"rendered":"https:\/\/www.ssaver.gob.mx\/directorio-sesver\/?page_id=2"},"modified":"2026-04-27T10:18:52","modified_gmt":"2026-04-27T16:18:52","slug":"directorioss","status":"publish","type":"page","link":"https:\/\/www.ssaver.gob.mx\/directorio-sesver\/","title":{"rendered":"Directorio"},"content":{"rendered":"\n<div class=\"wp-block-group is-layout-constrained wp-container-core-group-is-layout-9517baca wp-block-group-is-layout-constrained\">\n<div class=\"wp-block-cover wp-elements-a3a7c548e02ec5d5e74f5f1eba95039a has-aspect-ratio\" style=\"margin-top:0;margin-bottom:0;padding-top:0;padding-right:0;padding-bottom:0;padding-left:0;aspect-ratio:auto;min-height:unset;\"><img decoding=\"async\" class=\"wp-block-cover__image-background wp-image-5220 size-full\" alt=\"\" src=\"https:\/\/www.ssaver.gob.mx\/tecnologias\/wp-content\/uploads\/sites\/14\/2025\/09\/textura_areas_TI-scaled.png\" style=\"object-position:15% 27%\" data-object-fit=\"cover\" data-object-position=\"15% 27%\" \/><span aria-hidden=\"true\" class=\"wp-block-cover__background has-background-dim-100 has-background-dim\" style=\"background-color:#720f37\"><\/span><div class=\"wp-block-cover__inner-container is-layout-constrained wp-container-core-cover-is-layout-72190d31 wp-block-cover-is-layout-constrained\">\n<p class=\"has-text-align-center\" style=\"font-size:28px\"><strong>FRACCI\u00d3N VII. DIRECTORIO DE SERVIDORES P\u00daBLICOS<\/strong><\/p>\n<\/div><\/div>\n\n\n\n<div class=\"wp-block-cover\" style=\"margin-top:0;margin-bottom:0\"><span aria-hidden=\"true\" class=\"wp-block-cover__background has-background-dim-100 has-background-dim has-background-gradient\" style=\"background:linear-gradient(180deg,rgb(233,231,225) 0%,rgba(232,230,225,0) 99%)\"><\/span><div class=\"wp-block-cover__inner-container is-layout-constrained wp-container-core-cover-is-layout-ce377239 wp-block-cover-is-layout-constrained\">\n<p class=\"has-text-color has-background\" style=\"color:#920036;background-color:#ece9e5\"><strong>\u00daltima actualizaci\u00f3n:<\/strong> 27 de abril del 2026 (En constante actualizaci\u00f3n)<\/p>\n\n\n<div id=\"footable_parent_1637\"\n         class=\" footable_parent ninja_table_wrapper loading_ninja_table wp_table_data_press_parent semantic_ui \">\n                <table data-ninja_table_instance=\"ninja_table_instance_0\" data-footable_id=\"1637\" data-filter-delay=\"1000\" aria-label=\"Directorio 27 de abril de 2026\"            id=\"footable_1637\"\n           data-unique_identifier=\"ninja_table_unique_id_1210070777_1637\"\n           class=\" foo-table ninja_footable foo_table_1637 ninja_table_unique_id_1210070777_1637 ui table  ninja_search_right nt_type_ajax_table striped compact  footable-paging-right ninja_table_pro\">\n                <colgroup>\n                            <col class=\"ninja_column_0 \">\n                            <col class=\"ninja_column_1 \">\n                            <col class=\"ninja_column_2 \">\n                            <col class=\"ninja_column_3 \">\n                            <col class=\"ninja_column_4 \">\n                            <col class=\"ninja_column_5 \">\n                            <col class=\"ninja_column_6 \">\n                    <\/colgroup>\n            <\/table>\n    \n    \n    \n<\/div>\n\n\n\n\n<ul style=\"border-top-left-radius:20px;border-top-right-radius:20px;border-bottom-left-radius:20px;border-bottom-right-radius:20px;background-color:#f9f7ec;margin-top:var(--wp--preset--spacing--40);margin-right:var(--wp--preset--spacing--40);margin-bottom:var(--wp--preset--spacing--40);margin-left:var(--wp--preset--spacing--40)\" class=\"wp-block-list has-colormag-color-6-color has-text-color has-background has-link-color wp-elements-bb8fdedf69e3f9cdddd8073a0e6f0d35\">\n<li style=\"padding-top:0;padding-right:var(--wp--preset--spacing--40);padding-bottom:0;padding-left:var(--wp--preset--spacing--40)\">Para informaci\u00f3n sobre nombres de servidores p\u00fablicos, puestos y s\u00edntesis curricular, comunicarse al tel\u00e9fono: <strong>2288203186 (Departamento de Organizaci\u00f3n y M\u00e9todos)<\/strong> o al correo: <strong>metodos@ssaver.gob.mx<\/strong><\/li>\n\n\n\n<li style=\"padding-top:0;padding-right:var(--wp--preset--spacing--40);padding-bottom:0;padding-left:var(--wp--preset--spacing--40)\">Para informaci\u00f3n sobre correos electr\u00f3nicos y extensiones, comunicarse a la <strong>extensi\u00f3n&nbsp; 3700 (Mesa de Ayuda \u2013 Tecnolog\u00edas de la Informaci\u00f3n)<\/strong><\/li>\n<\/ul>\n<\/div><\/div>\n<\/div>\n","protected":false},"excerpt":{"rendered":"","protected":false},"author":1,"featured_media":0,"parent":0,"menu_order":0,"comment_status":"closed","ping_status":"closed","template":"","meta":{"colormag_page_container_layout":"default_layout","colormag_page_sidebar_layout":"default_layout","footnotes":""},"class_list":["post-2","page","type-page","status-publish","hentry"],"_links":{"self":[{"href":"https:\/\/www.ssaver.gob.mx\/directorio-sesver\/wp-json\/wp\/v2\/pages\/2","targetHints":{"allow":["GET"]}}],"collection":[{"href":"https:\/\/www.ssaver.gob.mx\/directorio-sesver\/wp-json\/wp\/v2\/pages"}],"about":[{"href":"https:\/\/www.ssaver.gob.mx\/directorio-sesver\/wp-json\/wp\/v2\/types\/page"}],"author":[{"embeddable":true,"href":"https:\/\/www.ssaver.gob.mx\/directorio-sesver\/wp-json\/wp\/v2\/users\/1"}],"replies":[{"embeddable":true,"href":"https:\/\/www.ssaver.gob.mx\/directorio-sesver\/wp-json\/wp\/v2\/comments?post=2"}],"version-history":[{"count":296,"href":"https:\/\/www.ssaver.gob.mx\/directorio-sesver\/wp-json\/wp\/v2\/pages\/2\/revisions"}],"predecessor-version":[{"id":2698,"href":"https:\/\/www.ssaver.gob.mx\/directorio-sesver\/wp-json\/wp\/v2\/pages\/2\/revisions\/2698"}],"wp:attachment":[{"href":"https:\/\/www.ssaver.gob.mx\/directorio-sesver\/wp-json\/wp\/v2\/media?parent=2"}],"curies":[{"name":"wp","href":"https:\/\/api.w.org\/{rel}","templated":true}]}}