{"id":514,"date":"2022-10-04T12:52:09","date_gmt":"2022-10-04T17:52:09","guid":{"rendered":"https:\/\/www.ssaver.gob.mx\/enfermeria\/?page_id=514"},"modified":"2026-04-01T10:09:44","modified_gmt":"2026-04-01T16:09:44","slug":"inicio","status":"publish","type":"page","link":"https:\/\/www.ssaver.gob.mx\/enfermeria\/","title":{"rendered":""},"content":{"rendered":"\n<h2 class=\"wp-block-heading has-text-color has-link-color wp-elements-6bcd80a6fd2af7610fc3553cc6db8b08\" style=\"color:#7a1737\"><\/h2>\n\n\n\n<div class=\"wp-block-columns is-layout-flex wp-container-core-columns-is-layout-28f84493 wp-block-columns-is-layout-flex\">\n<div class=\"wp-block-column is-layout-flow wp-block-column-is-layout-flow\" style=\"flex-basis:15%\"><\/div>\n\n\n\n<div class=\"wp-block-column is-layout-flow wp-block-column-is-layout-flow\">\n<figure class=\"wp-block-pullquote has-white-color has-text-color\" style=\"font-size:1px\"><blockquote><p>El Departamento Estatal de Enfermer\u00eda, es el encargado de aplicar el proceso de gesti\u00f3n administrativa, con la finalidad de lograr la sistematizaci\u00f3n del trabajo del personal de enfermer\u00eda a su cargo, as\u00ed como la estandarizaci\u00f3n de los procesos operativos en las Unidades M\u00e9dicas de Primer y Segundo Nivel de Atenci\u00f3n.<\/p><\/blockquote><\/figure>\n<\/div>\n\n\n\n<div class=\"wp-block-column is-layout-flow wp-block-column-is-layout-flow\" style=\"flex-basis:15%\"><\/div>\n<\/div>\n\n\n\n<div class=\"wp-block-cover is-light\" style=\"margin-top:0;margin-bottom:0;padding-top:0;padding-bottom:0;min-height:550px;aspect-ratio:unset;\"><span aria-hidden=\"true\" class=\"wp-block-cover__background has-background-dim-100 has-background-dim\" style=\"background-color:#efedea\"><\/span><div class=\"wp-block-cover__inner-container is-layout-flow wp-block-cover-is-layout-flow\">\n<h1 class=\"wp-block-heading has-text-align-center has-text-color has-large-font-size\" style=\"color:#7a1737;margin-top:0;margin-bottom:0;font-style:normal;font-weight:500\"><strong>SECCIONES<\/strong><\/h1>\n\n\n\n<hr class=\"wp-block-separator has-text-color has-alpha-channel-opacity has-background is-style-wide\" style=\"margin-top:0;margin-bottom:0;background-color:#dac195;color:#dac195\" \/>\n\n\n\n<div class=\"wp-block-columns is-layout-flex wp-container-core-columns-is-layout-28f84493 wp-block-columns-is-layout-flex\">\n<div class=\"wp-block-column is-layout-flow wp-block-column-is-layout-flow\">\n<div class=\"wp-block-buttons is-content-justification-center is-layout-flex wp-container-core-buttons-is-layout-a89b3969 wp-block-buttons-is-layout-flex\">\n<div class=\"wp-block-button has-custom-width wp-block-button__width-50\"><a class=\"wp-block-button__link has-text-color has-background has-custom-font-size wp-element-button\" href=\"https:\/\/www.ssaver.gob.mx\/enfermeria\/normatividad\/\" style=\"border-radius:0px;color:#7a1737;background-color:#eae7e2;font-size:24px\" target=\"_blank\" rel=\"noreferrer noopener\">NORMATIVIDAD<\/a><\/div>\n<\/div>\n<\/div>\n<\/div>\n\n\n\n<div class=\"wp-block-columns is-layout-flex wp-container-core-columns-is-layout-28f84493 wp-block-columns-is-layout-flex\">\n<div class=\"wp-block-column is-layout-flow wp-block-column-is-layout-flow\" style=\"flex-basis:15%\"><\/div>\n\n\n\n<div class=\"wp-block-column has-background is-layout-flow wp-block-column-is-layout-flow\" style=\"background-color:#eae7e2\">\n<a href=\"https:\/\/www.ssaver.gob.mx\/enfermeria\/2026\/02\/04\/1377\/\" target=\"_blank\" rel=\"noopener noreferrer\" class=\"banner-container\">\n  <div class=\"banner-left\">\n    <img decoding=\"async\" src=\"https:\/\/www.ssaver.gob.mx\/enfermeria\/wp-content\/uploads\/sites\/31\/2025\/10\/convocatorias_1.png\" class=\"base\" alt=\"Bot\u00f3n para abrir convocatorias\">\n    <img decoding=\"async\" src=\"https:\/\/www.ssaver.gob.mx\/enfermeria\/wp-content\/uploads\/sites\/31\/2025\/10\/convocatorias_2.png\" class=\"hover\" alt=\"\">\n  <\/div>\n  <div class=\"banner-right\">\n    <span style=\"font-size: 18px;font-weight: bold\">CONVOCATORIAS<\/span>\n  <\/div>\n<\/a>\n<\/div>\n\n\n\n<div class=\"wp-block-column has-background is-layout-flow wp-block-column-is-layout-flow\" style=\"background-color:#eae7e2\">\n<a href=\"https:\/\/www.ssaver.gob.mx\/enfermeria\/cpeev\/\" target=\"_blank\" rel=\"noopener noreferrer\" class=\"banner-container\">\n  <div class=\"banner-left\">\n    <img decoding=\"async\" src=\"https:\/\/www.ssaver.gob.mx\/enfermeria\/wp-content\/uploads\/sites\/31\/2025\/10\/premios_1.png\" class=\"base\" alt=\"Bot\u00f3n para abrir premios\">\n    <img decoding=\"async\" src=\"https:\/\/www.ssaver.gob.mx\/enfermeria\/wp-content\/uploads\/sites\/31\/2025\/10\/premios_2.png\" class=\"hover\" alt=\"\">\n  <\/div>\n  <div class=\"banner-right\">\n    <span style=\"font-size: 18px;font-weight: bold\">PREMIOS<\/span>\n  <\/div>\n<\/a>\n<\/div>\n\n\n\n<div class=\"wp-block-column is-layout-flow wp-block-column-is-layout-flow\" style=\"flex-basis:15%\"><\/div>\n<\/div>\n\n\n\n<div class=\"wp-block-buttons is-horizontal is-content-justification-center is-layout-flex wp-container-core-buttons-is-layout-03627597 wp-block-buttons-is-layout-flex\">\n<div class=\"wp-block-button has-custom-width wp-block-button__width-25 is-style-fill\"><a class=\"wp-block-button__link has-text-color has-background has-link-color has-custom-font-size wp-element-button\" href=\"https:\/\/www.ssaver.gob.mx\/enfermeria\/reuniones\/\" style=\"color:#7a1737;background-color:#eae7e2;padding-top:0;padding-right:0;padding-bottom:0;padding-left:0;font-size:24px\">EVENTOS<\/a><\/div>\n\n\n\n<div class=\"wp-block-button has-custom-width wp-block-button__width-25 is-style-fill\"><a class=\"wp-block-button__link has-text-color has-background has-link-color has-custom-font-size wp-element-button\" href=\"https:\/\/www.ssaver.gob.mx\/enfermeria\/contenido-cpeev\/\" style=\"color:#7a1737;background-color:#eae7e2;padding-top:0;padding-right:0;padding-bottom:0;padding-left:0;font-size:24px\"><strong><strong><strong>C<\/strong><\/strong>OMISI\u00d3N PERMANENTE DE ENFERMER\u00cdA DEL ESTADO DE V<\/strong>E<strong>RACRUZ<\/strong><\/a><\/div>\n<\/div>\n<\/div><\/div>\n\n\n\n<p><\/p>\n","protected":false},"excerpt":{"rendered":"<p>El Departamento Estatal de Enfermer\u00eda, es el encargado de aplicar el proceso de gesti\u00f3n administrativa, con la finalidad de lograr<\/p>\n","protected":false},"author":5,"featured_media":0,"parent":0,"menu_order":1,"comment_status":"closed","ping_status":"closed","template":"","meta":{"colormag_page_container_layout":"default_layout","colormag_page_sidebar_layout":"default_layout","footnotes":""},"class_list":["post-514","page","type-page","status-publish","hentry"],"_links":{"self":[{"href":"https:\/\/www.ssaver.gob.mx\/enfermeria\/wp-json\/wp\/v2\/pages\/514","targetHints":{"allow":["GET"]}}],"collection":[{"href":"https:\/\/www.ssaver.gob.mx\/enfermeria\/wp-json\/wp\/v2\/pages"}],"about":[{"href":"https:\/\/www.ssaver.gob.mx\/enfermeria\/wp-json\/wp\/v2\/types\/page"}],"author":[{"embeddable":true,"href":"https:\/\/www.ssaver.gob.mx\/enfermeria\/wp-json\/wp\/v2\/users\/5"}],"replies":[{"embeddable":true,"href":"https:\/\/www.ssaver.gob.mx\/enfermeria\/wp-json\/wp\/v2\/comments?post=514"}],"version-history":[{"count":151,"href":"https:\/\/www.ssaver.gob.mx\/enfermeria\/wp-json\/wp\/v2\/pages\/514\/revisions"}],"predecessor-version":[{"id":1413,"href":"https:\/\/www.ssaver.gob.mx\/enfermeria\/wp-json\/wp\/v2\/pages\/514\/revisions\/1413"}],"wp:attachment":[{"href":"https:\/\/www.ssaver.gob.mx\/enfermeria\/wp-json\/wp\/v2\/media?parent=514"}],"curies":[{"name":"wp","href":"https:\/\/api.w.org\/{rel}","templated":true}]}}