{"id":584,"date":"2023-02-09T12:00:16","date_gmt":"2023-02-09T18:00:16","guid":{"rendered":"https:\/\/www.ssaver.gob.mx\/enfermeria\/?page_id=584"},"modified":"2025-12-05T14:30:45","modified_gmt":"2025-12-05T20:30:45","slug":"estructura-organica-del-departamento-estatal-de-enfermeria","status":"publish","type":"page","link":"https:\/\/www.ssaver.gob.mx\/enfermeria\/estructura-organica-del-departamento-estatal-de-enfermeria\/","title":{"rendered":"Estructura Org\u00e1nica del Departamento Estatal de Enfermer\u00eda"},"content":{"rendered":"\n<div class=\"wp-block-columns is-layout-flex wp-container-core-columns-is-layout-9c22b1e3 wp-block-columns-is-layout-flex\">\n<div class=\"wp-block-column is-layout-flow wp-block-column-is-layout-flow\" style=\"padding-right:0;padding-left:0;flex-basis:15%\"><\/div>\n\n\n\n<div class=\"wp-block-column is-vertically-aligned-stretch is-layout-constrained wp-container-core-column-is-layout-affacae6 wp-block-column-is-layout-constrained\" style=\"padding-right:0;padding-left:0;flex-basis:70%\">\n<div class=\"wp-block-cover wp-elements-c3023f0b81a8efb6e83f35f10729769d has-aspect-ratio\" style=\"margin-top:0;margin-bottom:0;padding-top:0;padding-right:0;padding-bottom:0;padding-left:0;aspect-ratio:auto;min-height:unset;\"><img decoding=\"async\" class=\"wp-block-cover__image-background wp-image-5220 size-full\" alt=\"\" src=\"https:\/\/www.ssaver.gob.mx\/tecnologias\/wp-content\/uploads\/sites\/14\/2025\/09\/textura_areas_TI-scaled.png\" style=\"object-position:15% 27%\" data-object-fit=\"cover\" data-object-position=\"15% 27%\"\/><span aria-hidden=\"true\" class=\"wp-block-cover__background has-background-dim-100 has-background-dim\" style=\"background-color:#720f37\"><\/span><div class=\"wp-block-cover__inner-container is-layout-constrained wp-container-core-cover-is-layout-72190d31 wp-block-cover-is-layout-constrained\">\n<p class=\"has-text-align-center has-colormag-color-1-color has-text-color has-link-color wp-elements-e1b493e4d86732dc2a7d7b9a84b6c886\" style=\"font-size:28px\"><strong>Estructura Org\u00e1nica del Departamento Estatal de Enfermer\u00eda<\/strong><\/p>\n<\/div><\/div>\n<\/div>\n\n\n\n<div class=\"wp-block-column is-layout-flow wp-block-column-is-layout-flow\" style=\"padding-right:0;padding-left:0;flex-basis:15%\"><\/div>\n<\/div>\n\n\n\n<div class=\"wp-block-columns is-layout-flex wp-container-core-columns-is-layout-b2864ded wp-block-columns-is-layout-flex\" style=\"margin-top:0;margin-bottom:0;padding-top:0;padding-bottom:0\">\n<div class=\"wp-block-column is-layout-flow wp-block-column-is-layout-flow\" style=\"flex-basis:15%\"><\/div>\n\n\n\n<div class=\"wp-block-column is-vertically-aligned-center has-background is-layout-flow wp-block-column-is-layout-flow\" style=\"background:linear-gradient(180deg,rgb(233,231,225) 32%,rgba(232,230,225,0) 100%);padding-top:var(--wp--preset--spacing--40);padding-right:var(--wp--preset--spacing--70);padding-bottom:var(--wp--preset--spacing--40);padding-left:var(--wp--preset--spacing--70);flex-basis:70%\">\n<p class=\"has-medium-font-size\"><strong>Jefa del Departamento Estatal de Enfermer\u00eda:<\/strong><\/p>\n\n\n\n<p>E.E.P.  Miriam Palmeros Barrientos<\/p>\n\n\n\n<p class=\"has-medium-font-size\"><strong>Supervisora de Procesos de Enfermer\u00eda de Primer Nivel:<\/strong><\/p>\n\n\n\n<p>L.E. Brianda Karina Aguilar S\u00e1nchez<\/p>\n\n\n\n<p>L.E. Gloria Hern\u00e1ndez Mapel<\/p>\n\n\n\n<p class=\"has-medium-font-size\"><strong>Supervisora <\/strong><strong>de Gesti\u00f3n de Recurso Humano Primer <\/strong><strong>Nivel:<\/strong><\/p>\n\n\n\n<p>L.E. Brianda Karina Aguilar S\u00e1nchez<\/p>\n\n\n\n<p class=\"has-medium-font-size\"><strong>Supervisora <\/strong><strong>de Programas Especiales de Primer Nivel:<\/strong><\/p>\n\n\n\n<p>L.E. Gloria Hern\u00e1ndez Mapel<\/p>\n\n\n\n<p class=\"has-medium-font-size\"><strong>Supervisor <\/strong><strong>de Procesos de Enfermer\u00eda de Segundo <\/strong><strong>Nivel:<\/strong><\/p>\n\n\n\n<p>Mtro. Jos\u00e9 Antonio Ju\u00e1rez Garc\u00eda<\/p>\n\n\n\n<p class=\"has-medium-font-size\"><strong>Supervisora <\/strong><strong>de Gesti\u00f3n del Recurso Humano en Enfermer\u00eda de Segundo Nivel:<\/strong><\/p>\n\n\n\n<p>E.E.P. Rosa del Carmen Mart\u00ednez Cruz<\/p>\n\n\n\n<p class=\"has-medium-font-size\"><strong>Supervisora <\/strong><strong>de Programas Especiales de segundo <\/strong><strong>Nivel:<\/strong><\/p>\n\n\n\n<p>M.A.S.S. Jennifer Ju\u00e1rez Moreno<\/p>\n\n\n\n<p><\/p>\n<\/div>\n\n\n\n<div class=\"wp-block-column is-layout-flow wp-block-column-is-layout-flow\" style=\"flex-basis:15%\"><\/div>\n<\/div>\n","protected":false},"excerpt":{"rendered":"<p>Jefa del Departamento Estatal de Enfermer\u00eda: E.E.P. Miriam Palmeros Barrientos Supervisora de Procesos de Enfermer\u00eda de Primer Nivel: L.E. Brianda<\/p>\n","protected":false},"author":5,"featured_media":0,"parent":0,"menu_order":4,"comment_status":"closed","ping_status":"closed","template":"","meta":{"colormag_page_container_layout":"default_layout","colormag_page_sidebar_layout":"default_layout","footnotes":""},"class_list":["post-584","page","type-page","status-publish","hentry"],"_links":{"self":[{"href":"https:\/\/www.ssaver.gob.mx\/enfermeria\/wp-json\/wp\/v2\/pages\/584","targetHints":{"allow":["GET"]}}],"collection":[{"href":"https:\/\/www.ssaver.gob.mx\/enfermeria\/wp-json\/wp\/v2\/pages"}],"about":[{"href":"https:\/\/www.ssaver.gob.mx\/enfermeria\/wp-json\/wp\/v2\/types\/page"}],"author":[{"embeddable":true,"href":"https:\/\/www.ssaver.gob.mx\/enfermeria\/wp-json\/wp\/v2\/users\/5"}],"replies":[{"embeddable":true,"href":"https:\/\/www.ssaver.gob.mx\/enfermeria\/wp-json\/wp\/v2\/comments?post=584"}],"version-history":[{"count":18,"href":"https:\/\/www.ssaver.gob.mx\/enfermeria\/wp-json\/wp\/v2\/pages\/584\/revisions"}],"predecessor-version":[{"id":1328,"href":"https:\/\/www.ssaver.gob.mx\/enfermeria\/wp-json\/wp\/v2\/pages\/584\/revisions\/1328"}],"wp:attachment":[{"href":"https:\/\/www.ssaver.gob.mx\/enfermeria\/wp-json\/wp\/v2\/media?parent=584"}],"curies":[{"name":"wp","href":"https:\/\/api.w.org\/{rel}","templated":true}]}}