{"id":1308,"date":"2023-06-12T20:26:24","date_gmt":"2023-06-12T20:26:24","guid":{"rendered":"https:\/\/www.ssaver.gob.mx\/funcionario\/?page_id=1308"},"modified":"2025-08-22T13:11:14","modified_gmt":"2025-08-22T19:11:14","slug":"convenios-e023-2022","status":"publish","type":"page","link":"https:\/\/www.ssaver.gob.mx\/funcionario\/convenios\/convenios-e023\/convenios-e023-2022\/","title":{"rendered":"Convenios E023 2022"},"content":{"rendered":"\n<div class=\"wp-block-columns is-layout-flex wp-container-core-columns-is-layout-d39e70f1 wp-block-columns-is-layout-flex\" style=\"margin-top:0;margin-bottom:0;padding-top:0;padding-bottom:0\">\n<div class=\"wp-block-column is-layout-flow wp-container-core-column-is-layout-b108c007 wp-block-column-is-layout-flow\" style=\"padding-right:0;padding-left:0;flex-basis:15%\"><\/div>\n\n\n\n<div class=\"wp-block-column has-background is-layout-flow wp-block-column-is-layout-flow\" style=\"border-radius:0px;background-color:#530000;padding-top:0;padding-right:0;padding-bottom:0;padding-left:0;flex-basis:70%\">\n<figure class=\"wp-block-image size-full\" style=\"margin-top:0;margin-right:0;margin-bottom:0;margin-left:0\"><img loading=\"lazy\" decoding=\"async\" width=\"2560\" height=\"390\" src=\"https:\/\/www.ssaver.gob.mx\/funcionario\/wp-content\/uploads\/sites\/3\/2025\/08\/Convenio_E013_2022_Banner-scaled.png\" alt=\"\" class=\"wp-image-3761\" srcset=\"https:\/\/www.ssaver.gob.mx\/funcionario\/wp-content\/uploads\/sites\/3\/2025\/08\/Convenio_E013_2022_Banner-scaled.png 2560w, https:\/\/www.ssaver.gob.mx\/funcionario\/wp-content\/uploads\/sites\/3\/2025\/08\/Convenio_E013_2022_Banner-300x46.png 300w, https:\/\/www.ssaver.gob.mx\/funcionario\/wp-content\/uploads\/sites\/3\/2025\/08\/Convenio_E013_2022_Banner-1024x156.png 1024w, https:\/\/www.ssaver.gob.mx\/funcionario\/wp-content\/uploads\/sites\/3\/2025\/08\/Convenio_E013_2022_Banner-768x117.png 768w, https:\/\/www.ssaver.gob.mx\/funcionario\/wp-content\/uploads\/sites\/3\/2025\/08\/Convenio_E013_2022_Banner-1536x234.png 1536w, https:\/\/www.ssaver.gob.mx\/funcionario\/wp-content\/uploads\/sites\/3\/2025\/08\/Convenio_E013_2022_Banner-2048x312.png 2048w\" sizes=\"auto, (max-width: 2560px) 100vw, 2560px\" \/><\/figure>\n<\/div>\n\n\n\n<div class=\"wp-block-column is-layout-flow wp-block-column-is-layout-flow\" style=\"flex-basis:15%\"><\/div>\n<\/div>\n\n\n\n<div class=\"wp-block-columns is-layout-flex wp-container-core-columns-is-layout-b2864ded wp-block-columns-is-layout-flex\" style=\"margin-top:0;margin-bottom:0;padding-top:0;padding-bottom:0\">\n<div class=\"wp-block-column is-layout-flow wp-block-column-is-layout-flow\" style=\"flex-basis:15%\"><\/div>\n\n\n\n<div class=\"wp-block-column is-vertically-aligned-center has-background is-layout-flow wp-block-column-is-layout-flow\" style=\"background:linear-gradient(180deg,rgb(233,231,225) 32%,rgba(232,230,225,0) 100%);padding-top:var(--wp--preset--spacing--40);padding-right:var(--wp--preset--spacing--40);padding-bottom:var(--wp--preset--spacing--40);padding-left:var(--wp--preset--spacing--70);flex-basis:70%\">\n<hr class=\"wp-block-separator aligncenter has-text-color has-alpha-channel-opacity has-background is-style-wide\" style=\"margin-top:var(--wp--preset--spacing--20);margin-bottom:var(--wp--preset--spacing--20);background-color:#d6af4d;color:#d6af4d\"\/>\n\n\n\n<ul style=\"border-style:none;border-width:0px;border-radius:26px;margin-top:var(--wp--preset--spacing--30);margin-right:0;margin-bottom:var(--wp--preset--spacing--30);margin-left:0\" class=\"wp-block-list has-medium-font-size\">\n<li class=\"has-text-color has-link-color wp-elements-c08c1844958617e1e17b00ff00114b10\" style=\"color:#7a1737;padding-top:0;padding-right:0;padding-bottom:0;padding-left:0;font-size:24px\"><strong><strong><a href=\"https:\/\/www.ssaver.gob.mx\/funcionario\/wp-content\/uploads\/sites\/3\/2023\/06\/CONVENIO-INSABI_GO_FAM_E023_2022_VER_30.pdf\">CONVENIO INSABI-GO-FAM-E023-2022-VER-30<\/a><\/strong><\/strong><\/li>\n\n\n\n<li class=\"has-text-color has-link-color wp-elements-31b0c75e806a14ac680b3287e88b4c63\" style=\"color:#7a1737;font-size:24px\"><strong><strong><strong><a href=\"https:\/\/www.ssaver.gob.mx\/funcionario\/wp-content\/uploads\/sites\/3\/2023\/06\/CONVENIO-INSABI_GO_E023_2022_VER_30.pdf\" target=\"_blank\" rel=\"noreferrer noopener\">CONVENIO INSABI-GO-E023-2022-VER-30<\/a><\/strong><\/strong><\/strong><\/li>\n\n\n\n<li class=\"has-text-color has-link-color wp-elements-265a136753c3780561b7d1b0f29d6767\" style=\"color:#7a1737;font-size:24px\"><strong><strong><strong><a href=\"https:\/\/www.ssaver.gob.mx\/funcionario\/wp-content\/uploads\/sites\/3\/2023\/06\/CONVENIO-INSABI_APS_E023_2022_VER_30.pdf\" target=\"_blank\" rel=\"noreferrer noopener\">CONVENIO INSABI-APS-E023-2022-VER-30<\/a><\/strong><\/strong><\/strong><\/li>\n<\/ul>\n\n\n\n<p class=\"has-text-color has-link-color wp-elements-7566f6ea7c64c9aee93dfdbdee141fa6\" style=\"color:#5b4c0d;margin-top:0;margin-right:var(--wp--preset--spacing--40);margin-bottom:0;margin-left:var(--wp--preset--spacing--40);font-size:24px\"><strong><strong>ANEXO 4 INDICADORES<\/strong><\/strong><\/p>\n\n\n\n<hr class=\"wp-block-separator aligncenter has-text-color has-alpha-channel-opacity has-background is-style-wide\" style=\"margin-top:var(--wp--preset--spacing--20);margin-bottom:var(--wp--preset--spacing--20);background-color:#d6af4d;color:#d6af4d\"\/>\n\n\n\n<ul style=\"border-style:none;border-width:0px;border-radius:26px;margin-top:var(--wp--preset--spacing--30);margin-right:0;margin-bottom:var(--wp--preset--spacing--30);margin-left:0\" class=\"wp-block-list has-medium-font-size\">\n<li class=\"has-text-color has-link-color wp-elements-fed4ff558bb8ee470f3c6e14c91e3e44\" style=\"color:#7a1737;padding-top:0;padding-right:0;padding-bottom:0;padding-left:0;font-size:24px\"><strong><strong><strong><a href=\"https:\/\/www.ssaver.gob.mx\/funcionario\/wp-content\/uploads\/sites\/3\/2023\/06\/ANEXO-4_INSABI_APS_E023_2022_VER_30_MARZO_2022.pdf\" target=\"_blank\" rel=\"noreferrer noopener\">INSABI-APS-E023-2022-VER-30-MARZO-2022<\/a><\/strong><\/strong><\/strong><\/li>\n\n\n\n<li class=\"has-text-color has-link-color wp-elements-36a4ef70bfa014219162a292e071f108\" style=\"color:#7a1737;font-size:24px\"><strong><strong><strong><a href=\"https:\/\/www.ssaver.gob.mx\/funcionario\/wp-content\/uploads\/sites\/3\/2023\/06\/ANEXO-4_INSABI_APS_E023_2022_VER_30_ABRIL_2022.pdf\" target=\"_blank\" rel=\"noreferrer noopener\">INSABI-APS-E023-2022-VER-30-ABRIL-2022<\/a><\/strong><\/strong><\/strong><\/li>\n\n\n\n<li class=\"has-text-color has-link-color wp-elements-efc24965921c8323d28b1f01372ef9c0\" style=\"color:#7a1737;font-size:24px\"><strong><strong><strong><a href=\"https:\/\/www.ssaver.gob.mx\/funcionario\/wp-content\/uploads\/sites\/3\/2023\/06\/ANEXO-4_INSABI_APS_E023_2022_VER_30_MAYO_2022.pdf\" target=\"_blank\" rel=\"noreferrer noopener\">INSABI-APS-E023-2022-VER-30-MAYO-2022<\/a><\/strong><\/strong><\/strong><\/li>\n\n\n\n<li class=\"has-text-color has-link-color wp-elements-cf28e7346d6096e7fbae3a94f6bfdccb\" style=\"color:#7a1737;font-size:24px\"><strong><strong><a href=\"https:\/\/www.ssaver.gob.mx\/funcionario\/wp-content\/uploads\/sites\/3\/2023\/06\/ANEXO-4_INSABI_APS_E023_2022_VER_30_JUNIO_2022.pdf\" target=\"_blank\" rel=\"noreferrer noopener\">INSABI-APS-E023-2022-VER-30-JUNIO-2022<\/a><\/strong><\/strong><\/li>\n\n\n\n<li class=\"has-text-color has-link-color wp-elements-f078a824d567a2fbc58dce7baa99d7bb\" style=\"color:#7a1737;font-size:24px\"><strong><strong><strong><a href=\"https:\/\/www.ssaver.gob.mx\/funcionario\/wp-content\/uploads\/sites\/3\/2023\/06\/ANEXO-4_INSABI_APS_E023_2022_VER_30_JULIO_2022.pdf\" target=\"_blank\" rel=\"noreferrer noopener\">INSABI-APS-E023-2022-VER-30-JULIO-2022<\/a><\/strong><\/strong><\/strong><\/li>\n\n\n\n<li class=\"has-text-color has-link-color wp-elements-7bab07e167b2ca90cb24950b8a88e474\" style=\"color:#7a1737;font-size:24px\"><strong><a href=\"https:\/\/www.ssaver.gob.mx\/funcionario\/wp-content\/uploads\/sites\/3\/2023\/06\/ANEXO-4_INSABI_APS_E023_2022_VER_30_AGOSTO_2022.pdf\" target=\"_blank\" rel=\"noreferrer noopener\">INSABI-APS-E023-2022-VER-30-AGOSTO-2022<\/a><\/strong><\/li>\n\n\n\n<li class=\"has-text-color has-link-color wp-elements-165d963d94b0fe1e44da02b3087c6978\" style=\"color:#7a1737;font-size:24px\"><strong><a href=\"https:\/\/www.ssaver.gob.mx\/funcionario\/wp-content\/uploads\/sites\/3\/2023\/06\/ANEXO-4_INSABI_APS_E023_2022_VER_30_SEPTIEMBRE_2022.pdf\" target=\"_blank\" rel=\"noreferrer noopener\">INSABI-APS-E023-2022-VER-30-SEPTIEMBRE-2022<\/a><\/strong><\/li>\n\n\n\n<li class=\"has-text-color has-link-color wp-elements-9893f5eb0895912c605ba948c4877e3b\" style=\"color:#7a1737;font-size:24px\"><strong><a href=\"https:\/\/www.ssaver.gob.mx\/funcionario\/wp-content\/uploads\/sites\/3\/2023\/06\/ANEXO-4_INSABI_APS_E023_2022_VER_30_OCTUBRE_2022.pdf\" target=\"_blank\" rel=\"noreferrer noopener\">INSABI-APS-E023-2022-VER-30-OCTUBRE-2022<\/a><\/strong><\/li>\n\n\n\n<li class=\"has-text-color has-link-color wp-elements-4654c5ce60ea54544555298822e1ddc1\" style=\"color:#7a1737;font-size:24px\"><strong><a href=\"https:\/\/www.ssaver.gob.mx\/funcionario\/wp-content\/uploads\/sites\/3\/2023\/06\/ANEXO-4_INSABI_APS_E023_2022_VER_30_SEPTIEMBRE_2022.pdf\" target=\"_blank\" rel=\"noreferrer noopener\"><strong><a href=\"https:\/\/www.ssaver.gob.mx\/funcionario\/wp-content\/uploads\/sites\/3\/2023\/06\/ANEXO-4_INSABI_APS_E023_2022_VER_30_NOVIEMBRE_2022.pdf\" target=\"_blank\" rel=\"noreferrer noopener\">INSABI-APS-E023-2022-VER-30-NOVIEMBRE-2022<\/a><\/strong><\/a><\/strong><\/li>\n\n\n\n<li class=\"has-text-color has-link-color wp-elements-c4bcf45f882a0a2ebb18b62040db63ce\" style=\"color:#7a1737;font-size:24px\"><strong><a href=\"https:\/\/www.ssaver.gob.mx\/funcionario\/wp-content\/uploads\/sites\/3\/2023\/06\/ANEXO-4_INSABI_APS_E023_2022_VER_30_OCTUBRE_2022.pdf\" target=\"_blank\" rel=\"noreferrer noopener\"><strong><a href=\"https:\/\/www.ssaver.gob.mx\/funcionario\/wp-content\/uploads\/sites\/3\/2023\/06\/ANEXO-4_INSABI_APS_E023_2022_VER_30_DICIEMBRE_2022.pdf\" target=\"_blank\" rel=\"noreferrer noopener\">INSABI-APS-E023-2022-VER-30-DICIEMBRE-2022<\/a><\/strong><\/a><\/strong><\/li>\n<\/ul>\n\n\n\n<hr class=\"wp-block-separator has-text-color has-alpha-channel-opacity has-background is-style-default\" style=\"margin-top:var(--wp--preset--spacing--20);margin-bottom:var(--wp--preset--spacing--20);background-color:#d6af4d;color:#d6af4d\"\/>\n\n\n\n<p class=\"has-text-color has-link-color has-medium-font-size wp-elements-e263df64bb65dbee96e506818829fd19\" style=\"color:#7a1737\"><strong>Responsable del contenido:<\/strong> <br>Lic. Nuelma Mart\u00ednez S\u00e1nchez<br>Subdirecci\u00f3n de Atenci\u00f3n de Primer Nivel.<br>Ext. 2502<\/p>\n<\/div>\n\n\n\n<div class=\"wp-block-column is-layout-flow wp-block-column-is-layout-flow\" style=\"flex-basis:15%\"><\/div>\n<\/div>\n","protected":false},"excerpt":{"rendered":"<p>ANEXO 4 INDICADORES Responsable del contenido: Lic. Nuelma Mart\u00ednez S\u00e1nchezSubdirecci\u00f3n de Atenci\u00f3n de Primer Nivel.Ext. 2502<\/p>\n","protected":false},"author":42,"featured_media":0,"parent":2190,"menu_order":1,"comment_status":"closed","ping_status":"closed","template":"","meta":{"colormag_page_container_layout":"default_layout","colormag_page_sidebar_layout":"default_layout","footnotes":""},"class_list":["post-1308","page","type-page","status-publish","hentry"],"_links":{"self":[{"href":"https:\/\/www.ssaver.gob.mx\/funcionario\/wp-json\/wp\/v2\/pages\/1308","targetHints":{"allow":["GET"]}}],"collection":[{"href":"https:\/\/www.ssaver.gob.mx\/funcionario\/wp-json\/wp\/v2\/pages"}],"about":[{"href":"https:\/\/www.ssaver.gob.mx\/funcionario\/wp-json\/wp\/v2\/types\/page"}],"author":[{"embeddable":true,"href":"https:\/\/www.ssaver.gob.mx\/funcionario\/wp-json\/wp\/v2\/users\/42"}],"replies":[{"embeddable":true,"href":"https:\/\/www.ssaver.gob.mx\/funcionario\/wp-json\/wp\/v2\/comments?post=1308"}],"version-history":[{"count":21,"href":"https:\/\/www.ssaver.gob.mx\/funcionario\/wp-json\/wp\/v2\/pages\/1308\/revisions"}],"predecessor-version":[{"id":3817,"href":"https:\/\/www.ssaver.gob.mx\/funcionario\/wp-json\/wp\/v2\/pages\/1308\/revisions\/3817"}],"up":[{"embeddable":true,"href":"https:\/\/www.ssaver.gob.mx\/funcionario\/wp-json\/wp\/v2\/pages\/2190"}],"wp:attachment":[{"href":"https:\/\/www.ssaver.gob.mx\/funcionario\/wp-json\/wp\/v2\/media?parent=1308"}],"curies":[{"name":"wp","href":"https:\/\/api.w.org\/{rel}","templated":true}]}}