{"id":2173,"date":"2024-10-28T12:20:00","date_gmt":"2024-10-28T12:20:00","guid":{"rendered":"https:\/\/www.ssaver.gob.mx\/funcionario\/?page_id=2173"},"modified":"2025-08-26T19:26:19","modified_gmt":"2025-08-27T01:26:19","slug":"convenio-pfam-2024","status":"publish","type":"page","link":"https:\/\/www.ssaver.gob.mx\/funcionario\/convenios\/convenio-pfam\/convenio-pfam-2024\/","title":{"rendered":"Convenio PFAM 2024"},"content":{"rendered":"\n<hr class=\"wp-block-separator aligncenter has-text-color has-alpha-channel-opacity has-background is-style-wide\" style=\"background-color:#d8bf31;color:#d8bf31\"\/>\n\n\n\n<div class=\"wp-block-columns is-layout-flex wp-container-core-columns-is-layout-d39e70f1 wp-block-columns-is-layout-flex\" style=\"margin-top:0;margin-bottom:0;padding-top:0;padding-bottom:0\">\n<div class=\"wp-block-column is-layout-flow wp-container-core-column-is-layout-b108c007 wp-block-column-is-layout-flow\" style=\"padding-right:0;padding-left:0;flex-basis:15%\"><\/div>\n\n\n\n<div class=\"wp-block-column has-background is-layout-flow wp-block-column-is-layout-flow\" style=\"border-radius:0px;background-color:#530000;padding-top:0;padding-right:0;padding-bottom:0;padding-left:0;flex-basis:70%\">\n<figure class=\"wp-block-image size-full\" style=\"margin-top:0;margin-right:0;margin-bottom:0;margin-left:0\"><img loading=\"lazy\" decoding=\"async\" width=\"2560\" height=\"390\" src=\"https:\/\/www.ssaver.gob.mx\/funcionario\/wp-content\/uploads\/sites\/3\/2025\/08\/Convenio_PFAM_2024_Banner-scaled.png\" alt=\"\" class=\"wp-image-3766\" srcset=\"https:\/\/www.ssaver.gob.mx\/funcionario\/wp-content\/uploads\/sites\/3\/2025\/08\/Convenio_PFAM_2024_Banner-scaled.png 2560w, https:\/\/www.ssaver.gob.mx\/funcionario\/wp-content\/uploads\/sites\/3\/2025\/08\/Convenio_PFAM_2024_Banner-300x46.png 300w, https:\/\/www.ssaver.gob.mx\/funcionario\/wp-content\/uploads\/sites\/3\/2025\/08\/Convenio_PFAM_2024_Banner-1024x156.png 1024w, https:\/\/www.ssaver.gob.mx\/funcionario\/wp-content\/uploads\/sites\/3\/2025\/08\/Convenio_PFAM_2024_Banner-768x117.png 768w, https:\/\/www.ssaver.gob.mx\/funcionario\/wp-content\/uploads\/sites\/3\/2025\/08\/Convenio_PFAM_2024_Banner-1536x234.png 1536w, https:\/\/www.ssaver.gob.mx\/funcionario\/wp-content\/uploads\/sites\/3\/2025\/08\/Convenio_PFAM_2024_Banner-2048x312.png 2048w\" sizes=\"auto, (max-width: 2560px) 100vw, 2560px\" \/><\/figure>\n<\/div>\n\n\n\n<div class=\"wp-block-column is-layout-flow wp-block-column-is-layout-flow\" style=\"flex-basis:15%\"><\/div>\n<\/div>\n\n\n\n<div class=\"wp-block-columns is-layout-flex wp-container-core-columns-is-layout-b2864ded wp-block-columns-is-layout-flex\" style=\"margin-top:0;margin-bottom:0;padding-top:0;padding-bottom:0\">\n<div class=\"wp-block-column is-layout-flow wp-block-column-is-layout-flow\" style=\"flex-basis:15%\"><\/div>\n\n\n\n<div class=\"wp-block-column is-vertically-aligned-center has-background is-layout-flow wp-block-column-is-layout-flow\" style=\"background:linear-gradient(180deg,rgb(233,231,225) 32%,rgba(232,230,225,0) 100%);padding-top:var(--wp--preset--spacing--40);padding-right:var(--wp--preset--spacing--40);padding-bottom:var(--wp--preset--spacing--40);padding-left:var(--wp--preset--spacing--70);flex-basis:70%\">\n<hr class=\"wp-block-separator aligncenter has-text-color has-alpha-channel-opacity has-background is-style-wide\" style=\"margin-top:var(--wp--preset--spacing--20);margin-bottom:var(--wp--preset--spacing--20);background-color:#d6af4d;color:#d6af4d\"\/>\n\n\n\n<ul style=\"border-style:none;border-width:0px;border-radius:26px;margin-top:var(--wp--preset--spacing--30);margin-right:0;margin-bottom:var(--wp--preset--spacing--30);margin-left:0\" class=\"wp-block-list has-medium-font-size\">\n<li class=\"has-text-color has-link-color wp-elements-86a766c2522d9a9998e4d9d8cf0c03d1\" style=\"color:#7a1737;padding-top:0;padding-right:0;padding-bottom:0;padding-left:0;font-size:24px\"><a href=\"https:\/\/www.ssaver.gob.mx\/funcionario\/wp-content\/uploads\/sites\/3\/2024\/10\/CONVENIO-DE-COLABORACION-PFAM-2024.pdf\" target=\"_blank\" rel=\"noreferrer noopener\"><strong>CONVENIO IB-CC-S200-FAM-2024-VER-30<\/strong><\/a><\/li>\n<\/ul>\n\n\n\n<hr class=\"wp-block-separator has-text-color has-alpha-channel-opacity has-background is-style-default\" style=\"margin-top:var(--wp--preset--spacing--20);margin-bottom:var(--wp--preset--spacing--20);background-color:#d6af4d;color:#d6af4d\"\/>\n\n\n\n<p class=\"has-text-color has-link-color has-medium-font-size wp-elements-ee5362491220a2bc4566d51d598b4bfb\" style=\"color:#7a1737\"><strong>Responsable del contenido:<\/strong> <br>Lic. Nuelma Mart\u00ednez S\u00e1nchez.<br>Subdirecci\u00f3n de Atenci\u00f3n del Primer Nivel.<br>Ext. 2502<\/p>\n<\/div>\n\n\n\n<div class=\"wp-block-column is-layout-flow wp-block-column-is-layout-flow\" style=\"flex-basis:15%\"><\/div>\n<\/div>\n","protected":false},"excerpt":{"rendered":"<p>Responsable del contenido: Lic. Nuelma Mart\u00ednez S\u00e1nchez.Subdirecci\u00f3n de Atenci\u00f3n del Primer Nivel.Ext. 2502<\/p>\n","protected":false},"author":5,"featured_media":0,"parent":2177,"menu_order":3,"comment_status":"closed","ping_status":"closed","template":"","meta":{"colormag_page_container_layout":"default_layout","colormag_page_sidebar_layout":"default_layout","footnotes":""},"class_list":["post-2173","page","type-page","status-publish","hentry"],"_links":{"self":[{"href":"https:\/\/www.ssaver.gob.mx\/funcionario\/wp-json\/wp\/v2\/pages\/2173","targetHints":{"allow":["GET"]}}],"collection":[{"href":"https:\/\/www.ssaver.gob.mx\/funcionario\/wp-json\/wp\/v2\/pages"}],"about":[{"href":"https:\/\/www.ssaver.gob.mx\/funcionario\/wp-json\/wp\/v2\/types\/page"}],"author":[{"embeddable":true,"href":"https:\/\/www.ssaver.gob.mx\/funcionario\/wp-json\/wp\/v2\/users\/5"}],"replies":[{"embeddable":true,"href":"https:\/\/www.ssaver.gob.mx\/funcionario\/wp-json\/wp\/v2\/comments?post=2173"}],"version-history":[{"count":10,"href":"https:\/\/www.ssaver.gob.mx\/funcionario\/wp-json\/wp\/v2\/pages\/2173\/revisions"}],"predecessor-version":[{"id":3851,"href":"https:\/\/www.ssaver.gob.mx\/funcionario\/wp-json\/wp\/v2\/pages\/2173\/revisions\/3851"}],"up":[{"embeddable":true,"href":"https:\/\/www.ssaver.gob.mx\/funcionario\/wp-json\/wp\/v2\/pages\/2177"}],"wp:attachment":[{"href":"https:\/\/www.ssaver.gob.mx\/funcionario\/wp-json\/wp\/v2\/media?parent=2173"}],"curies":[{"name":"wp","href":"https:\/\/api.w.org\/{rel}","templated":true}]}}