{"id":2190,"date":"2024-10-28T12:30:00","date_gmt":"2024-10-28T12:30:00","guid":{"rendered":"https:\/\/www.ssaver.gob.mx\/funcionario\/?page_id=2190"},"modified":"2025-08-22T09:58:43","modified_gmt":"2025-08-22T15:58:43","slug":"convenios-e023","status":"publish","type":"page","link":"https:\/\/www.ssaver.gob.mx\/funcionario\/convenios\/convenios-e023\/","title":{"rendered":"Convenios E023"},"content":{"rendered":"\n<hr class=\"wp-block-separator aligncenter has-text-color has-alpha-channel-opacity has-background is-style-wide\" style=\"background-color:#d8bf31;color:#d8bf31\"\/>\n\n\n\n<div class=\"wp-block-columns is-layout-flex wp-container-core-columns-is-layout-28f84493 wp-block-columns-is-layout-flex\">\n<div class=\"wp-block-column is-layout-flow wp-block-column-is-layout-flow\" style=\"flex-basis:20%\"><\/div>\n\n\n\n<div class=\"wp-block-column is-layout-flow wp-block-column-is-layout-flow\" style=\"flex-basis:60%\">\n<div class=\"wp-block-columns is-layout-flex wp-container-core-columns-is-layout-d39e70f1 wp-block-columns-is-layout-flex\" style=\"margin-top:0;margin-bottom:0;padding-top:0;padding-bottom:0\">\n<div class=\"wp-block-column has-background is-layout-flow wp-block-column-is-layout-flow\" style=\"border-radius:0px;background-color:#530000;padding-top:0;padding-right:0;padding-bottom:0;padding-left:0;flex-basis:100%\">\n<figure class=\"wp-block-image size-full\" style=\"margin-top:0;margin-right:0;margin-bottom:0;margin-left:0\"><img loading=\"lazy\" decoding=\"async\" width=\"2560\" height=\"390\" src=\"https:\/\/www.ssaver.gob.mx\/funcionario\/wp-content\/uploads\/sites\/3\/2025\/08\/Convenio_E023_Banner-scaled.png\" alt=\"\" class=\"wp-image-3763\" srcset=\"https:\/\/www.ssaver.gob.mx\/funcionario\/wp-content\/uploads\/sites\/3\/2025\/08\/Convenio_E023_Banner-scaled.png 2560w, https:\/\/www.ssaver.gob.mx\/funcionario\/wp-content\/uploads\/sites\/3\/2025\/08\/Convenio_E023_Banner-300x46.png 300w, https:\/\/www.ssaver.gob.mx\/funcionario\/wp-content\/uploads\/sites\/3\/2025\/08\/Convenio_E023_Banner-1024x156.png 1024w, https:\/\/www.ssaver.gob.mx\/funcionario\/wp-content\/uploads\/sites\/3\/2025\/08\/Convenio_E023_Banner-768x117.png 768w, https:\/\/www.ssaver.gob.mx\/funcionario\/wp-content\/uploads\/sites\/3\/2025\/08\/Convenio_E023_Banner-1536x234.png 1536w, https:\/\/www.ssaver.gob.mx\/funcionario\/wp-content\/uploads\/sites\/3\/2025\/08\/Convenio_E023_Banner-2048x312.png 2048w\" sizes=\"auto, (max-width: 2560px) 100vw, 2560px\" \/><\/figure>\n<\/div>\n<\/div>\n\n\n\n<div class=\"wp-block-columns is-layout-flex wp-container-core-columns-is-layout-b2864ded wp-block-columns-is-layout-flex\" style=\"margin-top:0;margin-bottom:0;padding-top:0;padding-bottom:0\">\n<div class=\"wp-block-column is-vertically-aligned-center has-background is-layout-flow wp-block-column-is-layout-flow\" style=\"background:linear-gradient(180deg,rgb(233,231,225) 66%,rgba(232,230,225,0) 100%);padding-top:var(--wp--preset--spacing--80);padding-right:var(--wp--preset--spacing--80);padding-bottom:var(--wp--preset--spacing--80);padding-left:var(--wp--preset--spacing--80);flex-basis:100%\">\n<hr class=\"wp-block-separator aligncenter has-text-color has-alpha-channel-opacity has-background is-style-wide\" style=\"margin-top:var(--wp--preset--spacing--20);margin-bottom:var(--wp--preset--spacing--20);background-color:#d6af4d;color:#d6af4d\"\/>\n\n\n\n<div class=\"wp-block-columns is-layout-flex wp-container-core-columns-is-layout-45c10ec9 wp-block-columns-is-layout-flex\" style=\"margin-top:var(--wp--preset--spacing--60);margin-bottom:var(--wp--preset--spacing--60)\">\n<div class=\"wp-block-column has-background is-layout-flow wp-block-column-is-layout-flow\" style=\"border-radius:26px;background-color:#f4f4ef;padding-top:var(--wp--preset--spacing--80);padding-right:var(--wp--preset--spacing--80);padding-bottom:var(--wp--preset--spacing--80);padding-left:var(--wp--preset--spacing--80);flex-basis:50%\">\n<p class=\"has-text-align-center has-text-color has-link-color wp-elements-c330e7793da76819411631009ca607a1\" style=\"color:#7a1737;margin-top:0;font-size:24px\"><a href=\"https:\/\/www.ssaver.gob.mx\/funcionario\/convenios-e023-2022\/\" target=\"_blank\" rel=\"noreferrer noopener\"><strong>Convenios de Colaboraci\u00f3n E023 2022<\/strong><\/a><\/p>\n<\/div>\n\n\n\n<div class=\"wp-block-column has-background is-layout-flow wp-block-column-is-layout-flow\" style=\"border-radius:26px;background-color:#f4f4ef;padding-top:var(--wp--preset--spacing--80);padding-right:var(--wp--preset--spacing--80);padding-bottom:var(--wp--preset--spacing--80);padding-left:var(--wp--preset--spacing--80);flex-basis:50%\">\n<p class=\"has-text-align-center has-text-color has-link-color wp-elements-7cfce3c410b35827b03e2aa51c23228b\" style=\"color:#7a1737;font-size:24px\"><strong><a href=\"https:\/\/www.ssaver.gob.mx\/funcionario\/convenios\/convenios-e023-2023\/\" target=\"_blank\" rel=\"noreferrer noopener\">Convenios de Colaboraci\u00f3n E023 2023<\/a><\/strong><\/p>\n<\/div>\n<\/div>\n\n\n\n<hr class=\"wp-block-separator has-text-color has-alpha-channel-opacity has-background is-style-default\" style=\"margin-top:var(--wp--preset--spacing--20);margin-bottom:var(--wp--preset--spacing--20);background-color:#d6af4d;color:#d6af4d\"\/>\n\n\n\n<p class=\"has-text-color has-link-color has-medium-font-size wp-elements-e263df64bb65dbee96e506818829fd19\" style=\"color:#7a1737\"><strong>Responsable del contenido:<\/strong> <br>Lic. Nuelma Mart\u00ednez S\u00e1nchez<br>Subdirecci\u00f3n de Atenci\u00f3n de Primer Nivel.<br>Ext. 2502<\/p>\n<\/div>\n<\/div>\n<\/div>\n\n\n\n<div class=\"wp-block-column is-layout-flow wp-block-column-is-layout-flow\" style=\"flex-basis:20%\"><\/div>\n<\/div>\n","protected":false},"excerpt":{"rendered":"<p>Convenios de Colaboraci\u00f3n E023 2022 Convenios de Colaboraci\u00f3n E023 2023 Responsable del contenido: Lic. Nuelma Mart\u00ednez S\u00e1nchezSubdirecci\u00f3n de Atenci\u00f3n de<\/p>\n","protected":false},"author":2,"featured_media":0,"parent":974,"menu_order":2,"comment_status":"closed","ping_status":"closed","template":"","meta":{"colormag_page_container_layout":"default_layout","colormag_page_sidebar_layout":"default_layout","footnotes":""},"class_list":["post-2190","page","type-page","status-publish","hentry"],"_links":{"self":[{"href":"https:\/\/www.ssaver.gob.mx\/funcionario\/wp-json\/wp\/v2\/pages\/2190","targetHints":{"allow":["GET"]}}],"collection":[{"href":"https:\/\/www.ssaver.gob.mx\/funcionario\/wp-json\/wp\/v2\/pages"}],"about":[{"href":"https:\/\/www.ssaver.gob.mx\/funcionario\/wp-json\/wp\/v2\/types\/page"}],"author":[{"embeddable":true,"href":"https:\/\/www.ssaver.gob.mx\/funcionario\/wp-json\/wp\/v2\/users\/2"}],"replies":[{"embeddable":true,"href":"https:\/\/www.ssaver.gob.mx\/funcionario\/wp-json\/wp\/v2\/comments?post=2190"}],"version-history":[{"count":12,"href":"https:\/\/www.ssaver.gob.mx\/funcionario\/wp-json\/wp\/v2\/pages\/2190\/revisions"}],"predecessor-version":[{"id":3809,"href":"https:\/\/www.ssaver.gob.mx\/funcionario\/wp-json\/wp\/v2\/pages\/2190\/revisions\/3809"}],"up":[{"embeddable":true,"href":"https:\/\/www.ssaver.gob.mx\/funcionario\/wp-json\/wp\/v2\/pages\/974"}],"wp:attachment":[{"href":"https:\/\/www.ssaver.gob.mx\/funcionario\/wp-json\/wp\/v2\/media?parent=2190"}],"curies":[{"name":"wp","href":"https:\/\/api.w.org\/{rel}","templated":true}]}}