{"id":974,"date":"2022-11-29T14:23:06","date_gmt":"2022-11-29T20:23:06","guid":{"rendered":"https:\/\/www.ssaver.gob.mx\/funcionario\/?page_id=974"},"modified":"2025-12-12T20:03:36","modified_gmt":"2025-12-13T02:03:36","slug":"convenios","status":"publish","type":"page","link":"https:\/\/www.ssaver.gob.mx\/funcionario\/convenios\/","title":{"rendered":"Convenios"},"content":{"rendered":"\n<hr class=\"wp-block-separator aligncenter has-text-color has-alpha-channel-opacity has-background is-style-wide\" style=\"background-color:#d8bf31;color:#d8bf31\"\/>\n\n\n\n<div class=\"wp-block-columns is-layout-flex wp-container-core-columns-is-layout-d39e70f1 wp-block-columns-is-layout-flex\" style=\"margin-top:0;margin-bottom:0;padding-top:0;padding-bottom:0\">\n<div class=\"wp-block-column is-layout-flow wp-container-core-column-is-layout-b108c007 wp-block-column-is-layout-flow\" style=\"padding-right:0;padding-left:0;flex-basis:15%\"><\/div>\n\n\n\n<div class=\"wp-block-column has-background is-layout-flow wp-block-column-is-layout-flow\" style=\"border-radius:0px;background-color:#530000;padding-top:0;padding-right:0;padding-bottom:0;padding-left:0;flex-basis:70%\">\n<div class=\"wp-block-cover has-aspect-ratio\" style=\"margin-top:0;margin-bottom:0;padding-top:0;padding-bottom:0;aspect-ratio:auto;min-height:unset;\"><img decoding=\"async\" class=\"wp-block-cover__image-background wp-image-4624 size-full\" alt=\"\" src=\"https:\/\/www.ssaver.gob.mx\/tecnologias\/wp-content\/uploads\/sites\/14\/2025\/08\/Textura-varias_page-0001.jpg\" style=\"object-position:6% 52%\" data-object-fit=\"cover\" data-object-position=\"6% 52%\"\/><span aria-hidden=\"true\" class=\"wp-block-cover__background has-background-dim-0 has-background-dim\" style=\"background-color:#9f0035\"><\/span><div class=\"wp-block-cover__inner-container is-layout-constrained wp-block-cover-is-layout-constrained\">\n<p class=\"has-text-align-center\" style=\"font-size:28px\"><strong>Convenios<\/strong><\/p>\n<\/div><\/div>\n<\/div>\n\n\n\n<div class=\"wp-block-column is-layout-flow wp-block-column-is-layout-flow\" style=\"flex-basis:15%\"><\/div>\n<\/div>\n\n\n\n<div class=\"wp-block-columns is-layout-flex wp-container-core-columns-is-layout-b2864ded wp-block-columns-is-layout-flex\" style=\"margin-top:0;margin-bottom:0;padding-top:0;padding-bottom:0\">\n<div class=\"wp-block-column is-layout-flow wp-block-column-is-layout-flow\" style=\"flex-basis:15%\"><\/div>\n\n\n\n<div class=\"wp-block-column is-vertically-aligned-center has-background is-layout-flow wp-block-column-is-layout-flow\" style=\"background:linear-gradient(180deg,rgb(233,231,225) 66%,rgba(232,230,225,0) 100%);padding-top:var(--wp--preset--spacing--40);padding-right:var(--wp--preset--spacing--40);padding-bottom:var(--wp--preset--spacing--40);padding-left:var(--wp--preset--spacing--70);flex-basis:70%\">\n<hr class=\"wp-block-separator aligncenter has-text-color has-alpha-channel-opacity has-background is-style-wide\" style=\"margin-top:var(--wp--preset--spacing--20);margin-bottom:var(--wp--preset--spacing--20);background-color:#d6af4d;color:#d6af4d\"\/>\n\n\n\n<div class=\"wp-block-columns are-vertically-aligned-center is-layout-flex wp-container-core-columns-is-layout-44590b80 wp-block-columns-is-layout-flex\" style=\"margin-top:0;margin-bottom:0;padding-top:0;padding-bottom:0\">\n<div class=\"wp-block-column is-vertically-aligned-center is-layout-flow wp-block-column-is-layout-flow\">\n<p class=\"has-text-align-center has-text-color\" style=\"color:#5b4c0d;margin-top:var(--wp--preset--spacing--20);margin-bottom:var(--wp--preset--spacing--20);font-size:22px\"><strong>SALUD P\u00daBLICA<\/strong><\/p>\n<\/div>\n\n\n\n<div class=\"wp-block-column is-vertically-aligned-center is-layout-flow wp-block-column-is-layout-flow\">\n<p class=\"has-text-align-center has-text-color\" style=\"color:#5b4c0d;margin-top:var(--wp--preset--spacing--20);margin-bottom:var(--wp--preset--spacing--20);font-size:22px\"><strong>DIRECCI\u00d3N DE ATENCI\u00d3N M\u00c9DICA 1ER NIVEL <\/strong><\/p>\n<\/div>\n\n\n\n<div class=\"wp-block-column is-vertically-aligned-center is-layout-flow wp-block-column-is-layout-flow\">\n<p class=\"has-text-align-center has-text-color\" style=\"color:#5b4c0d;margin-top:var(--wp--preset--spacing--20);margin-bottom:var(--wp--preset--spacing--20);font-size:22px\"><strong>DIRECCI\u00d3N ADMINISTRATIVA ATENCI\u00d3N DE AUDITOR\u00cdAS <\/strong><\/p>\n<\/div>\n<\/div>\n\n\n\n<div class=\"wp-block-columns is-layout-flex wp-container-core-columns-is-layout-4588bbbb wp-block-columns-is-layout-flex\" style=\"margin-top:0;margin-bottom:0;padding-top:0;padding-bottom:0\">\n<div class=\"wp-block-column is-vertically-aligned-bottom is-layout-flow wp-block-column-is-layout-flow\">\n<hr class=\"wp-block-separator has-text-color has-alpha-channel-opacity has-background is-style-wide\" style=\"margin-top:var(--wp--preset--spacing--20);margin-bottom:var(--wp--preset--spacing--20);background-color:#d8bf31;color:#d8bf31\"\/>\n<\/div>\n\n\n\n<div class=\"wp-block-column is-vertically-aligned-bottom is-layout-flow wp-block-column-is-layout-flow\">\n<hr class=\"wp-block-separator has-text-color has-alpha-channel-opacity has-background is-style-wide\" style=\"margin-top:var(--wp--preset--spacing--20);margin-bottom:var(--wp--preset--spacing--20);background-color:#d8bf31;color:#d8bf31\"\/>\n<\/div>\n\n\n\n<div class=\"wp-block-column is-vertically-aligned-bottom is-layout-flow wp-block-column-is-layout-flow\">\n<hr class=\"wp-block-separator has-text-color has-alpha-channel-opacity has-background is-style-wide\" style=\"margin-top:var(--wp--preset--spacing--20);margin-bottom:var(--wp--preset--spacing--20);background-color:#d8bf31;color:#d8bf31\"\/>\n<\/div>\n<\/div>\n\n\n\n<div class=\"wp-block-columns is-layout-flex wp-container-core-columns-is-layout-28f84493 wp-block-columns-is-layout-flex\">\n<div class=\"wp-block-column has-background is-layout-flow wp-block-column-is-layout-flow\" style=\"border-radius:26px;background-color:#f4f4ef;padding-top:var(--wp--preset--spacing--80);padding-right:var(--wp--preset--spacing--80);padding-bottom:var(--wp--preset--spacing--80);padding-left:var(--wp--preset--spacing--80);flex-basis:30%\">\n<p class=\"has-text-align-center has-text-color has-link-color wp-elements-d33f4e65fd3b6871f3ed9a79d7df9f1a\" style=\"color:#7a1737;font-size:24px\"><strong><a href=\"https:\/\/www.ssaver.gob.mx\/funcionario\/convenios\/convenios-sanas-ver\/\" target=\"_blank\" rel=\"noreferrer noopener\">Convenio SaNAs-Ver<\/a><\/strong><\/p>\n<\/div>\n\n\n\n<div class=\"wp-block-column has-background is-layout-flow wp-block-column-is-layout-flow\" style=\"border-radius:26px;background-color:#f4f4ef;padding-top:var(--wp--preset--spacing--80);padding-right:var(--wp--preset--spacing--80);padding-bottom:var(--wp--preset--spacing--80);padding-left:var(--wp--preset--spacing--80);flex-basis:38%\">\n<p class=\"has-text-align-center has-text-color has-link-color wp-elements-e036b40a745c9292cc604240de04b301\" style=\"color:#7a1737;font-size:24px\"><strong><a href=\"https:\/\/www.ssaver.gob.mx\/funcionario\/convenios\/convenios-e023\/\" target=\"_blank\" rel=\"noreferrer noopener\">Convenios de Colaboraci\u00f3n E023<\/a><\/strong><\/p>\n<\/div>\n\n\n\n<div class=\"wp-block-column has-background is-layout-flow wp-block-column-is-layout-flow\" style=\"border-radius:26px;background-color:#f4f4ef;padding-top:var(--wp--preset--spacing--80);padding-right:var(--wp--preset--spacing--80);padding-bottom:var(--wp--preset--spacing--80);padding-left:var(--wp--preset--spacing--80);flex-basis:32%\">\n<p class=\"has-text-align-center has-text-color has-link-color wp-elements-00de141a4c6a813e2985bd6e62e6ffe0\" style=\"color:#7a1737;font-size:24px\"><strong><a href=\"https:\/\/www.ssaver.gob.mx\/funcionario\/convenios\/convenio-u013\/\" target=\"_blank\" rel=\"noreferrer noopener\">Convenio VER-U013<\/a><\/strong><\/p>\n<\/div>\n<\/div>\n\n\n\n<div class=\"wp-block-columns is-layout-flex wp-container-core-columns-is-layout-28f84493 wp-block-columns-is-layout-flex\">\n<div class=\"wp-block-column has-background is-layout-flow wp-block-column-is-layout-flow\" style=\"border-radius:26px;background-color:#f4f4ef;padding-top:var(--wp--preset--spacing--80);padding-right:var(--wp--preset--spacing--80);padding-bottom:var(--wp--preset--spacing--80);padding-left:var(--wp--preset--spacing--80);flex-basis:30%\">\n<p class=\"has-text-align-center has-text-color has-link-color wp-elements-7bbfc88103df32285df641ad14616806\" style=\"color:#7a1737;font-size:24px\"><a href=\"https:\/\/www.ssaver.gob.mx\/funcionario\/convenios\/convenio-afaspe-2022\/\" target=\"_blank\" rel=\"noreferrer noopener\"><strong>Convenio AFASPE 2022<\/strong><\/a><\/p>\n<\/div>\n\n\n\n<div class=\"wp-block-column has-background is-layout-flow wp-block-column-is-layout-flow\" style=\"border-radius:26px;background-color:#f4f4ef;padding-top:var(--wp--preset--spacing--80);padding-right:var(--wp--preset--spacing--80);padding-bottom:var(--wp--preset--spacing--80);padding-left:var(--wp--preset--spacing--80);flex-basis:38%\">\n<p class=\"has-text-align-center has-text-color has-link-color wp-elements-ff3ee1fb72f5a61cee2aa8f0110e7fa1\" style=\"color:#7a1737;font-size:24px\"><a href=\"https:\/\/www.ssaver.gob.mx\/funcionario\/convenios\/convenio-pfam\/\" target=\"_blank\" rel=\"noreferrer noopener\"><strong>Convenios de Colaboraci\u00f3n PFAM<\/strong><\/a><\/p>\n<\/div>\n\n\n\n<div class=\"wp-block-column has-background is-layout-flow wp-block-column-is-layout-flow\" style=\"border-radius:26px;background-color:#f4f4ef;padding-top:var(--wp--preset--spacing--80);padding-right:var(--wp--preset--spacing--80);padding-bottom:var(--wp--preset--spacing--80);padding-left:var(--wp--preset--spacing--80);flex-basis:32%\">\n<p class=\"has-text-align-center has-text-color has-link-color wp-elements-529c65746204445b73342092153b1227\" style=\"color:#7a1737;font-size:24px\"><a href=\"https:\/\/www.ssaver.gob.mx\/funcionario\/convenio-u023\/\" target=\"_blank\" rel=\"noreferrer noopener\"><strong>Convenio VER-U023<\/strong><\/a><\/p>\n<\/div>\n<\/div>\n<\/div>\n\n\n\n<div class=\"wp-block-column is-layout-flow wp-block-column-is-layout-flow\" style=\"flex-basis:15%\"><\/div>\n<\/div>\n\n\n\n<div style=\"height:0px\" aria-hidden=\"true\" class=\"wp-block-spacer\"><\/div>\n","protected":false},"excerpt":{"rendered":"<p>SALUD P\u00daBLICA DIRECCI\u00d3N DE ATENCI\u00d3N M\u00c9DICA 1ER NIVEL DIRECCI\u00d3N ADMINISTRATIVA ATENCI\u00d3N DE AUDITOR\u00cdAS Convenio SaNAs-Ver Convenios de Colaboraci\u00f3n E023 Convenio<\/p>\n","protected":false},"author":2,"featured_media":0,"parent":0,"menu_order":0,"comment_status":"closed","ping_status":"closed","template":"","meta":{"colormag_page_container_layout":"default_layout","colormag_page_sidebar_layout":"default_layout","footnotes":""},"class_list":["post-974","page","type-page","status-publish","hentry"],"_links":{"self":[{"href":"https:\/\/www.ssaver.gob.mx\/funcionario\/wp-json\/wp\/v2\/pages\/974","targetHints":{"allow":["GET"]}}],"collection":[{"href":"https:\/\/www.ssaver.gob.mx\/funcionario\/wp-json\/wp\/v2\/pages"}],"about":[{"href":"https:\/\/www.ssaver.gob.mx\/funcionario\/wp-json\/wp\/v2\/types\/page"}],"author":[{"embeddable":true,"href":"https:\/\/www.ssaver.gob.mx\/funcionario\/wp-json\/wp\/v2\/users\/2"}],"replies":[{"embeddable":true,"href":"https:\/\/www.ssaver.gob.mx\/funcionario\/wp-json\/wp\/v2\/comments?post=974"}],"version-history":[{"count":50,"href":"https:\/\/www.ssaver.gob.mx\/funcionario\/wp-json\/wp\/v2\/pages\/974\/revisions"}],"predecessor-version":[{"id":4220,"href":"https:\/\/www.ssaver.gob.mx\/funcionario\/wp-json\/wp\/v2\/pages\/974\/revisions\/4220"}],"wp:attachment":[{"href":"https:\/\/www.ssaver.gob.mx\/funcionario\/wp-json\/wp\/v2\/media?parent=974"}],"curies":[{"name":"wp","href":"https:\/\/api.w.org\/{rel}","templated":true}]}}