{"id":1000,"date":"2022-12-12T11:56:50","date_gmt":"2022-12-12T17:56:50","guid":{"rendered":"https:\/\/www.ssaver.gob.mx\/infraestructuradesalud\/?page_id=1000"},"modified":"2026-02-10T12:08:29","modified_gmt":"2026-02-10T18:08:29","slug":"infraestructura-de-salud","status":"publish","type":"page","link":"https:\/\/www.ssaver.gob.mx\/infraestructuradesalud\/","title":{"rendered":""},"content":{"rendered":"\n<figure class=\"wp-block-pullquote has-white-color has-text-color\" style=\"font-size:1px\"><blockquote><p>Dise\u00f1ar estrategias que coadyuven a mejorar la atenci\u00f3n que se brinda a la poblaci\u00f3n, en materia de Servicios de Salud, a trav\u00e9s de la Construcci\u00f3n, Rehabilitaci\u00f3n y Mantenimiento de los Hospitales, Cl\u00ednicas, Laboratorios, Centros de Salud y dem\u00e1s inmuebles y sus anexos que garanticen el bienestar de los Veracruzanos.<\/p><\/blockquote><\/figure>\n\n\n\n<hr class=\"wp-block-separator has-text-color has-alpha-channel-opacity has-background is-style-wide\" style=\"margin-top:0;margin-bottom:0;background-color:#dac195;color:#dac195\"\/>\n\n\n\n<h1 class=\"wp-block-heading has-text-align-center has-text-color\" style=\"color:#7a1737;font-style:normal;font-weight:500\"><strong>LICITACIONES<\/strong><\/h1>\n\n\n\n<hr class=\"wp-block-separator has-text-color has-alpha-channel-opacity has-background is-style-wide\" style=\"margin-top:0;margin-bottom:0;background-color:#dac195;color:#dac195\"\/>\n\n\n\n<div style=\"height:20px\" aria-hidden=\"true\" class=\"wp-block-spacer\"><\/div>\n\n\n\n<div class=\"wp-block-columns are-vertically-aligned-top is-layout-flex wp-container-core-columns-is-layout-f0342b05 wp-block-columns-is-layout-flex\" style=\"margin-top:0;margin-bottom:0\">\n<div class=\"wp-block-column is-vertically-aligned-top is-layout-flow wp-block-column-is-layout-flow\">\n<div class=\"wp-block-buttons is-content-justification-center is-layout-flex wp-container-core-buttons-is-layout-a89b3969 wp-block-buttons-is-layout-flex\">\n<div class=\"wp-block-button has-custom-width wp-block-button__width-100\"><a class=\"wp-block-button__link has-text-color has-background has-custom-font-size wp-element-button\" href=\"https:\/\/www.ssaver.gob.mx\/infraestructuradesalud\/licitaciones-2024\/\" style=\"border-style:none;border-width:0px;border-radius:26px;color:#7a1737;background-color:#eae7e2;padding-top:var(--wp--preset--spacing--70);padding-bottom:var(--wp--preset--spacing--70);font-size:24px\" target=\"_blank\" rel=\"noreferrer noopener\"><strong>Licitaciones 2024<\/strong><\/a><\/div>\n<\/div>\n\n\n\n<div style=\"height:20px\" aria-hidden=\"true\" class=\"wp-block-spacer\"><\/div>\n<\/div>\n\n\n\n<div class=\"wp-block-column is-vertically-aligned-top is-layout-flow wp-block-column-is-layout-flow\" style=\"border-style:none;border-width:0px;border-radius:26px\">\n<div class=\"wp-block-buttons is-content-justification-center is-layout-flex wp-container-core-buttons-is-layout-a89b3969 wp-block-buttons-is-layout-flex\">\n<div class=\"wp-block-button has-custom-width wp-block-button__width-100\"><a class=\"wp-block-button__link has-text-color has-background has-custom-font-size wp-element-button\" href=\"https:\/\/www.ssaver.gob.mx\/infraestructuradesalud\/licitaciones-2023\/\" style=\"border-style:none;border-width:0px;border-radius:26px;color:#7a1737;background-color:#eae7e2;padding-top:var(--wp--preset--spacing--70);padding-bottom:var(--wp--preset--spacing--70);font-size:24px\"><strong>Licitaciones 2023<\/strong><\/a><\/div>\n<\/div>\n<\/div>\n\n\n\n<div class=\"wp-block-column is-vertically-aligned-top is-layout-flow wp-block-column-is-layout-flow\">\n<div class=\"wp-block-buttons is-content-justification-center is-layout-flex wp-container-core-buttons-is-layout-a89b3969 wp-block-buttons-is-layout-flex\" style=\"border-style:none;border-width:0px;border-radius:26px\">\n<div class=\"wp-block-button has-custom-width wp-block-button__width-100\"><a class=\"wp-block-button__link has-text-color has-background has-custom-font-size wp-element-button\" href=\"https:\/\/www.ssaver.gob.mx\/infraestructuradesalud\/licitaciones-2022\/\" style=\"border-style:none;border-width:0px;border-radius:26px;color:#7a1737;background-color:#eae7e2;padding-top:var(--wp--preset--spacing--70);padding-bottom:var(--wp--preset--spacing--70);font-size:24px\" target=\"_blank\" rel=\"noreferrer noopener\"><strong><strong><strong><strong>Licitaciones 2022<\/strong><\/strong><\/strong><\/strong><\/a><\/div>\n<\/div>\n\n\n\n<div style=\"height:20px\" aria-hidden=\"true\" class=\"wp-block-spacer\"><\/div>\n<\/div>\n<\/div>\n\n\n\n<div class=\"wp-block-columns are-vertically-aligned-top is-layout-flex wp-container-core-columns-is-layout-f0342b05 wp-block-columns-is-layout-flex\" style=\"margin-top:0;margin-bottom:0\">\n<div class=\"wp-block-column is-vertically-aligned-top is-layout-flow wp-block-column-is-layout-flow\">\n<div class=\"wp-block-buttons is-content-justification-center is-layout-flex wp-container-core-buttons-is-layout-a89b3969 wp-block-buttons-is-layout-flex\">\n<div class=\"wp-block-button has-custom-width wp-block-button__width-100\"><a class=\"wp-block-button__link has-text-color has-background has-custom-font-size wp-element-button\" href=\"https:\/\/www.ssaver.gob.mx\/infraestructuradesalud\/licitaciones-2021\/\" style=\"border-style:none;border-width:0px;border-radius:26px;color:#7a1737;background-color:#eae7e2;padding-top:var(--wp--preset--spacing--70);padding-bottom:var(--wp--preset--spacing--70);font-size:24px\" target=\"_blank\" rel=\"noreferrer noopener\"><strong><strong><strong>Licitaciones 202<\/strong><\/strong>1<\/strong><\/a><\/div>\n<\/div>\n\n\n\n<div style=\"height:20px\" aria-hidden=\"true\" class=\"wp-block-spacer\"><\/div>\n<\/div>\n\n\n\n<div class=\"wp-block-column is-vertically-aligned-top is-layout-flow wp-block-column-is-layout-flow\">\n<div class=\"wp-block-buttons is-content-justification-center is-layout-flex wp-container-core-buttons-is-layout-a89b3969 wp-block-buttons-is-layout-flex\">\n<div class=\"wp-block-button has-custom-width wp-block-button__width-100\"><a class=\"wp-block-button__link has-text-color has-background has-custom-font-size wp-element-button\" href=\"https:\/\/www.ssaver.gob.mx\/infraestructuradesalud\/licitaciones-2020\/\" style=\"border-style:none;border-width:0px;border-radius:26px;color:#7a1737;background-color:#eae7e2;padding-top:var(--wp--preset--spacing--70);padding-bottom:var(--wp--preset--spacing--70);font-size:24px\" target=\"_blank\" rel=\"noreferrer noopener\"><strong>Licitaciones 2020<\/strong><\/a><\/div>\n<\/div>\n<\/div>\n\n\n\n<div class=\"wp-block-column is-vertically-aligned-top is-layout-flow wp-block-column-is-layout-flow\">\n<div class=\"wp-block-buttons is-content-justification-center is-layout-flex wp-container-core-buttons-is-layout-a89b3969 wp-block-buttons-is-layout-flex\">\n<div class=\"wp-block-button has-custom-width wp-block-button__width-100\"><a class=\"wp-block-button__link has-text-color has-background has-custom-font-size wp-element-button\" href=\"https:\/\/www.ssaver.gob.mx\/infraestructuradesalud\/licitaciones-2019\" style=\"border-style:none;border-width:0px;border-radius:26px;color:#7a1737;background-color:#eae7e2;padding-top:var(--wp--preset--spacing--70);padding-bottom:var(--wp--preset--spacing--70);font-size:24px\" target=\"_blank\" rel=\"noreferrer noopener\"><strong><strong><strong><strong>Licitaciones 2019<\/strong><\/strong><\/strong><\/strong><\/a><\/div>\n<\/div>\n\n\n\n<div style=\"height:20px\" aria-hidden=\"true\" class=\"wp-block-spacer\"><\/div>\n<\/div>\n<\/div>\n\n\n\n<div class=\"wp-block-columns is-layout-flex wp-container-core-columns-is-layout-f0342b05 wp-block-columns-is-layout-flex\" style=\"margin-top:0;margin-bottom:0\">\n<div class=\"wp-block-column is-layout-flow wp-block-column-is-layout-flow\">\n<div class=\"wp-block-columns are-vertically-aligned-top is-layout-flex wp-container-core-columns-is-layout-28f84493 wp-block-columns-is-layout-flex\">\n<div class=\"wp-block-column is-vertically-aligned-top is-layout-flow wp-block-column-is-layout-flow\">\n<div style=\"height:20px\" aria-hidden=\"true\" class=\"wp-block-spacer\"><\/div>\n\n\n\n<div style=\"height:20px\" aria-hidden=\"true\" class=\"wp-block-spacer\"><\/div>\n<\/div>\n\n\n\n<div class=\"wp-block-column is-vertically-aligned-top is-layout-flow wp-block-column-is-layout-flow\">\n<div class=\"wp-block-buttons is-content-justification-center is-layout-flex wp-container-core-buttons-is-layout-a89b3969 wp-block-buttons-is-layout-flex\">\n<div class=\"wp-block-button has-custom-width wp-block-button__width-100\"><a class=\"wp-block-button__link has-text-color has-background has-custom-font-size wp-element-button\" href=\"https:\/\/www.ssaver.gob.mx\/infraestructuradesalud\/licitaciones-2014-2018\/\" style=\"border-style:none;border-width:0px;border-radius:26px;color:#7a1737;background-color:#eae7e2;padding-top:var(--wp--preset--spacing--70);padding-bottom:var(--wp--preset--spacing--70);font-size:24px\" target=\"_blank\" rel=\"noreferrer noopener\"><strong><strong><strong><strong>Licitaciones 2014 &#8211; 2018<\/strong><\/strong><\/strong><\/strong><\/a><\/div>\n<\/div>\n<\/div>\n\n\n\n<div class=\"wp-block-column is-vertically-aligned-top is-layout-flow wp-block-column-is-layout-flow\">\n<div style=\"height:20px\" aria-hidden=\"true\" class=\"wp-block-spacer\"><\/div>\n\n\n\n<div style=\"height:20px\" aria-hidden=\"true\" class=\"wp-block-spacer\"><\/div>\n<\/div>\n<\/div>\n<\/div>\n<\/div>\n","protected":false},"excerpt":{"rendered":"<p>Dise\u00f1ar estrategias que coadyuven a mejorar la atenci\u00f3n que se brinda a la poblaci\u00f3n, en materia de Servicios de Salud,<\/p>\n","protected":false},"author":5,"featured_media":0,"parent":0,"menu_order":0,"comment_status":"closed","ping_status":"closed","template":"","meta":{"colormag_page_container_layout":"default_layout","colormag_page_sidebar_layout":"default_layout","footnotes":""},"class_list":["post-1000","page","type-page","status-publish","hentry"],"_links":{"self":[{"href":"https:\/\/www.ssaver.gob.mx\/infraestructuradesalud\/wp-json\/wp\/v2\/pages\/1000","targetHints":{"allow":["GET"]}}],"collection":[{"href":"https:\/\/www.ssaver.gob.mx\/infraestructuradesalud\/wp-json\/wp\/v2\/pages"}],"about":[{"href":"https:\/\/www.ssaver.gob.mx\/infraestructuradesalud\/wp-json\/wp\/v2\/types\/page"}],"author":[{"embeddable":true,"href":"https:\/\/www.ssaver.gob.mx\/infraestructuradesalud\/wp-json\/wp\/v2\/users\/5"}],"replies":[{"embeddable":true,"href":"https:\/\/www.ssaver.gob.mx\/infraestructuradesalud\/wp-json\/wp\/v2\/comments?post=1000"}],"version-history":[{"count":74,"href":"https:\/\/www.ssaver.gob.mx\/infraestructuradesalud\/wp-json\/wp\/v2\/pages\/1000\/revisions"}],"predecessor-version":[{"id":2960,"href":"https:\/\/www.ssaver.gob.mx\/infraestructuradesalud\/wp-json\/wp\/v2\/pages\/1000\/revisions\/2960"}],"wp:attachment":[{"href":"https:\/\/www.ssaver.gob.mx\/infraestructuradesalud\/wp-json\/wp\/v2\/media?parent=1000"}],"curies":[{"name":"wp","href":"https:\/\/api.w.org\/{rel}","templated":true}]}}