{"id":2551,"date":"2024-04-24T12:02:44","date_gmt":"2024-04-24T17:02:44","guid":{"rendered":"https:\/\/www.ssaver.gob.mx\/infraestructuradesalud\/?page_id=2551"},"modified":"2026-03-26T10:46:05","modified_gmt":"2026-03-26T16:46:05","slug":"licitaciones-2024","status":"publish","type":"page","link":"https:\/\/www.ssaver.gob.mx\/infraestructuradesalud\/licitaciones-2024\/","title":{"rendered":"Licitaciones 2024"},"content":{"rendered":"\n<hr class=\"wp-block-separator has-text-color has-alpha-channel-opacity has-background is-style-wide\" style=\"background-color:#d8bf31;color:#d8bf31\" \/>\n\n\n\n<div class=\"wp-block-group is-layout-constrained wp-container-core-group-is-layout-2ba5b490 wp-block-group-is-layout-constrained\">\n<div class=\"wp-block-columns is-layout-flex wp-container-core-columns-is-layout-28f84493 wp-block-columns-is-layout-flex\">\n<div class=\"wp-block-column is-layout-flow wp-block-column-is-layout-flow\">\n<div class=\"wp-block-cover has-aspect-ratio\" style=\"margin-top:0;margin-bottom:0;padding-top:0;padding-bottom:0;aspect-ratio:auto;min-height:unset;\"><img decoding=\"async\" class=\"wp-block-cover__image-background wp-image-3976 size-full\" alt=\"\" src=\"https:\/\/www.ssaver.gob.mx\/funcionario\/wp-content\/uploads\/sites\/3\/2025\/10\/micrositios_encabezado_textura_-scaled.png\" data-object-fit=\"cover\" \/><span aria-hidden=\"true\" class=\"wp-block-cover__background has-background-dim-100 has-background-dim\" style=\"background-color:#720f37\"><\/span><div class=\"wp-block-cover__inner-container is-layout-constrained wp-block-cover-is-layout-constrained\">\n<p class=\"has-text-align-center\" style=\"font-size:28px\"><strong>Licitaciones 20<\/strong>24<\/p>\n<\/div><\/div>\n<\/div>\n<\/div>\n\n\n\n<div class=\"wp-block-columns has-background is-layout-flex wp-container-core-columns-is-layout-28f84493 wp-block-columns-is-layout-flex\" style=\"background:linear-gradient(180deg,rgb(233,231,225) 56%,rgba(232,230,225,0) 100%)\">\n<div class=\"wp-block-column is-layout-flow wp-block-column-is-layout-flow\">\n<div class=\"wp-block-columns is-layout-flex wp-container-core-columns-is-layout-28f84493 wp-block-columns-is-layout-flex\">\n<div class=\"wp-block-column is-layout-flow wp-block-column-is-layout-flow\" style=\"padding-top:var(--wp--preset--spacing--60);padding-right:var(--wp--preset--spacing--80);padding-bottom:var(--wp--preset--spacing--60);padding-left:var(--wp--preset--spacing--80);flex-basis:100%\">\n<p class=\"has-text-align-center has-white-color has-text-color has-background\" style=\"background-color:#7a1737;font-size:22px\"><strong>LICITACION P\u00daBLICA<\/strong><\/p>\n\n\n\n<p><\/p>\n\n\n\n<ul class=\"wp-block-list\">\n<li class=\"has-black-color has-text-color has-link-color wp-elements-bd8d2ba250ec091d5aa72ab29be53bbb\"><strong>CONTRATOS 2024<\/strong>\n<ul class=\"wp-block-list\">\n<li class=\"has-text-color has-link-color wp-elements-41bb5892f77e8d2cdce261674320792e\" style=\"color:#7a1737\"><a href=\"https:\/\/www.ssaver.gob.mx\/infraestructuradesalud\/wp-content\/uploads\/sites\/8\/2024\/06\/SESVER-DIS-SWAP-2024-002-LPE.pdf\"><strong>SESVER-DIS-SWAP-2024-002-LPE<\/strong><\/a><\/li>\n\n\n\n<li class=\"has-text-color has-link-color wp-elements-b648e09b12abd62b77a63a54ff2fc298\" style=\"color:#7a1737\"><a href=\"https:\/\/www.ssaver.gob.mx\/infraestructuradesalud\/wp-content\/uploads\/sites\/8\/2024\/06\/SESVER-DIS-FISE-2024-003-LPE.pdf\"><strong>SESVER-DIS-FISE-2024-003-LPE<\/strong><\/a><\/li>\n\n\n\n<li class=\"has-text-color has-link-color wp-elements-fc1806e91d23f1b9bdf49c9f01eefa31\" style=\"color:#7a1737\"><a href=\"https:\/\/www.ssaver.gob.mx\/infraestructuradesalud\/wp-content\/uploads\/sites\/8\/2024\/06\/SESVER-DIS-FISE-2024-004-LPE.pdf\"><strong>SESVER-DIS-FISE-2024-004-LPE<\/strong><\/a><\/li>\n\n\n\n<li class=\"has-text-color has-link-color wp-elements-f694cc7c5c61744d1e93cc018f079bfa\" style=\"color:#7a1737\"><a href=\"https:\/\/www.ssaver.gob.mx\/infraestructuradesalud\/wp-content\/uploads\/sites\/8\/2024\/06\/SESVER-DIS-FISE-2024-005-LPE.pdf\"><strong>SESVER-DIS-FISE-2024-005-LPE<\/strong><\/a><\/li>\n\n\n\n<li class=\"has-text-color has-link-color wp-elements-6f928fa7faaddcae4feb2a0844ac1ccb\" style=\"color:#7a1737\"><a href=\"https:\/\/www.ssaver.gob.mx\/infraestructuradesalud\/wp-content\/uploads\/sites\/8\/2024\/09\/SESVER-DIS-FISE-2024-007-LPE.pdf\"><strong>SESVER-DIS-FISE-2024-007-LPE<\/strong><\/a><\/li>\n\n\n\n<li class=\"has-text-color has-link-color wp-elements-e0cd9b4bc74b7098730aeb1910d2cf0f\" style=\"color:#7a1737\"><a href=\"https:\/\/www.ssaver.gob.mx\/infraestructuradesalud\/wp-content\/uploads\/sites\/8\/2024\/09\/SESVER-DIS-FISE-2024-008-LPE.pdf\"><strong>SESVER-DIS-FISE-2024-008-LPE<\/strong><\/a><\/li>\n<\/ul>\n<\/li>\n<\/ul>\n\n\n\n<p><\/p>\n\n\n\n<ul class=\"wp-block-list\">\n<li><strong>DESIERTAS<\/strong>\n<ul class=\"wp-block-list\">\n<li><strong><a href=\"https:\/\/www.ssaver.gob.mx\/infraestructuradesalud\/wp-content\/uploads\/sites\/8\/2024\/06\/LPE-SESVER-DIS-2024-004-FISE-070624.pdf\">LPE-SESVER-DIS-2024-004-FISE<\/a><\/strong><\/li>\n\n\n\n<li><strong><a href=\"https:\/\/www.ssaver.gob.mx\/infraestructuradesalud\/wp-content\/uploads\/sites\/8\/2024\/06\/LPE-SESVER-DIS-2024-005-FISE-070624.pdf\">LPE-SESVER-DIS-2024-005-FISE<\/a><\/strong><\/li>\n\n\n\n<li><strong><a href=\"https:\/\/www.ssaver.gob.mx\/infraestructuradesalud\/wp-content\/uploads\/sites\/8\/2024\/06\/LPE-SESVER-DIS-2024-006-FISE-070624.pdf\">LPE-SESVER-DIS-2024-006-FISE<\/a><\/strong><\/li>\n\n\n\n<li><\/li>\n<\/ul>\n<\/li>\n\n\n\n<li><strong><a href=\"https:\/\/www.ssaver.gob.mx\/infraestructuradesalud\/wp-content\/uploads\/sites\/8\/2024\/05\/AVISO.pdf\">AVISO PARA APERTURA DE LICITACIONES 23 DE MAYO DE 2024<\/a><\/strong><\/li>\n<\/ul>\n\n\n\n<p><\/p>\n<\/div>\n<\/div>\n\n\n\n<div class=\"wp-block-columns is-layout-flex wp-container-core-columns-is-layout-28f84493 wp-block-columns-is-layout-flex\">\n<div class=\"wp-block-column is-layout-flow wp-block-column-is-layout-flow\" style=\"padding-top:var(--wp--preset--spacing--60);padding-right:var(--wp--preset--spacing--80);padding-bottom:var(--wp--preset--spacing--60);padding-left:var(--wp--preset--spacing--80);flex-basis:100%\">\n<p class=\"has-text-align-center has-white-color has-text-color has-background\" style=\"background-color:#7a1737;font-size:22px\"><strong><strong>INVITACI\u00d3N A CUANDO MENOS 3 PERSONAS<\/strong><\/strong><\/p>\n\n\n\n<ul class=\"wp-block-list\">\n<li><strong><a href=\"https:\/\/www.ssaver.gob.mx\/infraestructuradesalud\/wp-content\/uploads\/sites\/8\/2024\/10\/SESVER-DIS-FASSA-2024-013-ICTP.pdf\">SESVER-DIS-FASSA-2024-013-ICTP<\/a><\/strong><\/li>\n\n\n\n<li><\/li>\n<\/ul>\n<\/div>\n<\/div>\n\n\n\n<div class=\"wp-block-columns is-layout-flex wp-container-core-columns-is-layout-28f84493 wp-block-columns-is-layout-flex\">\n<div class=\"wp-block-column is-layout-flow wp-block-column-is-layout-flow\" style=\"padding-top:var(--wp--preset--spacing--60);padding-right:var(--wp--preset--spacing--80);padding-bottom:var(--wp--preset--spacing--60);padding-left:var(--wp--preset--spacing--80);flex-basis:100%\">\n<p class=\"has-text-align-center has-white-color has-text-color has-background\" style=\"background-color:#7a1737;font-size:22px\"><strong><strong><strong>ADJUDICACI\u00d3N DIRECTA<\/strong><\/strong><\/strong><\/p>\n\n\n\n<ul class=\"wp-block-list\">\n<li><strong><a href=\"https:\/\/www.ssaver.gob.mx\/infraestructuradesalud\/wp-content\/uploads\/sites\/8\/2024\/10\/SESVER-DIS-FISE-2024-012-AD-161024.pdf\">SESVER-DIS-FISE-2024-012-AD<\/a><\/strong><\/li>\n\n\n\n<li><\/li>\n<\/ul>\n<\/div>\n<\/div>\n\n\n\n<div class=\"wp-block-columns is-layout-flex wp-container-core-columns-is-layout-28f84493 wp-block-columns-is-layout-flex\">\n<div class=\"wp-block-column is-layout-flow wp-block-column-is-layout-flow\" style=\"padding-top:var(--wp--preset--spacing--60);padding-right:var(--wp--preset--spacing--80);padding-bottom:var(--wp--preset--spacing--60);padding-left:var(--wp--preset--spacing--80);flex-basis:100%\">\n<p class=\"has-text-align-center has-white-color has-text-color has-background\" style=\"background-color:#7a1737;font-size:22px\"><strong><strong><strong><strong>ADJUDICACI\u00d3N DIRECTA POR EXCEPCI\u00d3N DE LEY<\/strong><\/strong><\/strong><\/strong><\/p>\n\n\n\n<ul class=\"wp-block-list\">\n<li><a href=\"https:\/\/www.ssaver.gob.mx\/infraestructuradesalud\/wp-content\/uploads\/sites\/8\/2024\/05\/SESVER-DIS-2024-SE-2024-001-AD-EXC-ALVARADO.pdf\"><strong>SESVER-DIS-SE-2024-001-AD-EXC<\/strong><\/a><\/li>\n\n\n\n<li><strong><a href=\"https:\/\/www.ssaver.gob.mx\/infraestructuradesalud\/wp-content\/uploads\/sites\/8\/2024\/09\/SESVER-DIS-SWAP-BOCUCE-2024-006-AD-EXC.pdf\">SESVER-DIS-SWAP-BOCUCE-2024-006-AD-EXC<\/a><\/strong><\/li>\n\n\n\n<li><strong><a href=\"https:\/\/www.ssaver.gob.mx\/infraestructuradesalud\/wp-content\/uploads\/sites\/8\/2024\/10\/SESVER-DIS-FISE-2024-009-AD-EXC-161024.pdf\">SESVER-DIS-FISE-2024-009-AD-EXC<\/a><\/strong><\/li>\n\n\n\n<li><strong><a href=\"https:\/\/www.ssaver.gob.mx\/infraestructuradesalud\/wp-content\/uploads\/sites\/8\/2024\/09\/SESVER-DIS-FISE-2024-010-AD-EXC.pdf\">SESVER-DIS-FISE-2024-010-AD-EXC<\/a><\/strong><\/li>\n\n\n\n<li><strong><a href=\"https:\/\/www.ssaver.gob.mx\/infraestructuradesalud\/wp-content\/uploads\/sites\/8\/2024\/09\/SESVER-DIS-FISE-2024-011-AD-EXC.pdf\">SESVER-DIS-FISE-2024-011-AD-EXC<\/a><\/strong><\/li>\n<\/ul>\n<\/div>\n<\/div>\n<\/div>\n<\/div>\n<\/div>\n","protected":false},"excerpt":{"rendered":"<p>LICITACION P\u00daBLICA INVITACI\u00d3N A CUANDO MENOS 3 PERSONAS ADJUDICACI\u00d3N DIRECTA ADJUDICACI\u00d3N DIRECTA POR EXCEPCI\u00d3N DE LEY<\/p>\n","protected":false},"author":2,"featured_media":0,"parent":0,"menu_order":0,"comment_status":"closed","ping_status":"closed","template":"","meta":{"colormag_page_container_layout":"default_layout","colormag_page_sidebar_layout":"default_layout","footnotes":""},"class_list":["post-2551","page","type-page","status-publish","hentry"],"_links":{"self":[{"href":"https:\/\/www.ssaver.gob.mx\/infraestructuradesalud\/wp-json\/wp\/v2\/pages\/2551","targetHints":{"allow":["GET"]}}],"collection":[{"href":"https:\/\/www.ssaver.gob.mx\/infraestructuradesalud\/wp-json\/wp\/v2\/pages"}],"about":[{"href":"https:\/\/www.ssaver.gob.mx\/infraestructuradesalud\/wp-json\/wp\/v2\/types\/page"}],"author":[{"embeddable":true,"href":"https:\/\/www.ssaver.gob.mx\/infraestructuradesalud\/wp-json\/wp\/v2\/users\/2"}],"replies":[{"embeddable":true,"href":"https:\/\/www.ssaver.gob.mx\/infraestructuradesalud\/wp-json\/wp\/v2\/comments?post=2551"}],"version-history":[{"count":126,"href":"https:\/\/www.ssaver.gob.mx\/infraestructuradesalud\/wp-json\/wp\/v2\/pages\/2551\/revisions"}],"predecessor-version":[{"id":2991,"href":"https:\/\/www.ssaver.gob.mx\/infraestructuradesalud\/wp-json\/wp\/v2\/pages\/2551\/revisions\/2991"}],"wp:attachment":[{"href":"https:\/\/www.ssaver.gob.mx\/infraestructuradesalud\/wp-json\/wp\/v2\/media?parent=2551"}],"curies":[{"name":"wp","href":"https:\/\/api.w.org\/{rel}","templated":true}]}}