{"id":521,"date":"2024-07-15T14:37:21","date_gmt":"2024-07-15T19:37:21","guid":{"rendered":"https:\/\/www.ssaver.gob.mx\/organizacionymetodos\/?page_id=521"},"modified":"2025-12-04T09:56:46","modified_gmt":"2025-12-04T15:56:46","slug":"documentos-de-consulta","status":"publish","type":"page","link":"https:\/\/www.ssaver.gob.mx\/organizacionymetodos\/documentos-de-consulta\/","title":{"rendered":"Documentos de consulta"},"content":{"rendered":"\n<div class=\"wp-block-columns is-layout-flex wp-container-core-columns-is-layout-9c22b1e3 wp-block-columns-is-layout-flex\">\n<div class=\"wp-block-column is-layout-flow wp-block-column-is-layout-flow\" style=\"padding-right:0;padding-left:0;flex-basis:15%\"><\/div>\n\n\n\n<div class=\"wp-block-column is-vertically-aligned-stretch is-layout-constrained wp-container-core-column-is-layout-affacae6 wp-block-column-is-layout-constrained\" style=\"padding-right:0;padding-left:0;flex-basis:70%\">\n<div class=\"wp-block-cover wp-elements-d58eb558806a0d49682ded6011914d96 has-aspect-ratio\" style=\"margin-top:0;margin-bottom:0;padding-top:0;padding-right:0;padding-bottom:0;padding-left:0;aspect-ratio:auto;min-height:unset;\"><img decoding=\"async\" class=\"wp-block-cover__image-background wp-image-5220 size-full\" alt=\"\" src=\"https:\/\/www.ssaver.gob.mx\/tecnologias\/wp-content\/uploads\/sites\/14\/2025\/09\/textura_areas_TI-scaled.png\" style=\"object-position:15% 27%\" data-object-fit=\"cover\" data-object-position=\"15% 27%\"\/><span aria-hidden=\"true\" class=\"wp-block-cover__background has-background-dim-100 has-background-dim\" style=\"background-color:#720f37\"><\/span><div class=\"wp-block-cover__inner-container is-layout-constrained wp-container-core-cover-is-layout-72190d31 wp-block-cover-is-layout-constrained\">\n<p class=\"has-text-align-center\" style=\"font-size:28px\"><strong>Documentos de consulta<\/strong><\/p>\n<\/div><\/div>\n<\/div>\n\n\n\n<div class=\"wp-block-column is-layout-flow wp-block-column-is-layout-flow\" style=\"padding-right:0;padding-left:0;flex-basis:15%\"><\/div>\n<\/div>\n\n\n\n<div class=\"wp-block-columns is-layout-flex wp-container-core-columns-is-layout-b2864ded wp-block-columns-is-layout-flex\" style=\"margin-top:0;margin-bottom:0;padding-top:0;padding-bottom:0\">\n<div class=\"wp-block-column is-layout-flow wp-block-column-is-layout-flow\" style=\"flex-basis:15%\"><\/div>\n\n\n\n<div class=\"wp-block-column is-vertically-aligned-center has-background is-layout-flow wp-block-column-is-layout-flow\" style=\"background:linear-gradient(180deg,rgb(233,231,225) 57%,rgba(232,230,225,0) 100%);padding-top:var(--wp--preset--spacing--40);padding-right:var(--wp--preset--spacing--80);padding-bottom:var(--wp--preset--spacing--40);padding-left:var(--wp--preset--spacing--80);flex-basis:70%\">\n<ul class=\"wp-block-list has-medium-font-size\">\n<li><a rel=\"noreferrer noopener\" href=\"https:\/\/www.ssaver.gob.mx\/organizacionymetodos\/wp-content\/uploads\/sites\/25\/2022\/09\/Gac2019_116_Lineamientos_EO_y_Plantillas.pdf\" target=\"_blank\">Lineamientos para Elaborar, Modificar, Autorizar, Validar y Registrar Estructuras Org\u00e1nicas y Plantillas de Personal de las Dependencias y Entidades de la Administraci\u00f3n P\u00fablica Estatal<\/a><\/li>\n\n\n\n<li><a rel=\"noreferrer noopener\" href=\"https:\/\/www.ssaver.gob.mx\/organizacionymetodos\/wp-content\/uploads\/sites\/25\/2022\/09\/Gac2019_382_Lineamientos_EO_y_Plantillas_REFORMADO_TOMO_I_Ext.pdf\" target=\"_blank\">Acuerdo por el que se reforman diversos art\u00edculos de los lineamientos para&nbsp;Elaborar, Modificar, Autorizar, Validar y Registrar Estructuras Org\u00e1nicas y Plantillas de Personal de las Dependencias y Entidades de la Administraci\u00f3n P\u00fablica Estatal<\/a><\/li>\n\n\n\n<li><a href=\"https:\/\/www.ssaver.gob.mx\/organizacionymetodos\/wp-content\/uploads\/sites\/25\/2025\/02\/GUIA_PARA_LA_ELABORACION_DE_MANUALES_ADMINISTRATIVOS_2025.pdf\" target=\"_blank\" rel=\"noreferrer noopener\">Gu\u00eda para la elaboraci\u00f3n de Manuales Administrativos&nbsp;<\/a><\/li>\n\n\n\n<li><a href=\"https:\/\/www.ssaver.gob.mx\/organizacionymetodos\/wp-content\/uploads\/sites\/25\/2025\/03\/01-Formato-Descripcion-de-Puestos-2025.docx\" target=\"_blank\" rel=\"noreferrer noopener\">Formato Descripci\u00f3n de Puestos<\/a><\/li>\n\n\n\n<li><a href=\"https:\/\/www.ssaver.gob.mx\/organizacionymetodos\/wp-content\/uploads\/sites\/25\/2025\/07\/02-Formato-Descripcion-de-Procedimiento-2025.docx\" target=\"_blank\" rel=\"noreferrer noopener\">Formato Descripci\u00f3n de Procedimiento<\/a><\/li>\n\n\n\n<li><a href=\"https:\/\/www.ssaver.gob.mx\/organizacionymetodos\/wp-content\/uploads\/sites\/25\/2025\/03\/03_Plantilla_para_Diagramacion_2025_2.pptx\" target=\"_blank\" rel=\"noreferrer noopener\">Plantilla para Diagramaci\u00f3n<\/a><\/li>\n\n\n\n<li><a href=\"https:\/\/www.ssaver.gob.mx\/organizacionymetodos\/wp-content\/uploads\/sites\/25\/2025\/06\/04_Formato_Inf_Curricular_2025.docx\">Formato de Informaci\u00f3n Curricular<\/a><\/li>\n<\/ul>\n<\/div>\n\n\n\n<div class=\"wp-block-column is-layout-flow wp-block-column-is-layout-flow\" style=\"flex-basis:15%\"><\/div>\n<\/div>\n\n\n\n<p><\/p>\n","protected":false},"excerpt":{"rendered":"","protected":false},"author":3,"featured_media":0,"parent":0,"menu_order":0,"comment_status":"closed","ping_status":"closed","template":"","meta":{"colormag_page_container_layout":"default_layout","colormag_page_sidebar_layout":"default_layout","footnotes":""},"class_list":["post-521","page","type-page","status-publish","hentry"],"_links":{"self":[{"href":"https:\/\/www.ssaver.gob.mx\/organizacionymetodos\/wp-json\/wp\/v2\/pages\/521","targetHints":{"allow":["GET"]}}],"collection":[{"href":"https:\/\/www.ssaver.gob.mx\/organizacionymetodos\/wp-json\/wp\/v2\/pages"}],"about":[{"href":"https:\/\/www.ssaver.gob.mx\/organizacionymetodos\/wp-json\/wp\/v2\/types\/page"}],"author":[{"embeddable":true,"href":"https:\/\/www.ssaver.gob.mx\/organizacionymetodos\/wp-json\/wp\/v2\/users\/3"}],"replies":[{"embeddable":true,"href":"https:\/\/www.ssaver.gob.mx\/organizacionymetodos\/wp-json\/wp\/v2\/comments?post=521"}],"version-history":[{"count":33,"href":"https:\/\/www.ssaver.gob.mx\/organizacionymetodos\/wp-json\/wp\/v2\/pages\/521\/revisions"}],"predecessor-version":[{"id":958,"href":"https:\/\/www.ssaver.gob.mx\/organizacionymetodos\/wp-json\/wp\/v2\/pages\/521\/revisions\/958"}],"wp:attachment":[{"href":"https:\/\/www.ssaver.gob.mx\/organizacionymetodos\/wp-json\/wp\/v2\/media?parent=521"}],"curies":[{"name":"wp","href":"https:\/\/api.w.org\/{rel}","templated":true}]}}