{"id":701,"date":"2024-06-13T13:30:18","date_gmt":"2024-06-13T18:30:18","guid":{"rendered":"https:\/\/www.ssaver.gob.mx\/organizacionymetodos\/?page_id=701"},"modified":"2026-02-25T10:06:02","modified_gmt":"2026-02-25T16:06:02","slug":"estructura-organica-autorizada-de-los-servicios-de-salud-de-veracruz","status":"publish","type":"page","link":"https:\/\/www.ssaver.gob.mx\/organizacionymetodos\/estructura-organica-autorizada-de-los-servicios-de-salud-de-veracruz\/","title":{"rendered":"Estructura org\u00e1nica autorizada de los Servicios de Salud de Veracruz"},"content":{"rendered":"\n<div class=\"wp-block-group is-layout-constrained wp-container-core-group-is-layout-9517baca wp-block-group-is-layout-constrained\">\n<div class=\"wp-block-cover wp-elements-0e0b60b5bc1646778c60bc37a001d17a has-aspect-ratio\" style=\"margin-top:0;margin-bottom:0;padding-top:0;padding-right:0;padding-bottom:0;padding-left:0;aspect-ratio:auto;min-height:unset;\"><img decoding=\"async\" class=\"wp-block-cover__image-background wp-image-5220 size-full\" alt=\"\" src=\"https:\/\/www.ssaver.gob.mx\/tecnologias\/wp-content\/uploads\/sites\/14\/2025\/09\/textura_areas_TI-scaled.png\" style=\"object-position:15% 27%\" data-object-fit=\"cover\" data-object-position=\"15% 27%\"\/><span aria-hidden=\"true\" class=\"wp-block-cover__background has-background-dim-100 has-background-dim\" style=\"background-color:#720f37\"><\/span><div class=\"wp-block-cover__inner-container is-layout-constrained wp-container-core-cover-is-layout-72190d31 wp-block-cover-is-layout-constrained\">\n<p class=\"has-text-align-center\" style=\"font-size:28px\"><strong><strong>Estructura org\u00e1nica autorizada de los Servicios de Salud de Veracruz<\/strong><\/strong><\/p>\n<\/div><\/div>\n\n\n\n<div class=\"wp-block-cover\" style=\"margin-top:0;margin-bottom:0\"><span aria-hidden=\"true\" class=\"wp-block-cover__background has-background-dim-100 has-background-dim has-background-gradient\" style=\"background:linear-gradient(180deg,rgb(233,231,225) 0%,rgba(232,230,225,0) 99%)\"><\/span><div class=\"wp-block-cover__inner-container is-layout-constrained wp-container-core-cover-is-layout-ce377239 wp-block-cover-is-layout-constrained\">\n<h1 class=\"wp-block-heading has-text-align-center has-text-color\" style=\"color:#5b4c0d;font-style:normal;font-weight:500\">Para ver la estructura org\u00e1nica, hacer clic en el titulo deseado<\/h1>\n\n\n\n<hr class=\"wp-block-separator has-text-color has-alpha-channel-opacity has-background is-style-wide\" style=\"background-color:#d8bf31;color:#d8bf31\"\/>\n\n\n\n<ul style=\"color:#916904;background-color:#fff4e0;font-size:22px\" class=\"wp-block-list has-text-color has-background\">\n<li><strong><a href=\"https:\/\/www.ssaver.gob.mx\/organizacionymetodos\/wp-content\/uploads\/sites\/25\/2024\/06\/2_OF_EstructuraorgautorizadaSESVER.pdf\" target=\"_blank\" rel=\"noreferrer noopener\">Oficio de registro de la Estructura Org\u00e1nica de Servicios de Salud de Veracruz<\/a><\/strong><\/li>\n\n\n\n<li><strong><a href=\"https:\/\/www.ssaver.gob.mx\/organizacionymetodos\/wp-content\/uploads\/sites\/25\/2024\/06\/ESTRUCTURAS-AUTORIZADAS-2016-1.jpg\" target=\"_blank\" rel=\"noreferrer noopener\">Estructura Org\u00e1nica General<\/a><\/strong><\/li>\n\n\n\n<li><strong><a href=\"https:\/\/www.ssaver.gob.mx\/organizacionymetodos\/wp-content\/uploads\/sites\/25\/2024\/06\/ESTRUCTURAS-AUTORIZADAS-2016-3.jpg\" target=\"_blank\" rel=\"noreferrer noopener\">\u00c1rea de apoyo del Director General<\/a><\/strong><\/li>\n\n\n\n<li><strong><a href=\"https:\/\/www.ssaver.gob.mx\/organizacionymetodos\/wp-content\/uploads\/sites\/25\/2024\/06\/ESTRUCTURAS-AUTORIZADAS-2016-4.jpg\" target=\"_blank\" rel=\"noreferrer noopener\">Direcci\u00f3n de Salud P\u00fablica<\/a><\/strong><\/li>\n\n\n\n<li><strong><a href=\"https:\/\/www.ssaver.gob.mx\/organizacionymetodos\/wp-content\/uploads\/sites\/25\/2024\/06\/ESTRUCTURAS-AUTORIZADAS-2016-5.jpg\" target=\"_blank\" rel=\"noreferrer noopener\">Direcci\u00f3n de Atenci\u00f3n M\u00e9dica<\/a><\/strong><\/li>\n\n\n\n<li><strong><a href=\"https:\/\/www.ssaver.gob.mx\/organizacionymetodos\/wp-content\/uploads\/sites\/25\/2024\/06\/ESTRUCTURAS-AUTORIZADAS-2016-6.jpg\" target=\"_blank\" rel=\"noreferrer noopener\">Direcci\u00f3n de Protecci\u00f3n Contra Riesgos Sanitarios<\/a><\/strong><\/li>\n\n\n\n<li><strong><a href=\"https:\/\/www.ssaver.gob.mx\/organizacionymetodos\/wp-content\/uploads\/sites\/25\/2024\/06\/ESTRUCTURAS-AUTORIZADAS-2016-7.jpg\" target=\"_blank\" rel=\"noreferrer noopener\">Direcci\u00f3n de Planeaci\u00f3n y Desarrollo<\/a><\/strong><\/li>\n\n\n\n<li><strong><a href=\"https:\/\/www.ssaver.gob.mx\/organizacionymetodos\/wp-content\/uploads\/sites\/25\/2024\/06\/ESTRUCTURAS-AUTORIZADAS-2016-8.jpg\" target=\"_blank\" rel=\"noreferrer noopener\">Direcci\u00f3n de Infraestructura de Salud<\/a><\/strong><\/li>\n\n\n\n<li><strong><a href=\"https:\/\/www.ssaver.gob.mx\/organizacionymetodos\/wp-content\/uploads\/sites\/25\/2024\/06\/ESTRUCTURAS-AUTORIZADAS-2016-9.jpg\" target=\"_blank\" rel=\"noreferrer noopener\">Direcci\u00f3n Administrativa<\/a><\/strong><\/li>\n\n\n\n<li><strong><a href=\"https:\/\/www.ssaver.gob.mx\/organizacionymetodos\/wp-content\/uploads\/sites\/25\/2024\/06\/ESTRUCTURAS-AUTORIZADAS-2016-10.jpg\" target=\"_blank\" rel=\"noreferrer noopener\">Direcci\u00f3n Jur\u00eddica<\/a><\/strong><\/li>\n\n\n\n<li><strong><a href=\"https:\/\/www.ssaver.gob.mx\/organizacionymetodos\/wp-content\/uploads\/sites\/25\/2024\/06\/ESTRUCTURAS-AUTORIZADAS-2016-11.jpg\" target=\"_blank\" rel=\"noreferrer noopener\">Jurisdicciones Sanitarias<\/a><\/strong><\/li>\n\n\n\n<li><strong><a href=\"https:\/\/www.ssaver.gob.mx\/organizacionymetodos\/wp-content\/uploads\/sites\/25\/2024\/06\/ESTRUCTURAS-AUTORIZADAS-2016-12.jpg\" target=\"_blank\" rel=\"noreferrer noopener\">Laboratorio Estatal de Salud P\u00fablica<\/a><\/strong><\/li>\n\n\n\n<li><strong><a href=\"https:\/\/www.ssaver.gob.mx\/organizacionymetodos\/wp-content\/uploads\/sites\/25\/2024\/06\/ESTRUCTURAS-AUTORIZADAS-2016-13.jpg\" target=\"_blank\" rel=\"noreferrer noopener\">Centro Estatal de Transfusi\u00f3n Sangu\u00ednea<\/a><\/strong><\/li>\n\n\n\n<li><strong><a href=\"https:\/\/www.ssaver.gob.mx\/organizacionymetodos\/wp-content\/uploads\/sites\/25\/2024\/06\/ESTRUCTURAS-AUTORIZADAS-2016-14.jpg\" target=\"_blank\" rel=\"noreferrer noopener\">Centro Estatal de Cancerolog\u00eda<\/a><\/strong><\/li>\n\n\n\n<li><strong><a href=\"https:\/\/www.ssaver.gob.mx\/organizacionymetodos\/wp-content\/uploads\/sites\/25\/2024\/06\/ESTRUCTURAS-AUTORIZADAS-2016-15.jpg\" target=\"_blank\" rel=\"noreferrer noopener\">Instituto Veracruzano de Salud Mental<\/a><\/strong><\/li>\n\n\n\n<li><strong><a href=\"https:\/\/www.ssaver.gob.mx\/organizacionymetodos\/wp-content\/uploads\/sites\/25\/2024\/06\/ESTRUCTURAS-AUTORIZADAS-2016-16.jpg\" target=\"_blank\" rel=\"noreferrer noopener\">Centro de Atenci\u00f3n al Paciente con Diabetes<\/a><\/strong><\/li>\n\n\n\n<li><strong><a href=\"https:\/\/www.ssaver.gob.mx\/organizacionymetodos\/wp-content\/uploads\/sites\/25\/2024\/06\/ESTRUCTURAS-AUTORIZADAS-2016-17.jpg\" target=\"_blank\" rel=\"noreferrer noopener\">Centro de Medicina Geri\u00e1trica<\/a><\/strong><\/li>\n\n\n\n<li><strong><a href=\"https:\/\/www.ssaver.gob.mx\/organizacionymetodos\/wp-content\/uploads\/sites\/25\/2024\/06\/ESTRUCTURAS-AUTORIZADAS-2016-18.jpg\" target=\"_blank\" rel=\"noreferrer noopener\">Centro Estatal de Cuidados Paliativos<\/a><\/strong><\/li>\n\n\n\n<li><strong><a href=\"https:\/\/www.ssaver.gob.mx\/organizacionymetodos\/wp-content\/uploads\/sites\/25\/2024\/06\/ESTRUCTURAS-AUTORIZADAS-2016-19.jpg\" target=\"_blank\" rel=\"noreferrer noopener\">Administraci\u00f3n del Patrimonio de la Beneficencia P\u00fablica<\/a><\/strong><\/li>\n\n\n\n<li><strong><a href=\"https:\/\/www.ssaver.gob.mx\/organizacionymetodos\/wp-content\/uploads\/sites\/25\/2024\/06\/ESTRUCTURAS-AUTORIZADAS-2016-20.jpg\" target=\"_blank\" rel=\"noreferrer noopener\">Centro Estatal Contra las Adicciones \u00abC\u00daSPIDE\u00bb<\/a><\/strong><\/li>\n\n\n\n<li><strong><a href=\"https:\/\/www.ssaver.gob.mx\/organizacionymetodos\/wp-content\/uploads\/sites\/25\/2024\/06\/ESTRUCTURAS-AUTORIZADAS-2016-2.jpg\" target=\"_blank\" rel=\"noreferrer noopener\">Sello de Registro<\/a><\/strong><\/li>\n<\/ul>\n<\/div><\/div>\n<\/div>\n","protected":false},"excerpt":{"rendered":"","protected":false},"author":2,"featured_media":0,"parent":0,"menu_order":0,"comment_status":"closed","ping_status":"closed","template":"","meta":{"colormag_page_container_layout":"default_layout","colormag_page_sidebar_layout":"default_layout","footnotes":""},"class_list":["post-701","page","type-page","status-publish","hentry"],"_links":{"self":[{"href":"https:\/\/www.ssaver.gob.mx\/organizacionymetodos\/wp-json\/wp\/v2\/pages\/701","targetHints":{"allow":["GET"]}}],"collection":[{"href":"https:\/\/www.ssaver.gob.mx\/organizacionymetodos\/wp-json\/wp\/v2\/pages"}],"about":[{"href":"https:\/\/www.ssaver.gob.mx\/organizacionymetodos\/wp-json\/wp\/v2\/types\/page"}],"author":[{"embeddable":true,"href":"https:\/\/www.ssaver.gob.mx\/organizacionymetodos\/wp-json\/wp\/v2\/users\/2"}],"replies":[{"embeddable":true,"href":"https:\/\/www.ssaver.gob.mx\/organizacionymetodos\/wp-json\/wp\/v2\/comments?post=701"}],"version-history":[{"count":11,"href":"https:\/\/www.ssaver.gob.mx\/organizacionymetodos\/wp-json\/wp\/v2\/pages\/701\/revisions"}],"predecessor-version":[{"id":1063,"href":"https:\/\/www.ssaver.gob.mx\/organizacionymetodos\/wp-json\/wp\/v2\/pages\/701\/revisions\/1063"}],"wp:attachment":[{"href":"https:\/\/www.ssaver.gob.mx\/organizacionymetodos\/wp-json\/wp\/v2\/media?parent=701"}],"curies":[{"name":"wp","href":"https:\/\/api.w.org\/{rel}","templated":true}]}}