{"id":734,"date":"2024-06-25T12:36:05","date_gmt":"2024-06-25T17:36:05","guid":{"rendered":"https:\/\/www.ssaver.gob.mx\/organizacionymetodos\/?page_id=734"},"modified":"2025-12-04T10:00:07","modified_gmt":"2025-12-04T16:00:07","slug":"guia-de-induccion-a-la-secretaria-de-salud-y-servicios-de-salud-de-veracruz","status":"publish","type":"page","link":"https:\/\/www.ssaver.gob.mx\/organizacionymetodos\/guia-de-induccion-a-la-secretaria-de-salud-y-servicios-de-salud-de-veracruz\/","title":{"rendered":"Gu\u00eda de Inducci\u00f3n a la Secretar\u00eda de Salud y Servicios de Salud de Veracruz"},"content":{"rendered":"\n<div class=\"wp-block-columns is-layout-flex wp-container-core-columns-is-layout-9c22b1e3 wp-block-columns-is-layout-flex\">\n<div class=\"wp-block-column is-layout-flow wp-block-column-is-layout-flow\" style=\"padding-right:0;padding-left:0;flex-basis:15%\"><\/div>\n\n\n\n<div class=\"wp-block-column is-vertically-aligned-stretch is-layout-constrained wp-container-core-column-is-layout-affacae6 wp-block-column-is-layout-constrained\" style=\"padding-right:0;padding-left:0;flex-basis:70%\">\n<div class=\"wp-block-cover wp-elements-316cbdc90388963cae561e926bffa4e0 has-aspect-ratio\" style=\"margin-top:0;margin-bottom:0;padding-top:0;padding-right:0;padding-bottom:0;padding-left:0;aspect-ratio:auto;min-height:unset;\"><img decoding=\"async\" class=\"wp-block-cover__image-background wp-image-5220 size-full\" alt=\"\" src=\"https:\/\/www.ssaver.gob.mx\/tecnologias\/wp-content\/uploads\/sites\/14\/2025\/09\/textura_areas_TI-scaled.png\" style=\"object-position:15% 27%\" data-object-fit=\"cover\" data-object-position=\"15% 27%\"\/><span aria-hidden=\"true\" class=\"wp-block-cover__background has-background-dim-100 has-background-dim\" style=\"background-color:#720f37\"><\/span><div class=\"wp-block-cover__inner-container is-layout-constrained wp-container-core-cover-is-layout-72190d31 wp-block-cover-is-layout-constrained\">\n<p class=\"has-text-align-center\" style=\"font-size:28px\"><strong>Gu\u00eda de Inducci\u00f3n a la Secretar\u00eda de Salud y Servicios de Salud de Veracruz<\/strong><\/p>\n<\/div><\/div>\n<\/div>\n\n\n\n<div class=\"wp-block-column is-layout-flow wp-block-column-is-layout-flow\" style=\"padding-right:0;padding-left:0;flex-basis:15%\"><\/div>\n<\/div>\n\n\n\n<div class=\"wp-block-columns is-layout-flex wp-container-core-columns-is-layout-b2864ded wp-block-columns-is-layout-flex\" style=\"margin-top:0;margin-bottom:0;padding-top:0;padding-bottom:0\">\n<div class=\"wp-block-column is-layout-flow wp-block-column-is-layout-flow\" style=\"flex-basis:15%\"><\/div>\n\n\n\n<div class=\"wp-block-column is-vertically-aligned-center has-background is-layout-flow wp-block-column-is-layout-flow\" style=\"background:linear-gradient(180deg,rgb(233,231,225) 57%,rgba(232,230,225,0) 100%);padding-top:var(--wp--preset--spacing--40);padding-right:var(--wp--preset--spacing--80);padding-bottom:var(--wp--preset--spacing--40);padding-left:var(--wp--preset--spacing--80);flex-basis:70%\">\n<p><embed src=\"https:\/\/www.ssaver.gob.mx\/organizacionymetodos\/wp-content\/uploads\/sites\/25\/2024\/06\/FINAL_GUIA_INDUCCION_K.pdf\" type=\"application\/pdf\" width=\"100%\" height=\"1000px&quot;\"><\/p>\n\n\n\n<hr class=\"wp-block-separator aligncenter has-text-color has-alpha-channel-opacity has-background is-style-wide\" style=\"background-color:#d8bf31;color:#d8bf31\"\/>\n\n\n\n<div class=\"wp-block-group is-layout-constrained wp-block-group-is-layout-constrained\">\n<p><strong>Responsable del contenido<\/strong><\/p>\n\n\n\n<p>Jefe de Departamento de Organizaci\u00f3n y M\u00e9todos<\/p>\n\n\n\n<p>Tel. (228) 842 3000 Ext. 3380<\/p>\n\n\n\n<p><strong style=\"font-size: 14px; white-space-collapse: collapse; font-family: inherit; box-sizing: border-box; border: 0px; font-style: inherit; margin: 0px; outline: 0px; padding: 0px; vertical-align: baseline;\">\u00daltima actualizaci\u00f3n:<\/strong><span style=\"font-size: 14px; white-space-collapse: collapse;\">\u00a0mayo 2024<\/span><div><span style=\"font-size: 14px; white-space-collapse: collapse;\"><\/span><\/div><\/p>\n\n\n\n<hr class=\"wp-block-separator has-text-color has-alpha-channel-opacity has-background is-style-wide\" style=\"background-color:#d8bf31;color:#d8bf31\"\/>\n<\/div>\n<\/div>\n\n\n\n<div class=\"wp-block-column is-layout-flow wp-block-column-is-layout-flow\" style=\"flex-basis:15%\"><\/div>\n<\/div>\n","protected":false},"excerpt":{"rendered":"<p>Responsable del contenido Jefe de Departamento de Organizaci\u00f3n y M\u00e9todos Tel. (228) 842 3000 Ext. 3380 \u00daltima actualizaci\u00f3n:\u00a0mayo 2024<\/p>\n","protected":false},"author":4,"featured_media":0,"parent":0,"menu_order":0,"comment_status":"closed","ping_status":"closed","template":"","meta":{"colormag_page_container_layout":"default_layout","colormag_page_sidebar_layout":"default_layout","footnotes":""},"class_list":["post-734","page","type-page","status-publish","hentry"],"_links":{"self":[{"href":"https:\/\/www.ssaver.gob.mx\/organizacionymetodos\/wp-json\/wp\/v2\/pages\/734","targetHints":{"allow":["GET"]}}],"collection":[{"href":"https:\/\/www.ssaver.gob.mx\/organizacionymetodos\/wp-json\/wp\/v2\/pages"}],"about":[{"href":"https:\/\/www.ssaver.gob.mx\/organizacionymetodos\/wp-json\/wp\/v2\/types\/page"}],"author":[{"embeddable":true,"href":"https:\/\/www.ssaver.gob.mx\/organizacionymetodos\/wp-json\/wp\/v2\/users\/4"}],"replies":[{"embeddable":true,"href":"https:\/\/www.ssaver.gob.mx\/organizacionymetodos\/wp-json\/wp\/v2\/comments?post=734"}],"version-history":[{"count":8,"href":"https:\/\/www.ssaver.gob.mx\/organizacionymetodos\/wp-json\/wp\/v2\/pages\/734\/revisions"}],"predecessor-version":[{"id":961,"href":"https:\/\/www.ssaver.gob.mx\/organizacionymetodos\/wp-json\/wp\/v2\/pages\/734\/revisions\/961"}],"wp:attachment":[{"href":"https:\/\/www.ssaver.gob.mx\/organizacionymetodos\/wp-json\/wp\/v2\/media?parent=734"}],"curies":[{"name":"wp","href":"https:\/\/api.w.org\/{rel}","templated":true}]}}