{"id":516,"date":"2022-07-07T14:12:16","date_gmt":"2022-07-07T19:12:16","guid":{"rendered":"https:\/\/www.ssaver.gob.mx\/pae\/?page_id=516"},"modified":"2026-03-27T11:41:05","modified_gmt":"2026-03-27T17:41:05","slug":"programa-anual-de-evaluacion-pae-2022","status":"publish","type":"page","link":"https:\/\/www.ssaver.gob.mx\/pae\/programa-anual-de-evaluacion-pae-2022\/","title":{"rendered":"Programa Anual de Evaluaci\u00f3n PAE 2022"},"content":{"rendered":"\n<div class=\"wp-block-group is-layout-constrained wp-container-core-group-is-layout-9517baca wp-block-group-is-layout-constrained\">\n<div class=\"wp-block-columns is-layout-flex wp-container-core-columns-is-layout-28f84493 wp-block-columns-is-layout-flex\">\n<div class=\"wp-block-column is-layout-flow wp-block-column-is-layout-flow\" style=\"flex-basis:100%\">\n<hr class=\"wp-block-separator has-text-color has-alpha-channel-opacity has-background is-style-wide\" style=\"background-color:#d8bf31;color:#d8bf31\" \/>\n\n\n\n<p class=\"has-text-align-center has-text-color has-background has-large-font-size\" style=\"color:#7a1737;background-color:#dac195\"><strong>Programa Anual de Evaluaci\u00f3n 2022<\/strong><\/p>\n\n\n\n<ul class=\"wp-block-list has-medium-font-size\">\n<li><strong><a href=\"https:\/\/www.ssaver.gob.mx\/pae\/wp-content\/uploads\/sites\/18\/2022\/07\/1PAE_2022.pdf\" target=\"_blank\" rel=\"noreferrer noopener\">Programa Anual de Evaluaci\u00f3n 2022<\/a><\/strong><\/li>\n\n\n\n<li><strong><a href=\"https:\/\/www.ssaver.gob.mx\/pae\/wp-content\/uploads\/sites\/18\/2022\/07\/NOMBRAMIENTO-ENLACE-EIE-PAE-2022.pdf\" target=\"_blank\" rel=\"noreferrer noopener\">Designaci\u00f3n del Enlace Institucional de la Evaluaci\u00f3n (EIE) PAE 2022<\/a><\/strong><\/li>\n<\/ul>\n\n\n\n<p class=\"has-text-align-center has-white-color has-text-color has-background has-medium-font-size\" style=\"background-color:#7a1737\"><strong>TOMO I Programas Presupuestarios Informes de Evaluaci\u00f3n de Consistencia y Resultados del Programa Presupuestario<\/strong><\/p>\n\n\n\n<ul class=\"wp-block-list has-medium-font-size\">\n<li><a rel=\"noreferrer noopener\" href=\"https:\/\/www.ssaver.gob.mx\/pae\/wp-content\/uploads\/sites\/18\/2022\/07\/Informe_de_Evaluacion_PP_070_PAE-2022_Firmado.pdf\" target=\"_blank\">INFORME DE EVALUACI\u00d3N DE CONSISTENCIA Y RESULTADOS DEL PROGRAMA PRESUPUESTARIO 070. PREVENCI\u00d3N Y ATENCI\u00d3N DE EMERGENCIAS RADIOL\u00d3GICAS, SANITARIAS Y BROTES EN EL ESTADO DE VERACRUZ<\/a><\/li>\n<\/ul>\n\n\n\n<p class=\"has-text-align-center has-white-color has-text-color has-background has-medium-font-size\" style=\"background-color:#7a1737\"><strong>FICHA DE DESEMPE\u00d1O FASSA<\/strong><\/p>\n\n\n\n<ul class=\"wp-block-list has-medium-font-size\">\n<li><a href=\"https:\/\/www.ssaver.gob.mx\/pae\/wp-content\/uploads\/sites\/18\/2023\/02\/Veracruz_FARE_2022.pdf\" target=\"_blank\" rel=\"noreferrer noopener\">FORMATO DE ASPECTOS RELEVANTES DE LA EVALUACI\u00d3N (FARE)<\/a><\/li>\n\n\n\n<li><a href=\"https:\/\/www.ssaver.gob.mx\/pae\/wp-content\/uploads\/sites\/18\/2023\/02\/Veracruz_Ficha_de_Desempeno_2022.pdf\" target=\"_blank\" rel=\"noreferrer noopener\">FICHA DE DESEMPE\u00d1O DEL FONDO DE APORTACIONES PARA LOS SERVICIOS DE SALUD (FASSA) 2021-2022<\/a><\/li>\n\n\n\n<li><a href=\"https:\/\/www.ssaver.gob.mx\/pae\/wp-content\/uploads\/sites\/18\/2023\/02\/Veracruz_PI_2022.pdf\" target=\"_blank\" rel=\"noreferrer noopener\">FICHA DE DESEMPE\u00d1O DEL FONDO DE APORTACIONES PARA LOS SERVICIOS DE SALUD (FASSA) 2021-2022. POSICI\u00d3N INSTITUCIONAL<\/a><\/li>\n<\/ul>\n\n\n\n<p class=\"has-text-align-center has-white-color has-text-color has-background has-medium-font-size\" style=\"background-color:#7a1737\"><strong>TOMO II Evaluaci\u00f3n de Fondos Federales del Ramo General 33 al Ejercicio Fiscal 2021. D\u00e9cimo Aniversario de la Evaluaci\u00f3n de Fondos Federales<\/strong><\/p>\n\n\n\n<div style=\"height:12px\" aria-hidden=\"true\" class=\"wp-block-spacer\"><\/div>\n\n\n\n<ul style=\"background-color:#fff4e0\" class=\"wp-block-list has-background has-medium-font-size\">\n<li><strong>FONDO DE APORTACIONES PARA LOS SERVICIOS DE SALUD (FASSA)<\/strong>\n<ul class=\"wp-block-list\">\n<li><a href=\"https:\/\/www.ssaver.gob.mx\/pae\/wp-content\/uploads\/sites\/18\/2022\/07\/2TdR_FASSA_2022.pdf\" target=\"_blank\" rel=\"noreferrer noopener\">TERMINOS DE REFERENCIA (TdR FASSA) PARA LA EVALUACI\u00d3N ESPEC\u00cdFICA DE DESEMPE\u00d1O<\/a><\/li>\n\n\n\n<li><a rel=\"noreferrer noopener\" href=\"https:\/\/www.ssaver.gob.mx\/pae\/wp-content\/uploads\/sites\/18\/2022\/08\/INFORME-EJECUTIVO-FASSA-PAE-2022.pdf\" target=\"_blank\">Informe Ejecutivo: Evaluaci\u00f3n de Desempe\u00f1o del Fondo de Aportaciones para los Servicios de Salud (FASSA). Tomo II: Evaluaci\u00f3n de Fondos Federales del Ramo General 33 al Ejercicio Fiscal 2021<\/a><\/li>\n\n\n\n<li><a rel=\"noreferrer noopener\" href=\"https:\/\/www.ssaver.gob.mx\/pae\/wp-content\/uploads\/sites\/18\/2022\/08\/INFORME-FINAL-FASSA-PAE-2022_opt.pdf\" target=\"_blank\">Informe Final: Evaluaci\u00f3n de Desempe\u00f1o del Fondo de Aportaciones para los Servicios de Salud (FASSA).  Tomo II: Evaluaci\u00f3n de Fondos Federales del Ramo General 33 al Ejercicio Fiscal 2021<\/a><\/li>\n\n\n\n<li><a rel=\"noreferrer noopener\" href=\"https:\/\/www.ssaver.gob.mx\/pae\/wp-content\/uploads\/sites\/18\/2022\/10\/OFICIO_NUM_SESVER_DA_DAGA_1653_2022.pdf\" target=\"_blank\">Oficio No. SESVER\/DA\/DAGA\/1653\/2022<\/a><\/li>\n\n\n\n<li><a rel=\"noreferrer noopener\" href=\"https:\/\/www.ssaver.gob.mx\/pae\/wp-content\/uploads\/sites\/18\/2022\/10\/PROYECTO_DE_MEJORA_PAE_2022_EJERICICIO_FISCAL_2021_FASSA.pdf\" target=\"_blank\">Proyecto de Mejora PAE 2022 Ejercicio Fiscal 2021 FASSA<\/a><\/li>\n\n\n\n<li><a rel=\"noreferrer noopener\" href=\"https:\/\/www.ssaver.gob.mx\/pae\/wp-content\/uploads\/sites\/18\/2022\/10\/Anexo_I_PROYECTO_DE_MEJORA_PAE_2022.pdf\" target=\"_blank\">Anexo I Proyecto de Mejora PAE 2022<\/a><\/li>\n\n\n\n<li><a rel=\"noreferrer noopener\" href=\"https:\/\/www.ssaver.gob.mx\/pae\/wp-content\/uploads\/sites\/18\/2022\/10\/ANEXO_II_PROYECTO_DE_MEJORA_PAE_2022.pdf\" target=\"_blank\">Anexo II Proyecto de Mejora PAE 2022<\/a><\/li>\n\n\n\n<li><a rel=\"noreferrer noopener\" href=\"https:\/\/www.ssaver.gob.mx\/pae\/wp-content\/uploads\/sites\/18\/2022\/10\/ANEXO_III_PROYECTO_DE_MEJORA_PAE_2022.pdf\" target=\"_blank\">Anexo III Proyecto de Mejora PAE 2022<\/a><\/li>\n\n\n\n<li><a rel=\"noreferrer noopener\" href=\"https:\/\/www.ssaver.gob.mx\/pae\/wp-content\/uploads\/sites\/18\/2022\/11\/POS-INST-FASSA-2022.pdf\" target=\"_blank\">Posici\u00f3n Institucional del FASSA PAE 2022<\/a><\/li>\n\n\n\n<li><a rel=\"noreferrer noopener\" href=\"https:\/\/www.ssaver.gob.mx\/pae\/wp-content\/uploads\/sites\/18\/2023\/02\/FASSA_OFICIO_169_ANEXO_IV_PAE_2022.pdf\" target=\"_blank\">Oficio No SESVER\/DA\/DAGA\/0169\/2023<\/a><\/li>\n\n\n\n<li><a rel=\"noreferrer noopener\" href=\"https:\/\/www.ssaver.gob.mx\/pae\/wp-content\/uploads\/sites\/18\/2023\/02\/FASSA_FORMATO_ANEXO_IV_PAE_2022.pdf\" target=\"_blank\">Anexo IV Sistema de Seguimiento de Proyectos de Mejora para el Bienestar (SSPMB)<\/a><\/li>\n\n\n\n<li><a href=\"https:\/\/www.ssaver.gob.mx\/pae\/wp-content\/uploads\/sites\/18\/2023\/02\/OFICIO_SFU_PAE_2022.pdf\" target=\"_blank\" rel=\"noreferrer noopener\">Oficio de Publicaci\u00f3n de Informes del PAE 2022 en el Sistema de Formato \u00danico<\/a><\/li>\n<\/ul>\n<\/li>\n\n\n\n<li><strong><a href=\"https:\/\/www.ssaver.gob.mx\/pae\/programa-anual-de-evaluacion-pae-2022\/sesver-fassa-2022-presentacion-video\/\" target=\"_blank\" rel=\"noreferrer noopener\">SESVER FASSA &#8211; PRESENTACI\u00d3N VIDEO<\/a><\/strong><\/li>\n<\/ul>\n\n\n\n<p><\/p>\n\n\n\n<ul style=\"background-color:#fff4e0\" class=\"wp-block-list has-background has-medium-font-size\">\n<li><strong>FONDO DE INFRAESTRUCTURA SOCIAL DE ENTIDADES (FISE)<\/strong><ul><li><a rel=\"noreferrer noopener\" href=\"https:\/\/www.ssaver.gob.mx\/pae\/wp-content\/uploads\/sites\/18\/2022\/07\/3TDR_FISE_2022.pdf\" target=\"_blank\">TERMINOS DE REFERENCIA (TdR FISE) PARA LA EVALUACI\u00d3N ESPEC\u00cdFICA DE DESEMPE\u00d1O<\/a><\/li><li><a rel=\"noreferrer noopener\" href=\"https:\/\/www.ssaver.gob.mx\/pae\/wp-content\/uploads\/sites\/18\/2022\/08\/INFORME_FINAL_FISE_PAE_2022_opt.pdf\" target=\"_blank\">Informe Final: Evaluaci\u00f3n Espec\u00edfica de Desempe\u00f1o.  Fondo de Infraestructura Social para las Entidades. FISE 2022<\/a><\/li><li><a rel=\"noreferrer noopener\" href=\"https:\/\/www.ssaver.gob.mx\/pae\/wp-content\/uploads\/sites\/18\/2022\/10\/OFICIO_FISE_PAE_2022.pdf\" target=\"_blank\">Oficio No. SESVER\/DA\/DAGA\/1692\/2022<\/a><\/li><\/ul>\n<ul class=\"wp-block-list\">\n<li><a rel=\"noreferrer noopener\" href=\"https:\/\/www.ssaver.gob.mx\/pae\/wp-content\/uploads\/sites\/18\/2022\/10\/PROYECTO_DE_MEJORA_PAE_FISE_2022_PM.pdf\" target=\"_blank\">Proyecto de Mejora PAE 2022 Ejercicio Fiscal 2021 FISE<\/a><\/li>\n\n\n\n<li><a rel=\"noreferrer noopener\" href=\"https:\/\/www.ssaver.gob.mx\/pae\/wp-content\/uploads\/sites\/18\/2022\/10\/SSPMB_ANEXO_I_PAE_FISE_2022_PM.pdf\" target=\"_blank\">Anexo I Proyecto de Mejora PAE 2022 FISE<\/a><\/li>\n\n\n\n<li><a rel=\"noreferrer noopener\" href=\"https:\/\/www.ssaver.gob.mx\/pae\/wp-content\/uploads\/sites\/18\/2022\/10\/SSPMB_ANEXO_II_PAE_FISE_2022_PM.pdf\" target=\"_blank\">Anexo II Proyecto de Mejora PAE 2022 FISE<\/a><\/li>\n\n\n\n<li><a rel=\"noreferrer noopener\" href=\"https:\/\/www.ssaver.gob.mx\/pae\/wp-content\/uploads\/sites\/18\/2022\/10\/SSPMB_ANEXO_III_PAE_FISE_2022_PM.pdf\" target=\"_blank\">Anexo III Proyecto de Mejora PAE 2022 FISE<\/a><\/li>\n\n\n\n<li><a rel=\"noreferrer noopener\" href=\"https:\/\/www.ssaver.gob.mx\/pae\/wp-content\/uploads\/sites\/18\/2022\/11\/FISE-POS-INT-2022.pdf\" target=\"_blank\">Posici\u00f3n Institucional del FISE PAE 2022<\/a><\/li>\n\n\n\n<li><a href=\"https:\/\/www.ssaver.gob.mx\/pae\/wp-content\/uploads\/sites\/18\/2023\/02\/OFICIO_169_FISE_ANEXO_IV_PAE_2022.pdf\" target=\"_blank\" rel=\"noreferrer noopener\">Oficio No SESVER\/DA\/DAGA\/0169\/2023<\/a><\/li>\n\n\n\n<li><a href=\"https:\/\/www.ssaver.gob.mx\/pae\/wp-content\/uploads\/sites\/18\/2023\/02\/FISE_FORMATO_ANEXO_IV_PAE_2022.pdf\" target=\"_blank\" rel=\"noreferrer noopener\">Anexo IV Sistema de Seguimiento de Proyectos de Mejora para el Bienestar (SSPMB)<\/a><\/li>\n\n\n\n<li><a href=\"http:\/\/www.veracruz.gob.mx\/desarrollosocial\/wp-content\/uploads\/sites\/12\/2022\/11\/Proyecto-de-Mejora-en-la-Coordinaci%C3%B3n-del-SUPLADEB-FISE.pdf\" target=\"_blank\" rel=\"noreferrer noopener\">Evaluaci\u00f3n sobre el manejo del FISE para el combate a la Pobreza en el Estado de Veracruz en el periodo 2019 &#8211; 2022<\/a><\/li>\n<\/ul>\n<\/li>\n\n\n\n<li><strong><a href=\"https:\/\/www.ssaver.gob.mx\/pae\/programa-anual-de-evaluacion-pae-2022\/sesver-fise-2022-presentacion-video\/\" target=\"_blank\" rel=\"noreferrer noopener\">SESVER FISE &#8211; PRESENTACI\u00d3N VIDEO<\/a><\/strong><\/li>\n<\/ul>\n\n\n\n<ul class=\"wp-block-list has-medium-font-size\">\n<li><a href=\"https:\/\/www.ssaver.gob.mx\/pae\/wp-content\/uploads\/sites\/18\/2022\/08\/Mecanismo_PM_2022.pdf\" target=\"_blank\" rel=\"noreferrer noopener\">Mecanismo para la Elaboraci\u00f3n y Seguimiento de aspectos susceptibles de mejora del programa anual de evaluaci\u00f3n (PAE) 2022. Tomo II: Evaluaci\u00f3n de Fondos Federales del Ramo General 33<\/a><\/li>\n<\/ul>\n<\/div>\n<\/div>\n<\/div>\n","protected":false},"excerpt":{"rendered":"<p>Programa Anual de Evaluaci\u00f3n 2022 TOMO I Programas Presupuestarios Informes de Evaluaci\u00f3n de Consistencia y Resultados del Programa Presupuestario FICHA<\/p>\n","protected":false},"author":3,"featured_media":0,"parent":0,"menu_order":0,"comment_status":"closed","ping_status":"closed","template":"","meta":{"colormag_page_container_layout":"default_layout","colormag_page_sidebar_layout":"default_layout","footnotes":""},"class_list":["post-516","page","type-page","status-publish","hentry"],"_links":{"self":[{"href":"https:\/\/www.ssaver.gob.mx\/pae\/wp-json\/wp\/v2\/pages\/516","targetHints":{"allow":["GET"]}}],"collection":[{"href":"https:\/\/www.ssaver.gob.mx\/pae\/wp-json\/wp\/v2\/pages"}],"about":[{"href":"https:\/\/www.ssaver.gob.mx\/pae\/wp-json\/wp\/v2\/types\/page"}],"author":[{"embeddable":true,"href":"https:\/\/www.ssaver.gob.mx\/pae\/wp-json\/wp\/v2\/users\/3"}],"replies":[{"embeddable":true,"href":"https:\/\/www.ssaver.gob.mx\/pae\/wp-json\/wp\/v2\/comments?post=516"}],"version-history":[{"count":74,"href":"https:\/\/www.ssaver.gob.mx\/pae\/wp-json\/wp\/v2\/pages\/516\/revisions"}],"predecessor-version":[{"id":1672,"href":"https:\/\/www.ssaver.gob.mx\/pae\/wp-json\/wp\/v2\/pages\/516\/revisions\/1672"}],"wp:attachment":[{"href":"https:\/\/www.ssaver.gob.mx\/pae\/wp-json\/wp\/v2\/media?parent=516"}],"curies":[{"name":"wp","href":"https:\/\/api.w.org\/{rel}","templated":true}]}}