{"id":557,"date":"2022-07-14T19:06:00","date_gmt":"2022-07-15T00:06:00","guid":{"rendered":"https:\/\/www.ssaver.gob.mx\/pae\/?page_id=557"},"modified":"2026-03-27T11:40:08","modified_gmt":"2026-03-27T17:40:08","slug":"programa-anual-de-evaluacion-pae-2021","status":"publish","type":"page","link":"https:\/\/www.ssaver.gob.mx\/pae\/programa-anual-de-evaluacion-pae-2021\/","title":{"rendered":"Programa Anual de Evaluaci\u00f3n PAE 2021"},"content":{"rendered":"\n<div class=\"wp-block-group is-layout-constrained wp-container-core-group-is-layout-9517baca wp-block-group-is-layout-constrained\">\n<div class=\"wp-block-columns is-layout-flex wp-container-core-columns-is-layout-28f84493 wp-block-columns-is-layout-flex\">\n<div class=\"wp-block-column is-layout-flow wp-block-column-is-layout-flow\" style=\"flex-basis:100%\">\n<hr class=\"wp-block-separator has-text-color has-alpha-channel-opacity has-background is-style-wide\" style=\"background-color:#d8bf31;color:#d8bf31\" \/>\n\n\n\n<p class=\"has-text-align-center has-text-color has-background has-large-font-size\" style=\"color:#7a1737;background-color:#dac195\"><strong>Programa Anual de Evaluaci\u00f3n 2021<\/strong><\/p>\n\n\n\n<ul class=\"wp-block-list has-medium-font-size\">\n<li><strong><a href=\"https:\/\/www.ssaver.gob.mx\/pae\/wp-content\/uploads\/sites\/18\/2022\/07\/PAE_2021_TOMO_I.pdf\" target=\"_blank\" rel=\"noreferrer noopener\">Programa Anual de Evaluaci\u00f3n 2021 TOMO I<\/a><\/strong><\/li>\n\n\n\n<li><strong><a href=\"https:\/\/www.ssaver.gob.mx\/pae\/wp-content\/uploads\/sites\/18\/2022\/07\/PRIMER_DOCTO_OFICIO_SESVER_DESIGNACION_ENLACE_PAE_2021.pdf\" target=\"_blank\" rel=\"noreferrer noopener\">Designaci\u00f3n del Enlace Institucional de la Evaluaci\u00f3n (EIE) PAE 2021<\/a><\/strong><\/li>\n<\/ul>\n\n\n\n<p class=\"has-text-align-center has-white-color has-text-color has-background has-medium-font-size\" style=\"background-color:#7a1737\"><strong>Programas Presupuestarios Informes de Evaluaci\u00f3n de Consistencia y Resultados del Programa Presupuestario<\/strong><\/p>\n\n\n\n<p class=\"has-text-align-center has-white-color has-text-color has-background has-medium-font-size\" style=\"background-color:#7a1737\"><strong>Evaluaci\u00f3n de Fondos Federales del Ramo General 33 al Ejercicio Fiscal 2020. D\u00e9cimo Aniversario de la Evaluaci\u00f3n de Fondos Federales<\/strong><\/p>\n\n\n\n<ul class=\"wp-block-list has-medium-font-size\">\n<li><strong>FONDO DE APORTACIONES PARA LOS SERVICIOS DE SALUD (FASSA)<\/strong>\n<ul class=\"wp-block-list\">\n<li><strong> <\/strong><a rel=\"noreferrer noopener\" href=\"https:\/\/www.ssaver.gob.mx\/pae\/wp-content\/uploads\/sites\/18\/2022\/07\/PAE_2021_TOMO_II.pdf\" target=\"_blank\">Programa Anual de Evaluaci\u00f3n 2021 TOMO II<\/a><\/li>\n\n\n\n<li><a rel=\"noreferrer noopener\" href=\"https:\/\/www.ssaver.gob.mx\/pae\/wp-content\/uploads\/sites\/18\/2022\/07\/TDR_FASSA_2021_TOMO_II.pdf\" target=\"_blank\">TERMINOS DE REFERENCIA (TdR FASSA) PARA LA EVALUACI\u00d3N ESPEC\u00cdFICA DE DESEMPE\u00d1O<\/a><\/li>\n\n\n\n<li><a rel=\"noreferrer noopener\" href=\"https:\/\/www.ssaver.gob.mx\/pae\/wp-content\/uploads\/sites\/18\/2022\/07\/INFORME_EJECUTIVO_FASSA_27082021.pdf\" target=\"_blank\">Informe Ejecutivo: Evaluaci\u00f3n de Desempe\u00f1o del Fondo de Aportaciones para los Servicios de Salud (FASSA). Tomo II: Evaluaci\u00f3n de Fondos Federales del Ramo General 33 al Ejercicio Fiscal 2020, a\u00f1o de mayor impacto por la contigencia del Sars-Cov-2<\/a><\/li>\n\n\n\n<li><a rel=\"noreferrer noopener\" href=\"https:\/\/www.ssaver.gob.mx\/pae\/wp-content\/uploads\/sites\/18\/2022\/07\/INFORME_FINAL_FASSA_27082021cd.pdf\" target=\"_blank\">Informe Final: Evaluaci\u00f3n de Desempe\u00f1o del Fondo de Aportaciones para los Servicios de Salud (FASSA). Tomo II: Evaluaci\u00f3n de Fondos Federales del Ramo General 33 al Ejercicio Fiscal 2020, a\u00f1o de mayor impacto por la contingencia del Sars-Cov-2<\/a><\/li>\n\n\n\n<li><a rel=\"noreferrer noopener\" href=\"https:\/\/www.ssaver.gob.mx\/pae\/wp-content\/uploads\/sites\/18\/2022\/07\/PROYECTOS_DE_MEJORA_ANEXOS_I_II_Y_III_PAE_2021_SESVER_FASSA.pdf\" target=\"_blank\">Proyectos de Mejora Ejercicio Fiscal 2020 PAE 2021 Tomo II FASSA Anexos I,II y III<\/a><\/li>\n\n\n\n<li><a rel=\"noreferrer noopener\" href=\"https:\/\/www.ssaver.gob.mx\/pae\/wp-content\/uploads\/sites\/18\/2022\/08\/ANEXO-IV-PAE_2021_FASSA-SESVER.pdf\" target=\"_blank\">ANEXO IV FASSA. Seguimiento a aspectos susceptibles de mejora, derivados de informes y evaluaciones externas. PAE 2021<\/a><\/li>\n\n\n\n<li><a rel=\"noreferrer noopener\" href=\"https:\/\/www.ssaver.gob.mx\/pae\/wp-content\/uploads\/sites\/18\/2022\/07\/POSICION_INSTITUCIONAL_PAE_2021_SESVER_FASSA.pdf\" target=\"_blank\">Posici\u00f3n Institucional del FASSA PAE 2021<\/a><\/li>\n\n\n\n<li><a rel=\"noreferrer noopener\" href=\"https:\/\/www.ssaver.gob.mx\/pae\/wp-content\/uploads\/sites\/18\/2022\/08\/PROCESO_DEL_FASSAPAE2021.pdf\" target=\"_blank\">Proceso del Fondo de Aportaciones para los Servicios de Salud<\/a><\/li>\n\n\n\n<li><a rel=\"noreferrer noopener\" href=\"https:\/\/www.ssaver.gob.mx\/pae\/wp-content\/uploads\/sites\/18\/2023\/02\/OFICIO_190_FASSA_PAE_2021_ANEXO_V.pdf\" target=\"_blank\">Oficio No SESVER\/DA\/DAGA\/0190\/2023<\/a><\/li>\n\n\n\n<li><a rel=\"noreferrer noopener\" href=\"https:\/\/www.ssaver.gob.mx\/pae\/wp-content\/uploads\/sites\/18\/2023\/02\/FASSA_FORMATO_ANEXO_V_PAE_2021.pdf\" target=\"_blank\">ANEXO V Sistema de Seguimiento de Proyectos de Mejora para el Bienesta (SSPMB)<\/a><\/li>\n<\/ul>\n<\/li>\n<\/ul>\n\n\n\n<p><\/p>\n\n\n\n<ul class=\"wp-block-list has-medium-font-size\">\n<li><strong>FONDO DE INFRAESTRUCTURA SOCIAL DE ENTIDADES (FISE) <\/strong>\n<ul class=\"wp-block-list\">\n<li><a rel=\"noreferrer noopener\" href=\"https:\/\/www.ssaver.gob.mx\/pae\/wp-content\/uploads\/sites\/18\/2022\/07\/TDR_FISE_2021.pdf\" target=\"_blank\">TERMINOS DE REFERENCIA (TdR FISE) PARA LA EVALUACI\u00d3N ESPEC\u00cdFICA DE DESEMPE\u00d1O<\/a><\/li>\n\n\n\n<li><a rel=\"noreferrer noopener\" href=\"https:\/\/www.ssaver.gob.mx\/pae\/wp-content\/uploads\/sites\/18\/2022\/07\/INFORME_EJECUTIVO_FISE.pdf\" target=\"_blank\">Informe Ejecutivo: Evaluaci\u00f3n Espec\u00edfica de Desempe\u00f1o. Fondo de Infraestructura Social para las Entidades (FISE). Tomo II: Evaluaci\u00f3n de Fondos Ramo General 33. PAE 2021<\/a><\/li>\n\n\n\n<li><a rel=\"noreferrer noopener\" href=\"https:\/\/www.ssaver.gob.mx\/pae\/wp-content\/uploads\/sites\/18\/2022\/08\/INFORME_FINAL_FISEcd2.pdf\" target=\"_blank\">Informe Final: Evaluaci\u00f3n Espec\u00edfica de Desempe\u00f1o. Fondo de Infraestructura Social para las Entidades. FISE 2021<\/a><\/li>\n\n\n\n<li><a rel=\"noreferrer noopener\" href=\"https:\/\/www.ssaver.gob.mx\/pae\/wp-content\/uploads\/sites\/18\/2022\/08\/Anexo_IV_PAE_FISE_2021_2_VF.pdf\" target=\"_blank\">ANEXO IV FISE. Seguimiento a aspectos susceptibles de mejora, derivados de informes y evaluaciones externas. PAE 2021<\/a><\/li>\n\n\n\n<li><a rel=\"noreferrer noopener\" href=\"https:\/\/www.ssaver.gob.mx\/pae\/wp-content\/uploads\/sites\/18\/2022\/07\/POSICION_INSTITUCIONAL_FISE_2021.pdf\" target=\"_blank\">Posici\u00f3n Institucional del FISE PAE 2021<\/a><\/li>\n<\/ul>\n<\/li>\n<\/ul>\n\n\n\n<p><\/p>\n\n\n\n<ul class=\"wp-block-list has-medium-font-size\">\n<li><strong><a rel=\"noreferrer noopener\" href=\"https:\/\/www.ssaver.gob.mx\/pae\/wp-content\/uploads\/sites\/18\/2022\/08\/Mecanismo_PAE_2021_Tomo_II_24092021.pdf\" target=\"_blank\">Mecanismo para la Elaboraci\u00f3n y Seguimiento de aspectos susceptibles de mejora del programa anual de evaluaci\u00f3n (PAE) 2021, Tomo II: Evaluaci\u00f3n de Fondos Federales del Ramo General 33<\/a><\/strong><\/li>\n\n\n\n<li><strong><a rel=\"noreferrer noopener\" href=\"https:\/\/www.ssaver.gob.mx\/pae\/wp-content\/uploads\/sites\/18\/2022\/08\/Memoria_Documental_PAE_2021_opt.pdf\" target=\"_blank\">Memoria Documental Programa Anual de Evaluaci\u00f3n 2021 de la Administraci\u00f3n P\u00fablica Estatal de Veracruz de Ignacio de la Llave<\/a><\/strong><\/li>\n<\/ul>\n\n\n\n<p><\/p>\n\n\n\n<p><\/p>\n<\/div>\n<\/div>\n<\/div>\n","protected":false},"excerpt":{"rendered":"<p>Programa Anual de Evaluaci\u00f3n 2021 Programas Presupuestarios Informes de Evaluaci\u00f3n de Consistencia y Resultados del Programa Presupuestario Evaluaci\u00f3n de Fondos<\/p>\n","protected":false},"author":3,"featured_media":0,"parent":0,"menu_order":0,"comment_status":"closed","ping_status":"closed","template":"","meta":{"colormag_page_container_layout":"default_layout","colormag_page_sidebar_layout":"default_layout","footnotes":""},"class_list":["post-557","page","type-page","status-publish","hentry"],"_links":{"self":[{"href":"https:\/\/www.ssaver.gob.mx\/pae\/wp-json\/wp\/v2\/pages\/557","targetHints":{"allow":["GET"]}}],"collection":[{"href":"https:\/\/www.ssaver.gob.mx\/pae\/wp-json\/wp\/v2\/pages"}],"about":[{"href":"https:\/\/www.ssaver.gob.mx\/pae\/wp-json\/wp\/v2\/types\/page"}],"author":[{"embeddable":true,"href":"https:\/\/www.ssaver.gob.mx\/pae\/wp-json\/wp\/v2\/users\/3"}],"replies":[{"embeddable":true,"href":"https:\/\/www.ssaver.gob.mx\/pae\/wp-json\/wp\/v2\/comments?post=557"}],"version-history":[{"count":51,"href":"https:\/\/www.ssaver.gob.mx\/pae\/wp-json\/wp\/v2\/pages\/557\/revisions"}],"predecessor-version":[{"id":1671,"href":"https:\/\/www.ssaver.gob.mx\/pae\/wp-json\/wp\/v2\/pages\/557\/revisions\/1671"}],"wp:attachment":[{"href":"https:\/\/www.ssaver.gob.mx\/pae\/wp-json\/wp\/v2\/media?parent=557"}],"curies":[{"name":"wp","href":"https:\/\/api.w.org\/{rel}","templated":true}]}}