{"id":787,"date":"2022-08-31T19:08:15","date_gmt":"2022-09-01T00:08:15","guid":{"rendered":"https:\/\/www.ssaver.gob.mx\/pae\/?page_id=787"},"modified":"2026-03-27T11:35:25","modified_gmt":"2026-03-27T17:35:25","slug":"programa-anual-de-evaluacion-pae-2015","status":"publish","type":"page","link":"https:\/\/www.ssaver.gob.mx\/pae\/programa-anual-de-evaluacion-pae-2015\/","title":{"rendered":"Programa Anual de Evaluaci\u00f3n PAE 2015"},"content":{"rendered":"\n<div class=\"wp-block-group is-layout-constrained wp-container-core-group-is-layout-9517baca wp-block-group-is-layout-constrained\">\n<div class=\"wp-block-columns is-layout-flex wp-container-core-columns-is-layout-28f84493 wp-block-columns-is-layout-flex\">\n<div class=\"wp-block-column is-layout-flow wp-block-column-is-layout-flow\" style=\"flex-basis:100%\">\n<hr class=\"wp-block-separator has-text-color has-alpha-channel-opacity has-background is-style-wide\" style=\"background-color:#d8bf31;color:#d8bf31\" \/>\n\n\n\n<p class=\"has-text-align-center has-text-color has-background has-large-font-size\" style=\"color:#7a1737;background-color:#dac195\"><strong>Programa Anual de Evaluaci\u00f3n PAE 2015<\/strong><\/p>\n\n\n\n<p class=\"has-text-align-center has-white-color has-text-color has-background\" style=\"background-color:#7a1737;font-size:18px\"><strong>TOMO I Programas Presupuestarios Informes de Evaluaci\u00f3n de Consistencia y Resultados del Programa Presupuestario<\/strong><\/p>\n\n\n\n<p class=\"has-text-align-center has-white-color has-text-color has-background\" style=\"background-color:#7a1737;font-size:18px\"><strong>TOMO II: Evaluaci\u00f3n de Fondos Federales del Ramo General 33 al Ejercicio Fiscal 2014. D\u00e9cimo Aniversario de la Evaluaci\u00f3n de Fondos Federales<\/strong><\/p>\n\n\n\n<ul style=\"color:#5b4c0d;background-color:#fff4e0\" class=\"wp-block-list has-text-color has-background has-medium-font-size\">\n<li><strong>FONDO DE APORTACIONES PARA LOS SERVICIOS DE SALUD (FASSA)<\/strong>\n<ul class=\"wp-block-list\">\n<li><a href=\"https:\/\/www.ssaver.gob.mx\/pae\/wp-content\/uploads\/sites\/18\/2022\/08\/FASSA_Ramo33_Resumen_Ejecutivo_PAE_2015.pdf\" target=\"_blank\" rel=\"noreferrer noopener\">Resumen Ejecutivo: Evaluaci\u00f3n de Desempe\u00f1o del Fondo de Aportaciones para los Servicios de Salud (FASSA). Tomo II: Evaluaci\u00f3n de Fondos Federales del Ramo General 33 al Ejercicio Fiscal 2014<\/a><\/li>\n\n\n\n<li><a href=\"https:\/\/www.ssaver.gob.mx\/pae\/wp-content\/uploads\/sites\/18\/2022\/08\/FASSA_Informe_Final_PAE_2015.pdf\" target=\"_blank\" rel=\"noreferrer noopener\">Informe Final: Evaluaci\u00f3n de Desempe\u00f1o del Fondo de Aportaciones para los Servicios de Salud (FASSA). Tomo II: Evaluaci\u00f3n de Fondos Federales del Ramo General 33 al Ejercicio Fiscal 2014<\/a><\/li>\n\n\n\n<li><a href=\"https:\/\/www.ssaver.gob.mx\/pae\/wp-content\/uploads\/sites\/18\/2022\/08\/Proyecto_de_Mejora_FASSA_PAE_2015.pdf\" target=\"_blank\" rel=\"noreferrer noopener\">Proyectos de Mejora Ejercicio Fiscal 2014 Tomo II FASSA<\/a><\/li>\n<\/ul>\n<\/li>\n<\/ul>\n\n\n\n<p><\/p>\n\n\n\n<ul style=\"color:#5b4c0d;background-color:#fff4e0\" class=\"wp-block-list has-text-color has-background has-medium-font-size\">\n<li><strong>FONDO DE INFRAESTRUCTURA SOCIAL DE ENTIDADES (FISE)<\/strong>\n<ul class=\"wp-block-list\">\n<li><a href=\"https:\/\/www.ssaver.gob.mx\/pae\/wp-content\/uploads\/sites\/18\/2022\/08\/FISE_Ejecutivo_PAE_2015.pdf\" target=\"_blank\" rel=\"noreferrer noopener\">Resumen Ejecutivo: Evaluaci\u00f3n Espec\u00edfica de Desempe\u00f1o. Fondo de Infraestructura Social para las Entidades (FISE). Tomo II: Evaluaci\u00f3n de Fondos Ramo General 33.<\/a><\/li>\n\n\n\n<li><a href=\"https:\/\/www.ssaver.gob.mx\/pae\/wp-content\/uploads\/sites\/18\/2022\/08\/FISE_Informe_Final_PAE_2015.pdf\" target=\"_blank\" rel=\"noreferrer noopener\">Informe Final: Evaluaci\u00f3n Espec\u00edfica de Desempe\u00f1o. Fondo de Infraestructura Social para las Entidades. FISE<\/a><\/li>\n\n\n\n<li><a href=\"https:\/\/www.ssaver.gob.mx\/pae\/wp-content\/uploads\/sites\/18\/2022\/08\/Proyectos_de_Mejora_FISE_PAE_2015.pdf\" target=\"_blank\" rel=\"noreferrer noopener\">Proyectos de Mejora Ejercicio Fiscal 2014 Tomo II FISE<\/a><\/li>\n<\/ul>\n<\/li>\n<\/ul>\n\n\n\n<p><\/p>\n\n\n\n<ul style=\"color:#5b4c0d;background-color:#fff4e0\" class=\"wp-block-list has-text-color has-background has-medium-font-size\">\n<li><a href=\"https:\/\/www.ssaver.gob.mx\/pae\/wp-content\/uploads\/sites\/18\/2022\/09\/Inf_Anual_de_Evaluacion_PAE_2015_Tomo_II_Veracruz_comp.pdf\" target=\"_blank\" rel=\"noreferrer noopener\"><strong>Informe Anual de Resultados.&nbsp; Evaluaciones de Fondos Federales del Ramo General 33.&nbsp; Programa Anual de Evaluaci\u00f3n (PAE) 2015 y Proyectos de Mejora en el Sistema de Seguimiento de Proyectos de Mejora para el Bienestar (SSPMB)<\/strong><\/a><\/li>\n<\/ul>\n<\/div>\n<\/div>\n<\/div>\n","protected":false},"excerpt":{"rendered":"<p>Programa Anual de Evaluaci\u00f3n PAE 2015 TOMO I Programas Presupuestarios Informes de Evaluaci\u00f3n de Consistencia y Resultados del Programa Presupuestario<\/p>\n","protected":false},"author":3,"featured_media":0,"parent":0,"menu_order":0,"comment_status":"closed","ping_status":"closed","template":"","meta":{"colormag_page_container_layout":"default_layout","colormag_page_sidebar_layout":"default_layout","footnotes":""},"class_list":["post-787","page","type-page","status-publish","hentry"],"_links":{"self":[{"href":"https:\/\/www.ssaver.gob.mx\/pae\/wp-json\/wp\/v2\/pages\/787","targetHints":{"allow":["GET"]}}],"collection":[{"href":"https:\/\/www.ssaver.gob.mx\/pae\/wp-json\/wp\/v2\/pages"}],"about":[{"href":"https:\/\/www.ssaver.gob.mx\/pae\/wp-json\/wp\/v2\/types\/page"}],"author":[{"embeddable":true,"href":"https:\/\/www.ssaver.gob.mx\/pae\/wp-json\/wp\/v2\/users\/3"}],"replies":[{"embeddable":true,"href":"https:\/\/www.ssaver.gob.mx\/pae\/wp-json\/wp\/v2\/comments?post=787"}],"version-history":[{"count":11,"href":"https:\/\/www.ssaver.gob.mx\/pae\/wp-json\/wp\/v2\/pages\/787\/revisions"}],"predecessor-version":[{"id":1665,"href":"https:\/\/www.ssaver.gob.mx\/pae\/wp-json\/wp\/v2\/pages\/787\/revisions\/1665"}],"wp:attachment":[{"href":"https:\/\/www.ssaver.gob.mx\/pae\/wp-json\/wp\/v2\/media?parent=787"}],"curies":[{"name":"wp","href":"https:\/\/api.w.org\/{rel}","templated":true}]}}