{"id":1088,"date":"2024-06-03T13:09:48","date_gmt":"2024-06-03T18:09:48","guid":{"rendered":"https:\/\/www.ssaver.gob.mx\/planeacion\/?page_id=1088"},"modified":"2026-04-27T12:49:38","modified_gmt":"2026-04-27T18:49:38","slug":"establecimientos","status":"publish","type":"page","link":"https:\/\/www.ssaver.gob.mx\/planeacion\/establecimientos\/","title":{"rendered":""},"content":{"rendered":"\n<div class=\"wp-block-group is-layout-constrained wp-container-core-group-is-layout-9517baca wp-block-group-is-layout-constrained\">\n<div class=\"wp-block-columns is-layout-flex wp-container-core-columns-is-layout-9c22b1e3 wp-block-columns-is-layout-flex\">\n<div class=\"wp-block-column is-vertically-aligned-stretch is-layout-flow wp-container-core-column-is-layout-c43c6636 wp-block-column-is-layout-flow\" style=\"padding-right:0;padding-left:0;flex-basis:100%\">\n<div class=\"wp-block-cover has-aspect-ratio\" style=\"margin-top:0;margin-bottom:0;padding-top:0;padding-right:0;padding-bottom:0;padding-left:0;aspect-ratio:auto;min-height:unset;\"><img decoding=\"async\" class=\"wp-block-cover__image-background wp-image-4624 size-full\" alt=\"\" src=\"https:\/\/www.ssaver.gob.mx\/tecnologias\/wp-content\/uploads\/sites\/14\/2025\/08\/Textura-varias_page-0001.jpg\" style=\"object-position:6% 52%\" data-object-fit=\"cover\" data-object-position=\"6% 52%\" \/><span aria-hidden=\"true\" class=\"wp-block-cover__background has-colormag-color-6-background-color has-background-dim-100 has-background-dim\"><\/span><div class=\"wp-block-cover__inner-container is-layout-constrained wp-container-core-cover-is-layout-72190d31 wp-block-cover-is-layout-constrained\">\n<p class=\"has-text-align-center\" style=\"font-size:28px\"><strong>Establecimientos<\/strong><\/p>\n<\/div><\/div>\n<\/div>\n<\/div>\n\n\n\n<div class=\"wp-block-columns is-layout-flex wp-container-core-columns-is-layout-b2864ded wp-block-columns-is-layout-flex\" style=\"margin-top:0;margin-bottom:0;padding-top:0;padding-bottom:0\">\n<div class=\"wp-block-column is-vertically-aligned-center has-background is-layout-flow wp-block-column-is-layout-flow\" style=\"background:linear-gradient(180deg,rgb(233,231,225) 32%,rgba(232,230,225,0) 100%);padding-top:var(--wp--preset--spacing--40);padding-right:var(--wp--preset--spacing--40);padding-bottom:var(--wp--preset--spacing--40);padding-left:var(--wp--preset--spacing--70);flex-basis:100%\">\n<hr class=\"wp-block-separator aligncenter has-text-color has-alpha-channel-opacity has-background is-style-wide\" style=\"margin-top:var(--wp--preset--spacing--20);margin-bottom:var(--wp--preset--spacing--20);background-color:#d6af4d;color:#d6af4d\" \/>\n\n\n\n<ul style=\"border-style:none;border-width:0px;border-radius:26px;margin-top:var(--wp--preset--spacing--30);margin-right:0;margin-bottom:var(--wp--preset--spacing--30);margin-left:0\" class=\"wp-block-list has-medium-font-size\">\n<li class=\"has-text-color has-link-color has-medium-font-size wp-elements-d3cd3ee5cf1cfec6ed7f1a657b25a94b\" style=\"color:#7a1737\"><strong><strong>Cat\u00e1logo CLUES<\/strong><\/strong>\n<ul class=\"wp-block-list\">\n<li class=\"has-text-color has-link-color has-medium-font-size wp-elements-1357c4ee8f08692a05e54df27340cbde\" style=\"color:#7a1737\"><a href=\"https:\/\/www.ssaver.gob.mx\/planeacion\/wp-content\/uploads\/sites\/20\/2026\/04\/ESTABLECIMIENTO_SALUD_202603_Veracruz_SESVER_IMSSB_EnOperacion.xlsx\">Cat\u00e1logo CLUES Marzo 2026<\/a><\/li>\n\n\n\n<li class=\"has-medium-font-size\"><a href=\"https:\/\/www.ssaver.gob.mx\/planeacion\/catalogo-de-establecimientos-de-salud-ces\/\">Cat\u00e1logo de Establecimientos de Salud (CES) Marzo 2026<\/a><\/li>\n\n\n\n<li class=\"has-text-color has-link-color has-medium-font-size wp-elements-5ab274e1dc62ed2ec2466a757a5ede71\" style=\"color:#7a1737\"><a href=\"https:\/\/www.ssaver.gob.mx\/planeacion\/wp-content\/uploads\/sites\/20\/2025\/02\/CedulaInformacionV1_5.xlsx\" target=\"_blank\" rel=\"noreferrer noopener\">Formato C\u00e9dula de Informaci\u00f3n V1_5<\/a>&nbsp;<\/li>\n<\/ul>\n<\/li>\n\n\n\n<li class=\"has-text-color has-link-color has-medium-font-size wp-elements-84d749b2b46d924dab7d197bbfdd356f\" style=\"color:#7a1737\">&nbsp;&nbsp;&nbsp;<strong>Mapa de Unidades M\u00e9dicas<\/strong>\n<ul class=\"wp-block-list\">\n<li class=\"has-text-color has-link-color has-medium-font-size wp-elements-9dffa7931d397dd7acf6bebed2ac12ad\" style=\"color:#7a1737\"><a href=\"https:\/\/www.ssaver.gob.mx\/planeacion\/wp-content\/uploads\/sites\/20\/2025\/01\/DPD_Mapa_Dic_20_4_HOSP_UCE_SESVER_v2.pdf\" target=\"_blank\" rel=\"noreferrer noopener\">Red Integrada de Servicios de Salud del Estado de Veracruz<\/a><\/li>\n<\/ul>\n<\/li>\n\n\n\n<li class=\"has-text-color has-link-color has-medium-font-size wp-elements-1aa040d69094cbc5ec15fef0192d8acd\" style=\"color:#7a1737\"><strong>Red de Referencia<\/strong>\n<ul class=\"wp-block-list\">\n<li class=\"has-text-color has-link-color has-medium-font-size wp-elements-92e09f9c33a3dfc2a8d8e1da2f46bfb8\" style=\"color:#7a1737\"><a href=\"https:\/\/www.ssaver.gob.mx\/planeacion\/establecimientos\/hospital_regional_poza_rica\/\" target=\"_blank\" rel=\"noreferrer noopener\">Hospital Regional de Poza Rica<\/a><\/li>\n\n\n\n<li class=\"has-medium-font-size\"><a href=\"https:\/\/www.ssaver.gob.mx\/planeacion\/establecimientos\/hospital_regional_xalapa\/\" target=\"_blank\" rel=\"noreferrer noopener\">Hospital Regional de Xalapa<\/a><\/li>\n\n\n\n<li class=\"has-medium-font-size\"><a href=\"https:\/\/www.ssaver.gob.mx\/planeacion\/establecimientos\/hospital_regional_coatzacoalcos\/\" target=\"_blank\" rel=\"noreferrer noopener\">Hospital Regional de Coatzacoalcos<\/a><\/li>\n\n\n\n<li class=\"has-text-color has-link-color has-medium-font-size wp-elements-bfeefa8d2ac15571c1052e4cfc0dc089\" style=\"color:#7a1737\"><a href=\"https:\/\/www.ssaver.gob.mx\/planeacion\/establecimientos\/hospital_regional_rio_blanco\/\" target=\"_blank\" rel=\"noreferrer noopener\">Hospital Regional de R\u00edo Blanco<\/a><\/li>\n<\/ul>\n<\/li>\n<\/ul>\n\n\n\n<p class=\"has-text-color has-link-color wp-elements-98ce9974e0b48543f5e4dfdc57e941a8\" style=\"color:#5b4c0d\"><strong>Responsable del contenido<\/strong><br>Direcci\u00f3n de Planeaci\u00f3n y Desarrollo<br>Subdirecci\u00f3n de Planeaci\u00f3n Estrat\u00e9gica<br>Departamento de Instrumentaci\u00f3n de Proyectos<br>Tel. Ext. 2930<\/p>\n\n\n\n<p><\/p>\n<\/div>\n<\/div>\n<\/div>\n","protected":false},"excerpt":{"rendered":"<p>Responsable del contenidoDirecci\u00f3n de Planeaci\u00f3n y DesarrolloSubdirecci\u00f3n de Planeaci\u00f3n Estrat\u00e9gicaDepartamento de Instrumentaci\u00f3n de ProyectosTel. Ext. 2930<\/p>\n","protected":false},"author":2,"featured_media":0,"parent":0,"menu_order":4,"comment_status":"closed","ping_status":"closed","template":"","meta":{"colormag_page_container_layout":"default_layout","colormag_page_sidebar_layout":"default_layout","footnotes":""},"class_list":["post-1088","page","type-page","status-publish","hentry"],"_links":{"self":[{"href":"https:\/\/www.ssaver.gob.mx\/planeacion\/wp-json\/wp\/v2\/pages\/1088","targetHints":{"allow":["GET"]}}],"collection":[{"href":"https:\/\/www.ssaver.gob.mx\/planeacion\/wp-json\/wp\/v2\/pages"}],"about":[{"href":"https:\/\/www.ssaver.gob.mx\/planeacion\/wp-json\/wp\/v2\/types\/page"}],"author":[{"embeddable":true,"href":"https:\/\/www.ssaver.gob.mx\/planeacion\/wp-json\/wp\/v2\/users\/2"}],"replies":[{"embeddable":true,"href":"https:\/\/www.ssaver.gob.mx\/planeacion\/wp-json\/wp\/v2\/comments?post=1088"}],"version-history":[{"count":48,"href":"https:\/\/www.ssaver.gob.mx\/planeacion\/wp-json\/wp\/v2\/pages\/1088\/revisions"}],"predecessor-version":[{"id":1995,"href":"https:\/\/www.ssaver.gob.mx\/planeacion\/wp-json\/wp\/v2\/pages\/1088\/revisions\/1995"}],"wp:attachment":[{"href":"https:\/\/www.ssaver.gob.mx\/planeacion\/wp-json\/wp\/v2\/media?parent=1088"}],"curies":[{"name":"wp","href":"https:\/\/api.w.org\/{rel}","templated":true}]}}