{"id":715,"date":"2023-09-05T14:50:56","date_gmt":"2023-09-05T19:50:56","guid":{"rendered":"https:\/\/www.ssaver.gob.mx\/planeacion\/?page_id=715"},"modified":"2023-09-06T12:15:42","modified_gmt":"2023-09-06T17:15:42","slug":"j1","status":"publish","type":"page","link":"https:\/\/www.ssaver.gob.mx\/planeacion\/maparedatencion\/j1\/","title":{"rendered":"Mapa de Red de Atenci\u00f3n Jurisdicci\u00f3n Sanitaria I P\u00e1nuco"},"content":{"rendered":"\n","protected":false},"excerpt":{"rendered":"","protected":false},"author":5,"featured_media":0,"parent":709,"menu_order":0,"comment_status":"closed","ping_status":"closed","template":"","meta":{"colormag_page_container_layout":"default_layout","colormag_page_sidebar_layout":"default_layout","footnotes":""},"class_list":["post-715","page","type-page","status-publish","hentry"],"_links":{"self":[{"href":"https:\/\/www.ssaver.gob.mx\/planeacion\/wp-json\/wp\/v2\/pages\/715","targetHints":{"allow":["GET"]}}],"collection":[{"href":"https:\/\/www.ssaver.gob.mx\/planeacion\/wp-json\/wp\/v2\/pages"}],"about":[{"href":"https:\/\/www.ssaver.gob.mx\/planeacion\/wp-json\/wp\/v2\/types\/page"}],"author":[{"embeddable":true,"href":"https:\/\/www.ssaver.gob.mx\/planeacion\/wp-json\/wp\/v2\/users\/5"}],"replies":[{"embeddable":true,"href":"https:\/\/www.ssaver.gob.mx\/planeacion\/wp-json\/wp\/v2\/comments?post=715"}],"version-history":[{"count":3,"href":"https:\/\/www.ssaver.gob.mx\/planeacion\/wp-json\/wp\/v2\/pages\/715\/revisions"}],"predecessor-version":[{"id":739,"href":"https:\/\/www.ssaver.gob.mx\/planeacion\/wp-json\/wp\/v2\/pages\/715\/revisions\/739"}],"up":[{"embeddable":true,"href":"https:\/\/www.ssaver.gob.mx\/planeacion\/wp-json\/wp\/v2\/pages\/709"}],"wp:attachment":[{"href":"https:\/\/www.ssaver.gob.mx\/planeacion\/wp-json\/wp\/v2\/media?parent=715"}],"curies":[{"name":"wp","href":"https:\/\/api.w.org\/{rel}","templated":true}]}}