{"id":886,"date":"2024-03-08T12:49:51","date_gmt":"2024-03-08T18:49:51","guid":{"rendered":"https:\/\/www.ssaver.gob.mx\/planeacion\/?page_id=886"},"modified":"2026-03-26T11:15:26","modified_gmt":"2026-03-26T17:15:26","slug":"supladeb","status":"publish","type":"page","link":"https:\/\/www.ssaver.gob.mx\/planeacion\/documentos\/supladeb\/","title":{"rendered":""},"content":{"rendered":"\n<hr class=\"wp-block-separator has-text-color has-alpha-channel-opacity has-background is-style-wide\" style=\"background-color:#d8bf31;color:#d8bf31\" \/>\n\n\n\n<div class=\"wp-block-group is-layout-constrained wp-container-core-group-is-layout-b82e1acb wp-block-group-is-layout-constrained\" style=\"margin-top:0;margin-bottom:0;padding-top:0;padding-right:0;padding-bottom:0;padding-left:0\">\n<div class=\"wp-block-columns is-layout-flex wp-container-core-columns-is-layout-44590b80 wp-block-columns-is-layout-flex\" style=\"margin-top:0;margin-bottom:0;padding-top:0;padding-bottom:0\">\n<div class=\"wp-block-column is-layout-flow wp-container-core-column-is-layout-8a368f38 wp-block-column-is-layout-flow\" style=\"flex-basis:100%\">\n<p class=\"has-text-align-center has-white-color has-text-color has-background\" style=\"background-color:#9d861e;margin-top:0;margin-right:0;margin-bottom:0;margin-left:0;padding-top:0;padding-right:0;padding-bottom:0;padding-left:0;font-size:22px\"><strong>Subcomit\u00e9 de Planeaci\u00f3n Democr\u00e1tica para el Bienestar del Fondo de Aportaciones para los Servicios de Salud (SUPLADEB FASSA)<\/strong><\/p>\n\n\n\n<ul style=\"color:#5b4c0d;background-color:#fff4e0;padding-top:0;padding-right:var(--wp--preset--spacing--70);padding-bottom:0;padding-left:var(--wp--preset--spacing--70);font-size:22px\" class=\"wp-block-list has-text-color has-background\">\n<li><a href=\"https:\/\/www.ssaver.gob.mx\/planeacion\/wp-content\/uploads\/sites\/20\/2024\/03\/1._ACTA_DE_INSTALACION_SUPLADEB_FASSA.pdf\" target=\"_blank\" rel=\"noreferrer noopener\"><strong>1.- Instalaci\u00f3n<\/strong><\/a><\/li>\n\n\n\n<li><a href=\"https:\/\/www.ssaver.gob.mx\/planeacion\/wp-content\/uploads\/sites\/20\/2024\/03\/2._PRIMERA_SESION_ORDINARIA_2023.pdf\" target=\"_blank\" rel=\"noreferrer noopener\"><strong>2.- Primera Sesi\u00f3n Ordinaria del Ejercicio 2023<\/strong><\/a><\/li>\n\n\n\n<li><a href=\"https:\/\/www.ssaver.gob.mx\/planeacion\/wp-content\/uploads\/sites\/20\/2024\/03\/3._SEGUNDA_SESION_ORDINARIA_2023.pdf\" target=\"_blank\" rel=\"noreferrer noopener\"><strong>3.- Segunda Sesi\u00f3n Ordinaria del Ejercicio 2023<\/strong><\/a><\/li>\n\n\n\n<li><a href=\"https:\/\/www.ssaver.gob.mx\/planeacion\/wp-content\/uploads\/sites\/20\/2024\/03\/4._PRIMERA_SESION_ORDINARIA_2024.pdf\" target=\"_blank\" rel=\"noreferrer noopener\"><strong>4.- Primera Sesi\u00f3n Ordinaria del Ejercicio 2024<\/strong><\/a><strong><a href=\"http:\/\/intranet.veracruz.gob.mx\/estandares-y-normativa\/politicas-para-la-seguridad-de-la-informacion-seguridad-informatica-y-desarrollo-de-software\/\" target=\"_blank\" rel=\"noreferrer noopener\"><\/a><\/strong><\/li>\n<\/ul>\n<\/div>\n<\/div>\n<\/div>\n","protected":false},"excerpt":{"rendered":"<p>Subcomit\u00e9 de Planeaci\u00f3n Democr\u00e1tica para el Bienestar del Fondo de Aportaciones para los Servicios de Salud (SUPLADEB FASSA)<\/p>\n","protected":false},"author":2,"featured_media":0,"parent":535,"menu_order":0,"comment_status":"closed","ping_status":"closed","template":"","meta":{"colormag_page_container_layout":"default_layout","colormag_page_sidebar_layout":"default_layout","footnotes":""},"class_list":["post-886","page","type-page","status-publish","hentry"],"_links":{"self":[{"href":"https:\/\/www.ssaver.gob.mx\/planeacion\/wp-json\/wp\/v2\/pages\/886","targetHints":{"allow":["GET"]}}],"collection":[{"href":"https:\/\/www.ssaver.gob.mx\/planeacion\/wp-json\/wp\/v2\/pages"}],"about":[{"href":"https:\/\/www.ssaver.gob.mx\/planeacion\/wp-json\/wp\/v2\/types\/page"}],"author":[{"embeddable":true,"href":"https:\/\/www.ssaver.gob.mx\/planeacion\/wp-json\/wp\/v2\/users\/2"}],"replies":[{"embeddable":true,"href":"https:\/\/www.ssaver.gob.mx\/planeacion\/wp-json\/wp\/v2\/comments?post=886"}],"version-history":[{"count":7,"href":"https:\/\/www.ssaver.gob.mx\/planeacion\/wp-json\/wp\/v2\/pages\/886\/revisions"}],"predecessor-version":[{"id":1969,"href":"https:\/\/www.ssaver.gob.mx\/planeacion\/wp-json\/wp\/v2\/pages\/886\/revisions\/1969"}],"up":[{"embeddable":true,"href":"https:\/\/www.ssaver.gob.mx\/planeacion\/wp-json\/wp\/v2\/pages\/535"}],"wp:attachment":[{"href":"https:\/\/www.ssaver.gob.mx\/planeacion\/wp-json\/wp\/v2\/media?parent=886"}],"curies":[{"name":"wp","href":"https:\/\/api.w.org\/{rel}","templated":true}]}}