{"id":1247,"date":"2022-09-07T10:06:10","date_gmt":"2022-09-07T15:06:10","guid":{"rendered":"https:\/\/www.ssaver.gob.mx\/proteccioncontrariesgossanitarios\/?page_id=1247"},"modified":"2026-03-03T17:11:51","modified_gmt":"2026-03-03T23:11:51","slug":"agua-hielo","status":"publish","type":"page","link":"https:\/\/www.ssaver.gob.mx\/proteccioncontrariesgossanitarios\/agua-hielo\/","title":{"rendered":"Agua y hielos purificados"},"content":{"rendered":"\n<div class=\"wp-block-group is-layout-constrained wp-container-core-group-is-layout-9517baca wp-block-group-is-layout-constrained\">\n<figure class=\"wp-block-gallery has-nested-images columns-default is-cropped wp-block-gallery-1 is-layout-flex wp-block-gallery-is-layout-flex\">\n<figure class=\"wp-block-image size-large\"><img loading=\"lazy\" decoding=\"async\" width=\"1024\" height=\"365\" data-id=\"4015\" src=\"https:\/\/www.ssaver.gob.mx\/proteccioncontrariesgossanitarios\/wp-content\/uploads\/sites\/10\/2024\/08\/Banner-2024-1024x365.png\" alt=\"\" class=\"wp-image-4015\" srcset=\"https:\/\/www.ssaver.gob.mx\/proteccioncontrariesgossanitarios\/wp-content\/uploads\/sites\/10\/2024\/08\/Banner-2024-1024x365.png 1024w, https:\/\/www.ssaver.gob.mx\/proteccioncontrariesgossanitarios\/wp-content\/uploads\/sites\/10\/2024\/08\/Banner-2024-300x107.png 300w, https:\/\/www.ssaver.gob.mx\/proteccioncontrariesgossanitarios\/wp-content\/uploads\/sites\/10\/2024\/08\/Banner-2024-768x274.png 768w, https:\/\/www.ssaver.gob.mx\/proteccioncontrariesgossanitarios\/wp-content\/uploads\/sites\/10\/2024\/08\/Banner-2024-1536x548.png 1536w, https:\/\/www.ssaver.gob.mx\/proteccioncontrariesgossanitarios\/wp-content\/uploads\/sites\/10\/2024\/08\/Banner-2024-2048x730.png 2048w\" sizes=\"auto, (max-width: 1024px) 100vw, 1024px\" \/><\/figure>\n<\/figure>\n\n\n\n<h2 class=\"wp-block-heading has-text-align-center has-large-font-size\">OBJETIVO<\/h2>\n\n\n\n<hr class=\"wp-block-separator has-text-color has-alpha-channel-opacity has-background is-style-wide\" style=\"background-color:#a6bbd6;color:#a6bbd6\" \/>\n\n\n\n<p class=\"has-text-align-center\" style=\"font-size:15px\">Proteger a la poblaci\u00f3n del riesgo bacteriol\u00f3gico potencialmente presente en el agua y hielo purificado, realizando acciones de vigilancia sanitaria que garanticen la higiene y seguridad a los consumidores.<\/p>\n\n\n\n<p class=\"has-text-align-left has-white-color has-text-color has-background\" style=\"background-color:#a6bbd6;font-size:15px\"><strong>Poblaci\u00f3n objetivo<\/strong><\/p>\n\n\n\n<p class=\"has-text-align-left has-black-color has-white-background-color has-text-color has-background\" style=\"font-size:15px\">Poblaci\u00f3n en general, trabajadores y propietarios de los establecimientos de Purificadoras de Agua y F\u00e1bricas de Hielo.<\/p>\n\n\n\n<p class=\"has-text-align-left has-white-color has-text-color has-background\" style=\"background-color:#a6bbd6;font-size:15px\"><strong>Poblaci\u00f3n objetivo<\/strong><\/p>\n\n\n\n<ul class=\"wp-block-list\">\n<li>Capacitaci\u00f3n a personal de las 11 jurisdicciones sanitarias, as\u00ed como del sector educativo (BIENESTAR, CONAFE, INPI, TEBAEV, SEV, INEA, CECYTEV).&nbsp;<\/li>\n\n\n\n<li>Evaluaci\u00f3n del saneamiento b\u00e1sico en comunidades con rezago.&nbsp;<\/li>\n\n\n\n<li>Difusi\u00f3n del saneamiento b\u00e1sico a trav\u00e9s de la educaci\u00f3n para la salud.<\/li>\n\n\n\n<li>Concertaci\u00f3n con autoridades de nivel p\u00fablico, privado y el sector social.&nbsp;<\/li>\n<\/ul>\n\n\n\n<h2 class=\"wp-block-heading has-text-align-center has-large-font-size\">MATERIALES DE DIFUSI\u00d3N<\/h2>\n\n\n\n<hr class=\"wp-block-separator has-text-color has-alpha-channel-opacity has-background is-style-wide\" style=\"background-color:#a6bbd6;color:#a6bbd6\" \/>\n\n\n\n<div class=\"wp-block-columns is-layout-flex wp-container-core-columns-is-layout-28f84493 wp-block-columns-is-layout-flex\">\n<div class=\"wp-block-column is-layout-flow wp-block-column-is-layout-flow\"><\/div>\n\n\n\n<div class=\"wp-block-column is-layout-flow wp-block-column-is-layout-flow\">\n<figure class=\"wp-block-image aligncenter size-full is-resized\"><a href=\"https:\/\/www.ssaver.gob.mx\/proteccioncontrariesgossanitarios\/wp-content\/uploads\/sites\/10\/2025\/03\/TRIPTICO-AGUA-CONSUMO-HUMANO-PREENVASE-enero-2025.pdf\" target=\"_blank\" rel=\" \"><img loading=\"lazy\" decoding=\"async\" width=\"2298\" height=\"2560\" src=\"https:\/\/www.ssaver.gob.mx\/proteccioncontrariesgossanitarios\/wp-content\/uploads\/sites\/10\/2025\/05\/agua-y-hielo-03-scaled.png\" alt=\"\" class=\"wp-image-4615\" style=\"width:263px;height:291px\" srcset=\"https:\/\/www.ssaver.gob.mx\/proteccioncontrariesgossanitarios\/wp-content\/uploads\/sites\/10\/2025\/05\/agua-y-hielo-03-scaled.png 2298w, https:\/\/www.ssaver.gob.mx\/proteccioncontrariesgossanitarios\/wp-content\/uploads\/sites\/10\/2025\/05\/agua-y-hielo-03-269x300.png 269w, https:\/\/www.ssaver.gob.mx\/proteccioncontrariesgossanitarios\/wp-content\/uploads\/sites\/10\/2025\/05\/agua-y-hielo-03-919x1024.png 919w, https:\/\/www.ssaver.gob.mx\/proteccioncontrariesgossanitarios\/wp-content\/uploads\/sites\/10\/2025\/05\/agua-y-hielo-03-768x856.png 768w, https:\/\/www.ssaver.gob.mx\/proteccioncontrariesgossanitarios\/wp-content\/uploads\/sites\/10\/2025\/05\/agua-y-hielo-03-1379x1536.png 1379w, https:\/\/www.ssaver.gob.mx\/proteccioncontrariesgossanitarios\/wp-content\/uploads\/sites\/10\/2025\/05\/agua-y-hielo-03-1838x2048.png 1838w\" sizes=\"auto, (max-width: 2298px) 100vw, 2298px\" \/><\/a><\/figure>\n<\/div>\n\n\n\n<div class=\"wp-block-column is-layout-flow wp-block-column-is-layout-flow\"><\/div>\n<\/div>\n<\/div>\n","protected":false},"excerpt":{"rendered":"<p>OBJETIVO Proteger a la poblaci\u00f3n del riesgo bacteriol\u00f3gico potencialmente presente en el agua y hielo purificado, realizando acciones de vigilancia<\/p>\n","protected":false},"author":15,"featured_media":0,"parent":0,"menu_order":0,"comment_status":"closed","ping_status":"closed","template":"","meta":{"colormag_page_container_layout":"default_layout","colormag_page_sidebar_layout":"default_layout","footnotes":""},"class_list":["post-1247","page","type-page","status-publish","hentry"],"_links":{"self":[{"href":"https:\/\/www.ssaver.gob.mx\/proteccioncontrariesgossanitarios\/wp-json\/wp\/v2\/pages\/1247","targetHints":{"allow":["GET"]}}],"collection":[{"href":"https:\/\/www.ssaver.gob.mx\/proteccioncontrariesgossanitarios\/wp-json\/wp\/v2\/pages"}],"about":[{"href":"https:\/\/www.ssaver.gob.mx\/proteccioncontrariesgossanitarios\/wp-json\/wp\/v2\/types\/page"}],"author":[{"embeddable":true,"href":"https:\/\/www.ssaver.gob.mx\/proteccioncontrariesgossanitarios\/wp-json\/wp\/v2\/users\/15"}],"replies":[{"embeddable":true,"href":"https:\/\/www.ssaver.gob.mx\/proteccioncontrariesgossanitarios\/wp-json\/wp\/v2\/comments?post=1247"}],"version-history":[{"count":15,"href":"https:\/\/www.ssaver.gob.mx\/proteccioncontrariesgossanitarios\/wp-json\/wp\/v2\/pages\/1247\/revisions"}],"predecessor-version":[{"id":5700,"href":"https:\/\/www.ssaver.gob.mx\/proteccioncontrariesgossanitarios\/wp-json\/wp\/v2\/pages\/1247\/revisions\/5700"}],"wp:attachment":[{"href":"https:\/\/www.ssaver.gob.mx\/proteccioncontrariesgossanitarios\/wp-json\/wp\/v2\/media?parent=1247"}],"curies":[{"name":"wp","href":"https:\/\/api.w.org\/{rel}","templated":true}]}}