{"id":1266,"date":"2022-09-07T10:43:06","date_gmt":"2022-09-07T15:43:06","guid":{"rendered":"https:\/\/www.ssaver.gob.mx\/proteccioncontrariesgossanitarios\/?page_id=1266"},"modified":"2026-03-03T17:28:48","modified_gmt":"2026-03-03T23:28:48","slug":"bebidas-alcoholicas","status":"publish","type":"page","link":"https:\/\/www.ssaver.gob.mx\/proteccioncontrariesgossanitarios\/bebidas-alcoholicas\/","title":{"rendered":"Bebidas Alcoh\u00f3licas"},"content":{"rendered":"\n<div class=\"wp-block-group is-layout-constrained wp-container-core-group-is-layout-9517baca wp-block-group-is-layout-constrained\">\n<figure class=\"wp-block-gallery has-nested-images columns-default is-cropped wp-block-gallery-1 is-layout-flex wp-block-gallery-is-layout-flex\">\n<figure class=\"wp-block-image size-large\"><img loading=\"lazy\" decoding=\"async\" width=\"1024\" height=\"370\" data-id=\"1646\" src=\"https:\/\/www.ssaver.gob.mx\/proteccioncontrariesgossanitarios\/wp-content\/uploads\/sites\/10\/2022\/10\/ALCOHOLICASRecurso-4-1024x370.png\" alt=\"\" class=\"wp-image-1646\" srcset=\"https:\/\/www.ssaver.gob.mx\/proteccioncontrariesgossanitarios\/wp-content\/uploads\/sites\/10\/2022\/10\/ALCOHOLICASRecurso-4-1024x370.png 1024w, https:\/\/www.ssaver.gob.mx\/proteccioncontrariesgossanitarios\/wp-content\/uploads\/sites\/10\/2022\/10\/ALCOHOLICASRecurso-4-300x108.png 300w, https:\/\/www.ssaver.gob.mx\/proteccioncontrariesgossanitarios\/wp-content\/uploads\/sites\/10\/2022\/10\/ALCOHOLICASRecurso-4-768x278.png 768w, https:\/\/www.ssaver.gob.mx\/proteccioncontrariesgossanitarios\/wp-content\/uploads\/sites\/10\/2022\/10\/ALCOHOLICASRecurso-4-1536x555.png 1536w, https:\/\/www.ssaver.gob.mx\/proteccioncontrariesgossanitarios\/wp-content\/uploads\/sites\/10\/2022\/10\/ALCOHOLICASRecurso-4.png 1926w\" sizes=\"auto, (max-width: 1024px) 100vw, 1024px\" \/><\/figure>\n<\/figure>\n\n\n\n<h2 class=\"wp-block-heading has-text-align-center has-large-font-size\">OBJETIVO<\/h2>\n\n\n\n<hr class=\"wp-block-separator has-text-color has-alpha-channel-opacity has-background is-style-wide\" style=\"background-color:#c5b9ac;color:#c5b9ac\" \/>\n\n\n\n<p class=\"has-text-align-center\" style=\"font-size:15px\">Reducir el consumo nocivo de alcohol, y de esa manera, promover un enfoque de salud p\u00fablica y de derechos humanos, encaminado a disminuir los niveles de consumo de alcohol per c\u00e1pita en la poblaci\u00f3n, con principal atenci\u00f3n a los menores de edad al igual que los da\u00f1os asociados con el consumo del mismo.<\/p>\n\n\n\n<p class=\"has-text-align-left has-white-color has-text-color has-background\" style=\"background-color:#c5b9ac;font-size:15px\"><strong>Poblaci\u00f3n objetivo<\/strong><\/p>\n\n\n\n<p style=\"font-size:15px\">Los establecimientos objetos de este programa espec\u00edfico se dividen en tres grandes grupos:&nbsp;&nbsp;<\/p>\n\n\n\n<ol class=\"wp-block-list\">\n<li>Centros de consumo de bebidas alcoh\u00f3licas.<\/li>\n\n\n\n<li>Puntos de venta de bebidas alcoh\u00f3licas.<\/li>\n\n\n\n<li>Establecimientos que se dediquen a la elaboraci\u00f3n y\/o obtenci\u00f3n de bebidas alcoh\u00f3licas.<\/li>\n<\/ol>\n\n\n\n<p style=\"font-size:15px\">Asimismo, en los establecimientos que determine la autoridad sanitaria (trat\u00e1ndose de quejas, fiestas patronales, ferias, carnavales, etc.) dentro de las 11 Jurisdicciones Sanitarias del Estado de Veracruz.<\/p>\n\n\n\n<p class=\"has-text-align-left has-white-color has-text-color has-background\" style=\"background-color:#c5b9ac;font-size:15px\"><strong>Actividades relevantes<\/strong><\/p>\n\n\n\n<ul class=\"wp-block-list\">\n<li>Estrategia Nacional para la Prevenci\u00f3n del Consumo de Bebidas Alcoh\u00f3licas en Menores de Edad basada en dos ejes principales:\n<ul class=\"wp-block-list\">\n<li>Eje 1. Fomento sanitario a la poblaci\u00f3n.<\/li>\n\n\n\n<li>Eje 2. Operativos conjuntos de vigilancia sanitaria.<\/li>\n<\/ul>\n<\/li>\n\n\n\n<li>Estrategia para reducir la venta de alcohol ilegal y adulterado.<\/li>\n<\/ul>\n\n\n\n<h2 class=\"wp-block-heading has-text-align-center has-large-font-size\">MATERIALES DE DIFUSI\u00d3N<\/h2>\n\n\n\n<hr class=\"wp-block-separator has-text-color has-alpha-channel-opacity has-background is-style-wide\" style=\"background-color:#c5b9ac;color:#c5b9ac\" \/>\n\n\n\n<div style=\"height:39px\" aria-hidden=\"true\" class=\"wp-block-spacer\"><\/div>\n\n\n\n<div class=\"wp-block-columns is-layout-flex wp-container-core-columns-is-layout-28f84493 wp-block-columns-is-layout-flex\">\n<div class=\"wp-block-column is-layout-flow wp-block-column-is-layout-flow\">\n<figure class=\"wp-block-image size-large is-resized\"><a href=\"https:\/\/www.ssaver.gob.mx\/proteccioncontrariesgossanitarios\/wp-content\/uploads\/sites\/10\/2025\/02\/CARTEL-DI-NO-AL-ALCOHOL-1.pdf\" target=\"_blank\"><img loading=\"lazy\" decoding=\"async\" width=\"919\" height=\"1024\" src=\"https:\/\/www.ssaver.gob.mx\/proteccioncontrariesgossanitarios\/wp-content\/uploads\/sites\/10\/2025\/06\/Alcohol-protege-integridad-salud-metal-919x1024.png\" alt=\"\" class=\"wp-image-4763\" style=\"width:284px;height:auto\" srcset=\"https:\/\/www.ssaver.gob.mx\/proteccioncontrariesgossanitarios\/wp-content\/uploads\/sites\/10\/2025\/06\/Alcohol-protege-integridad-salud-metal-919x1024.png 919w, https:\/\/www.ssaver.gob.mx\/proteccioncontrariesgossanitarios\/wp-content\/uploads\/sites\/10\/2025\/06\/Alcohol-protege-integridad-salud-metal-269x300.png 269w, https:\/\/www.ssaver.gob.mx\/proteccioncontrariesgossanitarios\/wp-content\/uploads\/sites\/10\/2025\/06\/Alcohol-protege-integridad-salud-metal-768x856.png 768w, https:\/\/www.ssaver.gob.mx\/proteccioncontrariesgossanitarios\/wp-content\/uploads\/sites\/10\/2025\/06\/Alcohol-protege-integridad-salud-metal-1379x1536.png 1379w, https:\/\/www.ssaver.gob.mx\/proteccioncontrariesgossanitarios\/wp-content\/uploads\/sites\/10\/2025\/06\/Alcohol-protege-integridad-salud-metal-1838x2048.png 1838w\" sizes=\"auto, (max-width: 919px) 100vw, 919px\" \/><\/a><\/figure>\n<\/div>\n\n\n\n<div class=\"wp-block-column is-layout-flow wp-block-column-is-layout-flow\">\n<figure class=\"wp-block-image aligncenter size-large is-resized\"><a href=\"https:\/\/www.ssaver.gob.mx\/proteccioncontrariesgossanitarios\/wp-content\/uploads\/sites\/10\/2025\/02\/CARTEL-DI-NO-AL-ALCOHOL-2.pdf\" target=\"_blank\"><img loading=\"lazy\" decoding=\"async\" width=\"919\" height=\"1024\" src=\"https:\/\/www.ssaver.gob.mx\/proteccioncontrariesgossanitarios\/wp-content\/uploads\/sites\/10\/2025\/06\/Alcohol-di-no-alcohol-919x1024.png\" alt=\"\" class=\"wp-image-4764\" style=\"width:289px;height:auto\" srcset=\"https:\/\/www.ssaver.gob.mx\/proteccioncontrariesgossanitarios\/wp-content\/uploads\/sites\/10\/2025\/06\/Alcohol-di-no-alcohol-919x1024.png 919w, https:\/\/www.ssaver.gob.mx\/proteccioncontrariesgossanitarios\/wp-content\/uploads\/sites\/10\/2025\/06\/Alcohol-di-no-alcohol-269x300.png 269w, https:\/\/www.ssaver.gob.mx\/proteccioncontrariesgossanitarios\/wp-content\/uploads\/sites\/10\/2025\/06\/Alcohol-di-no-alcohol-768x856.png 768w, https:\/\/www.ssaver.gob.mx\/proteccioncontrariesgossanitarios\/wp-content\/uploads\/sites\/10\/2025\/06\/Alcohol-di-no-alcohol-1379x1536.png 1379w, https:\/\/www.ssaver.gob.mx\/proteccioncontrariesgossanitarios\/wp-content\/uploads\/sites\/10\/2025\/06\/Alcohol-di-no-alcohol-1838x2048.png 1838w\" sizes=\"auto, (max-width: 919px) 100vw, 919px\" \/><\/a><\/figure>\n<\/div>\n\n\n\n<div class=\"wp-block-column is-layout-flow wp-block-column-is-layout-flow\">\n<figure class=\"wp-block-image alignright size-large is-resized\"><a href=\"https:\/\/www.ssaver.gob.mx\/proteccioncontrariesgossanitarios\/wp-content\/uploads\/sites\/10\/2025\/04\/EL-ALCOHOL-NO-ES-UN-JUEGO_CARTEL.pdf\" target=\"_blank\"><img loading=\"lazy\" decoding=\"async\" width=\"919\" height=\"1024\" src=\"https:\/\/www.ssaver.gob.mx\/proteccioncontrariesgossanitarios\/wp-content\/uploads\/sites\/10\/2025\/06\/alcohol-29-919x1024.png\" alt=\"\" class=\"wp-image-4765\" style=\"width:283px;height:auto\" srcset=\"https:\/\/www.ssaver.gob.mx\/proteccioncontrariesgossanitarios\/wp-content\/uploads\/sites\/10\/2025\/06\/alcohol-29-919x1024.png 919w, https:\/\/www.ssaver.gob.mx\/proteccioncontrariesgossanitarios\/wp-content\/uploads\/sites\/10\/2025\/06\/alcohol-29-269x300.png 269w, https:\/\/www.ssaver.gob.mx\/proteccioncontrariesgossanitarios\/wp-content\/uploads\/sites\/10\/2025\/06\/alcohol-29-768x856.png 768w, https:\/\/www.ssaver.gob.mx\/proteccioncontrariesgossanitarios\/wp-content\/uploads\/sites\/10\/2025\/06\/alcohol-29-1379x1536.png 1379w, https:\/\/www.ssaver.gob.mx\/proteccioncontrariesgossanitarios\/wp-content\/uploads\/sites\/10\/2025\/06\/alcohol-29-1838x2048.png 1838w\" sizes=\"auto, (max-width: 919px) 100vw, 919px\" \/><\/a><\/figure>\n<\/div>\n<\/div>\n\n\n\n<div style=\"height:48px\" aria-hidden=\"true\" class=\"wp-block-spacer\"><\/div>\n\n\n\n<div class=\"wp-block-columns is-layout-flex wp-container-core-columns-is-layout-28f84493 wp-block-columns-is-layout-flex\">\n<div class=\"wp-block-column is-layout-flow wp-block-column-is-layout-flow\">\n<figure class=\"wp-block-image aligncenter size-large is-resized\"><img loading=\"lazy\" decoding=\"async\" width=\"919\" height=\"1024\" src=\"https:\/\/www.ssaver.gob.mx\/proteccioncontrariesgossanitarios\/wp-content\/uploads\/sites\/10\/2025\/06\/Alcohol-bebidas-alcohol-adulterado-919x1024.png\" alt=\"\" class=\"wp-image-4768\" style=\"width:293px;height:auto\" srcset=\"https:\/\/www.ssaver.gob.mx\/proteccioncontrariesgossanitarios\/wp-content\/uploads\/sites\/10\/2025\/06\/Alcohol-bebidas-alcohol-adulterado-919x1024.png 919w, https:\/\/www.ssaver.gob.mx\/proteccioncontrariesgossanitarios\/wp-content\/uploads\/sites\/10\/2025\/06\/Alcohol-bebidas-alcohol-adulterado-269x300.png 269w, https:\/\/www.ssaver.gob.mx\/proteccioncontrariesgossanitarios\/wp-content\/uploads\/sites\/10\/2025\/06\/Alcohol-bebidas-alcohol-adulterado-768x856.png 768w, https:\/\/www.ssaver.gob.mx\/proteccioncontrariesgossanitarios\/wp-content\/uploads\/sites\/10\/2025\/06\/Alcohol-bebidas-alcohol-adulterado-1379x1536.png 1379w, https:\/\/www.ssaver.gob.mx\/proteccioncontrariesgossanitarios\/wp-content\/uploads\/sites\/10\/2025\/06\/Alcohol-bebidas-alcohol-adulterado-1838x2048.png 1838w\" sizes=\"auto, (max-width: 919px) 100vw, 919px\" \/><\/figure>\n<\/div>\n<\/div>\n<\/div>\n","protected":false},"excerpt":{"rendered":"<p>OBJETIVO Reducir el consumo nocivo de alcohol, y de esa manera, promover un enfoque de salud p\u00fablica y de derechos<\/p>\n","protected":false},"author":15,"featured_media":0,"parent":0,"menu_order":0,"comment_status":"closed","ping_status":"closed","template":"","meta":{"colormag_page_container_layout":"default_layout","colormag_page_sidebar_layout":"default_layout","footnotes":""},"class_list":["post-1266","page","type-page","status-publish","hentry"],"_links":{"self":[{"href":"https:\/\/www.ssaver.gob.mx\/proteccioncontrariesgossanitarios\/wp-json\/wp\/v2\/pages\/1266","targetHints":{"allow":["GET"]}}],"collection":[{"href":"https:\/\/www.ssaver.gob.mx\/proteccioncontrariesgossanitarios\/wp-json\/wp\/v2\/pages"}],"about":[{"href":"https:\/\/www.ssaver.gob.mx\/proteccioncontrariesgossanitarios\/wp-json\/wp\/v2\/types\/page"}],"author":[{"embeddable":true,"href":"https:\/\/www.ssaver.gob.mx\/proteccioncontrariesgossanitarios\/wp-json\/wp\/v2\/users\/15"}],"replies":[{"embeddable":true,"href":"https:\/\/www.ssaver.gob.mx\/proteccioncontrariesgossanitarios\/wp-json\/wp\/v2\/comments?post=1266"}],"version-history":[{"count":38,"href":"https:\/\/www.ssaver.gob.mx\/proteccioncontrariesgossanitarios\/wp-json\/wp\/v2\/pages\/1266\/revisions"}],"predecessor-version":[{"id":5705,"href":"https:\/\/www.ssaver.gob.mx\/proteccioncontrariesgossanitarios\/wp-json\/wp\/v2\/pages\/1266\/revisions\/5705"}],"wp:attachment":[{"href":"https:\/\/www.ssaver.gob.mx\/proteccioncontrariesgossanitarios\/wp-json\/wp\/v2\/media?parent=1266"}],"curies":[{"name":"wp","href":"https:\/\/api.w.org\/{rel}","templated":true}]}}