{"id":1280,"date":"2022-09-07T11:31:46","date_gmt":"2022-09-07T16:31:46","guid":{"rendered":"https:\/\/www.ssaver.gob.mx\/proteccioncontrariesgossanitarios\/?page_id=1280"},"modified":"2026-04-17T11:55:08","modified_gmt":"2026-04-17T17:55:08","slug":"salubridad-local","status":"publish","type":"page","link":"https:\/\/www.ssaver.gob.mx\/proteccioncontrariesgossanitarios\/salubridad-local\/","title":{"rendered":"Salubridad Local"},"content":{"rendered":"\n<div class=\"wp-block-group is-layout-constrained wp-container-core-group-is-layout-9517baca wp-block-group-is-layout-constrained\">\n<figure class=\"wp-block-gallery has-nested-images columns-default is-cropped wp-block-gallery-1 is-layout-flex wp-block-gallery-is-layout-flex\">\n<figure class=\"wp-block-image size-large\"><img loading=\"lazy\" decoding=\"async\" width=\"1024\" height=\"368\" data-id=\"4980\" src=\"https:\/\/www.ssaver.gob.mx\/proteccioncontrariesgossanitarios\/wp-content\/uploads\/sites\/10\/2025\/08\/banner-salubridad-local-1024x368.png\" alt=\"\" class=\"wp-image-4980\" srcset=\"https:\/\/www.ssaver.gob.mx\/proteccioncontrariesgossanitarios\/wp-content\/uploads\/sites\/10\/2025\/08\/banner-salubridad-local-1024x368.png 1024w, https:\/\/www.ssaver.gob.mx\/proteccioncontrariesgossanitarios\/wp-content\/uploads\/sites\/10\/2025\/08\/banner-salubridad-local-300x108.png 300w, https:\/\/www.ssaver.gob.mx\/proteccioncontrariesgossanitarios\/wp-content\/uploads\/sites\/10\/2025\/08\/banner-salubridad-local-768x276.png 768w, https:\/\/www.ssaver.gob.mx\/proteccioncontrariesgossanitarios\/wp-content\/uploads\/sites\/10\/2025\/08\/banner-salubridad-local-1536x553.png 1536w, https:\/\/www.ssaver.gob.mx\/proteccioncontrariesgossanitarios\/wp-content\/uploads\/sites\/10\/2025\/08\/banner-salubridad-local-2048x737.png 2048w\" sizes=\"auto, (max-width: 1024px) 100vw, 1024px\" \/><\/figure>\n<\/figure>\n\n\n\n<h2 class=\"wp-block-heading has-text-align-center has-large-font-size\">OBJETIVO<\/h2>\n\n\n\n<hr class=\"wp-block-separator has-text-color has-alpha-channel-opacity has-background is-style-wide\" style=\"background-color:#fd4a5c;color:#fd4a5c\" \/>\n\n\n\n<p class=\"has-text-align-center\" style=\"font-size:15px\">Contribuir en la prevenci\u00f3n, control y disminuci\u00f3n de las enfermedades de la poblaci\u00f3n veracruzana con \u00e9nfasis en COVID-19, arbovirosis y otras enfermedades, que de acuerdo a su epidemiolog\u00eda est\u00e1n relacionadas a los factores de riesgo sanitario presentes en los establecimientos de salubridad local de los Sectores P\u00fablico, Social y Privado, a trav\u00e9s de acciones de regulaci\u00f3n, control, vigilancia y fomento sanitario.<\/p>\n\n\n\n<p class=\"has-text-align-left has-white-color has-text-color has-background\" style=\"background-color:#fd4a5c;font-size:15px\"><strong>Poblaci\u00f3n objetivo<\/strong><\/p>\n\n\n\n<p class=\"has-text-align-left has-black-color has-white-background-color has-text-color has-background\" style=\"font-size:15px\">El programa se realizar\u00e1 del 1 de enero al 31 de diciembre de 2026 en las 11 Jurisdicciones Sanitarias del estado de Veracruz y est\u00e1 dirigido a los establecimientos de salubridad local que representan mayor riesgo sanitario para la poblaci\u00f3n.<\/p>\n\n\n\n<p class=\"has-text-align-left has-white-color has-text-color has-background\" style=\"background-color:#fd4a5c;font-size:15px\"><strong>Actividades relevantes<\/strong><\/p>\n\n\n\n<ul class=\"wp-block-list\">\n<li>Promover el ejercicio de la facultad reglamentaria de los municipios del Estado.<\/li>\n\n\n\n<li>Contribuir en la elaboraci\u00f3n del manual de procedimientos de vigilancia sanitaria.<\/li>\n\n\n\n<li>Consolidar y difundir el Sistema Electr\u00f3nico de Aviso de Funcionamiento en L\u00ednea.<\/li>\n\n\n\n<li>Revisar y actualizar los documentos legales para las herramientas t\u00e9cnicas de vigilancia sanitaria de establecimientos de salubridad local (acta y gu\u00eda de aplicaci\u00f3n del acta de visita de verificaci\u00f3n sanitaria; proyecto de dictamen).<\/li>\n\n\n\n<li>Realizar visitas de verificaci\u00f3n sanitaria a los establecimientos de salubridad local que representen mayor riesgo en el desarrollo de enfermedades de la poblaci\u00f3n veracruzana, con \u00e9nfasis en la b\u00fasqueda de criaderos del mosquito transmisor del Dengue, Zika y Chikungunya.<\/li>\n<\/ul>\n\n\n\n<p class=\"has-text-align-left has-white-color has-text-color has-background\" style=\"background-color:#fd4a5c;font-size:15px\"><strong>Proceso para realizar la gu\u00eda de autoevaluaci\u00f3n para la prevenci\u00f3n de riesgos sanitarios en escuelas &#8211; Saneamiento B\u00e1sico<\/strong><\/p>\n\n\n\n<div class=\"wp-block-group is-layout-flow wp-block-group-is-layout-flow\">\n<p class=\"has-text-align-center\"><a rel=\"noreferrer noopener\" href=\"https:\/\/www.ssaver.gob.mx\/proteccioncontrariesgossanitarios\/materiall-escuelas\/\" target=\"_blank\"><img loading=\"lazy\" decoding=\"async\" width=\"420\" height=\"356\" class=\"wp-image-1795\" style=\"width: 250px\" src=\"https:\/\/www.ssaver.gob.mx\/proteccioncontrariesgossanitarios\/wp-content\/uploads\/sites\/10\/2022\/11\/boton1Recurso-5.png\" alt=\"\" srcset=\"https:\/\/www.ssaver.gob.mx\/proteccioncontrariesgossanitarios\/wp-content\/uploads\/sites\/10\/2022\/11\/boton1Recurso-5.png 420w, https:\/\/www.ssaver.gob.mx\/proteccioncontrariesgossanitarios\/wp-content\/uploads\/sites\/10\/2022\/11\/boton1Recurso-5-300x254.png 300w\" sizes=\"auto, (max-width: 420px) 100vw, 420px\" \/><\/a><a rel=\"noreferrer noopener\" href=\"https:\/\/forms.gle\/EgNhjHbjEX7kktyB7\" target=\"_blank\"><img loading=\"lazy\" decoding=\"async\" width=\"470\" height=\"379\" class=\"wp-image-1796\" style=\"width: 265px\" src=\"https:\/\/www.ssaver.gob.mx\/proteccioncontrariesgossanitarios\/wp-content\/uploads\/sites\/10\/2022\/11\/boton2Recurso-6.png\" alt=\"\" srcset=\"https:\/\/www.ssaver.gob.mx\/proteccioncontrariesgossanitarios\/wp-content\/uploads\/sites\/10\/2022\/11\/boton2Recurso-6.png 470w, https:\/\/www.ssaver.gob.mx\/proteccioncontrariesgossanitarios\/wp-content\/uploads\/sites\/10\/2022\/11\/boton2Recurso-6-300x242.png 300w\" sizes=\"auto, (max-width: 470px) 100vw, 470px\" \/><\/a><a href=\"https:\/\/wa.me\/message\/RFWVQS46I4GJA1\"><img loading=\"lazy\" decoding=\"async\" width=\"559\" height=\"357\" class=\"wp-image-1797\" style=\"width: 330px\" src=\"https:\/\/www.ssaver.gob.mx\/proteccioncontrariesgossanitarios\/wp-content\/uploads\/sites\/10\/2022\/11\/boton3Recurso-7.png\" alt=\"\" srcset=\"https:\/\/www.ssaver.gob.mx\/proteccioncontrariesgossanitarios\/wp-content\/uploads\/sites\/10\/2022\/11\/boton3Recurso-7.png 559w, https:\/\/www.ssaver.gob.mx\/proteccioncontrariesgossanitarios\/wp-content\/uploads\/sites\/10\/2022\/11\/boton3Recurso-7-300x192.png 300w, https:\/\/www.ssaver.gob.mx\/proteccioncontrariesgossanitarios\/wp-content\/uploads\/sites\/10\/2022\/11\/boton3Recurso-7-115x73.png 115w\" sizes=\"auto, (max-width: 559px) 100vw, 559px\" \/><\/a><\/p>\n<\/div>\n\n\n\n<h2 class=\"wp-block-heading has-text-align-center has-large-font-size\">MATERIALES DE DIFUSI\u00d3N<\/h2>\n\n\n\n<hr class=\"wp-block-separator has-text-color has-alpha-channel-opacity has-background is-style-wide\" style=\"background-color:#fd4a5c;color:#fd4a5c\" \/>\n\n\n\n<div class=\"wp-block-columns are-vertically-aligned-top is-layout-flex wp-container-core-columns-is-layout-28f84493 wp-block-columns-is-layout-flex\">\n<div class=\"wp-block-column is-vertically-aligned-top is-layout-flow wp-block-column-is-layout-flow\">\n<figure class=\"wp-block-image size-full is-resized\"><a href=\"https:\/\/www.ssaver.gob.mx\/proteccioncontrariesgossanitarios\/wp-content\/uploads\/sites\/10\/2025\/02\/REQUERIMIENTOS-SANITARIOS-HOTELES-MOTELES-SIMILARES-2025-.pdf\" target=\"_blank\"><img loading=\"lazy\" decoding=\"async\" width=\"2298\" height=\"2560\" src=\"https:\/\/www.ssaver.gob.mx\/proteccioncontrariesgossanitarios\/wp-content\/uploads\/sites\/10\/2025\/05\/salubridad-local-55-scaled.png\" alt=\"\" class=\"wp-image-4598\" style=\"width:213px\" srcset=\"https:\/\/www.ssaver.gob.mx\/proteccioncontrariesgossanitarios\/wp-content\/uploads\/sites\/10\/2025\/05\/salubridad-local-55-scaled.png 2298w, https:\/\/www.ssaver.gob.mx\/proteccioncontrariesgossanitarios\/wp-content\/uploads\/sites\/10\/2025\/05\/salubridad-local-55-269x300.png 269w, https:\/\/www.ssaver.gob.mx\/proteccioncontrariesgossanitarios\/wp-content\/uploads\/sites\/10\/2025\/05\/salubridad-local-55-919x1024.png 919w, https:\/\/www.ssaver.gob.mx\/proteccioncontrariesgossanitarios\/wp-content\/uploads\/sites\/10\/2025\/05\/salubridad-local-55-768x856.png 768w, https:\/\/www.ssaver.gob.mx\/proteccioncontrariesgossanitarios\/wp-content\/uploads\/sites\/10\/2025\/05\/salubridad-local-55-1379x1536.png 1379w, https:\/\/www.ssaver.gob.mx\/proteccioncontrariesgossanitarios\/wp-content\/uploads\/sites\/10\/2025\/05\/salubridad-local-55-1838x2048.png 1838w\" sizes=\"auto, (max-width: 2298px) 100vw, 2298px\" \/><\/a><\/figure>\n<\/div>\n\n\n\n<div class=\"wp-block-column is-vertically-aligned-top is-layout-flow wp-block-column-is-layout-flow\">\n<figure class=\"wp-block-image size-full is-resized\"><a href=\"https:\/\/www.ssaver.gob.mx\/proteccioncontrariesgossanitarios\/wp-content\/uploads\/sites\/10\/2025\/04\/DIPTICO-REGULACION-EN-CENTROS-RECREATIVOS-2025.pdf\" target=\"_blank\"><img loading=\"lazy\" decoding=\"async\" width=\"2298\" height=\"2560\" src=\"https:\/\/www.ssaver.gob.mx\/proteccioncontrariesgossanitarios\/wp-content\/uploads\/sites\/10\/2025\/05\/salubridad-local-53-scaled.png\" alt=\"\" class=\"wp-image-4611\" style=\"object-fit:contain;width:220px;height:235px\" srcset=\"https:\/\/www.ssaver.gob.mx\/proteccioncontrariesgossanitarios\/wp-content\/uploads\/sites\/10\/2025\/05\/salubridad-local-53-scaled.png 2298w, https:\/\/www.ssaver.gob.mx\/proteccioncontrariesgossanitarios\/wp-content\/uploads\/sites\/10\/2025\/05\/salubridad-local-53-269x300.png 269w, https:\/\/www.ssaver.gob.mx\/proteccioncontrariesgossanitarios\/wp-content\/uploads\/sites\/10\/2025\/05\/salubridad-local-53-919x1024.png 919w, https:\/\/www.ssaver.gob.mx\/proteccioncontrariesgossanitarios\/wp-content\/uploads\/sites\/10\/2025\/05\/salubridad-local-53-768x856.png 768w, https:\/\/www.ssaver.gob.mx\/proteccioncontrariesgossanitarios\/wp-content\/uploads\/sites\/10\/2025\/05\/salubridad-local-53-1379x1536.png 1379w, https:\/\/www.ssaver.gob.mx\/proteccioncontrariesgossanitarios\/wp-content\/uploads\/sites\/10\/2025\/05\/salubridad-local-53-1838x2048.png 1838w\" sizes=\"auto, (max-width: 2298px) 100vw, 2298px\" \/><\/a><\/figure>\n<\/div>\n\n\n\n<div class=\"wp-block-column is-vertically-aligned-top is-layout-flow wp-block-column-is-layout-flow\">\n<figure class=\"wp-block-image size-full is-resized\"><a href=\"https:\/\/www.ssaver.gob.mx\/proteccioncontrariesgossanitarios\/wp-content\/uploads\/sites\/10\/2025\/04\/DIPTICO-MERCADO-LIBRE-DE-RIESGOS-2025.pdf\" target=\"_blank\"><img loading=\"lazy\" decoding=\"async\" width=\"2298\" height=\"2560\" src=\"https:\/\/www.ssaver.gob.mx\/proteccioncontrariesgossanitarios\/wp-content\/uploads\/sites\/10\/2025\/05\/salubridad-local-54-scaled.png\" alt=\"\" class=\"wp-image-4613\" style=\"width:213px;height:235px\" srcset=\"https:\/\/www.ssaver.gob.mx\/proteccioncontrariesgossanitarios\/wp-content\/uploads\/sites\/10\/2025\/05\/salubridad-local-54-scaled.png 2298w, https:\/\/www.ssaver.gob.mx\/proteccioncontrariesgossanitarios\/wp-content\/uploads\/sites\/10\/2025\/05\/salubridad-local-54-269x300.png 269w, https:\/\/www.ssaver.gob.mx\/proteccioncontrariesgossanitarios\/wp-content\/uploads\/sites\/10\/2025\/05\/salubridad-local-54-919x1024.png 919w, https:\/\/www.ssaver.gob.mx\/proteccioncontrariesgossanitarios\/wp-content\/uploads\/sites\/10\/2025\/05\/salubridad-local-54-768x856.png 768w, https:\/\/www.ssaver.gob.mx\/proteccioncontrariesgossanitarios\/wp-content\/uploads\/sites\/10\/2025\/05\/salubridad-local-54-1379x1536.png 1379w, https:\/\/www.ssaver.gob.mx\/proteccioncontrariesgossanitarios\/wp-content\/uploads\/sites\/10\/2025\/05\/salubridad-local-54-1838x2048.png 1838w\" sizes=\"auto, (max-width: 2298px) 100vw, 2298px\" \/><\/a><\/figure>\n<\/div>\n<\/div>\n\n\n\n<div class=\"wp-block-columns are-vertically-aligned-top is-layout-flex wp-container-core-columns-is-layout-28f84493 wp-block-columns-is-layout-flex\">\n<div class=\"wp-block-column is-vertically-aligned-top is-layout-flow wp-block-column-is-layout-flow\">\n<figure class=\"wp-block-image size-full is-resized\"><a href=\"https:\/\/www.ssaver.gob.mx\/proteccioncontrariesgossanitarios\/wp-content\/uploads\/sites\/10\/2025\/02\/DIPTICO-INFORMAR-PARA-PROTEGER-LEY-588.pdf\" target=\"_blank\"><img loading=\"lazy\" decoding=\"async\" width=\"2298\" height=\"2560\" src=\"https:\/\/www.ssaver.gob.mx\/proteccioncontrariesgossanitarios\/wp-content\/uploads\/sites\/10\/2025\/05\/salubridad-local-51-scaled.png\" alt=\"\" class=\"wp-image-4605\" style=\"width:213px\" srcset=\"https:\/\/www.ssaver.gob.mx\/proteccioncontrariesgossanitarios\/wp-content\/uploads\/sites\/10\/2025\/05\/salubridad-local-51-scaled.png 2298w, https:\/\/www.ssaver.gob.mx\/proteccioncontrariesgossanitarios\/wp-content\/uploads\/sites\/10\/2025\/05\/salubridad-local-51-269x300.png 269w, https:\/\/www.ssaver.gob.mx\/proteccioncontrariesgossanitarios\/wp-content\/uploads\/sites\/10\/2025\/05\/salubridad-local-51-919x1024.png 919w, https:\/\/www.ssaver.gob.mx\/proteccioncontrariesgossanitarios\/wp-content\/uploads\/sites\/10\/2025\/05\/salubridad-local-51-768x856.png 768w, https:\/\/www.ssaver.gob.mx\/proteccioncontrariesgossanitarios\/wp-content\/uploads\/sites\/10\/2025\/05\/salubridad-local-51-1379x1536.png 1379w, https:\/\/www.ssaver.gob.mx\/proteccioncontrariesgossanitarios\/wp-content\/uploads\/sites\/10\/2025\/05\/salubridad-local-51-1838x2048.png 1838w\" sizes=\"auto, (max-width: 2298px) 100vw, 2298px\" \/><\/a><\/figure>\n<\/div>\n\n\n\n<div class=\"wp-block-column is-vertically-aligned-top is-layout-flow wp-block-column-is-layout-flow\">\n<figure class=\"wp-block-image size-large is-resized\"><img loading=\"lazy\" decoding=\"async\" width=\"907\" height=\"1024\" src=\"https:\/\/www.ssaver.gob.mx\/proteccioncontrariesgossanitarios\/wp-content\/uploads\/sites\/10\/2023\/07\/tinaco-21-907x1024.png\" alt=\"\" class=\"wp-image-3107\" style=\"width:221px;height:249px\" srcset=\"https:\/\/www.ssaver.gob.mx\/proteccioncontrariesgossanitarios\/wp-content\/uploads\/sites\/10\/2023\/07\/tinaco-21-907x1024.png 907w, https:\/\/www.ssaver.gob.mx\/proteccioncontrariesgossanitarios\/wp-content\/uploads\/sites\/10\/2023\/07\/tinaco-21-266x300.png 266w, https:\/\/www.ssaver.gob.mx\/proteccioncontrariesgossanitarios\/wp-content\/uploads\/sites\/10\/2023\/07\/tinaco-21-768x867.png 768w, https:\/\/www.ssaver.gob.mx\/proteccioncontrariesgossanitarios\/wp-content\/uploads\/sites\/10\/2023\/07\/tinaco-21-1361x1536.png 1361w, https:\/\/www.ssaver.gob.mx\/proteccioncontrariesgossanitarios\/wp-content\/uploads\/sites\/10\/2023\/07\/tinaco-21.png 1811w\" sizes=\"auto, (max-width: 907px) 100vw, 907px\" \/><\/figure>\n<\/div>\n\n\n\n<div class=\"wp-block-column is-vertically-aligned-top is-layout-flow wp-block-column-is-layout-flow\">\n<figure class=\"wp-block-image size-full is-resized\"><a href=\"https:\/\/www.ssaver.gob.mx\/proteccioncontrariesgossanitarios\/wp-content\/uploads\/sites\/10\/2025\/04\/CARTEL-ESCUELA-LIBRE-DE-RIESGOS-2025.pdf\" target=\"_blank\"><img loading=\"lazy\" decoding=\"async\" width=\"2298\" height=\"2560\" src=\"https:\/\/www.ssaver.gob.mx\/proteccioncontrariesgossanitarios\/wp-content\/uploads\/sites\/10\/2025\/05\/salubridad-local-49-scaled.png\" alt=\"\" class=\"wp-image-4601\" style=\"width:214px;height:241px\" srcset=\"https:\/\/www.ssaver.gob.mx\/proteccioncontrariesgossanitarios\/wp-content\/uploads\/sites\/10\/2025\/05\/salubridad-local-49-scaled.png 2298w, https:\/\/www.ssaver.gob.mx\/proteccioncontrariesgossanitarios\/wp-content\/uploads\/sites\/10\/2025\/05\/salubridad-local-49-269x300.png 269w, https:\/\/www.ssaver.gob.mx\/proteccioncontrariesgossanitarios\/wp-content\/uploads\/sites\/10\/2025\/05\/salubridad-local-49-919x1024.png 919w, https:\/\/www.ssaver.gob.mx\/proteccioncontrariesgossanitarios\/wp-content\/uploads\/sites\/10\/2025\/05\/salubridad-local-49-768x856.png 768w, https:\/\/www.ssaver.gob.mx\/proteccioncontrariesgossanitarios\/wp-content\/uploads\/sites\/10\/2025\/05\/salubridad-local-49-1379x1536.png 1379w, https:\/\/www.ssaver.gob.mx\/proteccioncontrariesgossanitarios\/wp-content\/uploads\/sites\/10\/2025\/05\/salubridad-local-49-1838x2048.png 1838w\" sizes=\"auto, (max-width: 2298px) 100vw, 2298px\" \/><\/a><\/figure>\n<\/div>\n<\/div>\n\n\n\n<div class=\"wp-block-columns are-vertically-aligned-top is-layout-flex wp-container-core-columns-is-layout-28f84493 wp-block-columns-is-layout-flex\">\n<div class=\"wp-block-column is-vertically-aligned-top is-layout-flow wp-block-column-is-layout-flow\">\n<figure class=\"wp-block-image size-full is-resized\"><a href=\"https:\/\/www.ssaver.gob.mx\/proteccioncontrariesgossanitarios\/wp-content\/uploads\/sites\/10\/2025\/04\/DIPTICO-LAVA-Y-DESINFECTA-TU-TINACO-2025.pdf\" target=\"_blank\" rel=\" \"><img loading=\"lazy\" decoding=\"async\" width=\"2298\" height=\"2560\" src=\"https:\/\/www.ssaver.gob.mx\/proteccioncontrariesgossanitarios\/wp-content\/uploads\/sites\/10\/2025\/05\/salubridad-local-52-scaled.png\" alt=\"\" class=\"wp-image-4608\" style=\"aspect-ratio:0.9815668202764977;object-fit:contain;width:243px;height:auto\" srcset=\"https:\/\/www.ssaver.gob.mx\/proteccioncontrariesgossanitarios\/wp-content\/uploads\/sites\/10\/2025\/05\/salubridad-local-52-scaled.png 2298w, https:\/\/www.ssaver.gob.mx\/proteccioncontrariesgossanitarios\/wp-content\/uploads\/sites\/10\/2025\/05\/salubridad-local-52-269x300.png 269w, https:\/\/www.ssaver.gob.mx\/proteccioncontrariesgossanitarios\/wp-content\/uploads\/sites\/10\/2025\/05\/salubridad-local-52-919x1024.png 919w, https:\/\/www.ssaver.gob.mx\/proteccioncontrariesgossanitarios\/wp-content\/uploads\/sites\/10\/2025\/05\/salubridad-local-52-768x856.png 768w, https:\/\/www.ssaver.gob.mx\/proteccioncontrariesgossanitarios\/wp-content\/uploads\/sites\/10\/2025\/05\/salubridad-local-52-1379x1536.png 1379w, https:\/\/www.ssaver.gob.mx\/proteccioncontrariesgossanitarios\/wp-content\/uploads\/sites\/10\/2025\/05\/salubridad-local-52-1838x2048.png 1838w\" sizes=\"auto, (max-width: 2298px) 100vw, 2298px\" \/><\/a><\/figure>\n<\/div>\n\n\n\n<div class=\"wp-block-column is-vertically-aligned-top is-layout-flow wp-block-column-is-layout-flow\">\n<figure class=\"wp-block-image size-full is-resized\"><a href=\"https:\/\/www.ssaver.gob.mx\/proteccioncontrariesgossanitarios\/wp-content\/uploads\/sites\/10\/2025\/02\/CARTEL-PREVENCION-DENGUE-2025.pdf\" target=\"_blank\"><img loading=\"lazy\" decoding=\"async\" width=\"2298\" height=\"2560\" src=\"https:\/\/www.ssaver.gob.mx\/proteccioncontrariesgossanitarios\/wp-content\/uploads\/sites\/10\/2025\/05\/salubridad-local-50-scaled.png\" alt=\"\" class=\"wp-image-4603\" style=\"aspect-ratio:0.8875502008032129;width:229px;height:auto\" srcset=\"https:\/\/www.ssaver.gob.mx\/proteccioncontrariesgossanitarios\/wp-content\/uploads\/sites\/10\/2025\/05\/salubridad-local-50-scaled.png 2298w, https:\/\/www.ssaver.gob.mx\/proteccioncontrariesgossanitarios\/wp-content\/uploads\/sites\/10\/2025\/05\/salubridad-local-50-269x300.png 269w, https:\/\/www.ssaver.gob.mx\/proteccioncontrariesgossanitarios\/wp-content\/uploads\/sites\/10\/2025\/05\/salubridad-local-50-919x1024.png 919w, https:\/\/www.ssaver.gob.mx\/proteccioncontrariesgossanitarios\/wp-content\/uploads\/sites\/10\/2025\/05\/salubridad-local-50-768x856.png 768w, https:\/\/www.ssaver.gob.mx\/proteccioncontrariesgossanitarios\/wp-content\/uploads\/sites\/10\/2025\/05\/salubridad-local-50-1379x1536.png 1379w, https:\/\/www.ssaver.gob.mx\/proteccioncontrariesgossanitarios\/wp-content\/uploads\/sites\/10\/2025\/05\/salubridad-local-50-1838x2048.png 1838w\" sizes=\"auto, (max-width: 2298px) 100vw, 2298px\" \/><\/a><\/figure>\n<\/div>\n\n\n\n<div class=\"wp-block-column is-vertically-aligned-top is-layout-flow wp-block-column-is-layout-flow\">\n<figure class=\"wp-block-image size-large is-resized\"><a href=\"https:\/\/www.ssaver.gob.mx\/proteccioncontrariesgossanitarios\/wp-content\/uploads\/sites\/10\/2025\/04\/CHECK-LIST_ESTRATEGIA-DENGUE-domiciliar.-2025-pdf.pdf\" target=\"_blank\" rel=\" noreferrer noopener\"><img loading=\"lazy\" decoding=\"async\" width=\"907\" height=\"1024\" src=\"https:\/\/www.ssaver.gob.mx\/proteccioncontrariesgossanitarios\/wp-content\/uploads\/sites\/10\/2024\/08\/Boton-material-check-list-907x1024.png\" alt=\"\" class=\"wp-image-3979\" style=\"aspect-ratio:0.8879668049792531;width:226px;height:auto\" srcset=\"https:\/\/www.ssaver.gob.mx\/proteccioncontrariesgossanitarios\/wp-content\/uploads\/sites\/10\/2024\/08\/Boton-material-check-list-907x1024.png 907w, https:\/\/www.ssaver.gob.mx\/proteccioncontrariesgossanitarios\/wp-content\/uploads\/sites\/10\/2024\/08\/Boton-material-check-list-266x300.png 266w, https:\/\/www.ssaver.gob.mx\/proteccioncontrariesgossanitarios\/wp-content\/uploads\/sites\/10\/2024\/08\/Boton-material-check-list-768x867.png 768w, https:\/\/www.ssaver.gob.mx\/proteccioncontrariesgossanitarios\/wp-content\/uploads\/sites\/10\/2024\/08\/Boton-material-check-list-1361x1536.png 1361w, https:\/\/www.ssaver.gob.mx\/proteccioncontrariesgossanitarios\/wp-content\/uploads\/sites\/10\/2024\/08\/Boton-material-check-list.png 1811w\" sizes=\"auto, (max-width: 907px) 100vw, 907px\" \/><\/a><\/figure>\n<\/div>\n<\/div>\n\n\n\n<p><\/p>\n<\/div>\n","protected":false},"excerpt":{"rendered":"<p>OBJETIVO Contribuir en la prevenci\u00f3n, control y disminuci\u00f3n de las enfermedades de la poblaci\u00f3n veracruzana con \u00e9nfasis en COVID-19, arbovirosis<\/p>\n","protected":false},"author":15,"featured_media":0,"parent":0,"menu_order":0,"comment_status":"closed","ping_status":"closed","template":"","meta":{"colormag_page_container_layout":"default_layout","colormag_page_sidebar_layout":"default_layout","footnotes":""},"class_list":["post-1280","page","type-page","status-publish","hentry"],"_links":{"self":[{"href":"https:\/\/www.ssaver.gob.mx\/proteccioncontrariesgossanitarios\/wp-json\/wp\/v2\/pages\/1280","targetHints":{"allow":["GET"]}}],"collection":[{"href":"https:\/\/www.ssaver.gob.mx\/proteccioncontrariesgossanitarios\/wp-json\/wp\/v2\/pages"}],"about":[{"href":"https:\/\/www.ssaver.gob.mx\/proteccioncontrariesgossanitarios\/wp-json\/wp\/v2\/types\/page"}],"author":[{"embeddable":true,"href":"https:\/\/www.ssaver.gob.mx\/proteccioncontrariesgossanitarios\/wp-json\/wp\/v2\/users\/15"}],"replies":[{"embeddable":true,"href":"https:\/\/www.ssaver.gob.mx\/proteccioncontrariesgossanitarios\/wp-json\/wp\/v2\/comments?post=1280"}],"version-history":[{"count":50,"href":"https:\/\/www.ssaver.gob.mx\/proteccioncontrariesgossanitarios\/wp-json\/wp\/v2\/pages\/1280\/revisions"}],"predecessor-version":[{"id":6211,"href":"https:\/\/www.ssaver.gob.mx\/proteccioncontrariesgossanitarios\/wp-json\/wp\/v2\/pages\/1280\/revisions\/6211"}],"wp:attachment":[{"href":"https:\/\/www.ssaver.gob.mx\/proteccioncontrariesgossanitarios\/wp-json\/wp\/v2\/media?parent=1280"}],"curies":[{"name":"wp","href":"https:\/\/api.w.org\/{rel}","templated":true}]}}