{"id":1689,"date":"2022-10-31T16:05:14","date_gmt":"2022-10-31T22:05:14","guid":{"rendered":"https:\/\/www.ssaver.gob.mx\/proteccioncontrariesgossanitarios\/?page_id=1689"},"modified":"2026-02-25T18:46:03","modified_gmt":"2026-02-26T00:46:03","slug":"pere","status":"publish","type":"page","link":"https:\/\/www.ssaver.gob.mx\/proteccioncontrariesgossanitarios\/pere\/","title":{"rendered":"P.E.R.E"},"content":{"rendered":"\n<div class=\"wp-block-group is-layout-constrained wp-container-core-group-is-layout-9517baca wp-block-group-is-layout-constrained\">\n<figure class=\"wp-block-gallery has-nested-images columns-default is-cropped wp-block-gallery-1 is-layout-flex wp-block-gallery-is-layout-flex\">\n<figure class=\"wp-block-image size-large\"><img loading=\"lazy\" decoding=\"async\" width=\"1024\" height=\"370\" data-id=\"1690\" src=\"https:\/\/www.ssaver.gob.mx\/proteccioncontrariesgossanitarios\/wp-content\/uploads\/sites\/10\/2022\/10\/botonRecurso-10-1-1024x370.png\" alt=\"\" class=\"wp-image-1690\" srcset=\"https:\/\/www.ssaver.gob.mx\/proteccioncontrariesgossanitarios\/wp-content\/uploads\/sites\/10\/2022\/10\/botonRecurso-10-1-1024x370.png 1024w, https:\/\/www.ssaver.gob.mx\/proteccioncontrariesgossanitarios\/wp-content\/uploads\/sites\/10\/2022\/10\/botonRecurso-10-1-300x108.png 300w, https:\/\/www.ssaver.gob.mx\/proteccioncontrariesgossanitarios\/wp-content\/uploads\/sites\/10\/2022\/10\/botonRecurso-10-1-768x277.png 768w, https:\/\/www.ssaver.gob.mx\/proteccioncontrariesgossanitarios\/wp-content\/uploads\/sites\/10\/2022\/10\/botonRecurso-10-1-1536x554.png 1536w, https:\/\/www.ssaver.gob.mx\/proteccioncontrariesgossanitarios\/wp-content\/uploads\/sites\/10\/2022\/10\/botonRecurso-10-1.png 1928w\" sizes=\"auto, (max-width: 1024px) 100vw, 1024px\" \/><\/figure>\n<\/figure>\n\n\n\n<h2 class=\"wp-block-heading has-text-align-center has-black-color has-text-color has-large-font-size\" style=\"font-style:normal;font-weight:500\">OBJETIVO<\/h2>\n\n\n\n<hr class=\"wp-block-separator has-text-color has-alpha-channel-opacity has-background is-style-wide\" style=\"background-color:#94c11f;color:#94c11f\" \/>\n\n\n\n<p class=\"has-text-align-center\" style=\"font-size:15px\">Brindar seguridad y protecci\u00f3n a la poblaci\u00f3n y a su entorno en caso de una emergencia radiol\u00f3gica en la Central Laguna Verde (CLV).<\/p>\n\n\n\n<p class=\"has-text-align-left has-white-color has-text-color has-background\" style=\"background-color:#94c11f;font-size:15px\"><strong>Poblaci\u00f3n objetivo<\/strong><\/p>\n\n\n\n<p class=\"has-text-align-left has-black-color has-white-background-color has-text-color has-background\" style=\"font-size:15px\">Aplicar las acciones necesarias con la finalidad de disminuir riesgos y da\u00f1os a la salud de la poblaci\u00f3n en caso de una eventual emergencia radiol\u00f3gica en la Central Nucleoel\u00e9ctrica de Laguna Verde.<\/p>\n\n\n\n<p class=\"has-text-align-left has-white-color has-text-color has-background\" style=\"background-color:#94c11f;font-size:15px\"><strong>Actividades relevantes<\/strong><\/p>\n\n\n\n<ul style=\"font-size:15px\" class=\"wp-block-list\">\n<li>Contar con un padr\u00f3n de Instructores PERE altamente capacitado y comprometido a proporcionar capacitaci\u00f3n constante y continua a los elementos de la FT86.<\/li>\n\n\n\n<li>Proporcionar la capacitaci\u00f3n interna (instructores PERE) y atender la capacitaci\u00f3n externa (CENAPRED, CNSNS, OIEA,&nbsp; etc.) de las 8 unidades que conforman la fuerza de tarea 86; cada una de ellas est\u00e1 especializada en actividades de control de la exposici\u00f3n radiol\u00f3gica, monitoreo y clasificaci\u00f3n de evacuados, traslado de lesionados, atenci\u00f3n m\u00e9dica general, atenci\u00f3n m\u00e9dica a personas irradiadas o radiactivamente contaminadas, profilaxis radiol\u00f3gica, monitoreo radiol\u00f3gico de agua y alimento y la supervisi\u00f3n sanitaria de refugios temporales ante un desastre nuclear.<\/li>\n\n\n\n<li>Atender la supervisi\u00f3n del personal del Centro Nacional de Atenci\u00f3n de Desastres (CENAPRED), a trav\u00e9s de simulacros o ejercicios de gabinete.<\/li>\n\n\n\n<li>Coordinar y vincularse con las 9 Fuerzas de tarea que conforman el COPERE para mantener la vigencia de los protocolos del Plan de Emergencia Radiol\u00f3gica Externo.<\/li>\n\n\n\n<li>Mantener la comunicaci\u00f3n constante con las fuerzas de tarea del COPERE, lo que implica atender y estar preparados a los llamados a simulacros, ejercicios y emergencias reales.<\/li>\n<\/ul>\n<\/div>\n","protected":false},"excerpt":{"rendered":"<p>OBJETIVO Brindar seguridad y protecci\u00f3n a la poblaci\u00f3n y a su entorno en caso de una emergencia radiol\u00f3gica en la<\/p>\n","protected":false},"author":15,"featured_media":0,"parent":0,"menu_order":0,"comment_status":"closed","ping_status":"closed","template":"","meta":{"colormag_page_container_layout":"default_layout","colormag_page_sidebar_layout":"default_layout","footnotes":""},"class_list":["post-1689","page","type-page","status-publish","hentry"],"_links":{"self":[{"href":"https:\/\/www.ssaver.gob.mx\/proteccioncontrariesgossanitarios\/wp-json\/wp\/v2\/pages\/1689","targetHints":{"allow":["GET"]}}],"collection":[{"href":"https:\/\/www.ssaver.gob.mx\/proteccioncontrariesgossanitarios\/wp-json\/wp\/v2\/pages"}],"about":[{"href":"https:\/\/www.ssaver.gob.mx\/proteccioncontrariesgossanitarios\/wp-json\/wp\/v2\/types\/page"}],"author":[{"embeddable":true,"href":"https:\/\/www.ssaver.gob.mx\/proteccioncontrariesgossanitarios\/wp-json\/wp\/v2\/users\/15"}],"replies":[{"embeddable":true,"href":"https:\/\/www.ssaver.gob.mx\/proteccioncontrariesgossanitarios\/wp-json\/wp\/v2\/comments?post=1689"}],"version-history":[{"count":5,"href":"https:\/\/www.ssaver.gob.mx\/proteccioncontrariesgossanitarios\/wp-json\/wp\/v2\/pages\/1689\/revisions"}],"predecessor-version":[{"id":5613,"href":"https:\/\/www.ssaver.gob.mx\/proteccioncontrariesgossanitarios\/wp-json\/wp\/v2\/pages\/1689\/revisions\/5613"}],"wp:attachment":[{"href":"https:\/\/www.ssaver.gob.mx\/proteccioncontrariesgossanitarios\/wp-json\/wp\/v2\/media?parent=1689"}],"curies":[{"name":"wp","href":"https:\/\/api.w.org\/{rel}","templated":true}]}}