{"id":1721,"date":"2022-11-03T09:38:34","date_gmt":"2022-11-03T15:38:34","guid":{"rendered":"https:\/\/www.ssaver.gob.mx\/proteccioncontrariesgossanitarios\/?page_id=1721"},"modified":"2026-03-03T18:04:14","modified_gmt":"2026-03-04T00:04:14","slug":"farmacovigilancia","status":"publish","type":"page","link":"https:\/\/www.ssaver.gob.mx\/proteccioncontrariesgossanitarios\/farmacovigilancia\/","title":{"rendered":"Farmacovigilancia"},"content":{"rendered":"\n<div class=\"wp-block-group is-layout-constrained wp-container-core-group-is-layout-9517baca wp-block-group-is-layout-constrained\">\n<figure class=\"wp-block-gallery has-nested-images columns-default is-cropped wp-block-gallery-1 is-layout-flex wp-block-gallery-is-layout-flex\">\n<figure class=\"wp-block-image size-large\"><img loading=\"lazy\" decoding=\"async\" width=\"1024\" height=\"380\" data-id=\"2701\" src=\"https:\/\/www.ssaver.gob.mx\/proteccioncontrariesgossanitarios\/wp-content\/uploads\/sites\/10\/2023\/05\/Farmaco-11-1024x380.png\" alt=\"\" class=\"wp-image-2701\" srcset=\"https:\/\/www.ssaver.gob.mx\/proteccioncontrariesgossanitarios\/wp-content\/uploads\/sites\/10\/2023\/05\/Farmaco-11-1024x380.png 1024w, https:\/\/www.ssaver.gob.mx\/proteccioncontrariesgossanitarios\/wp-content\/uploads\/sites\/10\/2023\/05\/Farmaco-11-300x111.png 300w, https:\/\/www.ssaver.gob.mx\/proteccioncontrariesgossanitarios\/wp-content\/uploads\/sites\/10\/2023\/05\/Farmaco-11-768x285.png 768w, https:\/\/www.ssaver.gob.mx\/proteccioncontrariesgossanitarios\/wp-content\/uploads\/sites\/10\/2023\/05\/Farmaco-11-1536x570.png 1536w, https:\/\/www.ssaver.gob.mx\/proteccioncontrariesgossanitarios\/wp-content\/uploads\/sites\/10\/2023\/05\/Farmaco-11-2048x760.png 2048w\" sizes=\"auto, (max-width: 1024px) 100vw, 1024px\" \/><\/figure>\n<\/figure>\n\n\n\n<h2 class=\"wp-block-heading has-text-align-center has-black-color has-text-color has-large-font-size\" style=\"font-style:normal;font-weight:500\">OBJETIVO<\/h2>\n\n\n\n<hr class=\"wp-block-separator has-text-color has-alpha-channel-opacity has-background is-style-wide\" style=\"background-color:#54565a;color:#54565a\" \/>\n\n\n\n<p class=\"has-text-align-center has-black-color has-text-color\" style=\"font-size:15px\">Utilizar a la Farmacovigilancia como herramienta que permita conocer el perfil de seguridad de los medicamentos.<\/p>\n\n\n\n<p class=\"has-text-align-left has-white-color has-text-color has-background\" style=\"background-color:#54565a;font-size:15px\"><strong>Poblaci\u00f3n objetivo<\/strong><\/p>\n\n\n\n<ul class=\"wp-block-list\">\n<li>Profesionales de la salud de los hospitales de los sectores social y privado, que formen parte del Sistema Nacional de Salud.<\/li>\n\n\n\n<li>Instituciones o establecimientos donde se realiza investigaci\u00f3n para la salud.<\/li>\n\n\n\n<li>Titulares de los registros sanitarios o sus representantes legales.<\/li>\n\n\n\n<li>Distribuidores y comercializadores de medicamentos y vacunas.<\/li>\n\n\n\n<li>Pacientes y personal de salud en formaci\u00f3n: alumnos de ciencias qu\u00edmicas y de la salud.<\/li>\n<\/ul>\n\n\n\n<p class=\"has-text-align-left has-white-color has-text-color has-background\" style=\"background-color:#54565a;font-size:15px\"><strong>Actividades relevantes<\/strong><\/p>\n\n\n\n<ul class=\"wp-block-list\">\n<li>Promover el cumplimiento de la NOM-220-SSA-2016. Instalaci\u00f3n y Operaci\u00f3n de la Farmacovigilancia y de la NOM-240-SSA-2012. Instalaci\u00f3n y Operaci\u00f3n de la Tecnovigilancia.<\/li>\n\n\n\n<li>Vigilar el funcionamiento de las Unidades de Farmacovigilancia Hospitalaria, acorde con la NOM-220-SSA-2016.<\/li>\n\n\n\n<li>Fomentar en los hospitales y en el personal de salud, del sector p\u00fablico y privado, as\u00ed como en las farmacias, la notificaci\u00f3n oportuna y de calidad de las reacciones adversas de medicamentos (RAM), incidentes adversos de dispositivos m\u00e9dicos y de los eventos adversos supuestamente atribuibles a vacunaci\u00f3n e inmunizaci\u00f3n (ESAVI).<\/li>\n\n\n\n<li>Capacitar y difundir a los profesionales de salud de los hospitales p\u00fablicos y privados en materia de la Farmacovigilancia y Tecnovigilancia.<\/li>\n\n\n\n<li>Fomentar actividades de farmacovigilancia mediante la capacitaci\u00f3n constante.<\/li>\n<\/ul>\n\n\n\n<p class=\"has-text-align-left has-white-color has-text-color has-background\" style=\"background-color:#54565a;font-size:15px\"><strong>Marco regulatorio<\/strong><\/p>\n\n\n\n<ul class=\"wp-block-list\">\n<li><strong><span><a rel=\"noreferrer noopener\" href=\"https:\/\/www.ssaver.gob.mx\/proteccioncontrariesgossanitarios\/wp-content\/uploads\/sites\/10\/2022\/12\/DOF-NOM-220-2016.pdf\" target=\"_blank\">Norma Oficial Mexicana NOM-220-SSA1-2016, Instalaci\u00f3n y Operaci\u00f3n de la Farmacovigilancia.<\/a><\/span><\/strong><\/li>\n\n\n\n<li><strong><a rel=\"noreferrer noopener\" href=\"https:\/\/www.ssaver.gob.mx\/proteccioncontrariesgossanitarios\/wp-content\/uploads\/sites\/10\/2022\/12\/NOM240SSA12012-TV.pdf\" data-type=\"URL\" data-id=\"https:\/\/www.ssaver.gob.mx\/proteccioncontrariesgossanitarios\/wp-content\/uploads\/sites\/10\/2022\/12\/NOM240SSA12012-TV.pdf\" target=\"_blank\">Norma Oficial Mexicana NOM-240-SSA1-2012, Instalaci\u00f3n y operaci\u00f3n de la Tecnovigilancia.<\/a><\/strong><\/li>\n\n\n\n<li><a rel=\"noreferrer noopener\" href=\"https:\/\/www.ssaver.gob.mx\/proteccioncontrariesgossanitarios\/wp-content\/uploads\/sites\/10\/2022\/12\/NOM-036-SSA2-2012-V.pdf\" target=\"_blank\"><strong>Norma Oficial Mexicana NOM-036-SSA2-2012, Prevenci\u00f3n y control de enfermedades. Aplicaci\u00f3n de vacunas, toxoides, faboter\u00e1picos (sueros), inmunoglobulinas en el humano.<\/strong><\/a><\/li>\n\n\n\n<li><a href=\"https:\/\/www.gob.mx\/cms\/uploads\/attachment\/file\/862352\/LINEAMIENTOS_PARA_DAR_DE_ALTA_101023_final.pdf\" data-type=\"link\" data-id=\"https:\/\/www.gob.mx\/cms\/uploads\/attachment\/file\/862352\/LINEAMIENTOS_PARA_DAR_DE_ALTA_101023_final.pdf\" target=\"_blank\" rel=\"noreferrer noopener\"><strong>Lineamientos para dar de alta, modificaci\u00f3n o baja de unidad y\/o responsable de farmacovigilancia de acuerdo a lo establecido en la Norma Oficial Mexicana NOM-220-SSA1-2016 \u2013 Instalaci\u00f3n y Operaci\u00f3n de la Farmacovigilancia<\/strong><\/a><mark class=\"has-inline-color has-black-color\"><\/mark><\/li>\n<\/ul>\n\n\n\n<p class=\"has-text-align-left has-white-color has-text-color has-background\" style=\"background-color:#54565a;font-size:15px\"><strong>Formatos de notificaci\u00f3n<\/strong><\/p>\n\n\n\n<div class=\"wp-block-columns are-vertically-aligned-center is-layout-flex wp-container-core-columns-is-layout-28f84493 wp-block-columns-is-layout-flex\">\n<div class=\"wp-block-column is-vertically-aligned-center is-layout-flow wp-block-column-is-layout-flow\">\n<figure class=\"wp-block-image aligncenter size-large is-resized\"><a href=\"https:\/\/www.ssaver.gob.mx\/proteccioncontrariesgossanitarios\/wp-content\/uploads\/sites\/10\/2022\/12\/Formato_Aviso_Reacciones_Adversas.docx\"><img loading=\"lazy\" decoding=\"async\" width=\"1024\" height=\"883\" src=\"https:\/\/www.ssaver.gob.mx\/proteccioncontrariesgossanitarios\/wp-content\/uploads\/sites\/10\/2022\/12\/EXTRAS-13-1024x883.png\" alt=\"\" class=\"wp-image-2003\" style=\"width:256px;height:221px\" srcset=\"https:\/\/www.ssaver.gob.mx\/proteccioncontrariesgossanitarios\/wp-content\/uploads\/sites\/10\/2022\/12\/EXTRAS-13-1024x883.png 1024w, https:\/\/www.ssaver.gob.mx\/proteccioncontrariesgossanitarios\/wp-content\/uploads\/sites\/10\/2022\/12\/EXTRAS-13-300x259.png 300w, https:\/\/www.ssaver.gob.mx\/proteccioncontrariesgossanitarios\/wp-content\/uploads\/sites\/10\/2022\/12\/EXTRAS-13-768x662.png 768w, https:\/\/www.ssaver.gob.mx\/proteccioncontrariesgossanitarios\/wp-content\/uploads\/sites\/10\/2022\/12\/EXTRAS-13-1536x1324.png 1536w, https:\/\/www.ssaver.gob.mx\/proteccioncontrariesgossanitarios\/wp-content\/uploads\/sites\/10\/2022\/12\/EXTRAS-13.png 1559w\" sizes=\"auto, (max-width: 1024px) 100vw, 1024px\" \/><\/a><\/figure>\n<\/div>\n\n\n\n<div class=\"wp-block-column is-vertically-aligned-center is-layout-flow wp-block-column-is-layout-flow\">\n<figure class=\"wp-block-image aligncenter size-large is-resized\"><a href=\"https:\/\/www.gob.mx\/cms\/uploads\/attachment\/file\/677690\/Formato_Estudio_Epidemiol_gico_de_ESAVI.PDF\" target=\"_blank\" rel=\" \"><img loading=\"lazy\" decoding=\"async\" width=\"1024\" height=\"883\" src=\"https:\/\/www.ssaver.gob.mx\/proteccioncontrariesgossanitarios\/wp-content\/uploads\/sites\/10\/2022\/12\/EXTRAS-11-1024x883.png\" alt=\"\" class=\"wp-image-2001\" style=\"width:256px;height:221px\" srcset=\"https:\/\/www.ssaver.gob.mx\/proteccioncontrariesgossanitarios\/wp-content\/uploads\/sites\/10\/2022\/12\/EXTRAS-11-1024x883.png 1024w, https:\/\/www.ssaver.gob.mx\/proteccioncontrariesgossanitarios\/wp-content\/uploads\/sites\/10\/2022\/12\/EXTRAS-11-300x259.png 300w, https:\/\/www.ssaver.gob.mx\/proteccioncontrariesgossanitarios\/wp-content\/uploads\/sites\/10\/2022\/12\/EXTRAS-11-768x662.png 768w, https:\/\/www.ssaver.gob.mx\/proteccioncontrariesgossanitarios\/wp-content\/uploads\/sites\/10\/2022\/12\/EXTRAS-11-1536x1324.png 1536w, https:\/\/www.ssaver.gob.mx\/proteccioncontrariesgossanitarios\/wp-content\/uploads\/sites\/10\/2022\/12\/EXTRAS-11.png 1559w\" sizes=\"auto, (max-width: 1024px) 100vw, 1024px\" \/><\/a><\/figure>\n<\/div>\n\n\n\n<div class=\"wp-block-column is-vertically-aligned-center is-layout-flow wp-block-column-is-layout-flow\">\n<figure class=\"wp-block-image aligncenter size-large is-resized\"><a href=\"https:\/\/www.gob.mx\/cms\/uploads\/attachment\/file\/333479\/Formato_Notificaciones_Profesional.pdf\" target=\"_blank\" rel=\" \"><img loading=\"lazy\" decoding=\"async\" width=\"1024\" height=\"883\" src=\"https:\/\/www.ssaver.gob.mx\/proteccioncontrariesgossanitarios\/wp-content\/uploads\/sites\/10\/2022\/12\/EXTRAS-12-1024x883.png\" alt=\"\" class=\"wp-image-2002\" style=\"width:256px;height:221px\" srcset=\"https:\/\/www.ssaver.gob.mx\/proteccioncontrariesgossanitarios\/wp-content\/uploads\/sites\/10\/2022\/12\/EXTRAS-12-1024x883.png 1024w, https:\/\/www.ssaver.gob.mx\/proteccioncontrariesgossanitarios\/wp-content\/uploads\/sites\/10\/2022\/12\/EXTRAS-12-300x259.png 300w, https:\/\/www.ssaver.gob.mx\/proteccioncontrariesgossanitarios\/wp-content\/uploads\/sites\/10\/2022\/12\/EXTRAS-12-768x662.png 768w, https:\/\/www.ssaver.gob.mx\/proteccioncontrariesgossanitarios\/wp-content\/uploads\/sites\/10\/2022\/12\/EXTRAS-12-1536x1324.png 1536w, https:\/\/www.ssaver.gob.mx\/proteccioncontrariesgossanitarios\/wp-content\/uploads\/sites\/10\/2022\/12\/EXTRAS-12.png 1559w\" sizes=\"auto, (max-width: 1024px) 100vw, 1024px\" \/><\/a><\/figure>\n<\/div>\n<\/div>\n\n\n\n<p class=\"has-text-align-left has-white-color has-text-color has-background\" style=\"background-color:#54565a;font-size:15px\"><strong>Datos de contacto<\/strong><mark class=\"has-inline-color has-black-color\"><\/mark><\/p>\n\n\n\n<p style=\"font-size:15px;letter-spacing:0px\"><strong>M.A.S.S. Luis Vicente Zurutuza L\u00f3pez<\/strong><\/p>\n\n\n\n<p style=\"font-size:15px;letter-spacing:0px\">Responsable del Centro Estatal de Farmacovigilancia<\/p>\n\n\n\n<p style=\"font-size:15px;letter-spacing:-1px\">Departamento de Evaluaci\u00f3n de Riesgos<\/p>\n\n\n\n<p style=\"font-size:15px;letter-spacing:0px\">Subdirecci\u00f3n de Evidencia y Manejo de Riesgos<\/p>\n\n\n\n<p style=\"font-size:15px;letter-spacing:0px\">Direcci\u00f3n de Protecci\u00f3n contra Riesgos Sanitarios<\/p>\n\n\n\n<p style=\"font-size:15px;letter-spacing:0px\">Tel. 01 228 8423000 Ext. 2760 Correo:&nbsp;<a href=\"mailto:cefarmacovigilancia@gmail.com\" target=\"_blank\" rel=\"noreferrer noopener\">cefvver@gmail.com<\/a><\/p>\n\n\n\n<p class=\"has-text-align-left has-white-color has-text-color has-background\" style=\"background-color:#54565a;font-size:15px\"><strong>\u00bfQu\u00e9 es la Farmacovigilancia?<\/strong><mark class=\"has-inline-color has-black-color\"><\/mark><\/p>\n\n\n\n<figure class=\"wp-block-video\"><video height=\"1080\" style=\"aspect-ratio: 1920 \/ 1080;\" width=\"1920\" controls src=\"https:\/\/www.ssaver.gob.mx\/proteccioncontrariesgossanitarios\/wp-content\/uploads\/sites\/10\/2023\/01\/VideoFarmacovigilancia-2.mp4\"><\/video><\/figure>\n\n\n\n<hr class=\"wp-block-separator has-text-color has-white-color has-alpha-channel-opacity has-white-background-color has-background is-style-wide\" \/>\n\n\n\n<figure class=\"wp-block-image aligncenter size-large is-resized\"><a href=\"https:\/\/forms.gle\/1ngAk1EpyhA4C2xb7\"><img loading=\"lazy\" decoding=\"async\" width=\"1024\" height=\"232\" src=\"https:\/\/www.ssaver.gob.mx\/proteccioncontrariesgossanitarios\/wp-content\/uploads\/sites\/10\/2023\/05\/BOTON-22-1024x232.png\" alt=\"\" class=\"wp-image-2681\" style=\"width:498px;height:113px\" srcset=\"https:\/\/www.ssaver.gob.mx\/proteccioncontrariesgossanitarios\/wp-content\/uploads\/sites\/10\/2023\/05\/BOTON-22-1024x232.png 1024w, https:\/\/www.ssaver.gob.mx\/proteccioncontrariesgossanitarios\/wp-content\/uploads\/sites\/10\/2023\/05\/BOTON-22-300x68.png 300w, https:\/\/www.ssaver.gob.mx\/proteccioncontrariesgossanitarios\/wp-content\/uploads\/sites\/10\/2023\/05\/BOTON-22-768x174.png 768w, https:\/\/www.ssaver.gob.mx\/proteccioncontrariesgossanitarios\/wp-content\/uploads\/sites\/10\/2023\/05\/BOTON-22-1536x348.png 1536w, https:\/\/www.ssaver.gob.mx\/proteccioncontrariesgossanitarios\/wp-content\/uploads\/sites\/10\/2023\/05\/BOTON-22-2048x465.png 2048w\" sizes=\"auto, (max-width: 1024px) 100vw, 1024px\" \/><\/a><\/figure>\n\n\n\n<h2 class=\"wp-block-heading has-text-align-center has-black-color has-text-color has-large-font-size\" style=\"font-style:normal;font-weight:500\">MATERIALES DE DIFUSI\u00d3N<\/h2>\n\n\n\n<hr class=\"wp-block-separator has-text-color has-alpha-channel-opacity has-background is-style-wide\" style=\"background-color:#54565a;color:#54565a\" \/>\n\n\n\n<figure class=\"wp-block-table is-style-stripes\"><table><tbody><tr><td class=\"has-text-align-center\" data-align=\"center\"><img loading=\"lazy\" decoding=\"async\" width=\"426\" height=\"505\" class=\"wp-image-2007\" style=\"width: 250px\" src=\"https:\/\/www.ssaver.gob.mx\/proteccioncontrariesgossanitarios\/wp-content\/uploads\/sites\/10\/2022\/12\/FARMACORecurso-14.png\" alt=\"\" srcset=\"https:\/\/www.ssaver.gob.mx\/proteccioncontrariesgossanitarios\/wp-content\/uploads\/sites\/10\/2022\/12\/FARMACORecurso-14.png 426w, https:\/\/www.ssaver.gob.mx\/proteccioncontrariesgossanitarios\/wp-content\/uploads\/sites\/10\/2022\/12\/FARMACORecurso-14-253x300.png 253w\" sizes=\"auto, (max-width: 426px) 100vw, 426px\" \/><\/td><td class=\"has-text-align-center\" data-align=\"center\"><img loading=\"lazy\" decoding=\"async\" width=\"453\" height=\"469\" class=\"wp-image-2008\" style=\"width: 275px\" src=\"https:\/\/www.ssaver.gob.mx\/proteccioncontrariesgossanitarios\/wp-content\/uploads\/sites\/10\/2022\/12\/FARMACORecurso-15.png\" alt=\"\" srcset=\"https:\/\/www.ssaver.gob.mx\/proteccioncontrariesgossanitarios\/wp-content\/uploads\/sites\/10\/2022\/12\/FARMACORecurso-15.png 453w, https:\/\/www.ssaver.gob.mx\/proteccioncontrariesgossanitarios\/wp-content\/uploads\/sites\/10\/2022\/12\/FARMACORecurso-15-290x300.png 290w\" sizes=\"auto, (max-width: 453px) 100vw, 453px\" \/><\/td><\/tr><\/tbody><\/table><\/figure>\n\n\n\n<p><\/p>\n<\/div>\n","protected":false},"excerpt":{"rendered":"<p>OBJETIVO Utilizar a la Farmacovigilancia como herramienta que permita conocer el perfil de seguridad de los medicamentos. Poblaci\u00f3n objetivo Actividades<\/p>\n","protected":false},"author":15,"featured_media":0,"parent":0,"menu_order":0,"comment_status":"closed","ping_status":"closed","template":"","meta":{"colormag_page_container_layout":"default_layout","colormag_page_sidebar_layout":"default_layout","footnotes":""},"class_list":["post-1721","page","type-page","status-publish","hentry"],"_links":{"self":[{"href":"https:\/\/www.ssaver.gob.mx\/proteccioncontrariesgossanitarios\/wp-json\/wp\/v2\/pages\/1721","targetHints":{"allow":["GET"]}}],"collection":[{"href":"https:\/\/www.ssaver.gob.mx\/proteccioncontrariesgossanitarios\/wp-json\/wp\/v2\/pages"}],"about":[{"href":"https:\/\/www.ssaver.gob.mx\/proteccioncontrariesgossanitarios\/wp-json\/wp\/v2\/types\/page"}],"author":[{"embeddable":true,"href":"https:\/\/www.ssaver.gob.mx\/proteccioncontrariesgossanitarios\/wp-json\/wp\/v2\/users\/15"}],"replies":[{"embeddable":true,"href":"https:\/\/www.ssaver.gob.mx\/proteccioncontrariesgossanitarios\/wp-json\/wp\/v2\/comments?post=1721"}],"version-history":[{"count":26,"href":"https:\/\/www.ssaver.gob.mx\/proteccioncontrariesgossanitarios\/wp-json\/wp\/v2\/pages\/1721\/revisions"}],"predecessor-version":[{"id":5728,"href":"https:\/\/www.ssaver.gob.mx\/proteccioncontrariesgossanitarios\/wp-json\/wp\/v2\/pages\/1721\/revisions\/5728"}],"wp:attachment":[{"href":"https:\/\/www.ssaver.gob.mx\/proteccioncontrariesgossanitarios\/wp-json\/wp\/v2\/media?parent=1721"}],"curies":[{"name":"wp","href":"https:\/\/api.w.org\/{rel}","templated":true}]}}