{"id":2752,"date":"2023-06-08T12:32:31","date_gmt":"2023-06-08T17:32:31","guid":{"rendered":"https:\/\/www.ssaver.gob.mx\/proteccioncontrariesgossanitarios\/?page_id=2752"},"modified":"2026-03-03T17:49:29","modified_gmt":"2026-03-03T23:49:29","slug":"lineas-de-atencion","status":"publish","type":"page","link":"https:\/\/www.ssaver.gob.mx\/proteccioncontrariesgossanitarios\/lineas-de-atencion\/","title":{"rendered":"Directorio de atenci\u00f3n para dejar de fumar"},"content":{"rendered":"\n<figure class=\"wp-block-image aligncenter size-large\"><img loading=\"lazy\" decoding=\"async\" width=\"1024\" height=\"378\" src=\"https:\/\/www.ssaver.gob.mx\/proteccioncontrariesgossanitarios\/wp-content\/uploads\/sites\/10\/2023\/06\/BANNER-DIRECTORIO-07-1024x378.png\" alt=\"\" class=\"wp-image-2753\" srcset=\"https:\/\/www.ssaver.gob.mx\/proteccioncontrariesgossanitarios\/wp-content\/uploads\/sites\/10\/2023\/06\/BANNER-DIRECTORIO-07-1024x378.png 1024w, https:\/\/www.ssaver.gob.mx\/proteccioncontrariesgossanitarios\/wp-content\/uploads\/sites\/10\/2023\/06\/BANNER-DIRECTORIO-07-300x111.png 300w, https:\/\/www.ssaver.gob.mx\/proteccioncontrariesgossanitarios\/wp-content\/uploads\/sites\/10\/2023\/06\/BANNER-DIRECTORIO-07-768x284.png 768w, https:\/\/www.ssaver.gob.mx\/proteccioncontrariesgossanitarios\/wp-content\/uploads\/sites\/10\/2023\/06\/BANNER-DIRECTORIO-07-1536x568.png 1536w, https:\/\/www.ssaver.gob.mx\/proteccioncontrariesgossanitarios\/wp-content\/uploads\/sites\/10\/2023\/06\/BANNER-DIRECTORIO-07-2048x757.png 2048w\" sizes=\"auto, (max-width: 1024px) 100vw, 1024px\" \/><\/figure>\n\n\n\n<div class=\"wp-block-group is-layout-constrained wp-container-core-group-is-layout-9517baca wp-block-group-is-layout-constrained\">\n<p class=\"has-white-color has-text-color has-link-color wp-elements-ee2f86c34fa944f40f72b39fa51afb7f\">DIRECTORIO DE ATENCI\u00d3N PARA DEJAR DE FUMAR<\/p>\n\n\n\n<figure class=\"wp-block-table alignleft is-style-stripes has-small-font-size\"><table class=\"has-fixed-layout\"><thead><tr><th class=\"has-text-align-center\" data-align=\"center\">JS<\/th><th><strong>Correo UNEME-CAPA<\/strong><\/th><th><strong>N\u00famero Telef\u00f3nico<\/strong><\/th><th><strong>Horario de atenci\u00f3n<\/strong><\/th><th>UBICACI\u00d3N<\/th><\/tr><\/thead><tbody><tr><td class=\"has-text-align-center\" data-align=\"center\"><strong>I. Panuco<\/strong><\/td><td><a href=\"mailto:unemecapapanuco@gmail.com\">unemecapapanuco@gmail.com<\/a><\/td><td><a href=\"mailto:drdanes@hotmail.com\">8462662724<\/a><\/td><td>Lunes a Viernes<br>08:00&nbsp; 17:30<\/td><td><img loading=\"lazy\" decoding=\"async\" width=\"512\" height=\"512\" class=\"wp-image-2070\" style=\"width: 50px\" src=\"https:\/\/www.ssaver.gob.mx\/proteccioncontrariesgossanitarios\/wp-content\/uploads\/sites\/10\/2022\/12\/unnamed.png\" alt=\"\" srcset=\"https:\/\/www.ssaver.gob.mx\/proteccioncontrariesgossanitarios\/wp-content\/uploads\/sites\/10\/2022\/12\/unnamed.png 512w, https:\/\/www.ssaver.gob.mx\/proteccioncontrariesgossanitarios\/wp-content\/uploads\/sites\/10\/2022\/12\/unnamed-300x300.png 300w, https:\/\/www.ssaver.gob.mx\/proteccioncontrariesgossanitarios\/wp-content\/uploads\/sites\/10\/2022\/12\/unnamed-150x150.png 150w, https:\/\/www.ssaver.gob.mx\/proteccioncontrariesgossanitarios\/wp-content\/uploads\/sites\/10\/2022\/12\/unnamed-215x215.png 215w\" sizes=\"auto, (max-width: 512px) 100vw, 512px\" \/><\/td><\/tr><tr><td class=\"has-text-align-center\" data-align=\"center\"><strong>II. Tuxpan<\/strong><\/td><td><a href=\"mailto:capanuevavidatxp@live.com.mx\">capanuevavidatxp@live.com.mx<\/a><\/td><td><a href=\"mailto:shakrys@hotmail.com\">78383 45 150<\/a><\/td><td>Lunes a Viernes<br>08:00 &#8211;&nbsp; 15:30<\/td><td><img loading=\"lazy\" decoding=\"async\" width=\"512\" height=\"512\" class=\"wp-image-2070\" style=\"width: 50px\" src=\"https:\/\/www.ssaver.gob.mx\/proteccioncontrariesgossanitarios\/wp-content\/uploads\/sites\/10\/2022\/12\/unnamed.png\" alt=\"\" srcset=\"https:\/\/www.ssaver.gob.mx\/proteccioncontrariesgossanitarios\/wp-content\/uploads\/sites\/10\/2022\/12\/unnamed.png 512w, https:\/\/www.ssaver.gob.mx\/proteccioncontrariesgossanitarios\/wp-content\/uploads\/sites\/10\/2022\/12\/unnamed-300x300.png 300w, https:\/\/www.ssaver.gob.mx\/proteccioncontrariesgossanitarios\/wp-content\/uploads\/sites\/10\/2022\/12\/unnamed-150x150.png 150w, https:\/\/www.ssaver.gob.mx\/proteccioncontrariesgossanitarios\/wp-content\/uploads\/sites\/10\/2022\/12\/unnamed-215x215.png 215w\" sizes=\"auto, (max-width: 512px) 100vw, 512px\" \/><\/td><\/tr><tr><td class=\"has-text-align-center\" data-align=\"center\"><strong>III. Poza Rica<\/strong><\/td><td><a href=\"mailto:centronuevavidapr@hotmail.com\">centronuevavidapr@hotmail.com<\/a><\/td><td><a href=\"mailto:matty_gamundi@hotmail.com\">782 822 09 27<\/a><\/td><td>Lunes a Viernes<br>08:00 &#8211;&nbsp; 15:30<\/td><td><img loading=\"lazy\" decoding=\"async\" width=\"512\" height=\"512\" class=\"wp-image-2070\" style=\"width: 50px\" src=\"https:\/\/www.ssaver.gob.mx\/proteccioncontrariesgossanitarios\/wp-content\/uploads\/sites\/10\/2022\/12\/unnamed.png\" alt=\"\" srcset=\"https:\/\/www.ssaver.gob.mx\/proteccioncontrariesgossanitarios\/wp-content\/uploads\/sites\/10\/2022\/12\/unnamed.png 512w, https:\/\/www.ssaver.gob.mx\/proteccioncontrariesgossanitarios\/wp-content\/uploads\/sites\/10\/2022\/12\/unnamed-300x300.png 300w, https:\/\/www.ssaver.gob.mx\/proteccioncontrariesgossanitarios\/wp-content\/uploads\/sites\/10\/2022\/12\/unnamed-150x150.png 150w, https:\/\/www.ssaver.gob.mx\/proteccioncontrariesgossanitarios\/wp-content\/uploads\/sites\/10\/2022\/12\/unnamed-215x215.png 215w\" sizes=\"auto, (max-width: 512px) 100vw, 512px\" \/><\/td><\/tr><tr><td class=\"has-text-align-center\" data-align=\"center\"><strong>III. Papantla de Olarte<\/strong><\/td><td><a href=\"mailto:nuevavidapapver@hotmail.com\">nuevavidapapver@hotmail.com<\/a> <br><a href=\"mailto:nuevavidapapver@hotmail.com\">unemecapapapantla@outlook.es<\/a><\/td><td><a href=\"mailto:Jrmota_13@hotmail.com\">784 842 51 82<\/a><\/td><td>Lunes a Viernes<br>08:00 &#8211; 15:30<\/td><td><img loading=\"lazy\" decoding=\"async\" width=\"512\" height=\"512\" class=\"wp-image-2070\" style=\"width: 50px\" src=\"https:\/\/www.ssaver.gob.mx\/proteccioncontrariesgossanitarios\/wp-content\/uploads\/sites\/10\/2022\/12\/unnamed.png\" alt=\"\" srcset=\"https:\/\/www.ssaver.gob.mx\/proteccioncontrariesgossanitarios\/wp-content\/uploads\/sites\/10\/2022\/12\/unnamed.png 512w, https:\/\/www.ssaver.gob.mx\/proteccioncontrariesgossanitarios\/wp-content\/uploads\/sites\/10\/2022\/12\/unnamed-300x300.png 300w, https:\/\/www.ssaver.gob.mx\/proteccioncontrariesgossanitarios\/wp-content\/uploads\/sites\/10\/2022\/12\/unnamed-150x150.png 150w, https:\/\/www.ssaver.gob.mx\/proteccioncontrariesgossanitarios\/wp-content\/uploads\/sites\/10\/2022\/12\/unnamed-215x215.png 215w\" sizes=\"auto, (max-width: 512px) 100vw, 512px\" \/><\/td><\/tr><tr><td class=\"has-text-align-center\" data-align=\"center\"><strong>IV. Mart\u00ednez de la Torre<\/strong><\/td><td><a href=\"mailto:unemecapamartinez@gmail.com\">unemecapamartinez@gmail.com<\/a><\/td><td><a href=\"mailto:medellineli2@hotmail.com\">232 32 45 129<\/a><\/td><td>Lunes a Viernes<br>08:00 15:30<\/td><td><img loading=\"lazy\" decoding=\"async\" width=\"512\" height=\"512\" class=\"wp-image-2070\" style=\"width: 50px\" src=\"https:\/\/www.ssaver.gob.mx\/proteccioncontrariesgossanitarios\/wp-content\/uploads\/sites\/10\/2022\/12\/unnamed.png\" alt=\"\" srcset=\"https:\/\/www.ssaver.gob.mx\/proteccioncontrariesgossanitarios\/wp-content\/uploads\/sites\/10\/2022\/12\/unnamed.png 512w, https:\/\/www.ssaver.gob.mx\/proteccioncontrariesgossanitarios\/wp-content\/uploads\/sites\/10\/2022\/12\/unnamed-300x300.png 300w, https:\/\/www.ssaver.gob.mx\/proteccioncontrariesgossanitarios\/wp-content\/uploads\/sites\/10\/2022\/12\/unnamed-150x150.png 150w, https:\/\/www.ssaver.gob.mx\/proteccioncontrariesgossanitarios\/wp-content\/uploads\/sites\/10\/2022\/12\/unnamed-215x215.png 215w\" sizes=\"auto, (max-width: 512px) 100vw, 512px\" \/><\/td><\/tr><tr><td class=\"has-text-align-center\" data-align=\"center\"><strong>V. Xalapa I<\/strong><\/td><td><a href=\"mailto:centronuevavidaxal@hotmail.com\">centronuevavidaxal@hotmail.com<\/a><\/td><td><a href=\"mailto:drjavierpalacios@hotmail.com\">228 810 19 87<\/a><\/td><td>Lunes a Viernes<br>08:00 &#8211; 15:30<\/td><td><img loading=\"lazy\" decoding=\"async\" width=\"512\" height=\"512\" class=\"wp-image-2070\" style=\"width: 50px\" src=\"https:\/\/www.ssaver.gob.mx\/proteccioncontrariesgossanitarios\/wp-content\/uploads\/sites\/10\/2022\/12\/unnamed.png\" alt=\"\" srcset=\"https:\/\/www.ssaver.gob.mx\/proteccioncontrariesgossanitarios\/wp-content\/uploads\/sites\/10\/2022\/12\/unnamed.png 512w, https:\/\/www.ssaver.gob.mx\/proteccioncontrariesgossanitarios\/wp-content\/uploads\/sites\/10\/2022\/12\/unnamed-300x300.png 300w, https:\/\/www.ssaver.gob.mx\/proteccioncontrariesgossanitarios\/wp-content\/uploads\/sites\/10\/2022\/12\/unnamed-150x150.png 150w, https:\/\/www.ssaver.gob.mx\/proteccioncontrariesgossanitarios\/wp-content\/uploads\/sites\/10\/2022\/12\/unnamed-215x215.png 215w\" sizes=\"auto, (max-width: 512px) 100vw, 512px\" \/><\/td><\/tr><tr><td class=\"has-text-align-center\" data-align=\"center\"><strong>V.Xalapa II<\/strong><\/td><td><a href=\"mailto:nuevavida_xalapalucio@live.com.mx\">nuevavida_xalapalucio@live.com.mx<\/a><\/td><td><a href=\"mailto:sandylu19@hotmail.com\">228 815 08 30<\/a><\/td><td>Lunes a Viernes<br>08:00 &#8211; 15:30<\/td><td><img loading=\"lazy\" decoding=\"async\" width=\"512\" height=\"512\" class=\"wp-image-2070\" style=\"width: 50px\" src=\"https:\/\/www.ssaver.gob.mx\/proteccioncontrariesgossanitarios\/wp-content\/uploads\/sites\/10\/2022\/12\/unnamed.png\" alt=\"\" srcset=\"https:\/\/www.ssaver.gob.mx\/proteccioncontrariesgossanitarios\/wp-content\/uploads\/sites\/10\/2022\/12\/unnamed.png 512w, https:\/\/www.ssaver.gob.mx\/proteccioncontrariesgossanitarios\/wp-content\/uploads\/sites\/10\/2022\/12\/unnamed-300x300.png 300w, https:\/\/www.ssaver.gob.mx\/proteccioncontrariesgossanitarios\/wp-content\/uploads\/sites\/10\/2022\/12\/unnamed-150x150.png 150w, https:\/\/www.ssaver.gob.mx\/proteccioncontrariesgossanitarios\/wp-content\/uploads\/sites\/10\/2022\/12\/unnamed-215x215.png 215w\" sizes=\"auto, (max-width: 512px) 100vw, 512px\" \/><\/td><\/tr><tr><td class=\"has-text-align-center\" data-align=\"center\"><strong>VI C\u00f3rdoba<\/strong><\/td><td><a href=\"mailto:centronuevavida_cordoba@hotmail.com\">centronuevavida_cordoba@hotmail.com<\/a><\/td><td><a href=\"mailto:julio_victoria08@hotmail.com\">271 714 54 05<\/a><\/td><td>Lunes a Viernes<br>08:00 &#8211; 15:30<\/td><td><img loading=\"lazy\" decoding=\"async\" width=\"512\" height=\"512\" class=\"wp-image-2070\" style=\"width: 50px\" src=\"https:\/\/www.ssaver.gob.mx\/proteccioncontrariesgossanitarios\/wp-content\/uploads\/sites\/10\/2022\/12\/unnamed.png\" alt=\"\" srcset=\"https:\/\/www.ssaver.gob.mx\/proteccioncontrariesgossanitarios\/wp-content\/uploads\/sites\/10\/2022\/12\/unnamed.png 512w, https:\/\/www.ssaver.gob.mx\/proteccioncontrariesgossanitarios\/wp-content\/uploads\/sites\/10\/2022\/12\/unnamed-300x300.png 300w, https:\/\/www.ssaver.gob.mx\/proteccioncontrariesgossanitarios\/wp-content\/uploads\/sites\/10\/2022\/12\/unnamed-150x150.png 150w, https:\/\/www.ssaver.gob.mx\/proteccioncontrariesgossanitarios\/wp-content\/uploads\/sites\/10\/2022\/12\/unnamed-215x215.png 215w\" sizes=\"auto, (max-width: 512px) 100vw, 512px\" \/><\/td><\/tr><tr><td class=\"has-text-align-center\" data-align=\"center\"><strong>VII Orizaba<\/strong><\/td><td><a href=\"mailto:capaorizaba7@gmail.com\">capaorizaba7@gmail.com<\/a><\/td><td><a href=\"mailto:sele_dra@hotmail.com\">272 721 82 74<\/a><\/td><td>Lunes a Viernes<br>08:00 &#8211; 15:30<\/td><td><img loading=\"lazy\" decoding=\"async\" width=\"512\" height=\"512\" class=\"wp-image-2070\" style=\"width: 50px\" src=\"https:\/\/www.ssaver.gob.mx\/proteccioncontrariesgossanitarios\/wp-content\/uploads\/sites\/10\/2022\/12\/unnamed.png\" alt=\"\" srcset=\"https:\/\/www.ssaver.gob.mx\/proteccioncontrariesgossanitarios\/wp-content\/uploads\/sites\/10\/2022\/12\/unnamed.png 512w, https:\/\/www.ssaver.gob.mx\/proteccioncontrariesgossanitarios\/wp-content\/uploads\/sites\/10\/2022\/12\/unnamed-300x300.png 300w, https:\/\/www.ssaver.gob.mx\/proteccioncontrariesgossanitarios\/wp-content\/uploads\/sites\/10\/2022\/12\/unnamed-150x150.png 150w, https:\/\/www.ssaver.gob.mx\/proteccioncontrariesgossanitarios\/wp-content\/uploads\/sites\/10\/2022\/12\/unnamed-215x215.png 215w\" sizes=\"auto, (max-width: 512px) 100vw, 512px\" \/><\/td><\/tr><tr><td class=\"has-text-align-center\" data-align=\"center\"><strong>VIII Veracruz<\/strong><\/td><td><a href=\"mailto:capa_ver@hotmail.com\">capa_ver@hotmail.com<\/a><\/td><td><a href=\"mailto:diana.loyo@hotmail.com\">229 932 3 37<\/a><\/td><td>Lunes a Viernes<br>08:00 &#8211; 15:30<\/td><td><img loading=\"lazy\" decoding=\"async\" width=\"512\" height=\"512\" class=\"wp-image-2070\" style=\"width: 50px\" src=\"https:\/\/www.ssaver.gob.mx\/proteccioncontrariesgossanitarios\/wp-content\/uploads\/sites\/10\/2022\/12\/unnamed.png\" alt=\"\" srcset=\"https:\/\/www.ssaver.gob.mx\/proteccioncontrariesgossanitarios\/wp-content\/uploads\/sites\/10\/2022\/12\/unnamed.png 512w, https:\/\/www.ssaver.gob.mx\/proteccioncontrariesgossanitarios\/wp-content\/uploads\/sites\/10\/2022\/12\/unnamed-300x300.png 300w, https:\/\/www.ssaver.gob.mx\/proteccioncontrariesgossanitarios\/wp-content\/uploads\/sites\/10\/2022\/12\/unnamed-150x150.png 150w, https:\/\/www.ssaver.gob.mx\/proteccioncontrariesgossanitarios\/wp-content\/uploads\/sites\/10\/2022\/12\/unnamed-215x215.png 215w\" sizes=\"auto, (max-width: 512px) 100vw, 512px\" \/><\/td><\/tr><tr><td class=\"has-text-align-center\" data-align=\"center\"><strong>VIII Boca del Rio<\/strong><\/td><td><a href=\"mailto:nuevavidaboca@hotmail.com\">nuevavidaboca@hotmail.com<\/a><\/td><td><a href=\"mailto:drisaisoto@hotmail.com\">229 986 21 19<\/a><\/td><td>Lunes a Viernes<br>08:00 &#8211; 15:30<\/td><td><img loading=\"lazy\" decoding=\"async\" width=\"512\" height=\"512\" class=\"wp-image-2070\" style=\"width: 50px\" src=\"https:\/\/www.ssaver.gob.mx\/proteccioncontrariesgossanitarios\/wp-content\/uploads\/sites\/10\/2022\/12\/unnamed.png\" alt=\"\" srcset=\"https:\/\/www.ssaver.gob.mx\/proteccioncontrariesgossanitarios\/wp-content\/uploads\/sites\/10\/2022\/12\/unnamed.png 512w, https:\/\/www.ssaver.gob.mx\/proteccioncontrariesgossanitarios\/wp-content\/uploads\/sites\/10\/2022\/12\/unnamed-300x300.png 300w, https:\/\/www.ssaver.gob.mx\/proteccioncontrariesgossanitarios\/wp-content\/uploads\/sites\/10\/2022\/12\/unnamed-150x150.png 150w, https:\/\/www.ssaver.gob.mx\/proteccioncontrariesgossanitarios\/wp-content\/uploads\/sites\/10\/2022\/12\/unnamed-215x215.png 215w\" sizes=\"auto, (max-width: 512px) 100vw, 512px\" \/><\/td><\/tr><tr><td class=\"has-text-align-center\" data-align=\"center\"><strong>IX Cosamaloapan<\/strong><\/td><td><a href=\"mailto:nuevavidacosver@hotmail.com\">nuevavidacosver@hotmail.com<\/a><\/td><td><a href=\"mailto:acevedo11@hotmail.com\">288 882 14 63<\/a><\/td><td>Lunes a Viernes<br>08:00 &#8211; 16:00<\/td><td><img loading=\"lazy\" decoding=\"async\" width=\"512\" height=\"512\" class=\"wp-image-2070\" style=\"width: 50px\" src=\"https:\/\/www.ssaver.gob.mx\/proteccioncontrariesgossanitarios\/wp-content\/uploads\/sites\/10\/2022\/12\/unnamed.png\" alt=\"\" srcset=\"https:\/\/www.ssaver.gob.mx\/proteccioncontrariesgossanitarios\/wp-content\/uploads\/sites\/10\/2022\/12\/unnamed.png 512w, https:\/\/www.ssaver.gob.mx\/proteccioncontrariesgossanitarios\/wp-content\/uploads\/sites\/10\/2022\/12\/unnamed-300x300.png 300w, https:\/\/www.ssaver.gob.mx\/proteccioncontrariesgossanitarios\/wp-content\/uploads\/sites\/10\/2022\/12\/unnamed-150x150.png 150w, https:\/\/www.ssaver.gob.mx\/proteccioncontrariesgossanitarios\/wp-content\/uploads\/sites\/10\/2022\/12\/unnamed-215x215.png 215w\" sizes=\"auto, (max-width: 512px) 100vw, 512px\" \/><\/td><\/tr><tr><td class=\"has-text-align-center\" data-align=\"center\"><strong>IX Tierra Blanca<\/strong><\/td><td><a href=\"mailto:capa_tierrablanca@hotmail.com\">capa_tierrablanca@hotmail.com<\/a><\/td><td><a href=\"mailto:drmejiacruz@hotmail.com\">274 743 62 48<\/a><\/td><td>Lunes a Viernes<br>08:00 &#8211; 15:30<\/td><td><img loading=\"lazy\" decoding=\"async\" width=\"512\" height=\"512\" class=\"wp-image-2070\" style=\"width: 50px\" src=\"https:\/\/www.ssaver.gob.mx\/proteccioncontrariesgossanitarios\/wp-content\/uploads\/sites\/10\/2022\/12\/unnamed.png\" alt=\"\" srcset=\"https:\/\/www.ssaver.gob.mx\/proteccioncontrariesgossanitarios\/wp-content\/uploads\/sites\/10\/2022\/12\/unnamed.png 512w, https:\/\/www.ssaver.gob.mx\/proteccioncontrariesgossanitarios\/wp-content\/uploads\/sites\/10\/2022\/12\/unnamed-300x300.png 300w, https:\/\/www.ssaver.gob.mx\/proteccioncontrariesgossanitarios\/wp-content\/uploads\/sites\/10\/2022\/12\/unnamed-150x150.png 150w, https:\/\/www.ssaver.gob.mx\/proteccioncontrariesgossanitarios\/wp-content\/uploads\/sites\/10\/2022\/12\/unnamed-215x215.png 215w\" sizes=\"auto, (max-width: 512px) 100vw, 512px\" \/><\/td><\/tr><tr><td class=\"has-text-align-center\" data-align=\"center\"><strong>X San Andr\u00e9s Tuxtla<\/strong><\/td><td><a href=\"mailto:nuevavidalostuxtla@hotmail.com\">nuevavidalostuxtlas@hotmail.com<\/a><br><a href=\"mailto:nuevavidalostuxtla@hotmail.com\">satunemecapa@gmail.com<\/a><\/td><td><a href=\"mailto:drvillafanflores@gmail.com\">294 942 25 41<\/a><\/td><td>Lunes a Viernes<br>08:00 &#8211; 15:30<\/td><td><img loading=\"lazy\" decoding=\"async\" width=\"512\" height=\"512\" class=\"wp-image-2070\" style=\"width: 50px\" src=\"https:\/\/www.ssaver.gob.mx\/proteccioncontrariesgossanitarios\/wp-content\/uploads\/sites\/10\/2022\/12\/unnamed.png\" alt=\"\" srcset=\"https:\/\/www.ssaver.gob.mx\/proteccioncontrariesgossanitarios\/wp-content\/uploads\/sites\/10\/2022\/12\/unnamed.png 512w, https:\/\/www.ssaver.gob.mx\/proteccioncontrariesgossanitarios\/wp-content\/uploads\/sites\/10\/2022\/12\/unnamed-300x300.png 300w, https:\/\/www.ssaver.gob.mx\/proteccioncontrariesgossanitarios\/wp-content\/uploads\/sites\/10\/2022\/12\/unnamed-150x150.png 150w, https:\/\/www.ssaver.gob.mx\/proteccioncontrariesgossanitarios\/wp-content\/uploads\/sites\/10\/2022\/12\/unnamed-215x215.png 215w\" sizes=\"auto, (max-width: 512px) 100vw, 512px\" \/><\/td><\/tr><tr><td class=\"has-text-align-center\" data-align=\"center\"><strong>XI Coatzacoalcos I<\/strong><\/td><td><a href=\"mailto:coatzanuevavida@hotmail.com\">coatzanuevavida@hotmail.com<\/a><\/td><td><a href=\"mailto:neyig@hotmail.com\">921 212 65 72<\/a><\/td><td>Lunes a Viernes<br>08:00 &#8211; 15:30<\/td><td><img loading=\"lazy\" decoding=\"async\" width=\"512\" height=\"512\" class=\"wp-image-2070\" style=\"width: 50px\" src=\"https:\/\/www.ssaver.gob.mx\/proteccioncontrariesgossanitarios\/wp-content\/uploads\/sites\/10\/2022\/12\/unnamed.png\" alt=\"\" srcset=\"https:\/\/www.ssaver.gob.mx\/proteccioncontrariesgossanitarios\/wp-content\/uploads\/sites\/10\/2022\/12\/unnamed.png 512w, https:\/\/www.ssaver.gob.mx\/proteccioncontrariesgossanitarios\/wp-content\/uploads\/sites\/10\/2022\/12\/unnamed-300x300.png 300w, https:\/\/www.ssaver.gob.mx\/proteccioncontrariesgossanitarios\/wp-content\/uploads\/sites\/10\/2022\/12\/unnamed-150x150.png 150w, https:\/\/www.ssaver.gob.mx\/proteccioncontrariesgossanitarios\/wp-content\/uploads\/sites\/10\/2022\/12\/unnamed-215x215.png 215w\" sizes=\"auto, (max-width: 512px) 100vw, 512px\" \/><\/td><\/tr><tr><td class=\"has-text-align-center\" data-align=\"center\"><strong>XI Coatzacoalcos II<\/strong><\/td><td><a href=\"mailto:capateresamorales@hotmail.com\">capateresamorales@hotmail.com<\/a><\/td><td><a href=\"mailto:asro25@live.com.mx\">921 248&nbsp; 23 95<\/a><\/td><td>Lunes a Viernes<br>08:00 &#8211; 15:30<\/td><td><img loading=\"lazy\" decoding=\"async\" width=\"512\" height=\"512\" class=\"wp-image-2070\" style=\"width: 50px\" src=\"https:\/\/www.ssaver.gob.mx\/proteccioncontrariesgossanitarios\/wp-content\/uploads\/sites\/10\/2022\/12\/unnamed.png\" alt=\"\" srcset=\"https:\/\/www.ssaver.gob.mx\/proteccioncontrariesgossanitarios\/wp-content\/uploads\/sites\/10\/2022\/12\/unnamed.png 512w, https:\/\/www.ssaver.gob.mx\/proteccioncontrariesgossanitarios\/wp-content\/uploads\/sites\/10\/2022\/12\/unnamed-300x300.png 300w, https:\/\/www.ssaver.gob.mx\/proteccioncontrariesgossanitarios\/wp-content\/uploads\/sites\/10\/2022\/12\/unnamed-150x150.png 150w, https:\/\/www.ssaver.gob.mx\/proteccioncontrariesgossanitarios\/wp-content\/uploads\/sites\/10\/2022\/12\/unnamed-215x215.png 215w\" sizes=\"auto, (max-width: 512px) 100vw, 512px\" \/><\/td><\/tr><tr><td class=\"has-text-align-center\" data-align=\"center\"><strong>XI Minatitl\u00e1n<\/strong><\/td><td><a href=\"mailto:capanuevavidatxp@live.com.mx\">capanuevavidatxp@live.com.mx<\/a><\/td><td><a href=\"mailto:naraeglamd@hotmail.com\">922 223 03 28<\/a><\/td><td>Lunes a Viernes<br>08:00 &#8211; 15:30<\/td><td><img loading=\"lazy\" decoding=\"async\" width=\"512\" height=\"512\" class=\"wp-image-2070\" style=\"width: 50px\" src=\"https:\/\/www.ssaver.gob.mx\/proteccioncontrariesgossanitarios\/wp-content\/uploads\/sites\/10\/2022\/12\/unnamed.png\" alt=\"\" srcset=\"https:\/\/www.ssaver.gob.mx\/proteccioncontrariesgossanitarios\/wp-content\/uploads\/sites\/10\/2022\/12\/unnamed.png 512w, https:\/\/www.ssaver.gob.mx\/proteccioncontrariesgossanitarios\/wp-content\/uploads\/sites\/10\/2022\/12\/unnamed-300x300.png 300w, https:\/\/www.ssaver.gob.mx\/proteccioncontrariesgossanitarios\/wp-content\/uploads\/sites\/10\/2022\/12\/unnamed-150x150.png 150w, https:\/\/www.ssaver.gob.mx\/proteccioncontrariesgossanitarios\/wp-content\/uploads\/sites\/10\/2022\/12\/unnamed-215x215.png 215w\" sizes=\"auto, (max-width: 512px) 100vw, 512px\" \/><\/td><\/tr><\/tbody><\/table><\/figure>\n<\/div>\n","protected":false},"excerpt":{"rendered":"<p>DIRECTORIO DE ATENCI\u00d3N PARA DEJAR DE FUMAR JS Correo UNEME-CAPA N\u00famero Telef\u00f3nico Horario de atenci\u00f3n UBICACI\u00d3N I. Panuco unemecapapanuco@gmail.com 8462662724<\/p>\n","protected":false},"author":15,"featured_media":0,"parent":0,"menu_order":0,"comment_status":"closed","ping_status":"closed","template":"","meta":{"colormag_page_container_layout":"default_layout","colormag_page_sidebar_layout":"default_layout","footnotes":""},"class_list":["post-2752","page","type-page","status-publish","hentry"],"_links":{"self":[{"href":"https:\/\/www.ssaver.gob.mx\/proteccioncontrariesgossanitarios\/wp-json\/wp\/v2\/pages\/2752","targetHints":{"allow":["GET"]}}],"collection":[{"href":"https:\/\/www.ssaver.gob.mx\/proteccioncontrariesgossanitarios\/wp-json\/wp\/v2\/pages"}],"about":[{"href":"https:\/\/www.ssaver.gob.mx\/proteccioncontrariesgossanitarios\/wp-json\/wp\/v2\/types\/page"}],"author":[{"embeddable":true,"href":"https:\/\/www.ssaver.gob.mx\/proteccioncontrariesgossanitarios\/wp-json\/wp\/v2\/users\/15"}],"replies":[{"embeddable":true,"href":"https:\/\/www.ssaver.gob.mx\/proteccioncontrariesgossanitarios\/wp-json\/wp\/v2\/comments?post=2752"}],"version-history":[{"count":18,"href":"https:\/\/www.ssaver.gob.mx\/proteccioncontrariesgossanitarios\/wp-json\/wp\/v2\/pages\/2752\/revisions"}],"predecessor-version":[{"id":5720,"href":"https:\/\/www.ssaver.gob.mx\/proteccioncontrariesgossanitarios\/wp-json\/wp\/v2\/pages\/2752\/revisions\/5720"}],"wp:attachment":[{"href":"https:\/\/www.ssaver.gob.mx\/proteccioncontrariesgossanitarios\/wp-json\/wp\/v2\/media?parent=2752"}],"curies":[{"name":"wp","href":"https:\/\/api.w.org\/{rel}","templated":true}]}}