{"id":2816,"date":"2023-06-21T12:41:14","date_gmt":"2023-06-21T17:41:14","guid":{"rendered":"https:\/\/www.ssaver.gob.mx\/proteccioncontrariesgossanitarios\/?page_id=2816"},"modified":"2026-03-25T14:23:19","modified_gmt":"2026-03-25T20:23:19","slug":"estrategia-nacional-de-buen-gobierno","status":"publish","type":"page","link":"https:\/\/www.ssaver.gob.mx\/proteccioncontrariesgossanitarios\/estrategia-nacional-de-buen-gobierno\/","title":{"rendered":"Objetivo General &#8211; ENBG"},"content":{"rendered":"\n<div class=\"wp-block-group is-layout-constrained wp-container-core-group-is-layout-9517baca wp-block-group-is-layout-constrained\">\n<p><\/p>\n\n\n\n<figure class=\"wp-block-gallery has-nested-images columns-default is-cropped wp-block-gallery-1 is-layout-flex wp-block-gallery-is-layout-flex\">\n<figure class=\"wp-block-image size-large\"><a href=\"https:\/\/www.ssaver.gob.mx\/proteccioncontrariesgossanitarios\/estrategia-nacional-de-buen-gobierno\/\"><img loading=\"lazy\" decoding=\"async\" width=\"1024\" height=\"390\" data-id=\"5098\" src=\"https:\/\/www.ssaver.gob.mx\/proteccioncontrariesgossanitarios\/wp-content\/uploads\/sites\/10\/2025\/10\/buen-gobierno-5-1024x390.jpg\" alt=\"\" class=\"wp-image-5098\" srcset=\"https:\/\/www.ssaver.gob.mx\/proteccioncontrariesgossanitarios\/wp-content\/uploads\/sites\/10\/2025\/10\/buen-gobierno-5-1024x390.jpg 1024w, https:\/\/www.ssaver.gob.mx\/proteccioncontrariesgossanitarios\/wp-content\/uploads\/sites\/10\/2025\/10\/buen-gobierno-5-300x114.jpg 300w, https:\/\/www.ssaver.gob.mx\/proteccioncontrariesgossanitarios\/wp-content\/uploads\/sites\/10\/2025\/10\/buen-gobierno-5-768x292.jpg 768w, https:\/\/www.ssaver.gob.mx\/proteccioncontrariesgossanitarios\/wp-content\/uploads\/sites\/10\/2025\/10\/buen-gobierno-5-1536x584.jpg 1536w, https:\/\/www.ssaver.gob.mx\/proteccioncontrariesgossanitarios\/wp-content\/uploads\/sites\/10\/2025\/10\/buen-gobierno-5-2048x779.jpg 2048w\" sizes=\"auto, (max-width: 1024px) 100vw, 1024px\" \/><\/a><\/figure>\n<\/figure>\n\n\n\n<div style=\"height:25px\" aria-hidden=\"true\" class=\"wp-block-spacer\"><\/div>\n\n\n\n<h2 class=\"wp-block-heading has-text-align-center\"><strong>OBJETIVO GENERAL<\/strong><\/h2>\n\n\n\n<hr class=\"wp-block-separator has-text-color has-alpha-channel-opacity has-background is-style-wide\" style=\"background-color:#e3bf00;color:#e3bf00\" \/>\n\n\n\n<p class=\"has-text-align-left\" style=\"font-size:19px\">Implementar mecanismos de coordinaci\u00f3n en materia de difusi\u00f3n, capacitaci\u00f3n, supervisi\u00f3n y vinculaci\u00f3n, orientados a fortalecer la rendici\u00f3n de cuentas, promover la integridad en el servicio p\u00fablico, prevenir actos discrecionales y\/o de corrupci\u00f3n y dar certeza sobre la correcta ejecuci\u00f3n de los procesos de regulaci\u00f3n, control y fomento sanitario.<\/p>\n\n\n\n<div class=\"wp-block-columns is-layout-flex wp-container-core-columns-is-layout-28f84493 wp-block-columns-is-layout-flex\">\n<div class=\"wp-block-column is-layout-flow wp-block-column-is-layout-flow\">\n<figure class=\"wp-block-image size-full\"><a href=\"https:\/\/www.ssaver.gob.mx\/proteccioncontrariesgossanitarios\/estrategia-nacional-de-buen-gobierno-antecedentes\/\" target=\"_blank\"><img loading=\"lazy\" decoding=\"async\" width=\"792\" height=\"538\" src=\"https:\/\/www.ssaver.gob.mx\/proteccioncontrariesgossanitarios\/wp-content\/uploads\/sites\/10\/2025\/11\/boton-antecedentes.png\" alt=\"\" class=\"wp-image-5194\" srcset=\"https:\/\/www.ssaver.gob.mx\/proteccioncontrariesgossanitarios\/wp-content\/uploads\/sites\/10\/2025\/11\/boton-antecedentes.png 792w, https:\/\/www.ssaver.gob.mx\/proteccioncontrariesgossanitarios\/wp-content\/uploads\/sites\/10\/2025\/11\/boton-antecedentes-300x204.png 300w, https:\/\/www.ssaver.gob.mx\/proteccioncontrariesgossanitarios\/wp-content\/uploads\/sites\/10\/2025\/11\/boton-antecedentes-768x522.png 768w\" sizes=\"auto, (max-width: 792px) 100vw, 792px\" \/><\/a><\/figure>\n<\/div>\n\n\n\n<div class=\"wp-block-column is-layout-flow wp-block-column-is-layout-flow\">\n<figure class=\"wp-block-image size-full\"><a href=\"https:\/\/www.ssaver.gob.mx\/proteccioncontrariesgossanitarios\/estrategia-nacional-de-buen-gobierno-marconormativo\/\" target=\"_blank\"><img loading=\"lazy\" decoding=\"async\" width=\"792\" height=\"538\" src=\"https:\/\/www.ssaver.gob.mx\/proteccioncontrariesgossanitarios\/wp-content\/uploads\/sites\/10\/2025\/11\/boton-marco-normativo.png\" alt=\"\" class=\"wp-image-5196\" srcset=\"https:\/\/www.ssaver.gob.mx\/proteccioncontrariesgossanitarios\/wp-content\/uploads\/sites\/10\/2025\/11\/boton-marco-normativo.png 792w, https:\/\/www.ssaver.gob.mx\/proteccioncontrariesgossanitarios\/wp-content\/uploads\/sites\/10\/2025\/11\/boton-marco-normativo-300x204.png 300w, https:\/\/www.ssaver.gob.mx\/proteccioncontrariesgossanitarios\/wp-content\/uploads\/sites\/10\/2025\/11\/boton-marco-normativo-768x522.png 768w\" sizes=\"auto, (max-width: 792px) 100vw, 792px\" \/><\/a><\/figure>\n<\/div>\n\n\n\n<div class=\"wp-block-column is-layout-flow wp-block-column-is-layout-flow\">\n<figure class=\"wp-block-image size-full\"><a href=\"https:\/\/www.ssaver.gob.mx\/proteccioncontrariesgossanitarios\/estrategia-nacional-de-buen-gobierno-ejesestrategicos\" target=\"_blank\"><img loading=\"lazy\" decoding=\"async\" width=\"792\" height=\"538\" src=\"https:\/\/www.ssaver.gob.mx\/proteccioncontrariesgossanitarios\/wp-content\/uploads\/sites\/10\/2025\/11\/boton-ejes-estrategicos.png\" alt=\"\" class=\"wp-image-5198\" srcset=\"https:\/\/www.ssaver.gob.mx\/proteccioncontrariesgossanitarios\/wp-content\/uploads\/sites\/10\/2025\/11\/boton-ejes-estrategicos.png 792w, https:\/\/www.ssaver.gob.mx\/proteccioncontrariesgossanitarios\/wp-content\/uploads\/sites\/10\/2025\/11\/boton-ejes-estrategicos-300x204.png 300w, https:\/\/www.ssaver.gob.mx\/proteccioncontrariesgossanitarios\/wp-content\/uploads\/sites\/10\/2025\/11\/boton-ejes-estrategicos-768x522.png 768w\" sizes=\"auto, (max-width: 792px) 100vw, 792px\" \/><\/a><\/figure>\n<\/div>\n\n\n\n<div class=\"wp-block-column is-layout-flow wp-block-column-is-layout-flow\">\n<figure class=\"wp-block-image size-full\"><a href=\"https:\/\/www.ssaver.gob.mx\/proteccioncontrariesgossanitarios\/estrategia-nacional-de-buen-gobierno-avances\/\" target=\"_blank\"><img loading=\"lazy\" decoding=\"async\" width=\"792\" height=\"538\" src=\"https:\/\/www.ssaver.gob.mx\/proteccioncontrariesgossanitarios\/wp-content\/uploads\/sites\/10\/2025\/11\/boton-avances.png\" alt=\"\" class=\"wp-image-5201\" srcset=\"https:\/\/www.ssaver.gob.mx\/proteccioncontrariesgossanitarios\/wp-content\/uploads\/sites\/10\/2025\/11\/boton-avances.png 792w, https:\/\/www.ssaver.gob.mx\/proteccioncontrariesgossanitarios\/wp-content\/uploads\/sites\/10\/2025\/11\/boton-avances-300x204.png 300w, https:\/\/www.ssaver.gob.mx\/proteccioncontrariesgossanitarios\/wp-content\/uploads\/sites\/10\/2025\/11\/boton-avances-768x522.png 768w\" sizes=\"auto, (max-width: 792px) 100vw, 792px\" \/><\/a><\/figure>\n<\/div>\n<\/div>\n\n\n\n<div class=\"wp-block-columns is-layout-flex wp-container-core-columns-is-layout-28f84493 wp-block-columns-is-layout-flex\">\n<div class=\"wp-block-column is-layout-flow wp-block-column-is-layout-flow\">\n<figure class=\"wp-block-image size-full\"><a href=\"https:\/\/www.ssaver.gob.mx\/proteccioncontrariesgossanitarios\/catalogo-de-tramites-federales-y-estatales\/\"><img loading=\"lazy\" decoding=\"async\" width=\"768\" height=\"524\" src=\"https:\/\/www.ssaver.gob.mx\/proteccioncontrariesgossanitarios\/wp-content\/uploads\/sites\/10\/2026\/03\/boton-catalogo-de-tramites.png\" alt=\"\" class=\"wp-image-5954\" srcset=\"https:\/\/www.ssaver.gob.mx\/proteccioncontrariesgossanitarios\/wp-content\/uploads\/sites\/10\/2026\/03\/boton-catalogo-de-tramites.png 768w, https:\/\/www.ssaver.gob.mx\/proteccioncontrariesgossanitarios\/wp-content\/uploads\/sites\/10\/2026\/03\/boton-catalogo-de-tramites-300x205.png 300w, https:\/\/www.ssaver.gob.mx\/proteccioncontrariesgossanitarios\/wp-content\/uploads\/sites\/10\/2026\/03\/boton-catalogo-de-tramites-130x90.png 130w\" sizes=\"auto, (max-width: 768px) 100vw, 768px\" \/><\/a><\/figure>\n<\/div>\n\n\n\n<div class=\"wp-block-column is-layout-flow wp-block-column-is-layout-flow\">\n<figure class=\"wp-block-image size-full\"><a href=\"https:\/\/www.ssaver.gob.mx\/proteccioncontrariesgossanitarios\/estrategia-nacional-de-buen-gobierno-material-de-difusion\/\" target=\"_blank\" rel=\" \"><img loading=\"lazy\" decoding=\"async\" width=\"792\" height=\"538\" src=\"https:\/\/www.ssaver.gob.mx\/proteccioncontrariesgossanitarios\/wp-content\/uploads\/sites\/10\/2025\/11\/boton-material-de-difusion.png\" alt=\"\" class=\"wp-image-5205\" srcset=\"https:\/\/www.ssaver.gob.mx\/proteccioncontrariesgossanitarios\/wp-content\/uploads\/sites\/10\/2025\/11\/boton-material-de-difusion.png 792w, https:\/\/www.ssaver.gob.mx\/proteccioncontrariesgossanitarios\/wp-content\/uploads\/sites\/10\/2025\/11\/boton-material-de-difusion-300x204.png 300w, https:\/\/www.ssaver.gob.mx\/proteccioncontrariesgossanitarios\/wp-content\/uploads\/sites\/10\/2025\/11\/boton-material-de-difusion-768x522.png 768w\" sizes=\"auto, (max-width: 792px) 100vw, 792px\" \/><\/a><\/figure>\n<\/div>\n\n\n\n<div class=\"wp-block-column is-layout-flow wp-block-column-is-layout-flow\">\n<figure class=\"wp-block-image size-full\"><a href=\"https:\/\/www.ssaver.gob.mx\/proteccioncontrariesgossanitarios\/estrategia-nacional-de-buen-gobierno-denuncia\/\" target=\"_blank\" rel=\" \"><img loading=\"lazy\" decoding=\"async\" width=\"792\" height=\"538\" src=\"https:\/\/www.ssaver.gob.mx\/proteccioncontrariesgossanitarios\/wp-content\/uploads\/sites\/10\/2025\/11\/boton-denuncia.png\" alt=\"\" class=\"wp-image-5203\" srcset=\"https:\/\/www.ssaver.gob.mx\/proteccioncontrariesgossanitarios\/wp-content\/uploads\/sites\/10\/2025\/11\/boton-denuncia.png 792w, https:\/\/www.ssaver.gob.mx\/proteccioncontrariesgossanitarios\/wp-content\/uploads\/sites\/10\/2025\/11\/boton-denuncia-300x204.png 300w, https:\/\/www.ssaver.gob.mx\/proteccioncontrariesgossanitarios\/wp-content\/uploads\/sites\/10\/2025\/11\/boton-denuncia-768x522.png 768w\" sizes=\"auto, (max-width: 792px) 100vw, 792px\" \/><\/a><\/figure>\n<\/div>\n\n\n\n<div class=\"wp-block-column is-layout-flow wp-block-column-is-layout-flow\"><\/div>\n<\/div>\n<\/div>\n\n\n\n<p><\/p>\n","protected":false},"excerpt":{"rendered":"<p>OBJETIVO GENERAL Implementar mecanismos de coordinaci\u00f3n en materia de difusi\u00f3n, capacitaci\u00f3n, supervisi\u00f3n y vinculaci\u00f3n, orientados a fortalecer la rendici\u00f3n de<\/p>\n","protected":false},"author":15,"featured_media":0,"parent":0,"menu_order":0,"comment_status":"closed","ping_status":"closed","template":"","meta":{"colormag_page_container_layout":"default_layout","colormag_page_sidebar_layout":"default_layout","footnotes":""},"class_list":["post-2816","page","type-page","status-publish","hentry"],"_links":{"self":[{"href":"https:\/\/www.ssaver.gob.mx\/proteccioncontrariesgossanitarios\/wp-json\/wp\/v2\/pages\/2816","targetHints":{"allow":["GET"]}}],"collection":[{"href":"https:\/\/www.ssaver.gob.mx\/proteccioncontrariesgossanitarios\/wp-json\/wp\/v2\/pages"}],"about":[{"href":"https:\/\/www.ssaver.gob.mx\/proteccioncontrariesgossanitarios\/wp-json\/wp\/v2\/types\/page"}],"author":[{"embeddable":true,"href":"https:\/\/www.ssaver.gob.mx\/proteccioncontrariesgossanitarios\/wp-json\/wp\/v2\/users\/15"}],"replies":[{"embeddable":true,"href":"https:\/\/www.ssaver.gob.mx\/proteccioncontrariesgossanitarios\/wp-json\/wp\/v2\/comments?post=2816"}],"version-history":[{"count":41,"href":"https:\/\/www.ssaver.gob.mx\/proteccioncontrariesgossanitarios\/wp-json\/wp\/v2\/pages\/2816\/revisions"}],"predecessor-version":[{"id":6048,"href":"https:\/\/www.ssaver.gob.mx\/proteccioncontrariesgossanitarios\/wp-json\/wp\/v2\/pages\/2816\/revisions\/6048"}],"wp:attachment":[{"href":"https:\/\/www.ssaver.gob.mx\/proteccioncontrariesgossanitarios\/wp-json\/wp\/v2\/media?parent=2816"}],"curies":[{"name":"wp","href":"https:\/\/api.w.org\/{rel}","templated":true}]}}