{"id":2826,"date":"2023-06-21T12:55:16","date_gmt":"2023-06-21T17:55:16","guid":{"rendered":"https:\/\/www.ssaver.gob.mx\/proteccioncontrariesgossanitarios\/?page_id=2826"},"modified":"2026-03-02T18:24:01","modified_gmt":"2026-03-03T00:24:01","slug":"estrategia-nacional-de-buen-gobierno-marconormativo","status":"publish","type":"page","link":"https:\/\/www.ssaver.gob.mx\/proteccioncontrariesgossanitarios\/estrategia-nacional-de-buen-gobierno-marconormativo\/","title":{"rendered":"Marco normativo -ENBG"},"content":{"rendered":"\n<div class=\"wp-block-group is-layout-constrained wp-container-core-group-is-layout-9517baca wp-block-group-is-layout-constrained\">\n<p><\/p>\n\n\n\n<figure class=\"wp-block-gallery has-nested-images columns-default is-cropped wp-block-gallery-1 is-layout-flex wp-block-gallery-is-layout-flex\">\n<figure class=\"wp-block-image aligncenter size-large\"><a href=\"https:\/\/www.ssaver.gob.mx\/proteccioncontrariesgossanitarios\/estrategia-nacional-de-buen-gobierno\/\"><img loading=\"lazy\" decoding=\"async\" width=\"1024\" height=\"390\" data-id=\"5098\" src=\"https:\/\/www.ssaver.gob.mx\/proteccioncontrariesgossanitarios\/wp-content\/uploads\/sites\/10\/2025\/10\/buen-gobierno-5-1024x390.jpg\" alt=\"\" class=\"wp-image-5098\" srcset=\"https:\/\/www.ssaver.gob.mx\/proteccioncontrariesgossanitarios\/wp-content\/uploads\/sites\/10\/2025\/10\/buen-gobierno-5-1024x390.jpg 1024w, https:\/\/www.ssaver.gob.mx\/proteccioncontrariesgossanitarios\/wp-content\/uploads\/sites\/10\/2025\/10\/buen-gobierno-5-300x114.jpg 300w, https:\/\/www.ssaver.gob.mx\/proteccioncontrariesgossanitarios\/wp-content\/uploads\/sites\/10\/2025\/10\/buen-gobierno-5-768x292.jpg 768w, https:\/\/www.ssaver.gob.mx\/proteccioncontrariesgossanitarios\/wp-content\/uploads\/sites\/10\/2025\/10\/buen-gobierno-5-1536x584.jpg 1536w, https:\/\/www.ssaver.gob.mx\/proteccioncontrariesgossanitarios\/wp-content\/uploads\/sites\/10\/2025\/10\/buen-gobierno-5-2048x779.jpg 2048w\" sizes=\"auto, (max-width: 1024px) 100vw, 1024px\" \/><\/a><\/figure>\n<\/figure>\n\n\n\n<div class=\"wp-block-columns is-layout-flex wp-container-core-columns-is-layout-28f84493 wp-block-columns-is-layout-flex\">\n<div class=\"wp-block-column is-layout-flow wp-block-column-is-layout-flow\">\n<figure class=\"wp-block-image size-full\"><a href=\"https:\/\/www.ssaver.gob.mx\/proteccioncontrariesgossanitarios\/estrategia-nacional-de-buen-gobierno-antecedentes\/\" target=\"_blank\"><img loading=\"lazy\" decoding=\"async\" width=\"792\" height=\"538\" src=\"https:\/\/www.ssaver.gob.mx\/proteccioncontrariesgossanitarios\/wp-content\/uploads\/sites\/10\/2025\/11\/boton-antecedentes.png\" alt=\"\" class=\"wp-image-5194\" srcset=\"https:\/\/www.ssaver.gob.mx\/proteccioncontrariesgossanitarios\/wp-content\/uploads\/sites\/10\/2025\/11\/boton-antecedentes.png 792w, https:\/\/www.ssaver.gob.mx\/proteccioncontrariesgossanitarios\/wp-content\/uploads\/sites\/10\/2025\/11\/boton-antecedentes-300x204.png 300w, https:\/\/www.ssaver.gob.mx\/proteccioncontrariesgossanitarios\/wp-content\/uploads\/sites\/10\/2025\/11\/boton-antecedentes-768x522.png 768w\" sizes=\"auto, (max-width: 792px) 100vw, 792px\" \/><\/a><\/figure>\n<\/div>\n\n\n\n<div class=\"wp-block-column is-layout-flow wp-block-column-is-layout-flow\">\n<figure class=\"wp-block-image size-full\"><a href=\"https:\/\/www.ssaver.gob.mx\/proteccioncontrariesgossanitarios\/estrategia-nacional-de-buen-gobierno-marconormativo\/\" target=\"_blank\"><img loading=\"lazy\" decoding=\"async\" width=\"792\" height=\"538\" src=\"https:\/\/www.ssaver.gob.mx\/proteccioncontrariesgossanitarios\/wp-content\/uploads\/sites\/10\/2025\/11\/boton-marco-normativo.png\" alt=\"\" class=\"wp-image-5196\" srcset=\"https:\/\/www.ssaver.gob.mx\/proteccioncontrariesgossanitarios\/wp-content\/uploads\/sites\/10\/2025\/11\/boton-marco-normativo.png 792w, https:\/\/www.ssaver.gob.mx\/proteccioncontrariesgossanitarios\/wp-content\/uploads\/sites\/10\/2025\/11\/boton-marco-normativo-300x204.png 300w, https:\/\/www.ssaver.gob.mx\/proteccioncontrariesgossanitarios\/wp-content\/uploads\/sites\/10\/2025\/11\/boton-marco-normativo-768x522.png 768w\" sizes=\"auto, (max-width: 792px) 100vw, 792px\" \/><\/a><\/figure>\n<\/div>\n\n\n\n<div class=\"wp-block-column is-layout-flow wp-block-column-is-layout-flow\">\n<figure class=\"wp-block-image size-full\"><a href=\"https:\/\/www.ssaver.gob.mx\/proteccioncontrariesgossanitarios\/estrategia-nacional-de-buen-gobierno-ejesestrategicos\/\" target=\"_blank\"><img loading=\"lazy\" decoding=\"async\" width=\"792\" height=\"538\" src=\"https:\/\/www.ssaver.gob.mx\/proteccioncontrariesgossanitarios\/wp-content\/uploads\/sites\/10\/2025\/11\/boton-ejes-estrategicos.png\" alt=\"\" class=\"wp-image-5198\" srcset=\"https:\/\/www.ssaver.gob.mx\/proteccioncontrariesgossanitarios\/wp-content\/uploads\/sites\/10\/2025\/11\/boton-ejes-estrategicos.png 792w, https:\/\/www.ssaver.gob.mx\/proteccioncontrariesgossanitarios\/wp-content\/uploads\/sites\/10\/2025\/11\/boton-ejes-estrategicos-300x204.png 300w, https:\/\/www.ssaver.gob.mx\/proteccioncontrariesgossanitarios\/wp-content\/uploads\/sites\/10\/2025\/11\/boton-ejes-estrategicos-768x522.png 768w\" sizes=\"auto, (max-width: 792px) 100vw, 792px\" \/><\/a><\/figure>\n<\/div>\n\n\n\n<div class=\"wp-block-column is-layout-flow wp-block-column-is-layout-flow\">\n<figure class=\"wp-block-image size-full\"><a href=\"https:\/\/www.ssaver.gob.mx\/proteccioncontrariesgossanitarios\/estrategia-nacional-de-buen-gobierno-avances\/\" target=\"_blank\"><img loading=\"lazy\" decoding=\"async\" width=\"792\" height=\"538\" src=\"https:\/\/www.ssaver.gob.mx\/proteccioncontrariesgossanitarios\/wp-content\/uploads\/sites\/10\/2025\/11\/boton-avances.png\" alt=\"\" class=\"wp-image-5201\" srcset=\"https:\/\/www.ssaver.gob.mx\/proteccioncontrariesgossanitarios\/wp-content\/uploads\/sites\/10\/2025\/11\/boton-avances.png 792w, https:\/\/www.ssaver.gob.mx\/proteccioncontrariesgossanitarios\/wp-content\/uploads\/sites\/10\/2025\/11\/boton-avances-300x204.png 300w, https:\/\/www.ssaver.gob.mx\/proteccioncontrariesgossanitarios\/wp-content\/uploads\/sites\/10\/2025\/11\/boton-avances-768x522.png 768w\" sizes=\"auto, (max-width: 792px) 100vw, 792px\" \/><\/a><\/figure>\n<\/div>\n\n\n\n<div class=\"wp-block-column is-layout-flow wp-block-column-is-layout-flow\">\n<figure class=\"wp-block-image size-full\"><a href=\"https:\/\/www.ssaver.gob.mx\/proteccioncontrariesgossanitarios\/estrategia-nacional-de-buen-gobierno-denuncia\/\" target=\"_blank\" rel=\" \"><img loading=\"lazy\" decoding=\"async\" width=\"792\" height=\"538\" src=\"https:\/\/www.ssaver.gob.mx\/proteccioncontrariesgossanitarios\/wp-content\/uploads\/sites\/10\/2025\/11\/boton-denuncia.png\" alt=\"\" class=\"wp-image-5203\" srcset=\"https:\/\/www.ssaver.gob.mx\/proteccioncontrariesgossanitarios\/wp-content\/uploads\/sites\/10\/2025\/11\/boton-denuncia.png 792w, https:\/\/www.ssaver.gob.mx\/proteccioncontrariesgossanitarios\/wp-content\/uploads\/sites\/10\/2025\/11\/boton-denuncia-300x204.png 300w, https:\/\/www.ssaver.gob.mx\/proteccioncontrariesgossanitarios\/wp-content\/uploads\/sites\/10\/2025\/11\/boton-denuncia-768x522.png 768w\" sizes=\"auto, (max-width: 792px) 100vw, 792px\" \/><\/a><\/figure>\n<\/div>\n\n\n\n<div class=\"wp-block-column is-layout-flow wp-block-column-is-layout-flow\">\n<figure class=\"wp-block-image size-full\"><a href=\"https:\/\/www.ssaver.gob.mx\/proteccioncontrariesgossanitarios\/estrategia-nacional-de-buen-gobierno-material-de-difusion\/\" target=\"_blank\"><img loading=\"lazy\" decoding=\"async\" width=\"792\" height=\"538\" src=\"https:\/\/www.ssaver.gob.mx\/proteccioncontrariesgossanitarios\/wp-content\/uploads\/sites\/10\/2025\/11\/boton-material-de-difusion.png\" alt=\"\" class=\"wp-image-5205\" srcset=\"https:\/\/www.ssaver.gob.mx\/proteccioncontrariesgossanitarios\/wp-content\/uploads\/sites\/10\/2025\/11\/boton-material-de-difusion.png 792w, https:\/\/www.ssaver.gob.mx\/proteccioncontrariesgossanitarios\/wp-content\/uploads\/sites\/10\/2025\/11\/boton-material-de-difusion-300x204.png 300w, https:\/\/www.ssaver.gob.mx\/proteccioncontrariesgossanitarios\/wp-content\/uploads\/sites\/10\/2025\/11\/boton-material-de-difusion-768x522.png 768w\" sizes=\"auto, (max-width: 792px) 100vw, 792px\" \/><\/a><\/figure>\n<\/div>\n<\/div>\n\n\n\n<h2 class=\"wp-block-heading has-text-align-center\"><br><strong>MARCO NORMATIVO<\/strong><\/h2>\n\n\n\n<hr class=\"wp-block-separator has-text-color has-alpha-channel-opacity has-background\" style=\"background-color:#e3bf00;color:#e3bf00\" \/>\n\n\n\n<p class=\"has-text-align-left\" style=\"font-size:16px\">La presente Estrategia ser\u00e1 implementada en apego al marco normativo vigente en materia de protecci\u00f3n de la salud contra riesgos sanitarios y a la Pol\u00edtica Nacional Anticorrupci\u00f3n (PNA), y estar\u00e1 orientada a promover los valores, las reglas de integridad y \u00e9tica en el servicio p\u00fablico en las APCRS, en el pleno y debido ejercicio de las personas servidoras p\u00fablicas, mediante la prevenci\u00f3n de conductas que representen posibles actos de corrupci\u00f3n y que repercutan en la debida ejecuci\u00f3n de los procesos de operaci\u00f3n y fomento sanitarios en el SFS, fortaleciendo as\u00ed la honradez, la eficiencia, la eficacia, e imparcialidad de las personas servidoras p\u00fablicas.<\/p>\n\n\n\n<p style=\"font-size:16px\"><\/p>\n\n\n\n<figure class=\"wp-block-image aligncenter size-large\"><img loading=\"lazy\" decoding=\"async\" width=\"1024\" height=\"545\" src=\"https:\/\/www.ssaver.gob.mx\/proteccioncontrariesgossanitarios\/wp-content\/uploads\/sites\/10\/2026\/01\/Tabla-marco-normativo-1024x545.png\" alt=\"\" class=\"wp-image-5332\" srcset=\"https:\/\/www.ssaver.gob.mx\/proteccioncontrariesgossanitarios\/wp-content\/uploads\/sites\/10\/2026\/01\/Tabla-marco-normativo-1024x545.png 1024w, https:\/\/www.ssaver.gob.mx\/proteccioncontrariesgossanitarios\/wp-content\/uploads\/sites\/10\/2026\/01\/Tabla-marco-normativo-300x160.png 300w, https:\/\/www.ssaver.gob.mx\/proteccioncontrariesgossanitarios\/wp-content\/uploads\/sites\/10\/2026\/01\/Tabla-marco-normativo-768x409.png 768w, https:\/\/www.ssaver.gob.mx\/proteccioncontrariesgossanitarios\/wp-content\/uploads\/sites\/10\/2026\/01\/Tabla-marco-normativo-1536x818.png 1536w, https:\/\/www.ssaver.gob.mx\/proteccioncontrariesgossanitarios\/wp-content\/uploads\/sites\/10\/2026\/01\/Tabla-marco-normativo-2048x1091.png 2048w\" sizes=\"auto, (max-width: 1024px) 100vw, 1024px\" \/><\/figure>\n<\/div>\n","protected":false},"excerpt":{"rendered":"<p>MARCO NORMATIVO La presente Estrategia ser\u00e1 implementada en apego al marco normativo vigente en materia de protecci\u00f3n de la salud<\/p>\n","protected":false},"author":15,"featured_media":0,"parent":0,"menu_order":0,"comment_status":"closed","ping_status":"closed","template":"","meta":{"colormag_page_container_layout":"default_layout","colormag_page_sidebar_layout":"default_layout","footnotes":""},"class_list":["post-2826","page","type-page","status-publish","hentry"],"_links":{"self":[{"href":"https:\/\/www.ssaver.gob.mx\/proteccioncontrariesgossanitarios\/wp-json\/wp\/v2\/pages\/2826","targetHints":{"allow":["GET"]}}],"collection":[{"href":"https:\/\/www.ssaver.gob.mx\/proteccioncontrariesgossanitarios\/wp-json\/wp\/v2\/pages"}],"about":[{"href":"https:\/\/www.ssaver.gob.mx\/proteccioncontrariesgossanitarios\/wp-json\/wp\/v2\/types\/page"}],"author":[{"embeddable":true,"href":"https:\/\/www.ssaver.gob.mx\/proteccioncontrariesgossanitarios\/wp-json\/wp\/v2\/users\/15"}],"replies":[{"embeddable":true,"href":"https:\/\/www.ssaver.gob.mx\/proteccioncontrariesgossanitarios\/wp-json\/wp\/v2\/comments?post=2826"}],"version-history":[{"count":22,"href":"https:\/\/www.ssaver.gob.mx\/proteccioncontrariesgossanitarios\/wp-json\/wp\/v2\/pages\/2826\/revisions"}],"predecessor-version":[{"id":5683,"href":"https:\/\/www.ssaver.gob.mx\/proteccioncontrariesgossanitarios\/wp-json\/wp\/v2\/pages\/2826\/revisions\/5683"}],"wp:attachment":[{"href":"https:\/\/www.ssaver.gob.mx\/proteccioncontrariesgossanitarios\/wp-json\/wp\/v2\/media?parent=2826"}],"curies":[{"name":"wp","href":"https:\/\/api.w.org\/{rel}","templated":true}]}}