{"id":2827,"date":"2023-06-21T12:50:19","date_gmt":"2023-06-21T17:50:19","guid":{"rendered":"https:\/\/www.ssaver.gob.mx\/proteccioncontrariesgossanitarios\/?page_id=2827"},"modified":"2026-03-02T18:22:59","modified_gmt":"2026-03-03T00:22:59","slug":"estrategia-nacional-de-buen-gobierno-antecedentes","status":"publish","type":"page","link":"https:\/\/www.ssaver.gob.mx\/proteccioncontrariesgossanitarios\/estrategia-nacional-de-buen-gobierno-antecedentes\/","title":{"rendered":"Antecedentes- ENBG"},"content":{"rendered":"\n<div class=\"wp-block-group is-layout-constrained wp-container-core-group-is-layout-9517baca wp-block-group-is-layout-constrained\">\n<p><\/p>\n\n\n\n<figure class=\"wp-block-gallery has-nested-images columns-default is-cropped wp-block-gallery-1 is-layout-flex wp-block-gallery-is-layout-flex\">\n<figure class=\"wp-block-image aligncenter size-large\"><a href=\"https:\/\/www.ssaver.gob.mx\/proteccioncontrariesgossanitarios\/estrategia-nacional-de-buen-gobierno\/\"><img loading=\"lazy\" decoding=\"async\" width=\"1024\" height=\"390\" data-id=\"5098\" src=\"https:\/\/www.ssaver.gob.mx\/proteccioncontrariesgossanitarios\/wp-content\/uploads\/sites\/10\/2025\/10\/buen-gobierno-5-1024x390.jpg\" alt=\"\" class=\"wp-image-5098\" srcset=\"https:\/\/www.ssaver.gob.mx\/proteccioncontrariesgossanitarios\/wp-content\/uploads\/sites\/10\/2025\/10\/buen-gobierno-5-1024x390.jpg 1024w, https:\/\/www.ssaver.gob.mx\/proteccioncontrariesgossanitarios\/wp-content\/uploads\/sites\/10\/2025\/10\/buen-gobierno-5-300x114.jpg 300w, https:\/\/www.ssaver.gob.mx\/proteccioncontrariesgossanitarios\/wp-content\/uploads\/sites\/10\/2025\/10\/buen-gobierno-5-768x292.jpg 768w, https:\/\/www.ssaver.gob.mx\/proteccioncontrariesgossanitarios\/wp-content\/uploads\/sites\/10\/2025\/10\/buen-gobierno-5-1536x584.jpg 1536w, https:\/\/www.ssaver.gob.mx\/proteccioncontrariesgossanitarios\/wp-content\/uploads\/sites\/10\/2025\/10\/buen-gobierno-5-2048x779.jpg 2048w\" sizes=\"auto, (max-width: 1024px) 100vw, 1024px\" \/><\/a><\/figure>\n<\/figure>\n\n\n\n<div class=\"wp-block-columns is-layout-flex wp-container-core-columns-is-layout-28f84493 wp-block-columns-is-layout-flex\">\n<div class=\"wp-block-column is-layout-flow wp-block-column-is-layout-flow\">\n<figure class=\"wp-block-image size-full\"><a href=\"https:\/\/www.ssaver.gob.mx\/proteccioncontrariesgossanitarios\/estrategia-nacional-de-buen-gobierno-antecedentes\/\" target=\"_blank\"><img loading=\"lazy\" decoding=\"async\" width=\"792\" height=\"538\" src=\"https:\/\/www.ssaver.gob.mx\/proteccioncontrariesgossanitarios\/wp-content\/uploads\/sites\/10\/2025\/11\/boton-antecedentes.png\" alt=\"\" class=\"wp-image-5194\" srcset=\"https:\/\/www.ssaver.gob.mx\/proteccioncontrariesgossanitarios\/wp-content\/uploads\/sites\/10\/2025\/11\/boton-antecedentes.png 792w, https:\/\/www.ssaver.gob.mx\/proteccioncontrariesgossanitarios\/wp-content\/uploads\/sites\/10\/2025\/11\/boton-antecedentes-300x204.png 300w, https:\/\/www.ssaver.gob.mx\/proteccioncontrariesgossanitarios\/wp-content\/uploads\/sites\/10\/2025\/11\/boton-antecedentes-768x522.png 768w\" sizes=\"auto, (max-width: 792px) 100vw, 792px\" \/><\/a><\/figure>\n<\/div>\n\n\n\n<div class=\"wp-block-column is-layout-flow wp-block-column-is-layout-flow\">\n<figure class=\"wp-block-image size-full\"><a href=\"https:\/\/www.ssaver.gob.mx\/proteccioncontrariesgossanitarios\/estrategia-nacional-de-buen-gobierno-marconormativo\/\" target=\"_blank\"><img loading=\"lazy\" decoding=\"async\" width=\"792\" height=\"538\" src=\"https:\/\/www.ssaver.gob.mx\/proteccioncontrariesgossanitarios\/wp-content\/uploads\/sites\/10\/2025\/11\/boton-marco-normativo.png\" alt=\"\" class=\"wp-image-5196\" srcset=\"https:\/\/www.ssaver.gob.mx\/proteccioncontrariesgossanitarios\/wp-content\/uploads\/sites\/10\/2025\/11\/boton-marco-normativo.png 792w, https:\/\/www.ssaver.gob.mx\/proteccioncontrariesgossanitarios\/wp-content\/uploads\/sites\/10\/2025\/11\/boton-marco-normativo-300x204.png 300w, https:\/\/www.ssaver.gob.mx\/proteccioncontrariesgossanitarios\/wp-content\/uploads\/sites\/10\/2025\/11\/boton-marco-normativo-768x522.png 768w\" sizes=\"auto, (max-width: 792px) 100vw, 792px\" \/><\/a><\/figure>\n<\/div>\n\n\n\n<div class=\"wp-block-column is-layout-flow wp-block-column-is-layout-flow\">\n<figure class=\"wp-block-image size-full\"><a href=\"https:\/\/www.ssaver.gob.mx\/proteccioncontrariesgossanitarios\/estrategia-nacional-de-buen-gobierno-ejesestrategicos\/\" target=\"_blank\"><img loading=\"lazy\" decoding=\"async\" width=\"792\" height=\"538\" src=\"https:\/\/www.ssaver.gob.mx\/proteccioncontrariesgossanitarios\/wp-content\/uploads\/sites\/10\/2025\/11\/boton-ejes-estrategicos.png\" alt=\"\" class=\"wp-image-5198\" srcset=\"https:\/\/www.ssaver.gob.mx\/proteccioncontrariesgossanitarios\/wp-content\/uploads\/sites\/10\/2025\/11\/boton-ejes-estrategicos.png 792w, https:\/\/www.ssaver.gob.mx\/proteccioncontrariesgossanitarios\/wp-content\/uploads\/sites\/10\/2025\/11\/boton-ejes-estrategicos-300x204.png 300w, https:\/\/www.ssaver.gob.mx\/proteccioncontrariesgossanitarios\/wp-content\/uploads\/sites\/10\/2025\/11\/boton-ejes-estrategicos-768x522.png 768w\" sizes=\"auto, (max-width: 792px) 100vw, 792px\" \/><\/a><\/figure>\n<\/div>\n\n\n\n<div class=\"wp-block-column is-layout-flow wp-block-column-is-layout-flow\">\n<figure class=\"wp-block-image size-full\"><a href=\"https:\/\/www.ssaver.gob.mx\/proteccioncontrariesgossanitarios\/estrategia-nacional-de-buen-gobierno-avances\/\" target=\"_blank\" rel=\" \"><img loading=\"lazy\" decoding=\"async\" width=\"792\" height=\"538\" src=\"https:\/\/www.ssaver.gob.mx\/proteccioncontrariesgossanitarios\/wp-content\/uploads\/sites\/10\/2025\/11\/boton-avances.png\" alt=\"\" class=\"wp-image-5201\" srcset=\"https:\/\/www.ssaver.gob.mx\/proteccioncontrariesgossanitarios\/wp-content\/uploads\/sites\/10\/2025\/11\/boton-avances.png 792w, https:\/\/www.ssaver.gob.mx\/proteccioncontrariesgossanitarios\/wp-content\/uploads\/sites\/10\/2025\/11\/boton-avances-300x204.png 300w, https:\/\/www.ssaver.gob.mx\/proteccioncontrariesgossanitarios\/wp-content\/uploads\/sites\/10\/2025\/11\/boton-avances-768x522.png 768w\" sizes=\"auto, (max-width: 792px) 100vw, 792px\" \/><\/a><\/figure>\n<\/div>\n\n\n\n<div class=\"wp-block-column is-layout-flow wp-block-column-is-layout-flow\">\n<figure class=\"wp-block-image size-full\"><a href=\"https:\/\/www.ssaver.gob.mx\/proteccioncontrariesgossanitarios\/estrategia-nacional-de-buen-gobierno-denuncia\/\" target=\"_blank\"><img loading=\"lazy\" decoding=\"async\" width=\"792\" height=\"538\" src=\"https:\/\/www.ssaver.gob.mx\/proteccioncontrariesgossanitarios\/wp-content\/uploads\/sites\/10\/2025\/11\/boton-denuncia.png\" alt=\"\" class=\"wp-image-5203\" srcset=\"https:\/\/www.ssaver.gob.mx\/proteccioncontrariesgossanitarios\/wp-content\/uploads\/sites\/10\/2025\/11\/boton-denuncia.png 792w, https:\/\/www.ssaver.gob.mx\/proteccioncontrariesgossanitarios\/wp-content\/uploads\/sites\/10\/2025\/11\/boton-denuncia-300x204.png 300w, https:\/\/www.ssaver.gob.mx\/proteccioncontrariesgossanitarios\/wp-content\/uploads\/sites\/10\/2025\/11\/boton-denuncia-768x522.png 768w\" sizes=\"auto, (max-width: 792px) 100vw, 792px\" \/><\/a><\/figure>\n<\/div>\n\n\n\n<div class=\"wp-block-column is-layout-flow wp-block-column-is-layout-flow\">\n<figure class=\"wp-block-image size-full\"><a href=\"https:\/\/www.ssaver.gob.mx\/proteccioncontrariesgossanitarios\/estrategia-nacional-de-buen-gobierno-material-de-difusion\/\" target=\"_blank\"><img loading=\"lazy\" decoding=\"async\" width=\"792\" height=\"538\" src=\"https:\/\/www.ssaver.gob.mx\/proteccioncontrariesgossanitarios\/wp-content\/uploads\/sites\/10\/2025\/11\/boton-material-de-difusion.png\" alt=\"\" class=\"wp-image-5205\" srcset=\"https:\/\/www.ssaver.gob.mx\/proteccioncontrariesgossanitarios\/wp-content\/uploads\/sites\/10\/2025\/11\/boton-material-de-difusion.png 792w, https:\/\/www.ssaver.gob.mx\/proteccioncontrariesgossanitarios\/wp-content\/uploads\/sites\/10\/2025\/11\/boton-material-de-difusion-300x204.png 300w, https:\/\/www.ssaver.gob.mx\/proteccioncontrariesgossanitarios\/wp-content\/uploads\/sites\/10\/2025\/11\/boton-material-de-difusion-768x522.png 768w\" sizes=\"auto, (max-width: 792px) 100vw, 792px\" \/><\/a><\/figure>\n<\/div>\n<\/div>\n\n\n\n<h2 class=\"wp-block-heading has-text-align-center\"><strong>ANTECEDENTES<\/strong><\/h2>\n\n\n\n<hr class=\"wp-block-separator has-text-color has-alpha-channel-opacity has-background\" style=\"background-color:#e3bf00;color:#e3bf00\" \/>\n\n\n\n<p style=\"font-size:16px\">El Gobierno Federal a trav\u00e9s de la Secretar\u00eda de Salud, con la participaci\u00f3n de la Comisi\u00f3n Federal para la Protecci\u00f3n contra Riesgos Sanitarios, ha establecido una pol\u00edtica integral para toda la poblaci\u00f3n que permite una adecuada distribuci\u00f3n de los recursos, es por ello que se deben fortalecer las acciones para garantizar esta pol\u00edtica p\u00fablica del Gobierno Federal.<\/p>\n\n\n\n<p style=\"font-size:16px\">En el contexto de la administraci\u00f3n p\u00fablica, la corrupci\u00f3n se concibe como el abuso de un cargo p\u00fablico para obtener una ganancia privada, de acuerdo con el <strong>alcance y naturaleza<\/strong> del punto de contacto, las interacciones que se originan pueden materializar diferentes formas de corrupci\u00f3n (<strong>como el soborno, cohecho, colusi\u00f3n, actuaci\u00f3n bajo conflicto de inter\u00e9s, tr\u00e1fico de influencias, coerci\u00f3n<\/strong>). En el \u00e1mbito de la <strong>pol\u00edtica nacional de protecci\u00f3n contra riesgos sanitarios<\/strong>, los efectos de las acciones de regulaci\u00f3n, vigilancia y&nbsp; fomento sanitarios pueden ser limitados por pr\u00e1cticas de corrupci\u00f3n.<\/p>\n\n\n\n<p class=\"has-white-color has-text-color has-background\" style=\"background-color:#696969;font-size:16px\"><strong>LA CORRUPCI\u00d3N EN DATOS<\/strong><\/p>\n\n\n\n<p style=\"font-size:16px\">Una de las \u00e1reas susceptibles a la complicidad entre el sector p\u00fablico y privado es la regulaci\u00f3n. En el caso de M\u00e9xico, de acuerdo a la Encuesta Nacional de Calidad Regulatoria e Impacto Gubernamental en Empresas 2016 y 2020 (ENCRIGE) del Instituto Nacional de Estad\u00edstica y Geograf\u00eda (INEGI). El sector privado percibe que los actos de corrupci\u00f3n se producen principalmente para agilizar tr\u00e1mites, evitar multas o sanciones, evitar la clausura de un establecimiento, pagar menos impuestos, obtener licencias o permisos y evitar inspecciones (ver gr\u00e1fica 1).<\/p>\n\n\n\n<figure class=\"wp-block-image aligncenter size-large is-resized\"><img loading=\"lazy\" decoding=\"async\" width=\"802\" height=\"1024\" src=\"https:\/\/www.ssaver.gob.mx\/proteccioncontrariesgossanitarios\/wp-content\/uploads\/sites\/10\/2023\/06\/grafica-21-802x1024.png\" alt=\"\" class=\"wp-image-2981\" style=\"width:401px;height:512px\" srcset=\"https:\/\/www.ssaver.gob.mx\/proteccioncontrariesgossanitarios\/wp-content\/uploads\/sites\/10\/2023\/06\/grafica-21-802x1024.png 802w, https:\/\/www.ssaver.gob.mx\/proteccioncontrariesgossanitarios\/wp-content\/uploads\/sites\/10\/2023\/06\/grafica-21-235x300.png 235w, https:\/\/www.ssaver.gob.mx\/proteccioncontrariesgossanitarios\/wp-content\/uploads\/sites\/10\/2023\/06\/grafica-21-768x981.png 768w, https:\/\/www.ssaver.gob.mx\/proteccioncontrariesgossanitarios\/wp-content\/uploads\/sites\/10\/2023\/06\/grafica-21-1202x1536.png 1202w, https:\/\/www.ssaver.gob.mx\/proteccioncontrariesgossanitarios\/wp-content\/uploads\/sites\/10\/2023\/06\/grafica-21.png 1308w\" sizes=\"auto, (max-width: 802px) 100vw, 802px\" \/><\/figure>\n\n\n\n<p><\/p>\n\n\n\n<p class=\"has-white-color has-text-color has-background\" style=\"background-color:#696969;font-size:16px\"><strong><strong>AVANCE NACIONAL DE LA ENBG<\/strong><\/strong><\/p>\n\n\n\n<p style=\"font-size:16px\">Estos resultados derivan, en parte, de que las personas usuarias enfrentan rigidez y poca claridad de los requisitos, tiempos de atenci\u00f3n y cuotas de los tr\u00e1mites que realizan, quedando expuestas al abuso del poder e ineficiencia gubernamental.<\/p>\n\n\n\n<figure class=\"wp-block-image aligncenter size-full\"><img loading=\"lazy\" decoding=\"async\" width=\"738\" height=\"793\" src=\"https:\/\/www.ssaver.gob.mx\/proteccioncontrariesgossanitarios\/wp-content\/uploads\/sites\/10\/2025\/11\/TABLA-2-RESULTADOS-IMPLEMENTACION-ENB.png\" alt=\"\" class=\"wp-image-5217\" srcset=\"https:\/\/www.ssaver.gob.mx\/proteccioncontrariesgossanitarios\/wp-content\/uploads\/sites\/10\/2025\/11\/TABLA-2-RESULTADOS-IMPLEMENTACION-ENB.png 738w, https:\/\/www.ssaver.gob.mx\/proteccioncontrariesgossanitarios\/wp-content\/uploads\/sites\/10\/2025\/11\/TABLA-2-RESULTADOS-IMPLEMENTACION-ENB-279x300.png 279w\" sizes=\"auto, (max-width: 738px) 100vw, 738px\" \/><\/figure>\n<\/div>\n","protected":false},"excerpt":{"rendered":"<p>ANTECEDENTES El Gobierno Federal a trav\u00e9s de la Secretar\u00eda de Salud, con la participaci\u00f3n de la Comisi\u00f3n Federal para la<\/p>\n","protected":false},"author":15,"featured_media":0,"parent":0,"menu_order":0,"comment_status":"closed","ping_status":"closed","template":"","meta":{"colormag_page_container_layout":"default_layout","colormag_page_sidebar_layout":"default_layout","footnotes":""},"class_list":["post-2827","page","type-page","status-publish","hentry"],"_links":{"self":[{"href":"https:\/\/www.ssaver.gob.mx\/proteccioncontrariesgossanitarios\/wp-json\/wp\/v2\/pages\/2827","targetHints":{"allow":["GET"]}}],"collection":[{"href":"https:\/\/www.ssaver.gob.mx\/proteccioncontrariesgossanitarios\/wp-json\/wp\/v2\/pages"}],"about":[{"href":"https:\/\/www.ssaver.gob.mx\/proteccioncontrariesgossanitarios\/wp-json\/wp\/v2\/types\/page"}],"author":[{"embeddable":true,"href":"https:\/\/www.ssaver.gob.mx\/proteccioncontrariesgossanitarios\/wp-json\/wp\/v2\/users\/15"}],"replies":[{"embeddable":true,"href":"https:\/\/www.ssaver.gob.mx\/proteccioncontrariesgossanitarios\/wp-json\/wp\/v2\/comments?post=2827"}],"version-history":[{"count":20,"href":"https:\/\/www.ssaver.gob.mx\/proteccioncontrariesgossanitarios\/wp-json\/wp\/v2\/pages\/2827\/revisions"}],"predecessor-version":[{"id":5682,"href":"https:\/\/www.ssaver.gob.mx\/proteccioncontrariesgossanitarios\/wp-json\/wp\/v2\/pages\/2827\/revisions\/5682"}],"wp:attachment":[{"href":"https:\/\/www.ssaver.gob.mx\/proteccioncontrariesgossanitarios\/wp-json\/wp\/v2\/media?parent=2827"}],"curies":[{"name":"wp","href":"https:\/\/api.w.org\/{rel}","templated":true}]}}