{"id":3040,"date":"2023-07-10T09:43:28","date_gmt":"2023-07-10T14:43:28","guid":{"rendered":"https:\/\/www.ssaver.gob.mx\/proteccioncontrariesgossanitarios\/?page_id=3040"},"modified":"2026-03-03T17:39:50","modified_gmt":"2026-03-03T23:39:50","slug":"convocatoria-plazas-vacantes","status":"publish","type":"page","link":"https:\/\/www.ssaver.gob.mx\/proteccioncontrariesgossanitarios\/convocatoria-plazas-vacantes\/","title":{"rendered":"CONVOCATORIA PARA APLICAR A PLAZAS VACANTES DE LA DPRS Y LAS 11 JURISDICCIONES"},"content":{"rendered":"\n<div class=\"wp-block-group is-layout-constrained wp-container-core-group-is-layout-9517baca wp-block-group-is-layout-constrained\">\n<h2 class=\"wp-block-heading has-text-align-left has-white-color has-text-color has-background has-medium-font-size\" style=\"background-color:#a02642\"><strong>TEMARIO<\/strong><\/h2>\n\n\n\n<div class=\"wp-block-buttons is-content-justification-center is-layout-flex wp-container-core-buttons-is-layout-a89b3969 wp-block-buttons-is-layout-flex\">\n<div class=\"wp-block-button\"><a class=\"wp-block-button__link wp-element-button\" href=\"https:\/\/www.ssaver.gob.mx\/proteccioncontrariesgossanitarios\/wp-content\/uploads\/sites\/10\/2023\/07\/TEMARIO-CURSO-CONVOCATORIA-2023.pdf\" target=\"_blank\" rel=\"noreferrer noopener\"><strong>DESCARGAR AQU\u00cd <\/strong><\/a><\/div>\n<\/div>\n\n\n\n<hr class=\"wp-block-separator has-text-color has-white-color has-alpha-channel-opacity has-white-background-color has-background\" \/>\n\n\n\n<h2 class=\"wp-block-heading has-white-color has-text-color has-background has-medium-font-size\" style=\"background-color:#a02642\"><strong>CONVOCATORIA SEG\u00daN \u00c1REA DE ADSCRIPCI\u00d3N<\/strong><\/h2>\n\n\n\n<ul class=\"wp-block-list\">\n<li><a href=\"https:\/\/www.ssaver.gob.mx\/proteccioncontrariesgossanitarios\/wp-content\/uploads\/sites\/10\/2023\/07\/PANUCO.pdf\">I. P\u00c1NUCO<\/a><\/li>\n\n\n\n<li><a href=\"https:\/\/www.ssaver.gob.mx\/proteccioncontrariesgossanitarios\/wp-content\/uploads\/sites\/10\/2023\/07\/TUXPAN.pdf\">II. TUXPAN<\/a><\/li>\n\n\n\n<li><a href=\"https:\/\/www.ssaver.gob.mx\/proteccioncontrariesgossanitarios\/wp-content\/uploads\/sites\/10\/2023\/07\/POZA-RICA.pdf\">III. POZA RICA<\/a><\/li>\n\n\n\n<li><a href=\"https:\/\/www.ssaver.gob.mx\/proteccioncontrariesgossanitarios\/wp-content\/uploads\/sites\/10\/2023\/07\/MARTINEZ-DE-LA-TORRE.pdf\">IV. MART\u00cdNEZ DE LA TORRE<\/a><\/li>\n\n\n\n<li><a href=\"https:\/\/www.ssaver.gob.mx\/proteccioncontrariesgossanitarios\/wp-content\/uploads\/sites\/10\/2023\/07\/XALAPA.pdf\">V. XALAPA<\/a><\/li>\n\n\n\n<li><a href=\"https:\/\/www.ssaver.gob.mx\/proteccioncontrariesgossanitarios\/wp-content\/uploads\/sites\/10\/2023\/07\/CORDOBA.pdf\">VI. C\u00d3RDOBA<\/a><\/li>\n\n\n\n<li><a href=\"https:\/\/www.ssaver.gob.mx\/proteccioncontrariesgossanitarios\/wp-content\/uploads\/sites\/10\/2023\/07\/ORIZABA.pdf\">VII. ORIZABA<\/a><\/li>\n\n\n\n<li><a href=\"https:\/\/www.ssaver.gob.mx\/proteccioncontrariesgossanitarios\/wp-content\/uploads\/sites\/10\/2023\/07\/VERACRUZ-2.pdf\">VIII. VERACRUZ<\/a><\/li>\n\n\n\n<li><a href=\"https:\/\/www.ssaver.gob.mx\/proteccioncontrariesgossanitarios\/wp-content\/uploads\/sites\/10\/2023\/07\/COSAMALOAPAN.pdf\">IX. COSAMALOAPAN<\/a><\/li>\n\n\n\n<li><a href=\"https:\/\/www.ssaver.gob.mx\/proteccioncontrariesgossanitarios\/wp-content\/uploads\/sites\/10\/2023\/07\/SAN-ANDRES-TUXTLA.pdf\">X. SAN ANDR\u00c9S TUXTLA<\/a><\/li>\n\n\n\n<li><a href=\"https:\/\/www.ssaver.gob.mx\/proteccioncontrariesgossanitarios\/wp-content\/uploads\/sites\/10\/2023\/07\/COATZACOALCOS.pdf\">XI. COATZACOALCOS<\/a><\/li>\n\n\n\n<li><a href=\"https:\/\/www.ssaver.gob.mx\/proteccioncontrariesgossanitarios\/wp-content\/uploads\/sites\/10\/2023\/07\/OFICINA-CENTRAL.pdf\">XII. OFICINA CENTRAL<\/a><\/li>\n<\/ul>\n\n\n\n<h2 class=\"wp-block-heading has-white-color has-text-color has-background has-medium-font-size\" style=\"background-color:#a02642\"><strong>LINK PARA REGISTRO DE ASPIRANTES SEG\u00daN PASO 1 DE CONVOCATORIA<\/strong><\/h2>\n\n\n\n<div class=\"wp-block-buttons is-content-justification-center is-layout-flex wp-container-core-buttons-is-layout-a89b3969 wp-block-buttons-is-layout-flex\">\n<div class=\"wp-block-button\"><a class=\"wp-block-button__link has-text-align-center wp-element-button\" href=\"https:\/\/forms.gle\/wxGZ6WaPEAyase277\"><strong>https:\/\/forms.gle\/wxGZ6WaPEAyase277<\/strong><\/a><\/div>\n<\/div>\n<\/div>\n","protected":false},"excerpt":{"rendered":"<p>TEMARIO CONVOCATORIA SEG\u00daN \u00c1REA DE ADSCRIPCI\u00d3N LINK PARA REGISTRO DE ASPIRANTES SEG\u00daN PASO 1 DE CONVOCATORIA<\/p>\n","protected":false},"author":15,"featured_media":0,"parent":0,"menu_order":0,"comment_status":"closed","ping_status":"closed","template":"","meta":{"colormag_page_container_layout":"default_layout","colormag_page_sidebar_layout":"default_layout","footnotes":""},"class_list":["post-3040","page","type-page","status-publish","hentry"],"_links":{"self":[{"href":"https:\/\/www.ssaver.gob.mx\/proteccioncontrariesgossanitarios\/wp-json\/wp\/v2\/pages\/3040","targetHints":{"allow":["GET"]}}],"collection":[{"href":"https:\/\/www.ssaver.gob.mx\/proteccioncontrariesgossanitarios\/wp-json\/wp\/v2\/pages"}],"about":[{"href":"https:\/\/www.ssaver.gob.mx\/proteccioncontrariesgossanitarios\/wp-json\/wp\/v2\/types\/page"}],"author":[{"embeddable":true,"href":"https:\/\/www.ssaver.gob.mx\/proteccioncontrariesgossanitarios\/wp-json\/wp\/v2\/users\/15"}],"replies":[{"embeddable":true,"href":"https:\/\/www.ssaver.gob.mx\/proteccioncontrariesgossanitarios\/wp-json\/wp\/v2\/comments?post=3040"}],"version-history":[{"count":10,"href":"https:\/\/www.ssaver.gob.mx\/proteccioncontrariesgossanitarios\/wp-json\/wp\/v2\/pages\/3040\/revisions"}],"predecessor-version":[{"id":5712,"href":"https:\/\/www.ssaver.gob.mx\/proteccioncontrariesgossanitarios\/wp-json\/wp\/v2\/pages\/3040\/revisions\/5712"}],"wp:attachment":[{"href":"https:\/\/www.ssaver.gob.mx\/proteccioncontrariesgossanitarios\/wp-json\/wp\/v2\/media?parent=3040"}],"curies":[{"name":"wp","href":"https:\/\/api.w.org\/{rel}","templated":true}]}}