{"id":5959,"date":"2026-03-18T12:32:10","date_gmt":"2026-03-18T18:32:10","guid":{"rendered":"https:\/\/www.ssaver.gob.mx\/proteccioncontrariesgossanitarios\/?page_id=5959"},"modified":"2026-03-25T18:41:59","modified_gmt":"2026-03-26T00:41:59","slug":"catalogo-de-tramites-federales-y-estatales","status":"publish","type":"page","link":"https:\/\/www.ssaver.gob.mx\/proteccioncontrariesgossanitarios\/catalogo-de-tramites-federales-y-estatales\/","title":{"rendered":"CAT\u00c1LOGO DE TR\u00c1MITES FEDERALES Y ESTATALES"},"content":{"rendered":"\n<div class=\"wp-block-group is-layout-constrained wp-container-core-group-is-layout-9517baca wp-block-group-is-layout-constrained\">\n<figure class=\"wp-block-image size-large\"><img loading=\"lazy\" decoding=\"async\" width=\"1024\" height=\"425\" src=\"https:\/\/www.ssaver.gob.mx\/proteccioncontrariesgossanitarios\/wp-content\/uploads\/sites\/10\/2026\/03\/banner-catalogo-de-tramites-federales-y-estatales-1024x425.png\" alt=\"\" class=\"wp-image-5974\" srcset=\"https:\/\/www.ssaver.gob.mx\/proteccioncontrariesgossanitarios\/wp-content\/uploads\/sites\/10\/2026\/03\/banner-catalogo-de-tramites-federales-y-estatales-1024x425.png 1024w, https:\/\/www.ssaver.gob.mx\/proteccioncontrariesgossanitarios\/wp-content\/uploads\/sites\/10\/2026\/03\/banner-catalogo-de-tramites-federales-y-estatales-300x124.png 300w, https:\/\/www.ssaver.gob.mx\/proteccioncontrariesgossanitarios\/wp-content\/uploads\/sites\/10\/2026\/03\/banner-catalogo-de-tramites-federales-y-estatales-768x319.png 768w, https:\/\/www.ssaver.gob.mx\/proteccioncontrariesgossanitarios\/wp-content\/uploads\/sites\/10\/2026\/03\/banner-catalogo-de-tramites-federales-y-estatales-1536x637.png 1536w, https:\/\/www.ssaver.gob.mx\/proteccioncontrariesgossanitarios\/wp-content\/uploads\/sites\/10\/2026\/03\/banner-catalogo-de-tramites-federales-y-estatales-2048x849.png 2048w\" sizes=\"auto, (max-width: 1024px) 100vw, 1024px\" \/><\/figure>\n\n\n\n<div style=\"height:40px\" aria-hidden=\"true\" class=\"wp-block-spacer\"><\/div>\n\n\n\n<p class=\"has-text-align-center has-colormag-color-1-color has-colormag-color-6-background-color has-text-color has-background has-link-color wp-elements-29d536da06415e9b9251499118dbf368\" style=\"padding-top:5px;padding-bottom:5px;font-size:25px\"><strong> FEDERALES<\/strong><\/p>\n\n\n\n<div class=\"wp-block-columns are-vertically-aligned-center is-layout-flex wp-container-core-columns-is-layout-28f84493 wp-block-columns-is-layout-flex\">\n<div class=\"wp-block-column is-vertically-aligned-center is-layout-flow wp-block-column-is-layout-flow\" style=\"flex-basis:100%\">\n<div class=\"wp-block-columns is-layout-flex wp-container-core-columns-is-layout-28f84493 wp-block-columns-is-layout-flex\">\n<div class=\"wp-block-column is-layout-flow wp-block-column-is-layout-flow\">\n<a href=\"https:\/\/www.ssaver.gob.mx\/proteccioncontrariesgossanitarios\/listado-de-tramites-cofepris-en-materia-de-productos-y-servicios\/\" target=\"_blank\" rel=\"noopener noreferrer\" class=\"banner-container\">\n  <div class=\"banner-left\">\n    <img decoding=\"async\" src=\"https:\/\/www.ssaver.gob.mx\/proteccioncontrariesgossanitarios\/wp-content\/uploads\/sites\/10\/2026\/03\/boton-productos-y-servicios-catalogo-cofepris_1.png\" class=\"base\" alt=\"Bot\u00f3n para abrir pagina productos y servicios de catalogo cofepris\">\n    <img decoding=\"async\" src=\"https:\/\/www.ssaver.gob.mx\/proteccioncontrariesgossanitarios\/wp-content\/uploads\/sites\/10\/2026\/03\/boton-productos-y-servicios-catalogo-cofepris_1.png\" class=\"hover\" alt=\"\">\n  <\/div>\n  <div class=\"banner-right\">\n    <span style=\"font-size: 12px;font-weight: bold\">PRODUCTOS <br>Y SERVICIOS<\/span>\n  <\/div>\n<\/a>\n<\/div>\n\n\n\n<div class=\"wp-block-column is-layout-flow wp-block-column-is-layout-flow\">\n<a href=\"https:\/\/www.ssaver.gob.mx\/proteccioncontrariesgossanitarios\/listado-de-tramites-cofepris-en-materia-de-insumos-para-la-salud\/\" target=\"_blank\" rel=\"noopener noreferrer\" class=\"banner-container\">\n  <div class=\"banner-left\">\n    <img decoding=\"async\" src=\"https:\/\/www.ssaver.gob.mx\/proteccioncontrariesgossanitarios\/wp-content\/uploads\/sites\/10\/2026\/03\/boton-insumos-para-la-salud-catalogo-cofepris_1.png\" class=\"base\" alt=\"Bot\u00f3n para abrir pagina insumos para la salud de catalogo cofepris\">\n    <img decoding=\"async\" src=\"https:\/\/www.ssaver.gob.mx\/proteccioncontrariesgossanitarios\/wp-content\/uploads\/sites\/10\/2026\/03\/boton-insumos-para-la-salud-catalogo-cofepris_1.png\" class=\"hover\" alt=\"\">\n  <\/div>\n  <div class=\"banner-right\">\n    <span style=\"font-size: 12px;font-weight: bold\">INSUMOS PARA LA SALUD<\/span>\n  <\/div>\n<\/a>\n<\/div>\n\n\n\n<div class=\"wp-block-column is-layout-flow wp-block-column-is-layout-flow\">\n<a href=\"https:\/\/www.ssaver.gob.mx\/proteccioncontrariesgossanitarios\/listado-de-tramites-cofepris-en-materia-de-servicios-de-salud\/\" target=\"_blank\" rel=\"noopener noreferrer\" class=\"banner-container\">\n  <div class=\"banner-left\">\n    <img decoding=\"async\" src=\"https:\/\/www.ssaver.gob.mx\/proteccioncontrariesgossanitarios\/wp-content\/uploads\/sites\/10\/2026\/03\/boton-servicios-de-salud-catalogo-cofepris_1.png\" class=\"base\" alt=\"Bot\u00f3n para abrir pagina servicios de salud de catalogo cofepris\">\n    <img decoding=\"async\" src=\"https:\/\/www.ssaver.gob.mx\/proteccioncontrariesgossanitarios\/wp-content\/uploads\/sites\/10\/2026\/03\/boton-servicios-de-salud-catalogo-cofepris_1.png\" class=\"hover\" alt=\"\">\n  <\/div>\n  <div class=\"banner-right\">\n    <span style=\"font-size: 12px;font-weight: bold\">SERVICIOS DE SALUD<\/span>\n  <\/div>\n<\/a>\n<\/div>\n<\/div>\n<\/div>\n<\/div>\n\n\n\n<div class=\"wp-block-columns are-vertically-aligned-center is-layout-flex wp-container-core-columns-is-layout-28f84493 wp-block-columns-is-layout-flex\">\n<div class=\"wp-block-column is-vertically-aligned-center is-layout-flow wp-block-column-is-layout-flow\" style=\"flex-basis:100%\">\n<div class=\"wp-block-columns is-layout-flex wp-container-core-columns-is-layout-28f84493 wp-block-columns-is-layout-flex\">\n<div class=\"wp-block-column is-layout-flow wp-block-column-is-layout-flow\">\n<a href=\"https:\/\/www.ssaver.gob.mx\/proteccioncontrariesgossanitarios\/listado-de-tramites-cofepris-en-materia-de-salud-ambiental\/\" target=\"_blank\" rel=\"noopener noreferrer\" class=\"banner-container\">\n  <div class=\"banner-left\">\n    <img decoding=\"async\" src=\"https:\/\/www.ssaver.gob.mx\/proteccioncontrariesgossanitarios\/wp-content\/uploads\/sites\/10\/2026\/03\/boton-salud-ambiental-catalogo-cofepris_1.png\" class=\"base\" alt=\"Bot\u00f3n para abrir pagina de salud ambiental de catalogo cofepris\">\n    <img decoding=\"async\" src=\"https:\/\/www.ssaver.gob.mx\/proteccioncontrariesgossanitarios\/wp-content\/uploads\/sites\/10\/2026\/03\/boton-salud-ambiental-catalogo-cofepris_1.png\" class=\"hover\" alt=\"\">\n  <\/div>\n  <div class=\"banner-right\">\n    <span style=\"font-size: 12px;font-weight: bold\">SALUD AMBIENTAL<\/span>\n  <\/div>\n<\/a>\n<\/div>\n\n\n\n<div class=\"wp-block-column is-layout-flow wp-block-column-is-layout-flow\">\n<a href=\"https:\/\/www.catalogonacional.gob.mx\/FichaTramite?traHomoclave=COFEPRIS-09-002\" target=\"_blank\" rel=\"noopener noreferrer\" class=\"banner-container\">\n  <div class=\"banner-left\">\n    <img decoding=\"async\" src=\"https:\/\/www.ssaver.gob.mx\/proteccioncontrariesgossanitarios\/wp-content\/uploads\/sites\/10\/2026\/03\/boton-zoonosis-catalogo-de-cofepris_1.png\" class=\"base\" alt=\"Bot\u00f3n para ir a pag de aviso de aislamiento de ganado o presencia de zoonosis\">\n    <img decoding=\"async\" src=\"https:\/\/www.ssaver.gob.mx\/proteccioncontrariesgossanitarios\/wp-content\/uploads\/sites\/10\/2026\/03\/boton-zoonosis-catalogo-de-cofepris_1.png\" class=\"hover\" alt=\"\">\n  <\/div>\n  <div class=\"banner-right\">\n    <span style=\"font-size: 12px;font-weight: bold\">AVISO DE AISLAMIENTO<br> DE GANADO O PRESENCIA DE ZOONOSIS<\/span>\n  <\/div>\n<\/a>\n<\/div>\n\n\n\n<div class=\"wp-block-column is-layout-flow wp-block-column-is-layout-flow\">\n<a href=\"https:\/\/tramiteselectronicos03.cofepris.gob.mx\/DenunciaExterna\/W\/InicioW.aspx\" target=\"_blank\" rel=\"noopener noreferrer\" class=\"banner-container\">\n  <div class=\"banner-left\">\n    <img decoding=\"async\" src=\"https:\/\/www.ssaver.gob.mx\/proteccioncontrariesgossanitarios\/wp-content\/uploads\/sites\/10\/2026\/03\/boton-denuncia-catalogo-de-cofepris_1.png\" class=\"base\" alt=\"Bot\u00f3n para abrir enlace de denuncia sanitaria\">\n    <img decoding=\"async\" src=\"https:\/\/www.ssaver.gob.mx\/proteccioncontrariesgossanitarios\/wp-content\/uploads\/sites\/10\/2026\/03\/boton-denuncia-catalogo-de-cofepris_1.png\" class=\"hover\" alt=\"\">\n  <\/div>\n  <div class=\"banner-right\">\n    <span style=\"font-size: 12px;font-weight: bold\">DENUNCIA SANITARIA<\/span>\n  <\/div>\n<\/a>\n<\/div>\n<\/div>\n<\/div>\n<\/div>\n\n\n\n<div style=\"height:40px\" aria-hidden=\"true\" class=\"wp-block-spacer\"><\/div>\n\n\n\n<p class=\"has-text-align-center has-colormag-color-1-color has-colormag-color-3-background-color has-text-color has-background has-link-color wp-elements-f1b11cb1d6b8152f288bfa111d42bb7e\" style=\"padding-top:5px;padding-bottom:5px;font-size:25px\"><strong>ESTATALES<\/strong><\/p>\n\n\n\n<ul class=\"wp-block-list\">\n<li><a href=\"https:\/\/www.ssaver.gob.mx\/proteccioncontrariesgossanitarios\/wp-content\/uploads\/sites\/10\/2025\/10\/1.-SOL.-PERITO-2025.xlsx\" data-type=\"link\" data-id=\"https:\/\/www.ssaver.gob.mx\/proteccioncontrariesgossanitarios\/wp-content\/uploads\/sites\/10\/2025\/10\/1.-SOL.-PERITO-2025.xlsx\" target=\"_blank\" rel=\"noreferrer noopener\">Solicitud de registro de perito responsable de proyectos y ejecuci\u00f3n de obras de construcci\u00f3n. Primera vez y subsecuente.<\/a><\/li>\n\n\n\n<li><a href=\"https:\/\/www.ssaver.gob.mx\/proteccioncontrariesgossanitarios\/wp-content\/uploads\/sites\/10\/2025\/10\/SOL.-PANTEON-NUEVA-CREACION.xlsx\" data-type=\"link\" data-id=\"https:\/\/www.ssaver.gob.mx\/proteccioncontrariesgossanitarios\/wp-content\/uploads\/sites\/10\/2025\/10\/SOL.-PANTEON-NUEVA-CREACION.xlsx\" target=\"_blank\" rel=\"noreferrer noopener\">Solicitud de autorizaci\u00f3n para pante\u00f3n de nueva creaci\u00f3n.<\/a><\/li>\n\n\n\n<li><a href=\"https:\/\/www.ssaver.gob.mx\/proteccioncontrariesgossanitarios\/wp-content\/uploads\/sites\/10\/2025\/10\/FORMATO-SOLICITUD-DE-REGULARIZACION-2025.xlsx\" data-type=\"link\" data-id=\"https:\/\/www.ssaver.gob.mx\/proteccioncontrariesgossanitarios\/wp-content\/uploads\/sites\/10\/2025\/10\/FORMATO-SOLICITUD-DE-REGULARIZACION-2025.xlsx\" target=\"_blank\" rel=\"noreferrer noopener\">Solicitud de regularizaci\u00f3n para pante\u00f3n<\/a>.<\/li>\n\n\n\n<li><a href=\"https:\/\/www.ssaver.gob.mx\/proteccioncontrariesgossanitarios\/wp-content\/uploads\/sites\/10\/2025\/10\/Solicitud-de-Permiso-de-Obras-No-Medicas-2025-con-requisitos-1.xlsx\" data-type=\"link\" data-id=\"https:\/\/www.ssaver.gob.mx\/proteccioncontrariesgossanitarios\/wp-content\/uploads\/sites\/10\/2025\/10\/Solicitud-de-Permiso-de-Obras-No-Medicas-2025-con-requisitos-1.xlsx\" target=\"_blank\" rel=\"noreferrer noopener\">Solicitud de permiso de construcci\u00f3n de obras no m\u00e9dicas.<\/a><\/li>\n\n\n\n<li><a href=\"https:\/\/www.ssaver.gob.mx\/proteccioncontrariesgossanitarios\/wp-content\/uploads\/sites\/10\/2026\/02\/4.-SSA-06-005-PERMISOS-RELACIONADOS-CON-LA-DISPOSICION-DE-CADAVERES-HUMANOS_2026.xlsx\">Permisos relacionados con la disposici\u00f3n de cad\u00e1veres.<\/a><\/li>\n\n\n\n<li><a href=\"https:\/\/www.ssaver.gob.mx\/proteccioncontrariesgossanitarios\/wp-content\/uploads\/sites\/10\/2025\/10\/8.-SOL.-VISITA-GRANJA-.xlsx\" data-type=\"link\" data-id=\"https:\/\/www.ssaver.gob.mx\/proteccioncontrariesgossanitarios\/wp-content\/uploads\/sites\/10\/2025\/10\/8.-SOL.-VISITA-GRANJA-.xlsx\" target=\"_blank\" rel=\"noreferrer noopener\">Solicitud de verificaci\u00f3n sanitaria para terreno propuesto para granja.<\/a><\/li>\n\n\n\n<li><a href=\"https:\/\/www.ssaver.gob.mx\/proteccioncontrariesgossanitarios\/wp-content\/uploads\/sites\/10\/2025\/10\/9.-SOL.-VISITA-RASTROS-.xlsx\" data-type=\"link\" data-id=\"https:\/\/www.ssaver.gob.mx\/proteccioncontrariesgossanitarios\/wp-content\/uploads\/sites\/10\/2025\/10\/9.-SOL.-VISITA-RASTROS-.xlsx\" target=\"_blank\" rel=\"noreferrer noopener\">Solicitud de verificaci\u00f3n sanitaria para terreno propuesto para rastro.<\/a><\/li>\n<\/ul>\n<\/div>\n\n\n\n<p><\/p>\n","protected":false},"excerpt":{"rendered":"<p>FEDERALES PRODUCTOS Y SERVICIOS INSUMOS PARA LA SALUD SERVICIOS DE SALUD SALUD AMBIENTAL AVISO DE AISLAMIENTO DE GANADO O PRESENCIA<\/p>\n","protected":false},"author":76,"featured_media":0,"parent":0,"menu_order":0,"comment_status":"closed","ping_status":"closed","template":"","meta":{"colormag_page_container_layout":"default_layout","colormag_page_sidebar_layout":"default_layout","footnotes":""},"class_list":["post-5959","page","type-page","status-publish","hentry"],"_links":{"self":[{"href":"https:\/\/www.ssaver.gob.mx\/proteccioncontrariesgossanitarios\/wp-json\/wp\/v2\/pages\/5959","targetHints":{"allow":["GET"]}}],"collection":[{"href":"https:\/\/www.ssaver.gob.mx\/proteccioncontrariesgossanitarios\/wp-json\/wp\/v2\/pages"}],"about":[{"href":"https:\/\/www.ssaver.gob.mx\/proteccioncontrariesgossanitarios\/wp-json\/wp\/v2\/types\/page"}],"author":[{"embeddable":true,"href":"https:\/\/www.ssaver.gob.mx\/proteccioncontrariesgossanitarios\/wp-json\/wp\/v2\/users\/76"}],"replies":[{"embeddable":true,"href":"https:\/\/www.ssaver.gob.mx\/proteccioncontrariesgossanitarios\/wp-json\/wp\/v2\/comments?post=5959"}],"version-history":[{"count":41,"href":"https:\/\/www.ssaver.gob.mx\/proteccioncontrariesgossanitarios\/wp-json\/wp\/v2\/pages\/5959\/revisions"}],"predecessor-version":[{"id":6098,"href":"https:\/\/www.ssaver.gob.mx\/proteccioncontrariesgossanitarios\/wp-json\/wp\/v2\/pages\/5959\/revisions\/6098"}],"wp:attachment":[{"href":"https:\/\/www.ssaver.gob.mx\/proteccioncontrariesgossanitarios\/wp-json\/wp\/v2\/media?parent=5959"}],"curies":[{"name":"wp","href":"https:\/\/api.w.org\/{rel}","templated":true}]}}