{"id":6007,"date":"2026-03-23T16:49:24","date_gmt":"2026-03-23T22:49:24","guid":{"rendered":"https:\/\/www.ssaver.gob.mx\/proteccioncontrariesgossanitarios\/?page_id=6007"},"modified":"2026-03-23T16:49:24","modified_gmt":"2026-03-23T22:49:24","slug":"infografia-tramite-solicitud-de-regularizacion-de-panteon","status":"publish","type":"page","link":"https:\/\/www.ssaver.gob.mx\/proteccioncontrariesgossanitarios\/infografia-tramite-solicitud-de-regularizacion-de-panteon\/","title":{"rendered":"INFOGRAF\u00cdA TR\u00c1MITE SOLICITUD DE REGULARIZACI\u00d3N DE PANTE\u00d3N"},"content":{"rendered":"\n<div class=\"wp-block-group is-layout-constrained wp-container-core-group-is-layout-9517baca wp-block-group-is-layout-constrained\">\n<div style=\"height:50px\" aria-hidden=\"true\" class=\"wp-block-spacer\"><\/div>\n\n\n\n<figure class=\"wp-block-image aligncenter size-large is-resized\"><img loading=\"lazy\" decoding=\"async\" width=\"791\" height=\"1024\" src=\"https:\/\/www.ssaver.gob.mx\/proteccioncontrariesgossanitarios\/wp-content\/uploads\/sites\/10\/2026\/03\/infografia-regularizacion-para-panteon-791x1024.png\" alt=\"\" class=\"wp-image-5991\" style=\"aspect-ratio:0.7724722075172049;object-fit:cover;width:600px\" srcset=\"https:\/\/www.ssaver.gob.mx\/proteccioncontrariesgossanitarios\/wp-content\/uploads\/sites\/10\/2026\/03\/infografia-regularizacion-para-panteon-791x1024.png 791w, https:\/\/www.ssaver.gob.mx\/proteccioncontrariesgossanitarios\/wp-content\/uploads\/sites\/10\/2026\/03\/infografia-regularizacion-para-panteon-232x300.png 232w, https:\/\/www.ssaver.gob.mx\/proteccioncontrariesgossanitarios\/wp-content\/uploads\/sites\/10\/2026\/03\/infografia-regularizacion-para-panteon-768x994.png 768w, https:\/\/www.ssaver.gob.mx\/proteccioncontrariesgossanitarios\/wp-content\/uploads\/sites\/10\/2026\/03\/infografia-regularizacion-para-panteon-1187x1536.png 1187w, https:\/\/www.ssaver.gob.mx\/proteccioncontrariesgossanitarios\/wp-content\/uploads\/sites\/10\/2026\/03\/infografia-regularizacion-para-panteon-1583x2048.png 1583w, https:\/\/www.ssaver.gob.mx\/proteccioncontrariesgossanitarios\/wp-content\/uploads\/sites\/10\/2026\/03\/infografia-regularizacion-para-panteon-scaled.png 1978w\" sizes=\"auto, (max-width: 791px) 100vw, 791px\" \/><\/figure>\n\n\n\n<div class=\"wp-block-columns is-layout-flex wp-container-core-columns-is-layout-28f84493 wp-block-columns-is-layout-flex\">\n<div class=\"wp-block-column is-layout-flow wp-block-column-is-layout-flow\"><\/div>\n\n\n\n<div class=\"wp-block-column is-layout-flow wp-block-column-is-layout-flow\">\n<figure class=\"wp-block-image size-large\"><a href=\"https:\/\/www.ssaver.gob.mx\/proteccioncontrariesgossanitarios\/wp-content\/uploads\/sites\/10\/2026\/03\/FORMATO-SOLICITUD-DE-REGULARIZACION-2025.xlsx\"><img loading=\"lazy\" decoding=\"async\" width=\"1024\" height=\"239\" src=\"https:\/\/www.ssaver.gob.mx\/proteccioncontrariesgossanitarios\/wp-content\/uploads\/sites\/10\/2026\/03\/boton-descargar-formato-de-solicitud-1024x239.png\" alt=\"\" class=\"wp-image-5927\" srcset=\"https:\/\/www.ssaver.gob.mx\/proteccioncontrariesgossanitarios\/wp-content\/uploads\/sites\/10\/2026\/03\/boton-descargar-formato-de-solicitud-1024x239.png 1024w, https:\/\/www.ssaver.gob.mx\/proteccioncontrariesgossanitarios\/wp-content\/uploads\/sites\/10\/2026\/03\/boton-descargar-formato-de-solicitud-300x70.png 300w, https:\/\/www.ssaver.gob.mx\/proteccioncontrariesgossanitarios\/wp-content\/uploads\/sites\/10\/2026\/03\/boton-descargar-formato-de-solicitud-768x179.png 768w, https:\/\/www.ssaver.gob.mx\/proteccioncontrariesgossanitarios\/wp-content\/uploads\/sites\/10\/2026\/03\/boton-descargar-formato-de-solicitud.png 1244w\" sizes=\"auto, (max-width: 1024px) 100vw, 1024px\" \/><\/a><\/figure>\n<\/div>\n\n\n\n<div class=\"wp-block-column is-layout-flow wp-block-column-is-layout-flow\">\n<figure class=\"wp-block-image size-large\"><a href=\"https:\/\/www.ssaver.gob.mx\/proteccioncontrariesgossanitarios\/wp-content\/uploads\/sites\/10\/2026\/03\/infografia-solicitud-de-regularizacion-para-panteon.pdf\"><img loading=\"lazy\" decoding=\"async\" width=\"1024\" height=\"239\" src=\"https:\/\/www.ssaver.gob.mx\/proteccioncontrariesgossanitarios\/wp-content\/uploads\/sites\/10\/2026\/03\/boton-descargar-infografia-1024x239.png\" alt=\"\" class=\"wp-image-5926\" srcset=\"https:\/\/www.ssaver.gob.mx\/proteccioncontrariesgossanitarios\/wp-content\/uploads\/sites\/10\/2026\/03\/boton-descargar-infografia-1024x239.png 1024w, https:\/\/www.ssaver.gob.mx\/proteccioncontrariesgossanitarios\/wp-content\/uploads\/sites\/10\/2026\/03\/boton-descargar-infografia-300x70.png 300w, https:\/\/www.ssaver.gob.mx\/proteccioncontrariesgossanitarios\/wp-content\/uploads\/sites\/10\/2026\/03\/boton-descargar-infografia-768x179.png 768w, https:\/\/www.ssaver.gob.mx\/proteccioncontrariesgossanitarios\/wp-content\/uploads\/sites\/10\/2026\/03\/boton-descargar-infografia.png 1244w\" sizes=\"auto, (max-width: 1024px) 100vw, 1024px\" \/><\/a><\/figure>\n<\/div>\n\n\n\n<div class=\"wp-block-column is-layout-flow wp-block-column-is-layout-flow\"><\/div>\n<\/div>\n\n\n\n<p><\/p>\n<\/div>\n\n\n\n<p><\/p>\n","protected":false},"excerpt":{"rendered":"","protected":false},"author":76,"featured_media":0,"parent":0,"menu_order":0,"comment_status":"closed","ping_status":"closed","template":"","meta":{"colormag_page_container_layout":"default_layout","colormag_page_sidebar_layout":"default_layout","footnotes":""},"class_list":["post-6007","page","type-page","status-publish","hentry"],"_links":{"self":[{"href":"https:\/\/www.ssaver.gob.mx\/proteccioncontrariesgossanitarios\/wp-json\/wp\/v2\/pages\/6007","targetHints":{"allow":["GET"]}}],"collection":[{"href":"https:\/\/www.ssaver.gob.mx\/proteccioncontrariesgossanitarios\/wp-json\/wp\/v2\/pages"}],"about":[{"href":"https:\/\/www.ssaver.gob.mx\/proteccioncontrariesgossanitarios\/wp-json\/wp\/v2\/types\/page"}],"author":[{"embeddable":true,"href":"https:\/\/www.ssaver.gob.mx\/proteccioncontrariesgossanitarios\/wp-json\/wp\/v2\/users\/76"}],"replies":[{"embeddable":true,"href":"https:\/\/www.ssaver.gob.mx\/proteccioncontrariesgossanitarios\/wp-json\/wp\/v2\/comments?post=6007"}],"version-history":[{"count":1,"href":"https:\/\/www.ssaver.gob.mx\/proteccioncontrariesgossanitarios\/wp-json\/wp\/v2\/pages\/6007\/revisions"}],"predecessor-version":[{"id":6009,"href":"https:\/\/www.ssaver.gob.mx\/proteccioncontrariesgossanitarios\/wp-json\/wp\/v2\/pages\/6007\/revisions\/6009"}],"wp:attachment":[{"href":"https:\/\/www.ssaver.gob.mx\/proteccioncontrariesgossanitarios\/wp-json\/wp\/v2\/media?parent=6007"}],"curies":[{"name":"wp","href":"https:\/\/api.w.org\/{rel}","templated":true}]}}