{"id":6068,"date":"2026-03-25T17:40:15","date_gmt":"2026-03-25T23:40:15","guid":{"rendered":"https:\/\/www.ssaver.gob.mx\/proteccioncontrariesgossanitarios\/?page_id=6068"},"modified":"2026-03-25T17:46:09","modified_gmt":"2026-03-25T23:46:09","slug":"listado-de-tramites-cofepris-en-materia-de-productos-y-servicios","status":"publish","type":"page","link":"https:\/\/www.ssaver.gob.mx\/proteccioncontrariesgossanitarios\/listado-de-tramites-cofepris-en-materia-de-productos-y-servicios\/","title":{"rendered":"LISTADO DE TR\u00c1MITES COFEPRIS EN MATERIA DE PRODUCTOS Y SERVICIOS"},"content":{"rendered":"\n<div class=\"wp-block-group is-layout-constrained wp-container-core-group-is-layout-9517baca wp-block-group-is-layout-constrained\">\n<div style=\"height:50px\" aria-hidden=\"true\" class=\"wp-block-spacer\"><\/div>\n\n\n\n<p class=\"has-text-align-center has-colormag-color-1-color has-colormag-color-6-background-color has-text-color has-background has-link-color has-small-font-size wp-elements-bb10ba9f421848f9c3b57975282f0609\"><strong>LISTADO DE TR\u00c1MITES COFEPRIS EN MATERIA DE PRODUCTOS Y SERVICIOS<\/strong><\/p>\n\n\n\n<ul class=\"wp-block-list\">\n<li><a href=\"https:\/\/www.catalogonacional.gob.mx\/FichaTramite?traHomoclave=COFEPRIS-05-018\"><strong>COFEPRIS-05-018<\/strong> AVISO DE FUNCIONAMIENTO DEL ESTABLECIMIENTO DE PRODUCTOS Y SERVICIOS<\/a><\/li>\n\n\n\n<li><a href=\"https:\/\/www.catalogonacional.gob.mx\/FichaTramite?traHomoclave=COFEPRIS-05-019\"><strong>COFEPRIS-05-019<\/strong>&nbsp;AVISO DE MODIFICACI\u00d3N AL AVISO DE FUNCIONAMIENTO O BAJA DE ESTABLECIMIENTO DE PRODUCTOS Y SERVICIOS.<\/a><\/li>\n\n\n\n<li><a href=\"https:\/\/www.catalogonacional.gob.mx\/FichaTramitePdf\/Index?traHomoclave=COFEPRIS-01-006\"><strong>COFEPRIS-01-006<\/strong>&nbsp; AVISO SANITARIO DE IMPORTACI\u00d3N DE PRODUCTOS.<\/a><\/li>\n\n\n\n<li><a href=\"https:\/\/digipris.cofepris.gob.mx\/\"><strong>COFEPRIS-02-002-B<\/strong> AVISO DE PUBLICIDAD MODALIDAD B. &#8211; ALIMENTOS Y BEBIDAS NO ALCOH\u00d3LICAS (POR MARCA DE PRODUCTO), QUE SE DIFUNDAN POR TELEVISI\u00d3N ABIERTA, TELEVISI\u00d3N RESTRINGIDA Y SALAS DE EXHIBICI\u00d3N CINEMATOGR\u00c1FICA, CUANDO DICHOS PRODUCTOS SE AJUSTEN A LOS CRITERIOS NUTRIMENTALES A QUE HACE REFERENCIA EL REGLAMENTO DE LA LEY GENERAL DE SALUD EN MATERIA DE PUBLICIDAD. (SI SU DIFUSI\u00d3N ES EN LA ENTIDAD FEDERATIVA DONDE SE INGRESA EL AVISO PUBLICITARIO).<\/a><\/li>\n\n\n\n<li><a href=\"https:\/\/digipris.cofepris.gob.mx\/\"><strong>COFEPRIS-02-002-E<\/strong> AVISO DE PUBLICIDAD MODALIDAD E. &#8211; ALIMENTOS Y BEBIDAS NO ALCOH\u00d3LICAS (POR MARCA DE PRODUCTO), QUE SE DIFUNDAN POR TELEVISI\u00d3N ABIERTA, TELEVISI\u00d3N RESTRINGIDA Y SALAS DE EXHIBICI\u00d3N CINEMATOGR\u00c1FICA, CUANDO DICHOS PRODUCTOS NO SE AJUSTEN A LOS CRITERIOS NUTRIMENTALES A QUE HACE REFERENCIA EL REGLAMENTO DE LA LEY GENERAL DE SALUD EN MATERIA DE PUBLICIDAD.(SI SU DIFUSI\u00d3N ES EN LA ENTIDAD FEDERATIVA DONDE SE INGRESA EL AVISO PUBLICITARIO).<\/a><\/li>\n\n\n\n<li><a href=\"https:\/\/www.catalogonacional.gob.mx\/FichaTramite?traHomoclave=COFEPRIS-01-002-A\"><strong>COFEPRIS-01-002-A<\/strong> PERMISO SANITARIO PREVIO DE IMPORTACI\u00d3N DE PRODUCTOS. MODALIDAD A.- IMPORTACION DE PRODUCTOS. [EXCEPTO SUPLEMENTOS ALIMENTICIOS, F\u00d3RMULAS PARA LACTANTES, DE CONTINUACI\u00d3N Y PARA NECESIDADES ESPECIALES DE NUTRICI\u00d3N, BEBIDAS TONIFICANTES (AQUELLAS QUE CONTIENEN TAURINA Y\/O GLUCURONOLACTONA Y\/O CAFE\u00cdNA).<\/a><\/li>\n\n\n\n<li><a href=\"https:\/\/www.catalogonacional.gob.mx\/FichaTramite?traHomoclave=COFEPRIS-01-002-B\"><strong>COFEPRIS-01-002-B<\/strong> PERMISO SANITARIO PREVIO DE IMPORTACION DE PRODUCTOS. MODALIDAD B.- IMPORTACION DE MUESTRAS O CONSUMO PERSONAL (PARA DONACION, CONSUMO PERSONAL, INVESTIGACION CIENTIFICA, PRUEBAS DE LABORATORIO Y EXHIBICION). [EXCEPTO SUPLEMENTOS ALIMENTICIOS, F\u00d3RMULAS PARA LACTANTES, DE CONTINUACI\u00d3N Y PARA NECESIDADES ESPECIALES DE NUTRICI\u00d3N, BEBIDAS TONIFICANTES (AQUELLAS QUE CONTIENEN TAURINA Y\/O GLUCURONOLACTONA Y\/O CAFE\u00cdNA).<\/a><\/li>\n\n\n\n<li><a href=\"https:\/\/www.catalogonacional.gob.mx\/FichaTramite?traHomoclave=COFEPRIS-01-002-C\"><strong>COFEPRIS-01-002-C<\/strong> PERMISO SANITARIO PREVIO DE IMPORTACION DE PRODUCTOS. MODALIDAD C.- IMPORTACION POR RETORNO DE PRODUCTOS. [EXCEPTO SUPLEMENTOS ALIMENTICIOS, F\u00d3RMULAS PARA LACTANTES, DE CONTINUACI\u00d3N Y PARA NECESIDADES ESPECIALES DE NUTRICI\u00d3N, BEBIDAS TONIFICANTES (AQUELLAS QUE CONTIENEN TAURINA Y\/O GLUCURONOLACTONA Y\/O CAFE\u00cdNA).<\/a><\/li>\n\n\n\n<li><a href=\"https:\/\/www.catalogonacional.gob.mx\/FichaTramite?traHomoclave=COFEPRIS-02-001-A\"><strong>COFEPRIS-02-001-A<\/strong> PERMISO DE PUBLICIDAD MODALIDAD A.- PRODUCTOS Y SERVICIOS. BEBIDAS ALCOH\u00d3LICAS, PLAGUICIDAS, NUTRIENTES VEGETALES Y SUSTANCIAS T\u00d3XICAS, SERVICIOS DE SALUD, SERVICIOS Y PROCEDIMIENTOS DE EMBELLECIMIENTO F\u00cdSICO, (SI SU DIFUSI\u00d3N ES \u00daNICAMENTE EN LA ENTIDAD FEDERATIVA DONDE SE INGRESA LA SOLICITUD DE PERMISO PUBLICITARIO).<\/a><\/li>\n\n\n\n<li><a href=\"https:\/\/www.catalogonacional.gob.mx\/FichaTramite?traHomoclave=COFEPRIS-02-001-C\"><strong>COFEPRIS-02-001-C <\/strong>PERMISO DE PUBLICIDAD MODALIDAD C.- ALIMENTOS Y BEBIDAS NO ALCOH\u00d3LICAS. (SI SU DIFUSI\u00d3N ES \u00daNICAMENTE EN LA ENTIDAD FEDERATIVA DONDE SE INGRESA LA SOLICITUD DE PERMISO PUBLICITARIO).<\/a><\/li>\n\n\n\n<li><a href=\"https:\/\/www.catalogonacional.gob.mx\/FichaTramitePdf\/Index?traHomoclave=COFEPRIS-01-005\"><strong>COFEPRIS-01-005<\/strong> MODIFICACI\u00d3N AL PERMISO SANITARIO PREVIO DE IMPORTACI\u00d3N DE PRODUCTOS.<\/a><\/li>\n\n\n\n<li><a href=\"https:\/\/www.catalogonacional.gob.mx\/FichaTramitePdf\/Index?traHomoclave=COFEPRIS-01-005\"><strong>COFEPRIS-01-005<\/strong> MODIFICACI\u00d3N AL PERMISO SANITARIO PREVIO DE IMPORTACI\u00d3N DE PRODUCTOS (\u00daNICAMENTE PARA CONSUMO PERSONAL).<\/a><\/li>\n\n\n\n<li><a href=\"https:\/\/www.catalogonacional.gob.mx\/FichaTramite?traHomoclave=COFEPRIS-05-084\"><strong>COFEPRIS-05-084&nbsp;<\/strong>SOLICITUD DE TARJETA DE CONTROL SANITARIO DE TATUADORES, MICROPIGMENTADORES Y PERFORADORES.<\/a><\/li>\n\n\n\n<li><a href=\"https:\/\/www.catalogonacional.gob.mx\/FichaTramite?traHomoclave=COFEPRIS-05-087\"><strong>COFEPRIS-05-087&nbsp;<\/strong>SOLICITUD DE PRORROGA O MODIFICACI\u00d3N A LA TARJETA DE CONTROL SANITARIO DE TATUADORES, MICROPIGMENTADORES Y PERFORADORES.<\/a><\/li>\n<\/ul>\n<\/div>\n","protected":false},"excerpt":{"rendered":"<p>LISTADO DE TR\u00c1MITES COFEPRIS EN MATERIA DE PRODUCTOS Y SERVICIOS<\/p>\n","protected":false},"author":76,"featured_media":0,"parent":0,"menu_order":0,"comment_status":"closed","ping_status":"closed","template":"","meta":{"colormag_page_container_layout":"default_layout","colormag_page_sidebar_layout":"default_layout","footnotes":""},"class_list":["post-6068","page","type-page","status-publish","hentry"],"_links":{"self":[{"href":"https:\/\/www.ssaver.gob.mx\/proteccioncontrariesgossanitarios\/wp-json\/wp\/v2\/pages\/6068","targetHints":{"allow":["GET"]}}],"collection":[{"href":"https:\/\/www.ssaver.gob.mx\/proteccioncontrariesgossanitarios\/wp-json\/wp\/v2\/pages"}],"about":[{"href":"https:\/\/www.ssaver.gob.mx\/proteccioncontrariesgossanitarios\/wp-json\/wp\/v2\/types\/page"}],"author":[{"embeddable":true,"href":"https:\/\/www.ssaver.gob.mx\/proteccioncontrariesgossanitarios\/wp-json\/wp\/v2\/users\/76"}],"replies":[{"embeddable":true,"href":"https:\/\/www.ssaver.gob.mx\/proteccioncontrariesgossanitarios\/wp-json\/wp\/v2\/comments?post=6068"}],"version-history":[{"count":6,"href":"https:\/\/www.ssaver.gob.mx\/proteccioncontrariesgossanitarios\/wp-json\/wp\/v2\/pages\/6068\/revisions"}],"predecessor-version":[{"id":6076,"href":"https:\/\/www.ssaver.gob.mx\/proteccioncontrariesgossanitarios\/wp-json\/wp\/v2\/pages\/6068\/revisions\/6076"}],"wp:attachment":[{"href":"https:\/\/www.ssaver.gob.mx\/proteccioncontrariesgossanitarios\/wp-json\/wp\/v2\/media?parent=6068"}],"curies":[{"name":"wp","href":"https:\/\/api.w.org\/{rel}","templated":true}]}}