{"id":6079,"date":"2026-03-25T18:04:32","date_gmt":"2026-03-26T00:04:32","guid":{"rendered":"https:\/\/www.ssaver.gob.mx\/proteccioncontrariesgossanitarios\/?page_id=6079"},"modified":"2026-03-25T18:04:32","modified_gmt":"2026-03-26T00:04:32","slug":"listado-de-tramites-cofepris-en-materia-de-insumos-para-la-salud","status":"publish","type":"page","link":"https:\/\/www.ssaver.gob.mx\/proteccioncontrariesgossanitarios\/listado-de-tramites-cofepris-en-materia-de-insumos-para-la-salud\/","title":{"rendered":"LISTADO DE TR\u00c1MITES COFEPRIS EN MATERIA DE INSUMOS PARA LA SALUD"},"content":{"rendered":"\n<div class=\"wp-block-group is-layout-constrained wp-container-core-group-is-layout-9517baca wp-block-group-is-layout-constrained\">\n<div style=\"height:50px\" aria-hidden=\"true\" class=\"wp-block-spacer\"><\/div>\n\n\n\n<p class=\"has-text-align-center has-colormag-color-1-color has-colormag-color-6-background-color has-text-color has-background has-link-color has-small-font-size wp-elements-720c949f7de3dcb4e1100de447927ae6\"><strong>LISTADO DE TR\u00c1MITES COFEPRIS EN MATERIA DE INSUMOS PARA LA SALUD<\/strong><\/p>\n\n\n\n<ul class=\"wp-block-list\">\n<li><a href=\"https:\/\/www.catalogonacional.gob.mx\/FichaTramitePdf\/Index?traHomoclave=COFEPRIS-05-003\"><strong>COFEPRIS-05-003<\/strong> AVISO DE ACTUALIZACI\u00d3N DE DATOS O BAJA DEL ESTABLECIMIENTO DE INSUMOS PARA LA SALUD QUE OPERA CON LICENCIA SANITARIA.<br>\u2022BOTICAS.<br>\u2022FARMACIAS.<br>\u2022DROGUER\u00cdAS.<\/a><\/li>\n\n\n\n<li><a href=\"https:\/\/www.catalogonacional.gob.mx\/FichaTramite?traHomoclave=COFEPRIS-05-011\"><strong>COFEPRIS-05-011<\/strong> AVISO DE RESPONSABLE SANITARIO DE INSUMOS PARA LA SALUD DEL ESTABLECIMIENTO QUE OPERA CON LICENCIA SANITARIA.<br>\u2022BOTICAS.<br>\u2022FARMACIAS.<br>\u2022DROGUER\u00cdAS<\/a><\/li>\n\n\n\n<li><a href=\"https:\/\/www.catalogonacional.gob.mx\/FichaTramitePdf\/Index?traHomoclave=COFEPRIS-05-012\"><strong>COFEPRIS-05-012<\/strong> AVISO DE MODIFICACI\u00d3N O BAJA DE RESPONSABLE SANITARIO DEL ESTABLECIMIENTO DE INSUMOS PARA LA SALUD QUE OPERA CON LICENCIA SANITARIA.<br>\u2022BOTICAS.<br>\u2022FARMACIAS.<br>\u2022DROGUER\u00cdAS<\/a><\/li>\n\n\n\n<li><a href=\"https:\/\/www.catalogonacional.gob.mx\/FichaTramitePdf\/Index?traHomoclave=COFEPRIS-03-014\"><strong>COFEPRIS-03-014<\/strong> AVISO DE PREVISIONES DE COMPRAVENTA DE MEDICAMENTOS QUE CONTENGAN ESTUPEFACIENTES PARA FARMACIAS Y BOTICAS.<\/a><\/li>\n\n\n\n<li><a href=\"https:\/\/www.catalogonacional.gob.mx\/FichaTramitePdf\/Index?traHomoclave=COFEPRIS-03-020\"><strong>COFEPRIS-03-020<\/strong> AVISO DE DESVIO O ACTIVIDAD IRREGULAR DE MATERIA PRIMA, FARMACOS O MEDICAMENTOS QUE SEAN O CONTENGAN ESTUPEFACIENTES O PSICOTR\u00d3PICOS, FARMACIAS Y BOTICAS.<\/a><\/li>\n\n\n\n<li><a href=\"https:\/\/www.catalogonacional.gob.mx\/FichaTramite?traHomoclave=COFEPRIS-05-001-G\"><strong>COFEPRIS-05-001-G<\/strong> SOLICITUD DE EXPEDICI\u00d3N DE LICENCIA SANITARIA PARA ESTABLECIMIENTO DE INSUMOS PARA LA SALUD.<br>MODALIDAD G .- FARMACIA O BOTICA. (CON VENTA DE MEDICAMENTOS CONTROLADOS) NO INCLUYE FARMACIA HOSPITALARIA<\/a><\/li>\n\n\n\n<li><a href=\"https:\/\/www.catalogonacional.gob.mx\/FichaTramite?traHomoclave=COFEPRIS-05-001-H\"><strong>COFEPRIS-05-001-H<\/strong>\u00a0SOLICITUD DE EXPEDICI\u00d3N DE LICENCIA SANITARIA PARA ESTABLECIMIENTO DE INSUMOS PARA LA SALUD.<br>MODALIDAD H .- DROGUER\u00cdA O FARMACIA HOMEOP\u00c1TICA (CON PREPARACI\u00d3N DE MEDICAMENTOS HOMEOP\u00c1TICOS).<\/a><\/li>\n\n\n\n<li><a href=\"https:\/\/www.catalogonacional.gob.mx\/FichaTramite?traHomoclave=COFEPRIS-05-002-G\"><strong>COFEPRIS-05-002-G<\/strong> SOLICITUD DE MODIFICACI\u00d3N A LA LICENCIA SANITARIA DE ESTABLECIMIENTO DE INSUMOS PARA LA SALUD.<br>MODALIDAD G.- FARMACIA O BOTICA. (CON VENTA DE MEDICAMENTOS CONTROLADOS) NO INCLUYE FARMACIA HOSPITALARIA.<\/a><\/li>\n\n\n\n<li><a href=\"https:\/\/www.catalogonacional.gob.mx\/FichaTramite?traHomoclave=COFEPRIS-05-002-H\"><strong>COFEPRIS-05-002-H<\/strong>\u00a0SOLICITUD DE MODIFICACI\u00d3N A LA LICENCIA SANITARIA DE ESTABLECIMIENTO DE INSUMOS PARA LA SALUD.<br>MODALIDAD H.- DROGUER\u00cdA O FARMACIA HOMEOP\u00c1TICA (CON PREPARACI\u00d3N DE MEDICAMENTOS HOMEOP\u00c1TICOS).<\/a><\/li>\n\n\n\n<li><a href=\"https:\/\/www.catalogonacional.gob.mx\/FichaTramite?traHomoclave=COFEPRIS-03-005\"><strong>COFEPRIS-03-005<\/strong> PERMISO DE LIBROS DE CONTROL DE ESTUPEFACIENTES Y PSICOTROPICOS PARA FARMACIAS Y BOTICAS.<\/a><\/li>\n\n\n\n<li><a href=\"https:\/\/www.catalogonacional.gob.mx\/FichaTramite?traHomoclave=COFEPRIS-03-018-A\"><strong>COFEPRIS-03-018-A<\/strong> SOLICITUD DE VISITA DE VERIFICACI\u00d3N DE MATERIA PRIMA Y MEDICAMENTOS QUE SEAN O CONTENGAN ESTUPEFACIENTES O PSICOTR\u00d3PICOS. MODALIDAD A.- DE DESTRUCCI\u00d3N. -FARMACIAS. -BOTICAS<\/a><\/li>\n\n\n\n<li><a href=\"https:\/\/www.catalogonacional.gob.mx\/FichaTramite?traHomoclave=COFEPRIS-03-018-C\"><strong>COFEPRIS-03-018-C<\/strong> SOLICITUD DE VISITA DE VERIFICACI\u00d3N DE MATERIA PRIMA Y MEDICAMENTOS QUE SEAN O CONTENGAN ESTUPEFACIENTES O PSICOTR\u00d3PICOS. MODALIDAD C.- DE BALANCE. -FARMACIAS. &#8211; BOTICAS.<\/a><\/li>\n<\/ul>\n<\/div>\n\n\n\n<p><\/p>\n","protected":false},"excerpt":{"rendered":"<p>LISTADO DE TR\u00c1MITES COFEPRIS EN MATERIA DE INSUMOS PARA LA SALUD<\/p>\n","protected":false},"author":76,"featured_media":0,"parent":0,"menu_order":0,"comment_status":"closed","ping_status":"closed","template":"","meta":{"colormag_page_container_layout":"default_layout","colormag_page_sidebar_layout":"default_layout","footnotes":""},"class_list":["post-6079","page","type-page","status-publish","hentry"],"_links":{"self":[{"href":"https:\/\/www.ssaver.gob.mx\/proteccioncontrariesgossanitarios\/wp-json\/wp\/v2\/pages\/6079","targetHints":{"allow":["GET"]}}],"collection":[{"href":"https:\/\/www.ssaver.gob.mx\/proteccioncontrariesgossanitarios\/wp-json\/wp\/v2\/pages"}],"about":[{"href":"https:\/\/www.ssaver.gob.mx\/proteccioncontrariesgossanitarios\/wp-json\/wp\/v2\/types\/page"}],"author":[{"embeddable":true,"href":"https:\/\/www.ssaver.gob.mx\/proteccioncontrariesgossanitarios\/wp-json\/wp\/v2\/users\/76"}],"replies":[{"embeddable":true,"href":"https:\/\/www.ssaver.gob.mx\/proteccioncontrariesgossanitarios\/wp-json\/wp\/v2\/comments?post=6079"}],"version-history":[{"count":1,"href":"https:\/\/www.ssaver.gob.mx\/proteccioncontrariesgossanitarios\/wp-json\/wp\/v2\/pages\/6079\/revisions"}],"predecessor-version":[{"id":6080,"href":"https:\/\/www.ssaver.gob.mx\/proteccioncontrariesgossanitarios\/wp-json\/wp\/v2\/pages\/6079\/revisions\/6080"}],"wp:attachment":[{"href":"https:\/\/www.ssaver.gob.mx\/proteccioncontrariesgossanitarios\/wp-json\/wp\/v2\/media?parent=6079"}],"curies":[{"name":"wp","href":"https:\/\/api.w.org\/{rel}","templated":true}]}}