{"id":158,"date":"2025-09-23T18:40:33","date_gmt":"2025-09-24T00:40:33","guid":{"rendered":"https:\/\/www.ssaver.gob.mx\/recursosfinancieros\/?page_id=158"},"modified":"2026-02-11T10:43:13","modified_gmt":"2026-02-11T16:43:13","slug":"recursosfinancieros","status":"publish","type":"page","link":"https:\/\/www.ssaver.gob.mx\/recursosfinancieros\/","title":{"rendered":""},"content":{"rendered":"\n<div class=\"wp-block-cover\" style=\"margin-top:0;margin-bottom:0;padding-top:0;padding-bottom:0;min-height:258px;aspect-ratio:unset;\"><span aria-hidden=\"true\" class=\"wp-block-cover__background has-background-dim-100 has-background-dim has-background-gradient\" style=\"background:linear-gradient(0deg,rgb(255,255,255) 0%,rgb(217,217,217) 100%)\"><\/span><div class=\"wp-block-cover__inner-container is-layout-flow wp-block-cover-is-layout-flow\">\n<div class=\"wp-block-group is-layout-constrained wp-container-core-group-is-layout-f6a3ac39 wp-block-group-is-layout-constrained\" style=\"margin-top:0;margin-bottom:0;padding-right:0;padding-left:0\">\n<p class=\"has-text-align-center has-text-color has-link-color has-medium-font-size wp-elements-54c4b14f0ac5e830c2bf7d1923a8b783\" style=\"color:#7a1737;margin-top:0;margin-right:0px;margin-bottom:0;margin-left:0px\">Dirigir el proceso anual de programaci\u00f3n y presupuestaci\u00f3n, as\u00ed como controlar los recursos econ\u00f3micos y financieros de Servicios de Salud de Veracruz (SESVER), adem\u00e1s de supervisar las operaciones contables para el debido cumplimiento de los requerimientos financieros, en apego a las pol\u00edticas y procedimientos establecidos para generar informaci\u00f3n que contribuya a la toma de decisiones.<\/p>\n<\/div>\n<\/div><\/div>\n\n\n\n<div class=\"wp-block-cover aligncenter is-light has-aspect-ratio\" style=\"border-radius:0px;aspect-ratio:auto;min-height:unset;\"><img decoding=\"async\" class=\"wp-block-cover__image-background wp-image-4186 size-full\" alt=\"\" src=\"https:\/\/www.ssaver.gob.mx\/tecnologias\/wp-content\/uploads\/sites\/14\/2025\/06\/Textura-varias_page-0003.jpg\" data-object-fit=\"cover\"\/><span aria-hidden=\"true\" class=\"wp-block-cover__background has-background-dim\" style=\"background-color:#efedea\"><\/span><div class=\"wp-block-cover__inner-container is-layout-flow wp-block-cover-is-layout-flow\">\n<div class=\"wp-block-group is-layout-constrained wp-container-core-group-is-layout-9517baca wp-block-group-is-layout-constrained\">\n<hr class=\"wp-block-separator aligncenter has-text-color has-alpha-channel-opacity has-background is-style-wide\" style=\"margin-top:0;margin-bottom:0;background-color:#dac195;color:#dac195\"\/>\n\n\n\n<p class=\"has-text-align-center has-text-color has-link-color has-large-font-size wp-elements-bef8e9fb539b02b6feb9565ab95de85c\" style=\"color:#7a1737;margin-top:0;margin-bottom:0\"><strong>SECCIONES<\/strong><\/p>\n\n\n\n<hr class=\"wp-block-separator aligncenter has-text-color has-alpha-channel-opacity has-background is-style-wide\" style=\"margin-top:0;margin-bottom:0;background-color:#dac195;color:#dac195\"\/>\n\n\n\n<div class=\"wp-block-columns is-layout-flex wp-container-core-columns-is-layout-28f84493 wp-block-columns-is-layout-flex\">\n<div class=\"wp-block-column is-layout-flow wp-block-column-is-layout-flow\">\n<a href=\"https:\/\/www.ssaver.gob.mx\/contabilidad\/\" target=\"_blank\" rel=\"noopener noreferrer\" class=\"banner-container\">\n  <div class=\"banner-left\">\n    <img decoding=\"async\" src=\"https:\/\/www.ssaver.gob.mx\/recursosfinancieros\/wp-content\/uploads\/sites\/43\/2025\/09\/contabilidad_-1.png\" class=\"base\" alt=\"Bot\u00f3n para abrir sitio Contabilidad\">\n    <img decoding=\"async\" src=\"https:\/\/www.ssaver.gob.mx\/recursosfinancieros\/wp-content\/uploads\/sites\/43\/2025\/09\/contabilidad_-2.png\" class=\"hover\" alt=\"\">\n  <\/div>\n  <div class=\"banner-right\">\n    <span style=\"font-size: 16px;font-weight: bold\">CONTABILIDAD<\/span>\n  <\/div>\n<\/a>\n<\/div>\n\n\n\n<div class=\"wp-block-column is-layout-flow wp-block-column-is-layout-flow\">\n<a href=\"https:\/\/www.ssaver.gob.mx\/controlpresupuestal\/\" target=\"_blank\" rel=\"noopener noreferrer\" class=\"banner-container\">\n  <div class=\"banner-left\">\n    <img decoding=\"async\" src=\"https:\/\/www.ssaver.gob.mx\/recursosfinancieros\/wp-content\/uploads\/sites\/43\/2025\/09\/c_presupuestal_1.png\" class=\"base\" alt=\"Bot\u00f3n para abrir sitio Control Presupuestal\">\n    <img decoding=\"async\" src=\"https:\/\/www.ssaver.gob.mx\/recursosfinancieros\/wp-content\/uploads\/sites\/43\/2025\/09\/c_presupuestal_2.png\" class=\"hover\" alt=\"\">\n  <\/div>\n  <div class=\"banner-right\">\n    <span style=\"font-size: 16px;font-weight: bold\">CONTROL <br>PRESUPUESTAL<\/span>\n  <\/div>\n<\/a>\n<\/div>\n\n\n\n<div class=\"wp-block-column is-layout-flow wp-block-column-is-layout-flow\">\n<a href=\"https:\/\/www.ssaver.gob.mx\/cuentasporpagar\/\" target=\"_blank\" rel=\"noopener noreferrer\" class=\"banner-container\">\n  <div class=\"banner-left\">\n    <img decoding=\"async\" src=\"https:\/\/www.ssaver.gob.mx\/recursosfinancieros\/wp-content\/uploads\/sites\/43\/2025\/09\/cuentas_p_pagar_1.png\" class=\"base\" alt=\"Bot\u00f3n para abrir sitio Cuentas por Pagar\">\n    <img decoding=\"async\" src=\"https:\/\/www.ssaver.gob.mx\/recursosfinancieros\/wp-content\/uploads\/sites\/43\/2025\/09\/cuentas_p_pagar_2.png\" class=\"hover\" alt=\"\">\n  <\/div>\n  <div class=\"banner-right\">\n    <span style=\"font-size: 16px;font-weight: bold\">CUENTAS <br>POR PAGAR<\/span>\n  <\/div>\n<\/a>\n<\/div>\n<\/div>\n<\/div>\n<\/div><\/div>\n","protected":false},"excerpt":{"rendered":"","protected":false},"author":2,"featured_media":0,"parent":0,"menu_order":0,"comment_status":"closed","ping_status":"closed","template":"","meta":{"colormag_page_container_layout":"default_layout","colormag_page_sidebar_layout":"default_layout","footnotes":""},"class_list":["post-158","page","type-page","status-publish","hentry"],"_links":{"self":[{"href":"https:\/\/www.ssaver.gob.mx\/recursosfinancieros\/wp-json\/wp\/v2\/pages\/158","targetHints":{"allow":["GET"]}}],"collection":[{"href":"https:\/\/www.ssaver.gob.mx\/recursosfinancieros\/wp-json\/wp\/v2\/pages"}],"about":[{"href":"https:\/\/www.ssaver.gob.mx\/recursosfinancieros\/wp-json\/wp\/v2\/types\/page"}],"author":[{"embeddable":true,"href":"https:\/\/www.ssaver.gob.mx\/recursosfinancieros\/wp-json\/wp\/v2\/users\/2"}],"replies":[{"embeddable":true,"href":"https:\/\/www.ssaver.gob.mx\/recursosfinancieros\/wp-json\/wp\/v2\/comments?post=158"}],"version-history":[{"count":23,"href":"https:\/\/www.ssaver.gob.mx\/recursosfinancieros\/wp-json\/wp\/v2\/pages\/158\/revisions"}],"predecessor-version":[{"id":243,"href":"https:\/\/www.ssaver.gob.mx\/recursosfinancieros\/wp-json\/wp\/v2\/pages\/158\/revisions\/243"}],"wp:attachment":[{"href":"https:\/\/www.ssaver.gob.mx\/recursosfinancieros\/wp-json\/wp\/v2\/media?parent=158"}],"curies":[{"name":"wp","href":"https:\/\/api.w.org\/{rel}","templated":true}]}}