{"id":141,"date":"2022-06-23T19:39:21","date_gmt":"2022-06-24T00:39:21","guid":{"rendered":"https:\/\/www.ssaver.gob.mx\/rhumanos\/?page_id=141"},"modified":"2026-02-25T10:05:32","modified_gmt":"2026-02-25T16:05:32","slug":"fraccion-ii","status":"publish","type":"page","link":"https:\/\/www.ssaver.gob.mx\/rhumanos\/transparencia\/fraccion-ii\/","title":{"rendered":"Fracci\u00f3n II"},"content":{"rendered":"\n<div class=\"wp-block-group is-layout-constrained wp-container-core-group-is-layout-9517baca wp-block-group-is-layout-constrained\">\n<div class=\"wp-block-cover wp-elements-be1aad6f56f6e07af58f3d0ab9e929a7 has-aspect-ratio\" style=\"margin-top:0;margin-bottom:0;padding-top:0;padding-right:0;padding-bottom:0;padding-left:0;aspect-ratio:auto;min-height:unset;\"><img decoding=\"async\" class=\"wp-block-cover__image-background wp-image-5220 size-full\" alt=\"\" src=\"https:\/\/www.ssaver.gob.mx\/tecnologias\/wp-content\/uploads\/sites\/14\/2025\/09\/textura_areas_TI-scaled.png\" style=\"object-position:15% 27%\" data-object-fit=\"cover\" data-object-position=\"15% 27%\"\/><span aria-hidden=\"true\" class=\"wp-block-cover__background has-background-dim-100 has-background-dim\" style=\"background-color:#720f37\"><\/span><div class=\"wp-block-cover__inner-container is-layout-constrained wp-container-core-cover-is-layout-72190d31 wp-block-cover-is-layout-constrained\">\n<p class=\"has-text-align-center\" style=\"font-size:28px\"><strong><strong>FRACCI\u00d3N II.- ESTRUCTURA ORG\u00c1NICA Y ATRIBUCIONES<\/strong><\/strong><\/p>\n<\/div><\/div>\n\n\n\n<div class=\"wp-block-cover\" style=\"margin-top:0;margin-bottom:0\"><span aria-hidden=\"true\" class=\"wp-block-cover__background has-background-dim-100 has-background-dim has-background-gradient\" style=\"background:linear-gradient(180deg,rgb(233,231,225) 0%,rgba(232,230,225,0) 99%)\"><\/span><div class=\"wp-block-cover__inner-container is-layout-constrained wp-container-core-cover-is-layout-ce377239 wp-block-cover-is-layout-constrained\">\n<ul style=\"color:#5b4c0d;background-color:#eae7e2;font-size:22px\" class=\"wp-block-list has-text-color has-background\">\n<li><strong><a href=\"https:\/\/www.ssaver.gob.mx\/organizacionymetodos\/estructura-organica-autorizada-de-los-servicios-de-salud-de-veracruz\/\">Estructura Org\u00e1nica de SESVER Autorizada<\/a><\/strong><\/li>\n<\/ul>\n\n\n\n<p class=\"has-text-align-center has-white-color has-text-color has-background\" style=\"background-color:#7a1737;font-size:22px\"><strong>MANUALES DE LA SECRETAR\u00cdA DE SALUD<\/strong><\/p>\n\n\n\n<ul style=\"color:#5b4c0d;background-color:#eae7e2;font-size:22px\" class=\"wp-block-list has-text-color has-background\">\n<li><strong><a href=\"https:\/\/www.ssaver.gob.mx\/funcionario\/wp-content\/uploads\/sites\/3\/2024\/03\/3_OF_REGISTRO_MGO_SS.pdf\" target=\"_blank\" rel=\"noreferrer noopener\">Oficio de registro del Manual General de Organizaci\u00f3n<\/a><\/strong><\/li>\n\n\n\n<li><strong><a href=\"https:\/\/www.ssaver.gob.mx\/rhumanos\/wp-content\/uploads\/sites\/2\/2022\/06\/MGO-PDF-Secretaria-de-Salud-2015-Agosto1.pdf\">Manual General de Organizaci\u00f3n <\/a><\/strong><\/li>\n\n\n\n<li><strong><a href=\"https:\/\/www.ssaver.gob.mx\/funcionario\/wp-content\/uploads\/sites\/3\/2024\/03\/4_OF_REGISTRO_MGP_SS.pdf\" target=\"_blank\" rel=\"noreferrer noopener\">Oficio de registro del Manual General de Procedimientos<\/a><\/strong><\/li>\n\n\n\n<li><strong><a href=\"https:\/\/www.ssaver.gob.mx\/rhumanos\/wp-content\/uploads\/sites\/2\/2022\/06\/Manual-General-de-Procedimientos-SS-pdf.pdf\">Manual General de Procedimientos<\/a><\/strong><\/li>\n<\/ul>\n\n\n\n<p class=\"has-text-align-center has-white-color has-text-color has-background\" style=\"background-color:#7a1737;font-size:22px\"><strong>MANUALES DE SERVICIOS DE SALUD DE VERACRUZ<\/strong><\/p>\n\n\n\n<ul style=\"color:#5b4c0d;background-color:#eae7e2;font-size:22px\" class=\"wp-block-list has-text-color has-background\">\n<li><span><strong><a href=\"https:\/\/www.ssaver.gob.mx\/funcionario\/wp-content\/uploads\/sites\/3\/2024\/03\/5_OF_REGISTRO_MGO_SESVER.pdf\" target=\"_blank\" rel=\"noreferrer noopener\">Oficio de registro del Manual general de organizaci\u00f3n de los Servicios de Salud de Veracruz.<\/a><\/strong><\/span><\/li>\n\n\n\n<li><strong><a href=\"https:\/\/www.ssaver.gob.mx\/rhumanos\/wp-content\/uploads\/sites\/2\/2025\/05\/MANUAL-GENERAL-DE-ORGANIZACION-DE-SERVICIOS-DE-SALUD-DE-VERACRUZ.pdf\" target=\"_blank\" rel=\"noreferrer noopener\">Manual general de organizaci\u00f3n de los Servicios de Salud de Veracruz.<\/a><\/strong><\/li>\n\n\n\n<li><strong><a href=\"https:\/\/www.ssaver.gob.mx\/rhumanos\/wp-content\/uploads\/sites\/2\/2025\/05\/MEO-ENLACE-COMUNICACION-SOCIAL-2016.pdf\" target=\"_blank\" rel=\"noreferrer noopener\">Enlace de Comunicaci\u00f3n Social, Manual Espec\u00edfico de Organizaci\u00f3n.<\/a><\/strong><\/li>\n\n\n\n<li><strong><a href=\"https:\/\/www.ssaver.gob.mx\/rhumanos\/wp-content\/uploads\/sites\/2\/2022\/06\/MEO-COORD-CALIDAD-EN-SALUD.pdf\">Coordinaci\u00f3n de Calidad en Salud, Manual Espec\u00edfico de Organizaci\u00f3n.<\/a><\/strong><\/li>\n\n\n\n<li><strong><a href=\"https:\/\/www.ssaver.gob.mx\/funcionario\/wp-content\/uploads\/sites\/3\/2024\/03\/8_OF_REGISTRO_MANUALES_ADMINISTRATIVOS.pdf\" target=\"_blank\" rel=\"noreferrer noopener\">Oficio de registro de los Manuales Administrativos.<\/a><\/strong><\/li>\n\n\n\n<li><strong><a href=\"https:\/\/www.ssaver.gob.mx\/rhumanos\/wp-content\/uploads\/sites\/2\/2025\/05\/MEP-DIRECCION-DE-ATENCION-MEDICA.oka_.pdf\" target=\"_blank\" rel=\"noreferrer noopener\">Direcci\u00f3n de Atenci\u00f3n M\u00e9dica, Manual Espec\u00edfico de Procedimientos.<\/a><\/strong><\/li>\n\n\n\n<li><strong><a href=\"https:\/\/www.ssaver.gob.mx\/rhumanos\/wp-content\/uploads\/sites\/2\/2025\/05\/MEO-DIR-RIESGOS-SANITARIOS-PARA-GO.pdf\">Direcci\u00f3n de Protecci\u00f3n Contra Riesgos Sanitarios, Manual Espec\u00edfico de Organizaci\u00f3n.<\/a><\/strong><\/li>\n\n\n\n<li><strong><a href=\"https:\/\/www.ssaver.gob.mx\/rhumanos\/wp-content\/uploads\/sites\/2\/2025\/05\/DIRECCION_INFRAESTRUCTUTA_FINAL.pdf\" target=\"_blank\" rel=\"noreferrer noopener\">Direcci\u00f3n de Infraestructura de Salud, Manual Espec\u00edfico de Organizaci\u00f3n.<\/a><\/strong><\/li>\n\n\n\n<li><strong><a href=\"https:\/\/www.ssaver.gob.mx\/rhumanos\/wp-content\/uploads\/sites\/2\/2022\/06\/MEO-DA-GO.pdf\">Direcci\u00f3n Administrativa, Manual Espec\u00edfico de Organizaci\u00f3n.<\/a><\/strong><\/li>\n\n\n\n<li><strong><a href=\"https:\/\/www.ssaver.gob.mx\/rhumanos\/wp-content\/uploads\/sites\/2\/2022\/06\/MEP-DE-SUBDIRECCION-DE-RECURSOS-HUMANOS.pdf\">Subdirecci\u00f3n de Recursos Humanos, Manual Espec\u00edfico de Procedimientos.<\/a><\/strong><\/li>\n\n\n\n<li><strong><a href=\"https:\/\/www.ssaver.gob.mx\/rhumanos\/wp-content\/uploads\/sites\/2\/2022\/06\/MEP-DEPTO-SERVICIOS-GRALES-2016.pdf\">Departamento de Servicios Generales, Manual Espec\u00edfico de Procedimientos.<\/a><\/strong><\/li>\n\n\n\n<li><strong><a href=\"https:\/\/www.ssaver.gob.mx\/rhumanos\/wp-content\/uploads\/sites\/2\/2022\/06\/MEP-TI.pdf\">Departamento de Tecnolog\u00edas de la Informaci\u00f3n, Manual Espec\u00edfico de Procedimientos.<\/a><\/strong><\/li>\n\n\n\n<li><strong><a href=\"https:\/\/www.ssaver.gob.mx\/rhumanos\/wp-content\/uploads\/sites\/2\/2022\/06\/APOYO-A-LA-GESTION.pdf\">Departamento de Apoyo a la Gesti\u00f3n Administrativa, Manual Espec\u00edfico de Procedimientos.<\/a><\/strong><\/li>\n\n\n\n<li><strong><a href=\"https:\/\/www.ssaver.gob.mx\/rhumanos\/wp-content\/uploads\/sites\/2\/2022\/06\/MECENDI-P-H.-JUNTA-GOB.pdf\">Centro de Desarrollo Infantil (CENDI), Manual Espec\u00edfico de Organizaci\u00f3n.<\/a><\/strong><\/li>\n\n\n\n<li><strong><a href=\"https:\/\/www.ssaver.gob.mx\/rhumanos\/wp-content\/uploads\/sites\/2\/2022\/06\/MEP-CEMENTERIO-XALAPENO.pdf\">Cementerio Xalape\u00f1o, Manual Espec\u00edfico de Procedimientos.<\/a><\/strong><\/li>\n\n\n\n<li><strong><a href=\"https:\/\/www.ssaver.gob.mx\/rhumanos\/wp-content\/uploads\/sites\/2\/2022\/06\/MEO-JURICO-OK.pdf\">Direcci\u00f3n Jur\u00eddica, Manual Espec\u00edfico de Organizaci\u00f3n.<\/a><\/strong><\/li>\n\n\n\n<li><strong><a href=\"https:\/\/www.ssaver.gob.mx\/rhumanos\/wp-content\/uploads\/sites\/2\/2022\/06\/MEO-CECA-2016.pdf\">Comisi\u00f3n Estatal Contra las Adicciones, Manual Espec\u00edfico de Organizaci\u00f3n.<\/a><\/strong><\/li>\n\n\n\n<li><strong><a href=\"https:\/\/www.ssaver.gob.mx\/funcionario\/wp-content\/uploads\/sites\/3\/2024\/03\/6_OF_REGISTRO_MEP_UNIDAD_DE_GENERO.pdf\" target=\"_blank\" rel=\"noreferrer noopener\">Oficio de registro del Manual Espec\u00edfico de Procedimientos de la Unidad de G\u00e9nero.<\/a><\/strong><\/li>\n\n\n\n<li><strong><a href=\"https:\/\/www.ssaver.gob.mx\/funcionario\/wp-content\/uploads\/sites\/3\/2024\/03\/7_MEP_UNIDAD_GENERO.pdf\" target=\"_blank\" rel=\"noreferrer noopener\">Unidad de g\u00e9nero, Manual Espec\u00edfico de Procedimientos.<\/a><\/strong><\/li>\n<\/ul>\n\n\n\n<p><\/p>\n<\/div><\/div>\n<\/div>\n","protected":false},"excerpt":{"rendered":"","protected":false},"author":2,"featured_media":0,"parent":2,"menu_order":1,"comment_status":"closed","ping_status":"closed","template":"","meta":{"colormag_page_container_layout":"default_layout","colormag_page_sidebar_layout":"default_layout","footnotes":""},"class_list":["post-141","page","type-page","status-publish","hentry"],"_links":{"self":[{"href":"https:\/\/www.ssaver.gob.mx\/rhumanos\/wp-json\/wp\/v2\/pages\/141","targetHints":{"allow":["GET"]}}],"collection":[{"href":"https:\/\/www.ssaver.gob.mx\/rhumanos\/wp-json\/wp\/v2\/pages"}],"about":[{"href":"https:\/\/www.ssaver.gob.mx\/rhumanos\/wp-json\/wp\/v2\/types\/page"}],"author":[{"embeddable":true,"href":"https:\/\/www.ssaver.gob.mx\/rhumanos\/wp-json\/wp\/v2\/users\/2"}],"replies":[{"embeddable":true,"href":"https:\/\/www.ssaver.gob.mx\/rhumanos\/wp-json\/wp\/v2\/comments?post=141"}],"version-history":[{"count":30,"href":"https:\/\/www.ssaver.gob.mx\/rhumanos\/wp-json\/wp\/v2\/pages\/141\/revisions"}],"predecessor-version":[{"id":990,"href":"https:\/\/www.ssaver.gob.mx\/rhumanos\/wp-json\/wp\/v2\/pages\/141\/revisions\/990"}],"up":[{"embeddable":true,"href":"https:\/\/www.ssaver.gob.mx\/rhumanos\/wp-json\/wp\/v2\/pages\/2"}],"wp:attachment":[{"href":"https:\/\/www.ssaver.gob.mx\/rhumanos\/wp-json\/wp\/v2\/media?parent=141"}],"curies":[{"name":"wp","href":"https:\/\/api.w.org\/{rel}","templated":true}]}}