{"id":2,"date":"2022-06-11T01:02:53","date_gmt":"2022-06-11T06:02:53","guid":{"rendered":"https:\/\/www.ssaver.gob.mx\/rhumanos\/?page_id=2"},"modified":"2022-09-19T13:08:44","modified_gmt":"2022-09-19T18:08:44","slug":"transparencia","status":"publish","type":"page","link":"https:\/\/www.ssaver.gob.mx\/rhumanos\/transparencia\/","title":{"rendered":"Transparencia"},"content":{"rendered":"\n<div class=\"wp-block-siteorigin-panels-layout-block\"><div id=\"pl-2\" class=\"panel-layout\"><div id=\"pg-2-0\" class=\"panel-grid panel-no-style\"><div id=\"pgc-2-0-0\" class=\"panel-grid-cell\"><div id=\"panel-2-0-0-0\" class=\"so-panel widget widget_sow-editor panel-first-child panel-last-child\" data-index=\"0\"><div class=\"so-widget-sow-editor so-widget-sow-editor-base\">\n<div class=\"siteorigin-widget-tinymce textwidget\">\n\t<div class=\"border-css\">\n<div class=\"square-css\">\n<h2 class=\"h-css\"><strong>Fracci\u00f3n II.- Estructura Org\u00e1nica y Atribuciones<\/strong><\/h2>\n<\/div>\n&nbsp;\n<ul>\n \t<li class=\"li-css\"><a class=\"a-css\" href=\"https:\/\/www.ssaver.gob.mx\/funcionario\/estructura-organica-autorizada-de-los-servicios-de-salud-de-veracruz\/\" target=\"_blank\" rel=\"noopener\">Estructura Org\u00e1nica de SESVER Autorizada.<\/a><\/li>\n<\/ul>\n<h2 class=\"h-css\"><strong>Manuales de la Secretar\u00eda de Salud<\/strong><\/h2>\n<ul>\n \t<li class=\"li-css\"><a class=\"a-css\" href=\"https:\/\/www.ssaver.gob.mx\/rhumanos\/wp-content\/uploads\/sites\/2\/2022\/06\/MGO-PDF-Secretaria-de-Salud-2015-Agosto1.pdf\" target=\"_blank\" rel=\"noopener\">Manual General de Organizaci\u00f3n<\/a><\/li>\n \t<li class=\"li-css\"><a class=\"a-css\" href=\"https:\/\/www.ssaver.gob.mx\/rhumanos\/wp-content\/uploads\/sites\/2\/2022\/06\/Manual-General-de-Procedimientos-SS-pdf.pdf\" target=\"_blank\" rel=\"noopener\">Manual General de Procedimientos<\/a><\/li>\n<\/ul>\n\n<h2 class=\"h-css\"><strong>Manuales de Servicios de Salud de Veracruz<\/strong><\/h2>\n\n<ul>\n \t<li class=\"li-css\"><a class=\"a-css\" href=\"https:\/\/www.ssaver.gob.mx\/rhumanos\/wp-content\/uploads\/sites\/2\/2022\/06\/MANUAL-GENERAL-DE-ORGANIZACION-DE-SERVICIOS-DE-SALUD-DE-VERACRUZ.pdf\">Manual general de organizaci\u00f3n de los Servicios de Salud de Veracruz<\/a><\/li>\n \t<li class=\"li-css\"><a class=\"a-css\" href=\"https:\/\/www.ssaver.gob.mx\/rhumanos\/wp-content\/uploads\/sites\/2\/2022\/06\/MEO-COORD-CALIDAD-EN-SALUD.pdf\">Coordinaci\u00f3n de Calidad en Salud, Manual Espec\u00edfico de Organizaci\u00f3n.<\/a><\/li>\n \t<li class=\"li-css\"><a class=\"a-css\" href=\"https:\/\/www.ssaver.gob.mx\/rhumanos\/wp-content\/uploads\/sites\/2\/2022\/06\/MEO-ENLACE-COMUNICACION-SOCIAL-2016.pdf\">Enlace de Comunicaci\u00f3n Social, Manual Espec\u00edfico de Organizaci\u00f3n.<\/a><\/li>\n \t<li class=\"li-css\"><a class=\"a-css\" href=\"https:\/\/www.ssaver.gob.mx\/rhumanos\/wp-content\/uploads\/sites\/2\/2022\/06\/MEP-DIRECCION-DE-ATENCION-MEDICA.ok_.pdf\">Direcci\u00f3n de Atenci\u00f3n M\u00e9dica, Manual Espec\u00edfico de Procedimientos.<\/a><\/li>\n \t<li class=\"li-css\"><a class=\"a-css\" href=\"https:\/\/www.ssaver.gob.mx\/rhumanos\/wp-content\/uploads\/sites\/2\/2022\/06\/MEO-DIR-RIESGOS-SANITARIOS-PARA-GO.pdf\">Direcci\u00f3n de Protecci\u00f3n Contra Riesgos Sanitarios, Manual Espec\u00edfico de Organizaci\u00f3n.<\/a><\/li>\n \t<li class=\"li-css\"><a class=\"a-css\" href=\"https:\/\/www.ssaver.gob.mx\/rhumanos\/wp-content\/uploads\/sites\/2\/2022\/06\/DIRECCION_INFRAESTRUCTUTA_FINAL.pdf\" target=\"_blank\" rel=\"noreferrer noopener\">Direcci\u00f3n de Infraestructura de Salud, Manual Espec\u00edfico de Organizaci\u00f3n.<\/a>\n<ul>\n \t<li class=\"li-css\"><a class=\"a-css\" href=\"https:\/\/www.ssaver.gob.mx\/rhumanos\/wp-content\/uploads\/sites\/2\/2022\/06\/MEO-DA-GO.pdf\">Direcci\u00f3n Administrativa, Manual Espec\u00edfico de Organizaci\u00f3n.<\/a><\/li>\n \t<li class=\"li-css\"><a class=\"a-css\" href=\"https:\/\/www.ssaver.gob.mx\/rhumanos\/wp-content\/uploads\/sites\/2\/2022\/06\/MEP-DE-SUBDIRECCION-DE-RECURSOS-HUMANOS.pdf\">Subdirecci\u00f3n de Recursos Humanos, Manual Espec\u00edfico de Procedimientos.<\/a><\/li>\n \t<li class=\"li-css\"><a class=\"a-css\" href=\"https:\/\/www.ssaver.gob.mx\/rhumanos\/wp-content\/uploads\/sites\/2\/2022\/06\/MEP-DEPTO-SERVICIOS-GRALES-2016.pdf\">Departamento de Servicios Generales, Manual Espec\u00edfico de Procedimientos.<\/a><\/li>\n \t<li class=\"li-css\"><a class=\"a-css\" href=\"https:\/\/www.ssaver.gob.mx\/rhumanos\/wp-content\/uploads\/sites\/2\/2022\/06\/MEP-TI.pdf\">Departamento de Tecnolog\u00edas de la Informaci\u00f3n, Manual Espec\u00edfico de Procedimientos.<\/a><\/li>\n \t<li class=\"li-css\"><a class=\"a-css\" href=\"https:\/\/www.ssaver.gob.mx\/rhumanos\/wp-content\/uploads\/sites\/2\/2022\/06\/APOYO-A-LA-GESTION.pdf\">Departamento de Apoyo a la Gesti\u00f3n Administrativa, Manual Espec\u00edfico de Procedimientos.<\/a><\/li>\n \t<li class=\"li-css\"><a class=\"a-css\" href=\"https:\/\/www.ssaver.gob.mx\/rhumanos\/wp-content\/uploads\/sites\/2\/2022\/06\/MECENDI-P-H.-JUNTA-GOB.pdf\">Centro de Desarrollo Infantil (CENDI), Manual Espec\u00edfico de Organizaci\u00f3n.<\/a><\/li>\n \t<li class=\"li-css\"><a class=\"a-css\" href=\"https:\/\/www.ssaver.gob.mx\/rhumanos\/wp-content\/uploads\/sites\/2\/2022\/06\/MEP-CEMENTERIO-XALAPENO.pdf\">Cementerio Xalape\u00f1o, Manual Espec\u00edfico de Procedimientos.<\/a><\/li>\n<\/ul>\n<\/li>\n \t<li class=\"li-css\"><a class=\"a-css\" href=\"https:\/\/www.ssaver.gob.mx\/rhumanos\/wp-content\/uploads\/sites\/2\/2022\/06\/MEO-JURICO-OK.pdf\">Direcci\u00f3n Jur\u00eddica, Manual Espec\u00edfico de Organizaci\u00f3n.<\/a><\/li>\n \t<li class=\"li-css\"><a class=\"a-css\" href=\"https:\/\/www.ssaver.gob.mx\/rhumanos\/wp-content\/uploads\/sites\/2\/2022\/06\/MEO-CECA-2016.pdf\">Comisi\u00f3n Estatal Contra las Adicciones, Manual Espec\u00edfico de Organizaci\u00f3n.<\/a><\/li>\n<\/ul>\n&nbsp;\n\n<\/div><\/div>\n<\/div><\/div><\/div><\/div><\/div><\/div>\n\n\n\n<p><\/p>\n","protected":false},"excerpt":{"rendered":"","protected":false},"author":1,"featured_media":0,"parent":0,"menu_order":0,"comment_status":"closed","ping_status":"closed","template":"","meta":{"colormag_page_container_layout":"default_layout","colormag_page_sidebar_layout":"default_layout","footnotes":""},"class_list":["post-2","page","type-page","status-publish","hentry"],"_links":{"self":[{"href":"https:\/\/www.ssaver.gob.mx\/rhumanos\/wp-json\/wp\/v2\/pages\/2","targetHints":{"allow":["GET"]}}],"collection":[{"href":"https:\/\/www.ssaver.gob.mx\/rhumanos\/wp-json\/wp\/v2\/pages"}],"about":[{"href":"https:\/\/www.ssaver.gob.mx\/rhumanos\/wp-json\/wp\/v2\/types\/page"}],"author":[{"embeddable":true,"href":"https:\/\/www.ssaver.gob.mx\/rhumanos\/wp-json\/wp\/v2\/users\/1"}],"replies":[{"embeddable":true,"href":"https:\/\/www.ssaver.gob.mx\/rhumanos\/wp-json\/wp\/v2\/comments?post=2"}],"version-history":[{"count":35,"href":"https:\/\/www.ssaver.gob.mx\/rhumanos\/wp-json\/wp\/v2\/pages\/2\/revisions"}],"predecessor-version":[{"id":204,"href":"https:\/\/www.ssaver.gob.mx\/rhumanos\/wp-json\/wp\/v2\/pages\/2\/revisions\/204"}],"wp:attachment":[{"href":"https:\/\/www.ssaver.gob.mx\/rhumanos\/wp-json\/wp\/v2\/media?parent=2"}],"curies":[{"name":"wp","href":"https:\/\/api.w.org\/{rel}","templated":true}]}}