{"id":76,"date":"2022-06-17T10:31:02","date_gmt":"2022-06-17T15:31:02","guid":{"rendered":"https:\/\/www.ssaver.gob.mx\/rhumanos\/?page_id=76"},"modified":"2026-02-24T14:16:37","modified_gmt":"2026-02-24T20:16:37","slug":"subdireccion-de-recursos-humanos","status":"publish","type":"page","link":"https:\/\/www.ssaver.gob.mx\/rhumanos\/","title":{"rendered":""},"content":{"rendered":"\n<div class=\"wp-block-cover\" style=\"margin-top:0;margin-bottom:0;padding-top:0;padding-bottom:0;min-height:186px;aspect-ratio:unset;\"><span aria-hidden=\"true\" class=\"wp-block-cover__background has-background-dim-100 has-background-dim has-background-gradient\" style=\"background:linear-gradient(0deg,rgb(255,255,255) 0%,rgb(217,217,217) 100%)\"><\/span><div class=\"wp-block-cover__inner-container is-layout-flow wp-block-cover-is-layout-flow\">\n<div class=\"wp-block-group is-layout-constrained wp-container-core-group-is-layout-f6a3ac39 wp-block-group-is-layout-constrained\" style=\"margin-top:0;margin-bottom:0;padding-right:0;padding-left:0\">\n<p class=\"has-text-align-center has-text-color has-link-color has-medium-font-size wp-elements-28d10486547c9fb7968a62704e937f92\" style=\"color:#7a1737;margin-top:0;margin-right:0px;margin-bottom:0;margin-left:0px\">Coadyuva a lograr los objetivos de este Organismo de Servicios de Salud de Veracruz, a trav\u00e9s de la eficiente administraci\u00f3n del capital humano, involucrado y comprometido en todo momento a proporcionar servicios de excelencia a la poblaci\u00f3n veracruzana.<\/p>\n<\/div>\n<\/div><\/div>\n\n\n\n<div class=\"wp-block-cover aligncenter is-light has-aspect-ratio\" style=\"border-radius:0px;aspect-ratio:auto;min-height:unset;\"><img decoding=\"async\" class=\"wp-block-cover__image-background wp-image-4186 size-full\" alt=\"\" src=\"https:\/\/www.ssaver.gob.mx\/tecnologias\/wp-content\/uploads\/sites\/14\/2025\/06\/Textura-varias_page-0003.jpg\" data-object-fit=\"cover\"\/><span aria-hidden=\"true\" class=\"wp-block-cover__background has-background-dim\" style=\"background-color:#efedea\"><\/span><div class=\"wp-block-cover__inner-container is-layout-flow wp-block-cover-is-layout-flow\">\n<div class=\"wp-block-group is-layout-constrained wp-container-core-group-is-layout-9517baca wp-block-group-is-layout-constrained\">\n<hr class=\"wp-block-separator aligncenter has-text-color has-alpha-channel-opacity has-background is-style-wide\" style=\"margin-top:0;margin-bottom:0;background-color:#dac195;color:#dac195\"\/>\n\n\n\n<p class=\"has-text-align-center has-text-color has-link-color has-large-font-size wp-elements-bef8e9fb539b02b6feb9565ab95de85c\" style=\"color:#7a1737;margin-top:0;margin-bottom:0\"><strong>SECCIONES<\/strong><\/p>\n\n\n\n<hr class=\"wp-block-separator aligncenter has-text-color has-alpha-channel-opacity has-background is-style-wide\" style=\"margin-top:0;margin-bottom:0;background-color:#dac195;color:#dac195\"\/>\n\n\n\n<div class=\"wp-block-columns is-layout-flex wp-container-core-columns-is-layout-28f84493 wp-block-columns-is-layout-flex\">\n<div class=\"wp-block-column is-layout-flow wp-block-column-is-layout-flow\">\n<a href=\"https:\/\/www.ssaver.gob.mx\/directorio-sesver\/\" target=\"_blank\" rel=\"noopener noreferrer\" class=\"banner-container\">\n  <div class=\"banner-left\">\n    <img decoding=\"async\" src=\"https:\/\/www.ssaver.gob.mx\/rhumanos\/wp-content\/uploads\/sites\/2\/2025\/08\/ICON_RHUM_DIRECTORIO1.png\" class=\"base\" alt=\"Bot\u00f3n para abrir sitio Directorio de Servidores P\u00fablicos\">\n    <img decoding=\"async\" src=\"https:\/\/www.ssaver.gob.mx\/rhumanos\/wp-content\/uploads\/sites\/2\/2025\/08\/ICON_RHUM_DIRECTORIO2.png\" class=\"hover\" alt=\"\">\n  <\/div>\n  <div class=\"banner-right\">\n    <span style=\"font-size: 16px;font-weight: bold\">DIRECTORIO  SERVIDORES <br>P\u00daBLICOS<\/span>\n  <\/div>\n<\/a>\n<\/div>\n\n\n\n<div class=\"wp-block-column is-layout-flow wp-block-column-is-layout-flow\">\n<a href=\"https:\/\/www.ssaver.gob.mx\/prestacionessociales\/\" target=\"_blank\" rel=\"noopener noreferrer\" class=\"banner-container\">\n  <div class=\"banner-left\">\n    <img decoding=\"async\" src=\"https:\/\/www.ssaver.gob.mx\/rhumanos\/wp-content\/uploads\/sites\/2\/2025\/08\/ICON_RHUM_PSOCIALES1.png\" class=\"base\" alt=\"Bot\u00f3n para abrir sitio Prestaciones Sociales al Personal\">\n    <img decoding=\"async\" src=\"https:\/\/www.ssaver.gob.mx\/rhumanos\/wp-content\/uploads\/sites\/2\/2025\/08\/ICON_RHUM_PSOCIALES2.png\" class=\"hover\" alt=\"\">\n  <\/div>\n  <div class=\"banner-right\">\n    <span style=\"font-size: 16px;font-weight: bold\">PRESTACIONES SOCIALES<br>AL PERSONAL<\/span>\n  <\/div>\n<\/a>\n<\/div>\n\n\n\n<div class=\"wp-block-column is-layout-flow wp-block-column-is-layout-flow\">\n<a href=\"https:\/\/www.ssaver.gob.mx\/organizacionymetodos\/\" target=\"_blank\" rel=\"noopener noreferrer\" class=\"banner-container\">\n  <div class=\"banner-left\">\n    <img decoding=\"async\" src=\"https:\/\/www.ssaver.gob.mx\/rhumanos\/wp-content\/uploads\/sites\/2\/2025\/08\/ICON_RHUM_ORGMETODOS1.png\" class=\"base\" alt=\"Bot\u00f3n para abrir sitio Organizaci\u00f3n y M\u00e9todos\">\n    <img decoding=\"async\" src=\"https:\/\/www.ssaver.gob.mx\/rhumanos\/wp-content\/uploads\/sites\/2\/2025\/08\/ICON_RHUM_ORGMETODOS2.png\" class=\"hover\" alt=\"\">\n  <\/div>\n  <div class=\"banner-right\">\n    <span style=\"font-size: 16px;font-weight: bold\">ORGANIZACI\u00d3N <br>Y M\u00c9TODOS<\/span>\n  <\/div>\n<\/a>\n<\/div>\n<\/div>\n\n\n\n<div class=\"wp-block-columns is-layout-flex wp-container-core-columns-is-layout-28f84493 wp-block-columns-is-layout-flex\">\n<div class=\"wp-block-column is-layout-flow wp-block-column-is-layout-flow\"><\/div>\n\n\n\n<div class=\"wp-block-column is-layout-flow wp-block-column-is-layout-flow\">\n<a href=\"https:\/\/www.ssaver.gob.mx\/administraciondepersonal\/\" target=\"_blank\" rel=\"noopener noreferrer\" class=\"banner-container\">\n  <div class=\"banner-left\">\n    <img decoding=\"async\" src=\"https:\/\/www.ssaver.gob.mx\/rhumanos\/wp-content\/uploads\/sites\/2\/2025\/08\/ICON_RHUM_ADMONPERSONAL1.png\" class=\"base\" alt=\"Bot\u00f3n para abrir Administraci\u00f3n de personal\">\n    <img decoding=\"async\" src=\"https:\/\/www.ssaver.gob.mx\/rhumanos\/wp-content\/uploads\/sites\/2\/2025\/08\/ICON_RHUM_ADMONPERSONAL2.png\" class=\"hover\" alt=\"\">\n  <\/div>\n  <div class=\"banner-right\">\n    <span style=\"font-size: 16px;font-weight: bold\">ADMINISTRACI\u00d3N<br>DE PERSONAL<\/span>\n  <\/div>\n<\/a>\n<\/div>\n\n\n\n<div class=\"wp-block-column is-layout-flow wp-block-column-is-layout-flow\"><\/div>\n<\/div>\n<\/div>\n<\/div><\/div>\n","protected":false},"excerpt":{"rendered":"","protected":false},"author":3,"featured_media":0,"parent":0,"menu_order":0,"comment_status":"closed","ping_status":"closed","template":"","meta":{"colormag_page_container_layout":"default_layout","colormag_page_sidebar_layout":"default_layout","footnotes":""},"class_list":["post-76","page","type-page","status-publish","hentry"],"_links":{"self":[{"href":"https:\/\/www.ssaver.gob.mx\/rhumanos\/wp-json\/wp\/v2\/pages\/76","targetHints":{"allow":["GET"]}}],"collection":[{"href":"https:\/\/www.ssaver.gob.mx\/rhumanos\/wp-json\/wp\/v2\/pages"}],"about":[{"href":"https:\/\/www.ssaver.gob.mx\/rhumanos\/wp-json\/wp\/v2\/types\/page"}],"author":[{"embeddable":true,"href":"https:\/\/www.ssaver.gob.mx\/rhumanos\/wp-json\/wp\/v2\/users\/3"}],"replies":[{"embeddable":true,"href":"https:\/\/www.ssaver.gob.mx\/rhumanos\/wp-json\/wp\/v2\/comments?post=76"}],"version-history":[{"count":204,"href":"https:\/\/www.ssaver.gob.mx\/rhumanos\/wp-json\/wp\/v2\/pages\/76\/revisions"}],"predecessor-version":[{"id":989,"href":"https:\/\/www.ssaver.gob.mx\/rhumanos\/wp-json\/wp\/v2\/pages\/76\/revisions\/989"}],"wp:attachment":[{"href":"https:\/\/www.ssaver.gob.mx\/rhumanos\/wp-json\/wp\/v2\/media?parent=76"}],"curies":[{"name":"wp","href":"https:\/\/api.w.org\/{rel}","templated":true}]}}