{"id":3672,"date":"2023-03-22T13:25:02","date_gmt":"2023-03-22T19:25:02","guid":{"rendered":"https:\/\/www.ssaver.gob.mx\/riesgos-sanitarios\/?page_id=3672"},"modified":"2023-03-24T12:56:27","modified_gmt":"2023-03-24T18:56:27","slug":"denuncias-sanitarias","status":"publish","type":"page","link":"https:\/\/www.ssaver.gob.mx\/riesgos-sanitarios\/denuncias-sanitarias\/","title":{"rendered":"Denuncias Sanitarias"},"content":{"rendered":"\n<div style=\"height:51px\" aria-hidden=\"true\" class=\"wp-block-spacer\"><\/div>\n\n\n\n<p class=\"has-large-font-size\"><strong>Bienvenido<\/strong> <\/p>\n\n\n\n<p class=\"has-medium-font-size\">Para realizar tu denuncia proporciona la informacion solicitada. Se informa que de acuerdo a la Ley Federal de Transparencia y Acceso a la informaci\u00f3n P\u00fablica Gubernamental, los datos personales del denunciante que sean recibidos, se consideran informaci\u00f3n confidencial por lo que no se dan a conocer al denunciado.<\/p>\n\n\n\n<div style=\"height:24px\" aria-hidden=\"true\" class=\"wp-block-spacer\"><\/div>\n\n\n\n<div class=\"wp-block-buttons is-layout-flex wp-block-buttons-is-layout-flex\">\n<div class=\"wp-block-button has-custom-font-size is-style-outline has-medium-font-size is-style-outline--1\"><a class=\"wp-block-button__link has-text-color wp-element-button\" href=\"https:\/\/docs.google.com\/forms\/d\/e\/1FAIpQLSfsZo1Idf3OvaXT9fpr3eUyQFaPdV2K9WiQjtmDnLfQX2fGpg\/viewform?usp=sf_link\" style=\"color:#630202\" target=\"_blank\" rel=\"noreferrer noopener\">Ingresar<\/a><\/div>\n<\/div>\n","protected":false},"excerpt":{"rendered":"<p>Bienvenido Para realizar tu denuncia proporciona la informacion solicitada. Se informa que de acuerdo a la Ley Federal de Transparencia<\/p>\n","protected":false},"author":17,"featured_media":0,"parent":0,"menu_order":0,"comment_status":"closed","ping_status":"closed","template":"","meta":{"colormag_page_container_layout":"default_layout","colormag_page_sidebar_layout":"default_layout","footnotes":""},"class_list":["post-3672","page","type-page","status-publish","hentry"],"_links":{"self":[{"href":"https:\/\/www.ssaver.gob.mx\/riesgos-sanitarios\/wp-json\/wp\/v2\/pages\/3672","targetHints":{"allow":["GET"]}}],"collection":[{"href":"https:\/\/www.ssaver.gob.mx\/riesgos-sanitarios\/wp-json\/wp\/v2\/pages"}],"about":[{"href":"https:\/\/www.ssaver.gob.mx\/riesgos-sanitarios\/wp-json\/wp\/v2\/types\/page"}],"author":[{"embeddable":true,"href":"https:\/\/www.ssaver.gob.mx\/riesgos-sanitarios\/wp-json\/wp\/v2\/users\/17"}],"replies":[{"embeddable":true,"href":"https:\/\/www.ssaver.gob.mx\/riesgos-sanitarios\/wp-json\/wp\/v2\/comments?post=3672"}],"version-history":[{"count":10,"href":"https:\/\/www.ssaver.gob.mx\/riesgos-sanitarios\/wp-json\/wp\/v2\/pages\/3672\/revisions"}],"predecessor-version":[{"id":3762,"href":"https:\/\/www.ssaver.gob.mx\/riesgos-sanitarios\/wp-json\/wp\/v2\/pages\/3672\/revisions\/3762"}],"wp:attachment":[{"href":"https:\/\/www.ssaver.gob.mx\/riesgos-sanitarios\/wp-json\/wp\/v2\/media?parent=3672"}],"curies":[{"name":"wp","href":"https:\/\/api.w.org\/{rel}","templated":true}]}}