{"id":3835,"date":"2023-04-18T13:26:57","date_gmt":"2023-04-18T18:26:57","guid":{"rendered":"https:\/\/www.ssaver.gob.mx\/riesgos-sanitarios\/?page_id=3835"},"modified":"2023-05-08T06:57:22","modified_gmt":"2023-05-08T11:57:22","slug":"alertas-sanitarias-de-servicios-de-salud","status":"publish","type":"page","link":"https:\/\/www.ssaver.gob.mx\/riesgos-sanitarios\/alertas-sanitarias-de-servicios-de-salud\/","title":{"rendered":"Alertas sanitarias de servicios de salud"},"content":{"rendered":"\n<div style=\"height:36px\" aria-hidden=\"true\" class=\"wp-block-spacer\"><\/div>\n\n\n\n<p style=\"font-size:30px\">En esta secci\u00f3n encontrar\u00e1s las alertas sanitarias que la COFEPRIS emite, sobre la probable afectaci\u00f3n a la salud de la poblaci\u00f3n en materia de servicios de salud<\/p>\n\n\n\n<div style=\"height:36px\" aria-hidden=\"true\" class=\"wp-block-spacer\"><\/div>\n\n\n\n<p class=\"has-medium-font-size\">Una alerta sanitaria es un comunicado de riesgo que se refiere a que un producto, competencia de la COFEPRIS, que es procesado, comercializado, distribuido, acondicionado, o elaborado en M\u00e9xico o en otros pa\u00edses, que por su uso o consumo representa un riesgo para la salud del consumidor mexicano, que puede tener trascendencia social y frente a la cual hay que tomar medidas en salud p\u00fablica de manera urgente y eficaz.<\/p>\n\n\n\n<div style=\"height:38px\" aria-hidden=\"true\" class=\"wp-block-spacer\"><\/div>\n\n\n\n<p><strong>Para buscar una alerta sanitaria<\/strong>, presione la tecla \u201cCtrl\u201d y la letra \u201cF\u201d al mismo tiempo en su teclado. Aparecer\u00e1 una peque\u00f1a barra de b\u00fasqueda en la esquina superior derecha de la pantalla de su navegador, cerca de la barra de direcciones. A continuaci\u00f3n, ingrese la alerta sanitaria que desea encontrar.<\/p>\n\n\n\n<div style=\"height:38px\" aria-hidden=\"true\" class=\"wp-block-spacer\"><\/div>\n\n\n\n<p style=\"font-size:30px\"><strong>Documentos<\/strong><\/p>\n\n\n\n<hr class=\"wp-block-separator has-text-color has-alpha-channel-opacity has-background is-style-default\" style=\"background-color:#720f3d;color:#720f3d\" \/>\n\n\n\n<div style=\"height:17px\" aria-hidden=\"true\" class=\"wp-block-spacer\"><\/div>\n\n\n\n<div class=\"\">\n\t<ul class=\"list-unstyled\">\n\t\n\t\n\t<li class=\"clearfix documents\">\n\t<div class=\"col-md-10\" style=\"text-transform: capitalize\">\n\tAviso_de_Riesgo_Aesthetics___MedSpa__09jun22<\/div>\n\t<div class=\"col-md-2\">\n\t<a class=\"btn btn-default\" href=\"\/\/www.gob.mx\/cms\/uploads\/attachment\/file\/731187\/Aviso_de_Riesgo_Aesthetics___MedSpa__09jun22.pdf\" target=\"_blank\" rel=\"noopener\">\n\t<span class=\" glyphicon glyphicon-save\" aria-hidden=\"true\"><\/span>\n\t<span class=\"sr-only\">\n\tDescargar documento\n\t<\/span>\n\t<\/a>\n\t<\/div>\n\t<hr class=\"col-md-12 clearfix\">\n\t<\/li>\n\t\n\t\n\t<li class=\"clearfix documents\">\n\t<div class=\"col-md-10\" style=\"text-transform: capitalize\">\n\t36_Alerta_Sanitaria_Sanatorio_Montevideo<\/div>\n\t<div class=\"col-md-2\">\n\t<a class=\"btn btn-default\" href=\"\/\/www.gob.mx\/cms\/uploads\/attachment\/file\/710367\/Alerta_Sanitaria_Sanatorio_Montevideo_11032022_VF.pdf\" target=\"_blank\" rel=\"noopener\">\n\t<span class=\" glyphicon glyphicon-save\" aria-hidden=\"true\"><\/span>\n\t<span class=\"sr-only\">\n\tDescargar documento\n\t<\/span>\n\t<\/a>\n\t<\/div>\n\t<hr class=\"col-md-12 clearfix\">\n\t<\/li>\n\t\n\t\n\t<li class=\"clearfix documents\">\n\t<div class=\"col-md-10\" style=\"text-transform: capitalize\">\n\t35_Alerta_Clinicas_de__Cirugia_Est_tica_<\/div>\n\t<div class=\"col-md-2\">\n\t<a class=\"btn btn-default\" href=\"\/\/www.gob.mx\/cms\/uploads\/attachment\/file\/418232\/35_Alerta_Clinicas_de__Cirugia_Est_tica_.pdf\" target=\"_blank\" rel=\"noopener\">\n\t<span class=\" glyphicon glyphicon-save\" aria-hidden=\"true\"><\/span>\n\t<span class=\"sr-only\">\n\tDescargar documento\n\t<\/span>\n\t<\/a>\n\t<\/div>\n\t<hr class=\"col-md-12 clearfix\">\n\t<\/li>\n\t\n\t\n\t<li class=\"clearfix documents\">\n\t<div class=\"col-md-10\" style=\"text-transform: capitalize\">\n\t34_Alerta_por_Cl_nicas_de_Cirug_a_Est_tica<\/div>\n\t<div class=\"col-md-2\">\n\t<a class=\"btn btn-default\" href=\"\/\/www.gob.mx\/cms\/uploads\/attachment\/file\/411378\/34_Alerta_por_Cl_nicas_de_Cirug_a_Est_tica.pdf\" target=\"_blank\" rel=\"noopener\">\n\t<span class=\" glyphicon glyphicon-save\" aria-hidden=\"true\"><\/span>\n\t<span class=\"sr-only\">\n\tDescargar documento\n\t<\/span>\n\t<\/a>\n\t<\/div>\n\t<hr class=\"col-md-12 clearfix\">\n\t<\/li>\n\t\n\t\n\t<li class=\"clearfix documents\">\n\t<div class=\"col-md-10\" style=\"text-transform: capitalize\">\n\t33_Alerta_Clinica_de_Cirug_a_Est_tica__Septiembre_2018<\/div>\n\t<div class=\"col-md-2\">\n\t<a class=\"btn btn-default\" href=\"\/\/www.gob.mx\/cms\/uploads\/attachment\/file\/388755\/33_Alerta_Clinica_de_Cirug_a_Est_tica__Septiembre_2018.pdf\" target=\"_blank\" rel=\"noopener\">\n\t<span class=\" glyphicon glyphicon-save\" aria-hidden=\"true\"><\/span>\n\t<span class=\"sr-only\">\n\tDescargar documento\n\t<\/span>\n\t<\/a>\n\t<\/div>\n\t<hr class=\"col-md-12 clearfix\">\n\t<\/li>\n\t\n\t\n\t<li class=\"clearfix documents\">\n\t<div class=\"col-md-10\" style=\"text-transform: capitalize\">\n\t32 Alerta_de_Clinicas_de__Cirugia__Est_tica_Agosto_2018<\/div>\n\t<div class=\"col-md-2\">\n\t<a class=\"btn btn-default\" href=\"\/\/www.gob.mx\/cms\/uploads\/attachment\/file\/387580\/Alerta_de_Clinicas_de__Cirugia__Est_tica_Agosto_2018.pdf\" target=\"_blank\" rel=\"noopener\">\n\t<span class=\" glyphicon glyphicon-save\" aria-hidden=\"true\"><\/span>\n\t<span class=\"sr-only\">\n\tDescargar documento\n\t<\/span>\n\t<\/a>\n\t<\/div>\n\t<hr class=\"col-md-12 clearfix\">\n\t<\/li>\n\t\n\t\n\t<li class=\"clearfix documents\">\n\t<div class=\"col-md-10\" style=\"text-transform: capitalize\">\n\t31_Alerta_de_Cl_nicas_de_Cirug_a_Est_tica<\/div>\n\t<div class=\"col-md-2\">\n\t<a class=\"btn btn-default\" href=\"\/\/www.gob.mx\/cms\/uploads\/attachment\/file\/366493\/31_Alerta_de_Cl_nicas_de_Cirug_a_Est_tica.pdf\" target=\"_blank\" rel=\"noopener\">\n\t<span class=\" glyphicon glyphicon-save\" aria-hidden=\"true\"><\/span>\n\t<span class=\"sr-only\">\n\tDescargar documento\n\t<\/span>\n\t<\/a>\n\t<\/div>\n\t<hr class=\"col-md-12 clearfix\">\n\t<\/li>\n\t\n\t\n\t<li class=\"clearfix documents\">\n\t<div class=\"col-md-10\" style=\"text-transform: capitalize\">\n\t30 Alerta por cl\u00ednica de cirug\u00eda est\u00e9tica11_Junio_2018.pdf<\/div>\n\t<div class=\"col-md-2\">\n\t<a class=\"btn btn-default\" href=\"\/\/www.gob.mx\/cms\/uploads\/attachment\/file\/336313\/ALERTA_CIRUGIA_EST_TICA_11_Junio_2018_VF.pdf\" target=\"_blank\" rel=\"noopener\">\n\t<span class=\" glyphicon glyphicon-save\" aria-hidden=\"true\"><\/span>\n\t<span class=\"sr-only\">\n\tDescargar documento\n\t<\/span>\n\t<\/a>\n\t<\/div>\n\t<hr class=\"col-md-12 clearfix\">\n\t<\/li>\n\t\n\t\n\t<li class=\"clearfix documents\">\n\t<div class=\"col-md-10\" style=\"text-transform: capitalize\">\n\t29 Alerta_Clinica_de__Cirug_a__Est_tica_07_Mayo_2018<\/div>\n\t<div class=\"col-md-2\">\n\t<a class=\"btn btn-default\" href=\"\/\/www.gob.mx\/cms\/uploads\/attachment\/file\/330338\/Alerta_Clinica_de__Cirug_a__Est_tica_07_Mayo_2018.pdf\" target=\"_blank\" rel=\"noopener\">\n\t<span class=\" glyphicon glyphicon-save\" aria-hidden=\"true\"><\/span>\n\t<span class=\"sr-only\">\n\tDescargar documento\n\t<\/span>\n\t<\/a>\n\t<\/div>\n\t<hr class=\"col-md-12 clearfix\">\n\t<\/li>\n\t\n\t\n\t<li class=\"clearfix documents\">\n\t<div class=\"col-md-10\" style=\"text-transform: capitalize\">\n\t28 Alerta por cl\u00ednicas cirug\u00eda est\u00e9tica 060418<\/div>\n\t<div class=\"col-md-2\">\n\t<a class=\"btn btn-default\" href=\"\/\/www.gob.mx\/cms\/uploads\/attachment\/file\/320547\/ALERTA_CIRUGIA_EST_TICA_13_Abril_2018_250418vf.pdf\" target=\"_blank\" rel=\"noopener\">\n\t<span class=\" glyphicon glyphicon-save\" aria-hidden=\"true\"><\/span>\n\t<span class=\"sr-only\">\n\tDescargar documento\n\t<\/span>\n\t<\/a>\n\t<\/div>\n\t<hr class=\"col-md-12 clearfix\">\n\t<\/li>\n\t\n\t\n\t<li class=\"clearfix documents\">\n\t<div class=\"col-md-10\" style=\"text-transform: capitalize\">\n\t27_Alerta_por__Clinicas_de_Cirugia_Estetica_Irregulares_171017<\/div>\n\t<div class=\"col-md-2\">\n\t<a class=\"btn btn-default\" href=\"\/\/www.gob.mx\/cms\/uploads\/attachment\/file\/282556\/27_Alerta_por__Clinicas_de_Cirugia_Estetica_Irregulares_171017.pdf\" target=\"_blank\" rel=\"noopener\">\n\t<span class=\" glyphicon glyphicon-save\" aria-hidden=\"true\"><\/span>\n\t<span class=\"sr-only\">\n\tDescargar documento\n\t<\/span>\n\t<\/a>\n\t<\/div>\n\t<hr class=\"col-md-12 clearfix\">\n\t<\/li>\n\t\n\t\n\t<li class=\"clearfix documents\">\n\t<div class=\"col-md-10\" style=\"text-transform: capitalize\">\n\t26_Alerta_Clinicas_Cirugia_Estetica_07072017<\/div>\n\t<div class=\"col-md-2\">\n\t<a class=\"btn btn-default\" href=\"\/\/www.gob.mx\/cms\/uploads\/attachment\/file\/243209\/26_Alerta_Clinicas_Cirugia_Estetica_07072017.pdf\" target=\"_blank\" rel=\"noopener\">\n\t<span class=\" glyphicon glyphicon-save\" aria-hidden=\"true\"><\/span>\n\t<span class=\"sr-only\">\n\tDescargar documento\n\t<\/span>\n\t<\/a>\n\t<\/div>\n\t<hr class=\"col-md-12 clearfix\">\n\t<\/li>\n\t\n\t\n\t<li class=\"clearfix documents\">\n\t<div class=\"col-md-10\" style=\"text-transform: capitalize\">\n\t25_Alerta_por_cl_nicas_de_cirugia_est_tica_irregulares_21042017<\/div>\n\t<div class=\"col-md-2\">\n\t<a class=\"btn btn-default\" href=\"\/\/www.gob.mx\/cms\/uploads\/attachment\/file\/213587\/25_Alerta_por_cl_nicas_de_cirugia_est_tica_irregulares_21042017.pdf\" target=\"_blank\" rel=\"noopener\">\n\t<span class=\" glyphicon glyphicon-save\" aria-hidden=\"true\"><\/span>\n\t<span class=\"sr-only\">\n\tDescargar documento\n\t<\/span>\n\t<\/a>\n\t<\/div>\n\t<hr class=\"col-md-12 clearfix\">\n\t<\/li>\n\t\n\t\n\t<li class=\"clearfix documents\">\n\t<div class=\"col-md-10\" style=\"text-transform: capitalize\">\n\t24_Alerta_por__cl_nicas_cirugia_est_tica_irregulares_07042017<\/div>\n\t<div class=\"col-md-2\">\n\t<a class=\"btn btn-default\" href=\"\/\/www.gob.mx\/cms\/uploads\/attachment\/file\/210794\/24_Alerta_por__cl_nicas_cirugia_est_tica_irregulares_07042017.pdf\" target=\"_blank\" rel=\"noopener\">\n\t<span class=\" glyphicon glyphicon-save\" aria-hidden=\"true\"><\/span>\n\t<span class=\"sr-only\">\n\tDescargar documento\n\t<\/span>\n\t<\/a>\n\t<\/div>\n\t<hr class=\"col-md-12 clearfix\">\n\t<\/li>\n\t\n\t\n\t<li class=\"clearfix documents\">\n\t<div class=\"col-md-10\" style=\"text-transform: capitalize\">\n\t23_Alerta_por__cl_nicas_cirugia_est_tica__irregulares_080217<\/div>\n\t<div class=\"col-md-2\">\n\t<a class=\"btn btn-default\" href=\"\/\/www.gob.mx\/cms\/uploads\/attachment\/file\/195510\/23_Alerta_por__cl_nicas_cirugia_est_tica__irregulares_080217.pdf\" target=\"_blank\" rel=\"noopener\">\n\t<span class=\" glyphicon glyphicon-save\" aria-hidden=\"true\"><\/span>\n\t<span class=\"sr-only\">\n\tDescargar documento\n\t<\/span>\n\t<\/a>\n\t<\/div>\n\t<hr class=\"col-md-12 clearfix\">\n\t<\/li>\n\t\n\t\n\t<li class=\"clearfix documents\">\n\t<div class=\"col-md-10\" style=\"text-transform: capitalize\">\n\t22_Alerta_por_cl_nicas_de_cirug_a_est_tica_irregulares_07102016<\/div>\n\t<div class=\"col-md-2\">\n\t<a class=\"btn btn-default\" href=\"\/\/www.gob.mx\/cms\/uploads\/attachment\/file\/187082\/22_Alerta_por_cl_nicas_de_cirug_a_est_tica_irregulares_07102016.pdf\" target=\"_blank\" rel=\"noopener\">\n\t<span class=\" glyphicon glyphicon-save\" aria-hidden=\"true\"><\/span>\n\t<span class=\"sr-only\">\n\tDescargar documento\n\t<\/span>\n\t<\/a>\n\t<\/div>\n\t<hr class=\"col-md-12 clearfix\">\n\t<\/li>\n\t\n\t\n\t<li class=\"clearfix documents\">\n\t<div class=\"col-md-10\" style=\"text-transform: capitalize\">\n\t21_Alerta_por_cl_nicas_de_cirug_a_est_tica_irregulares_09082016<\/div>\n\t<div class=\"col-md-2\">\n\t<a class=\"btn btn-default\" href=\"\/\/www.gob.mx\/cms\/uploads\/attachment\/file\/187081\/21_Alerta_por_cl_nicas_de_cirug_a_est_tica_irregulares_09082016.pdf\" target=\"_blank\" rel=\"noopener\">\n\t<span class=\" glyphicon glyphicon-save\" aria-hidden=\"true\"><\/span>\n\t<span class=\"sr-only\">\n\tDescargar documento\n\t<\/span>\n\t<\/a>\n\t<\/div>\n\t<hr class=\"col-md-12 clearfix\">\n\t<\/li>\n\t\n\t\n\t<li class=\"clearfix documents\">\n\t<div class=\"col-md-10\" style=\"text-transform: capitalize\">\n\t20_Alerta_por_cl_nicas_de_cirug_a_est_tica_irregulares_10062016<\/div>\n\t<div class=\"col-md-2\">\n\t<a class=\"btn btn-default\" href=\"\/\/www.gob.mx\/cms\/uploads\/attachment\/file\/127379\/20_Alerta_por_cl_nicas_de_cirug_a_est_tica_irregulares_10062016.pdf\" target=\"_blank\" rel=\"noopener\">\n\t<span class=\" glyphicon glyphicon-save\" aria-hidden=\"true\"><\/span>\n\t<span class=\"sr-only\">\n\tDescargar documento\n\t<\/span>\n\t<\/a>\n\t<\/div>\n\t<hr class=\"col-md-12 clearfix\">\n\t<\/li>\n\t\n\t\n\t<li class=\"clearfix documents\">\n\t<div class=\"col-md-10\" style=\"text-transform: capitalize\">\n\t19_Alerta_Servicios_Maestro_Gibons_30052016<\/div>\n\t<div class=\"col-md-2\">\n\t<a class=\"btn btn-default\" href=\"\/\/www.gob.mx\/cms\/uploads\/attachment\/file\/127376\/19_Alerta_Servicios_Maestro_Gibons_30052016.pdf\" target=\"_blank\" rel=\"noopener\">\n\t<span class=\" glyphicon glyphicon-save\" aria-hidden=\"true\"><\/span>\n\t<span class=\"sr-only\">\n\tDescargar documento\n\t<\/span>\n\t<\/a>\n\t<\/div>\n\t<hr class=\"col-md-12 clearfix\">\n\t<\/li>\n\t\n\t\n\t<li class=\"clearfix documents\">\n\t<div class=\"col-md-10\" style=\"text-transform: capitalize\">\n\t18_Alerta_por_cl_nicas_de_cirug_a_est_tica_irregulares_15032016<\/div>\n\t<div class=\"col-md-2\">\n\t<a class=\"btn btn-default\" href=\"\/\/www.gob.mx\/cms\/uploads\/attachment\/file\/127377\/18_Alerta_por_cl_nicas_de_cirug_a_est_tica_irregulares_15032016.pdf\" target=\"_blank\" rel=\"noopener\">\n\t<span class=\" glyphicon glyphicon-save\" aria-hidden=\"true\"><\/span>\n\t<span class=\"sr-only\">\n\tDescargar documento\n\t<\/span>\n\t<\/a>\n\t<\/div>\n\t<hr class=\"col-md-12 clearfix\">\n\t<\/li>\n\t\n\t\n\t<li class=\"clearfix documents\">\n\t<div class=\"col-md-10\" style=\"text-transform: capitalize\">\n\t17_Alerta_Sistema_para_bajar_de_peso_KETOPIA_030222016<\/div>\n\t<div class=\"col-md-2\">\n\t<a class=\"btn btn-default\" href=\"\/\/www.gob.mx\/cms\/uploads\/attachment\/file\/127374\/17_Alerta_Sistema_para_bajar_de_peso_KETOPIA_030222016.pdf\" target=\"_blank\" rel=\"noopener\">\n\t<span class=\" glyphicon glyphicon-save\" aria-hidden=\"true\"><\/span>\n\t<span class=\"sr-only\">\n\tDescargar documento\n\t<\/span>\n\t<\/a>\n\t<\/div>\n\t<hr class=\"col-md-12 clearfix\">\n\t<\/li>\n\t\n\t\n\t<li class=\"clearfix documents\">\n\t<div class=\"col-md-10\" style=\"text-transform: capitalize\">\n\t16_Alerta_por_cl_nicas_de_cirug_a_est_tica_irregulares_22012016<\/div>\n\t<div class=\"col-md-2\">\n\t<a class=\"btn btn-default\" href=\"\/\/www.gob.mx\/cms\/uploads\/attachment\/file\/127375\/16_Alerta_por_cl_nicas_de_cirug_a_est_tica_irregulares_22012016.pdf\" target=\"_blank\" rel=\"noopener\">\n\t<span class=\" glyphicon glyphicon-save\" aria-hidden=\"true\"><\/span>\n\t<span class=\"sr-only\">\n\tDescargar documento\n\t<\/span>\n\t<\/a>\n\t<\/div>\n\t<hr class=\"col-md-12 clearfix\">\n\t<\/li>\n\t\n\t\n\t<li class=\"clearfix documents\">\n\t<div class=\"col-md-10\" style=\"text-transform: capitalize\">\n\t15_Alerta_Terapia_Cambium_Therapies_03122015<\/div>\n\t<div class=\"col-md-2\">\n\t<a class=\"btn btn-default\" href=\"\/\/www.gob.mx\/cms\/uploads\/attachment\/file\/127373\/15_Alerta_Terapia_Cambium_Therapies_03122015.pdf\" target=\"_blank\" rel=\"noopener\">\n\t<span class=\" glyphicon glyphicon-save\" aria-hidden=\"true\"><\/span>\n\t<span class=\"sr-only\">\n\tDescargar documento\n\t<\/span>\n\t<\/a>\n\t<\/div>\n\t<hr class=\"col-md-12 clearfix\">\n\t<\/li>\n\t\n\t\n\t<li class=\"clearfix documents\">\n\t<div class=\"col-md-10\" style=\"text-transform: capitalize\">\n\t14_Alerta_por_cl_nicas_de_cirug_a_est_tica_irregulares_09092015<\/div>\n\t<div class=\"col-md-2\">\n\t<a class=\"btn btn-default\" href=\"\/\/www.gob.mx\/cms\/uploads\/attachment\/file\/127372\/14_Alerta_por_cl_nicas_de_cirug_a_est_tica_irregulares_09092015.pdf\" target=\"_blank\" rel=\"noopener\">\n\t<span class=\" glyphicon glyphicon-save\" aria-hidden=\"true\"><\/span>\n\t<span class=\"sr-only\">\n\tDescargar documento\n\t<\/span>\n\t<\/a>\n\t<\/div>\n\t<hr class=\"col-md-12 clearfix\">\n\t<\/li>\n\t\n\t\n\t<li class=\"clearfix documents\">\n\t<div class=\"col-md-10\" style=\"text-transform: capitalize\">\n\t13_Alerta_por_cl_nicas_de_cirug_a_est_tica_irregulares_14072015<\/div>\n\t<div class=\"col-md-2\">\n\t<a class=\"btn btn-default\" href=\"\/\/www.gob.mx\/cms\/uploads\/attachment\/file\/127371\/13_Alerta_por_cl_nicas_de_cirug_a_est_tica_irregulares_14072015.pdf\" target=\"_blank\" rel=\"noopener\">\n\t<span class=\" glyphicon glyphicon-save\" aria-hidden=\"true\"><\/span>\n\t<span class=\"sr-only\">\n\tDescargar documento\n\t<\/span>\n\t<\/a>\n\t<\/div>\n\t<hr class=\"col-md-12 clearfix\">\n\t<\/li>\n\t\n\t\n\t<li class=\"clearfix documents\">\n\t<div class=\"col-md-10\" style=\"text-transform: capitalize\">\n\t12_Alerta_por_cl_nicas_de_cirug_a_est_tica_irregulares_08072015<\/div>\n\t<div class=\"col-md-2\">\n\t<a class=\"btn btn-default\" href=\"\/\/www.gob.mx\/cms\/uploads\/attachment\/file\/127370\/12_Alerta_por_cl_nicas_de_cirug_a_est_tica_irregulares_08072015.pdf\" target=\"_blank\" rel=\"noopener\">\n\t<span class=\" glyphicon glyphicon-save\" aria-hidden=\"true\"><\/span>\n\t<span class=\"sr-only\">\n\tDescargar documento\n\t<\/span>\n\t<\/a>\n\t<\/div>\n\t<hr class=\"col-md-12 clearfix\">\n\t<\/li>\n\t\n\t\n\t<li class=\"clearfix documents\">\n\t<div class=\"col-md-10\" style=\"text-transform: capitalize\">\n\t11_Alerta_por_cl_nicas_de_cirug_a_est_tica_irregulares_01072015<\/div>\n\t<div class=\"col-md-2\">\n\t<a class=\"btn btn-default\" href=\"\/\/www.gob.mx\/cms\/uploads\/attachment\/file\/127369\/11_Alerta_por_cl_nicas_de_cirug_a_est_tica_irregulares_01072015.pdf\" target=\"_blank\" rel=\"noopener\">\n\t<span class=\" glyphicon glyphicon-save\" aria-hidden=\"true\"><\/span>\n\t<span class=\"sr-only\">\n\tDescargar documento\n\t<\/span>\n\t<\/a>\n\t<\/div>\n\t<hr class=\"col-md-12 clearfix\">\n\t<\/li>\n\t\n\t\n\t<li class=\"clearfix documents\">\n\t<div class=\"col-md-10\" style=\"text-transform: capitalize\">\n\t10_Alerta_por_cl_nicas_de_cirug_a_est_tica_irregulares_04062015<\/div>\n\t<div class=\"col-md-2\">\n\t<a class=\"btn btn-default\" href=\"\/\/www.gob.mx\/cms\/uploads\/attachment\/file\/127368\/10_Alerta_por_cl_nicas_de_cirug_a_est_tica_irregulares_04062015.pdf\" target=\"_blank\" rel=\"noopener\">\n\t<span class=\" glyphicon glyphicon-save\" aria-hidden=\"true\"><\/span>\n\t<span class=\"sr-only\">\n\tDescargar documento\n\t<\/span>\n\t<\/a>\n\t<\/div>\n\t<hr class=\"col-md-12 clearfix\">\n\t<\/li>\n\t\n\t\n\t<li class=\"clearfix documents\">\n\t<div class=\"col-md-10\" style=\"text-transform: capitalize\">\n\t9_Alerta_por_cl_nicas_de_cirug_a_est_tica_irregulares_06052015<\/div>\n\t<div class=\"col-md-2\">\n\t<a class=\"btn btn-default\" href=\"\/\/www.gob.mx\/cms\/uploads\/attachment\/file\/127367\/9_Alerta_por_cl_nicas_de_cirug_a_est_tica_irregulares_06052015.pdf\" target=\"_blank\" rel=\"noopener\">\n\t<span class=\" glyphicon glyphicon-save\" aria-hidden=\"true\"><\/span>\n\t<span class=\"sr-only\">\n\tDescargar documento\n\t<\/span>\n\t<\/a>\n\t<\/div>\n\t<hr class=\"col-md-12 clearfix\">\n\t<\/li>\n\t\n\t\n\t<li class=\"clearfix documents\">\n\t<div class=\"col-md-10\" style=\"text-transform: capitalize\">\n\t8_Alerta_por_cl_nicas_de_cirug_a_est_tica_irregulares_06042015<\/div>\n\t<div class=\"col-md-2\">\n\t<a class=\"btn btn-default\" href=\"\/\/www.gob.mx\/cms\/uploads\/attachment\/file\/127366\/8_Alerta_por_cl_nicas_de_cirug_a_est_tica_irregulares_06042015.pdf\" target=\"_blank\" rel=\"noopener\">\n\t<span class=\" glyphicon glyphicon-save\" aria-hidden=\"true\"><\/span>\n\t<span class=\"sr-only\">\n\tDescargar documento\n\t<\/span>\n\t<\/a>\n\t<\/div>\n\t<hr class=\"col-md-12 clearfix\">\n\t<\/li>\n\t\n\t\n\t<li class=\"clearfix documents\">\n\t<div class=\"col-md-10\" style=\"text-transform: capitalize\">\n\t7_Alerta_por_cl_nicas_de_cirug_a_est_tica_irregulares_13032015<\/div>\n\t<div class=\"col-md-2\">\n\t<a class=\"btn btn-default\" href=\"\/\/www.gob.mx\/cms\/uploads\/attachment\/file\/127365\/7_Alerta_por_cl_nicas_de_cirug_a_est_tica_irregulares_13032015.pdf\" target=\"_blank\" rel=\"noopener\">\n\t<span class=\" glyphicon glyphicon-save\" aria-hidden=\"true\"><\/span>\n\t<span class=\"sr-only\">\n\tDescargar documento\n\t<\/span>\n\t<\/a>\n\t<\/div>\n\t<hr class=\"col-md-12 clearfix\">\n\t<\/li>\n\t\n\t\n\t<li class=\"clearfix documents\">\n\t<div class=\"col-md-10\" style=\"text-transform: capitalize\">\n\t6_Alerta_por_cl_nicas_de_cirug_a_est_tica_irregulares_10032015<\/div>\n\t<div class=\"col-md-2\">\n\t<a class=\"btn btn-default\" href=\"\/\/www.gob.mx\/cms\/uploads\/attachment\/file\/127364\/6_Alerta_por_cl_nicas_de_cirug_a_est_tica_irregulares_10032015.pdf\" target=\"_blank\" rel=\"noopener\">\n\t<span class=\" glyphicon glyphicon-save\" aria-hidden=\"true\"><\/span>\n\t<span class=\"sr-only\">\n\tDescargar documento\n\t<\/span>\n\t<\/a>\n\t<\/div>\n\t<hr class=\"col-md-12 clearfix\">\n\t<\/li>\n\t\n\t\n\t<li class=\"clearfix documents\">\n\t<div class=\"col-md-10\" style=\"text-transform: capitalize\">\n\t5_Alerta_por_cl_nicas_de_cirug_a_est_tica_irregulares_27022015<\/div>\n\t<div class=\"col-md-2\">\n\t<a class=\"btn btn-default\" href=\"\/\/www.gob.mx\/cms\/uploads\/attachment\/file\/127363\/5_Alerta_por_cl_nicas_de_cirug_a_est_tica_irregulares_27022015.pdf\" target=\"_blank\" rel=\"noopener\">\n\t<span class=\" glyphicon glyphicon-save\" aria-hidden=\"true\"><\/span>\n\t<span class=\"sr-only\">\n\tDescargar documento\n\t<\/span>\n\t<\/a>\n\t<\/div>\n\t<hr class=\"col-md-12 clearfix\">\n\t<\/li>\n\t\n\t\n\t<li class=\"clearfix documents\">\n\t<div class=\"col-md-10\" style=\"text-transform: capitalize\">\n\t4_Alerta_por_cl_nicas_de_cirug_a_est_tica_irregulares_10022015<\/div>\n\t<div class=\"col-md-2\">\n\t<a class=\"btn btn-default\" href=\"\/\/www.gob.mx\/cms\/uploads\/attachment\/file\/127362\/4_Alerta_por_cl_nicas_de_cirug_a_est_tica_irregulares_10022015.pdf\" target=\"_blank\" rel=\"noopener\">\n\t<span class=\" glyphicon glyphicon-save\" aria-hidden=\"true\"><\/span>\n\t<span class=\"sr-only\">\n\tDescargar documento\n\t<\/span>\n\t<\/a>\n\t<\/div>\n\t<hr class=\"col-md-12 clearfix\">\n\t<\/li>\n\t\n\t\n\t<li class=\"clearfix documents\">\n\t<div class=\"col-md-10\" style=\"text-transform: capitalize\">\n\t3_Alerta_Sanitaria_ARUL_SPA_29082014<\/div>\n\t<div class=\"col-md-2\">\n\t<a class=\"btn btn-default\" href=\"\/\/www.gob.mx\/cms\/uploads\/attachment\/file\/127381\/3_Alerta_Sanitaria_ARUL_SPA_29082014.pdf\" target=\"_blank\" rel=\"noopener\">\n\t<span class=\" glyphicon glyphicon-save\" aria-hidden=\"true\"><\/span>\n\t<span class=\"sr-only\">\n\tDescargar documento\n\t<\/span>\n\t<\/a>\n\t<\/div>\n\t<hr class=\"col-md-12 clearfix\">\n\t<\/li>\n\t\n\t\n\t<li class=\"clearfix documents\">\n\t<div class=\"col-md-10\" style=\"text-transform: capitalize\">\n\t2_Alerta_por_cl_nicas_de_cirug_a_est_tica_irregulares_03112014<\/div>\n\t<div class=\"col-md-2\">\n\t<a class=\"btn btn-default\" href=\"\/\/www.gob.mx\/cms\/uploads\/attachment\/file\/127380\/2_Alerta_por_cl_nicas_de_cirug_a_est_tica_irregulares_03112014.pdf\" target=\"_blank\" rel=\"noopener\">\n\t<span class=\" glyphicon glyphicon-save\" aria-hidden=\"true\"><\/span>\n\t<span class=\"sr-only\">\n\tDescargar documento\n\t<\/span>\n\t<\/a>\n\t<\/div>\n\t<hr class=\"col-md-12 clearfix\">\n\t<\/li>\n\t\n\t\n\t<li class=\"clearfix documents\">\n\t<div class=\"col-md-10\" style=\"text-transform: capitalize\">\n\t1_Alerta_por_cl_nicas_de_cirug_a_est_tica_irregulares_13112013<\/div>\n\t<div class=\"col-md-2\">\n\t<a class=\"btn btn-default\" href=\"\/\/www.gob.mx\/cms\/uploads\/attachment\/file\/127378\/1_Alerta_por_cl_nicas_de_cirug_a_est_tica_irregulares_13112013.pdf\" target=\"_blank\" rel=\"noopener\">\n\t<span class=\" glyphicon glyphicon-save\" aria-hidden=\"true\"><\/span>\n\t<span class=\"sr-only\">\n\tDescargar documento\n\t<\/span>\n\t<\/a>\n\t<\/div>\n\t<hr class=\"col-md-12 clearfix\">\n\t<\/li>\n\t<\/ul>\n\t<\/div>\n","protected":false},"excerpt":{"rendered":"<p>En esta secci\u00f3n encontrar\u00e1s las alertas sanitarias que la COFEPRIS emite, sobre la probable afectaci\u00f3n a la salud de la<\/p>\n","protected":false},"author":17,"featured_media":0,"parent":0,"menu_order":0,"comment_status":"closed","ping_status":"closed","template":"","meta":{"colormag_page_container_layout":"default_layout","colormag_page_sidebar_layout":"default_layout","footnotes":""},"class_list":["post-3835","page","type-page","status-publish","hentry"],"_links":{"self":[{"href":"https:\/\/www.ssaver.gob.mx\/riesgos-sanitarios\/wp-json\/wp\/v2\/pages\/3835","targetHints":{"allow":["GET"]}}],"collection":[{"href":"https:\/\/www.ssaver.gob.mx\/riesgos-sanitarios\/wp-json\/wp\/v2\/pages"}],"about":[{"href":"https:\/\/www.ssaver.gob.mx\/riesgos-sanitarios\/wp-json\/wp\/v2\/types\/page"}],"author":[{"embeddable":true,"href":"https:\/\/www.ssaver.gob.mx\/riesgos-sanitarios\/wp-json\/wp\/v2\/users\/17"}],"replies":[{"embeddable":true,"href":"https:\/\/www.ssaver.gob.mx\/riesgos-sanitarios\/wp-json\/wp\/v2\/comments?post=3835"}],"version-history":[{"count":4,"href":"https:\/\/www.ssaver.gob.mx\/riesgos-sanitarios\/wp-json\/wp\/v2\/pages\/3835\/revisions"}],"predecessor-version":[{"id":3923,"href":"https:\/\/www.ssaver.gob.mx\/riesgos-sanitarios\/wp-json\/wp\/v2\/pages\/3835\/revisions\/3923"}],"wp:attachment":[{"href":"https:\/\/www.ssaver.gob.mx\/riesgos-sanitarios\/wp-json\/wp\/v2\/media?parent=3835"}],"curies":[{"name":"wp","href":"https:\/\/api.w.org\/{rel}","templated":true}]}}