{"id":3838,"date":"2023-04-18T13:45:42","date_gmt":"2023-04-18T18:45:42","guid":{"rendered":"https:\/\/www.ssaver.gob.mx\/riesgos-sanitarios\/?page_id=3838"},"modified":"2023-05-08T06:56:46","modified_gmt":"2023-05-08T11:56:46","slug":"alertas-sanitarias-de-alimentos","status":"publish","type":"page","link":"https:\/\/www.ssaver.gob.mx\/riesgos-sanitarios\/alertas-sanitarias-de-alimentos\/","title":{"rendered":"Alertas sanitarias de alimentos"},"content":{"rendered":"\n<div style=\"height:36px\" aria-hidden=\"true\" class=\"wp-block-spacer\"><\/div>\n\n\n\n<p style=\"font-size:30px\">En esta secci\u00f3n encontrar\u00e1s las alertas sanitarias que la COFEPRIS emite, sobre la probable afectaci\u00f3n a la salud de la poblaci\u00f3n en materia de alimentos.<\/p>\n\n\n\n<div style=\"height:36px\" aria-hidden=\"true\" class=\"wp-block-spacer\"><\/div>\n\n\n\n<p class=\"has-medium-font-size\">Una alerta sanitaria es un comunicado de riesgo que se refiere a que un producto, competencia de la Cofepris, que es procesado, comercializado, distribuido, acondicionado, o elaborado en M\u00e9xico o en otros pa\u00edses, que por su uso o consumo representa un riesgo para la salud del consumidor mexicano, que puede tener trascendencia social y frente a la cual hay que tomar medidas en salud p\u00fablica de manera urgente y eficaz.<\/p>\n\n\n\n<div style=\"height:38px\" aria-hidden=\"true\" class=\"wp-block-spacer\"><\/div>\n\n\n\n<p><strong>Para buscar una alerta sanitaria<\/strong>, presione la tecla \u201cCtrl\u201d y la letra \u201cF\u201d al mismo tiempo en su teclado. Aparecer\u00e1 una peque\u00f1a barra de b\u00fasqueda en la esquina superior derecha de la pantalla de su navegador, cerca de la barra de direcciones. A continuaci\u00f3n, ingrese la alerta sanitaria que desea encontrar.<\/p>\n\n\n\n<div style=\"height:38px\" aria-hidden=\"true\" class=\"wp-block-spacer\"><\/div>\n\n\n\n<p style=\"font-size:30px\"><strong>Documentos<\/strong><\/p>\n\n\n\n<hr class=\"wp-block-separator has-text-color has-alpha-channel-opacity has-background is-style-default\" style=\"background-color:#720f3d;color:#720f3d\" \/>\n\n\n\n<div style=\"height:17px\" aria-hidden=\"true\" class=\"wp-block-spacer\"><\/div>\n\n\n\n<div class=\"\">\n\t<ul class=\"list-unstyled\">\n\t\n\t\n\t<li class=\"clearfix documents\">\n\t<div class=\"col-md-10\" style=\"text-transform: capitalize\">\n\t6_Alerta_Kinder_110422<\/div>\n\t<div class=\"col-md-2\">\n\t<a class=\"btn btn-default\" href=\"\/\/www.gob.mx\/cms\/uploads\/attachment\/file\/716139\/Alerta_Kinder.pdf\" target=\"_blank\" rel=\"noopener\">\n\t<span class=\" glyphicon glyphicon-save\" aria-hidden=\"true\"><\/span>\n\t<span class=\"sr-only\">\n\tDescargar documento\n\t<\/span>\n\t<\/a>\n\t<\/div>\n\t<hr class=\"col-md-12 clearfix\">\n\t<\/li>\n\t\n\t\n\t<li class=\"clearfix documents\">\n\t<div class=\"col-md-10\" style=\"text-transform: capitalize\">\n\t5_Alerta_Abbott_F_rmulas_Abbott_23022022_VF<\/div>\n\t<div class=\"col-md-2\">\n\t<a class=\"btn btn-default\" href=\"\/\/www.gob.mx\/cms\/uploads\/attachment\/file\/705479\/Alerta_Abbott_F_rmulas_Abbott_23022022_VF.pdf\" target=\"_blank\" rel=\"noopener\">\n\t<span class=\" glyphicon glyphicon-save\" aria-hidden=\"true\"><\/span>\n\t<span class=\"sr-only\">\n\tDescargar documento\n\t<\/span>\n\t<\/a>\n\t<\/div>\n\t<hr class=\"col-md-12 clearfix\">\n\t<\/li>\n\t\n\t\n\t<li class=\"clearfix documents\">\n\t<div class=\"col-md-10\" style=\"text-transform: capitalize\">\n\t4_Comunicado___Honey_Smacks_Kelloggs<\/div>\n\t<div class=\"col-md-2\">\n\t<a class=\"btn btn-default\" href=\"\/\/www.gob.mx\/cms\/uploads\/attachment\/file\/338010\/4_Comunicado___Honey_Smacks_Kelloggs.pdf\" target=\"_blank\" rel=\"noopener\">\n\t<span class=\" glyphicon glyphicon-save\" aria-hidden=\"true\"><\/span>\n\t<span class=\"sr-only\">\n\tDescargar documento\n\t<\/span>\n\t<\/a>\n\t<\/div>\n\t<hr class=\"col-md-12 clearfix\">\n\t<\/li>\n\t\n\t\n\t<li class=\"clearfix documents\">\n\t<div class=\"col-md-10\" style=\"text-transform: capitalize\">\n\t3_Alerta_Sanitaria_Pistaches_Regularizada_120417<\/div>\n\t<div class=\"col-md-2\">\n\t<a class=\"btn btn-default\" href=\"\/\/www.gob.mx\/cms\/uploads\/attachment\/file\/211093\/Alerta_Sanitaria_Pistaches_Regularizada_120417.pdf\" target=\"_blank\" rel=\"noopener\">\n\t<span class=\" glyphicon glyphicon-save\" aria-hidden=\"true\"><\/span>\n\t<span class=\"sr-only\">\n\tDescargar documento\n\t<\/span>\n\t<\/a>\n\t<\/div>\n\t<hr class=\"col-md-12 clearfix\">\n\t<\/li>\n\t\n\t\n\t<li class=\"clearfix documents\">\n\t<div class=\"col-md-10\" style=\"text-transform: capitalize\">\n\t2_Alerta_sanitaria_Pistaches_marca_Wondelful_10032016.pdf<\/div>\n\t<div class=\"col-md-2\">\n\t<a class=\"btn btn-default\" href=\"\/\/www.gob.mx\/cms\/uploads\/attachment\/file\/116582\/2_Aerta_sanitaria_Pistaches_marca_Wondelful_10032016.pdf\" target=\"_blank\" rel=\"noopener\">\n\t<span class=\" glyphicon glyphicon-save\" aria-hidden=\"true\"><\/span>\n\t<span class=\"sr-only\">\n\tDescargar documento\n\t<\/span>\n\t<\/a>\n\t<\/div>\n\t<hr class=\"col-md-12 clearfix\">\n\t<\/li>\n\t\n\t\n\t<li class=\"clearfix documents\">\n\t<div class=\"col-md-10\" style=\"text-transform: capitalize\">\n\t1_Comunicado_Helados_Bule_Bell_19032015<\/div>\n\t<div class=\"col-md-2\">\n\t<a class=\"btn btn-default\" href=\"\/\/www.gob.mx\/cms\/uploads\/attachment\/file\/116581\/1_Comunicado_Helados_Bule_Bell_19032015.pdf\" target=\"_blank\" rel=\"noopener\">\n\t<span class=\" glyphicon glyphicon-save\" aria-hidden=\"true\"><\/span>\n\t<span class=\"sr-only\">\n\tDescargar documento\n\t<\/span>\n\t<\/a>\n\t<\/div>\n\t<hr class=\"col-md-12 clearfix\">\n\t<\/li>\n\t<\/ul>\n\t<\/div>\n","protected":false},"excerpt":{"rendered":"<p>En esta secci\u00f3n encontrar\u00e1s las alertas sanitarias que la COFEPRIS emite, sobre la probable afectaci\u00f3n a la salud de la<\/p>\n","protected":false},"author":17,"featured_media":0,"parent":0,"menu_order":0,"comment_status":"closed","ping_status":"closed","template":"","meta":{"colormag_page_container_layout":"default_layout","colormag_page_sidebar_layout":"default_layout","footnotes":""},"class_list":["post-3838","page","type-page","status-publish","hentry"],"_links":{"self":[{"href":"https:\/\/www.ssaver.gob.mx\/riesgos-sanitarios\/wp-json\/wp\/v2\/pages\/3838","targetHints":{"allow":["GET"]}}],"collection":[{"href":"https:\/\/www.ssaver.gob.mx\/riesgos-sanitarios\/wp-json\/wp\/v2\/pages"}],"about":[{"href":"https:\/\/www.ssaver.gob.mx\/riesgos-sanitarios\/wp-json\/wp\/v2\/types\/page"}],"author":[{"embeddable":true,"href":"https:\/\/www.ssaver.gob.mx\/riesgos-sanitarios\/wp-json\/wp\/v2\/users\/17"}],"replies":[{"embeddable":true,"href":"https:\/\/www.ssaver.gob.mx\/riesgos-sanitarios\/wp-json\/wp\/v2\/comments?post=3838"}],"version-history":[{"count":3,"href":"https:\/\/www.ssaver.gob.mx\/riesgos-sanitarios\/wp-json\/wp\/v2\/pages\/3838\/revisions"}],"predecessor-version":[{"id":3922,"href":"https:\/\/www.ssaver.gob.mx\/riesgos-sanitarios\/wp-json\/wp\/v2\/pages\/3838\/revisions\/3922"}],"wp:attachment":[{"href":"https:\/\/www.ssaver.gob.mx\/riesgos-sanitarios\/wp-json\/wp\/v2\/media?parent=3838"}],"curies":[{"name":"wp","href":"https:\/\/api.w.org\/{rel}","templated":true}]}}