{"id":3842,"date":"2023-04-18T13:58:09","date_gmt":"2023-04-18T18:58:09","guid":{"rendered":"https:\/\/www.ssaver.gob.mx\/riesgos-sanitarios\/?page_id=3842"},"modified":"2023-05-08T06:57:51","modified_gmt":"2023-05-08T11:57:51","slug":"alertas-sanitarias-de-suplementos-alimenticios","status":"publish","type":"page","link":"https:\/\/www.ssaver.gob.mx\/riesgos-sanitarios\/alertas-sanitarias-de-suplementos-alimenticios\/","title":{"rendered":"Alertas sanitarias de suplementos alimenticios"},"content":{"rendered":"\n<div style=\"height:36px\" aria-hidden=\"true\" class=\"wp-block-spacer\"><\/div>\n\n\n\n<p style=\"font-size:30px\">En esta secci\u00f3n encontrar\u00e1s las alertas sanitarias que la COFEPRIS emite, sobre la probable afectaci\u00f3n a la salud de la poblaci\u00f3n en materia de suplementos alimenticios.<\/p>\n\n\n\n<div style=\"height:36px\" aria-hidden=\"true\" class=\"wp-block-spacer\"><\/div>\n\n\n\n<p class=\"has-medium-font-size\">Una alerta sanitaria es un comunicado de riesgo que se refiere a que un producto, competencia de la COFEPRIS, que es procesado, comercializado, distribuido, acondicionado, o elaborado en M\u00e9xico o en otros pa\u00edses, que por su uso o consumo representa un riesgo para la salud del consumidor mexicano, que puede tener trascendencia social y frente a la cual hay que tomar medidas en salud p\u00fablica de manera urgente y eficaz.<\/p>\n\n\n\n<div style=\"height:38px\" aria-hidden=\"true\" class=\"wp-block-spacer\"><\/div>\n\n\n\n<p><strong>Para buscar una alerta sanitaria<\/strong>, presione la tecla \u201cCtrl\u201d y la letra \u201cF\u201d al mismo tiempo en su teclado. Aparecer\u00e1 una peque\u00f1a barra de b\u00fasqueda en la esquina superior derecha de la pantalla de su navegador, cerca de la barra de direcciones. A continuaci\u00f3n, ingrese la alerta sanitaria que desea encontrar.<\/p>\n\n\n\n<div style=\"height:38px\" aria-hidden=\"true\" class=\"wp-block-spacer\"><\/div>\n\n\n\n<p style=\"font-size:30px\"><strong>Documentos<\/strong><\/p>\n\n\n\n<hr class=\"wp-block-separator has-text-color has-alpha-channel-opacity has-background is-style-default\" style=\"background-color:#720f3d;color:#720f3d\" \/>\n\n\n\n<div style=\"height:17px\" aria-hidden=\"true\" class=\"wp-block-spacer\"><\/div>\n\n\n\n<div class=\"\">\n\t<ul class=\"list-unstyled\">\n\t\n\t\n\t<li class=\"clearfix documents\">\n\t<div class=\"col-md-10\" style=\"text-transform: capitalize\">\n\t41_Alerta_sanitaria_ADUL-T_281020212__1_<\/div>\n\t<div class=\"col-md-2\">\n\t<a class=\"btn btn-default\" href=\"\/\/www.gob.mx\/cms\/uploads\/attachment\/file\/678074\/Alerta_sanitaria_ADUL-T_281020212__1_.pdf\" target=\"_blank\" rel=\"noopener\">\n\t<span class=\" glyphicon glyphicon-save\" aria-hidden=\"true\"><\/span>\n\t<span class=\"sr-only\">\n\tDescargar documento\n\t<\/span>\n\t<\/a>\n\t<\/div>\n\t<hr class=\"col-md-12 clearfix\">\n\t<\/li>\n\t\n\t\n\t<li class=\"clearfix documents\">\n\t<div class=\"col-md-10\" style=\"text-transform: capitalize\">\n\t40_Actualicaci_n_de_Alerta__Sanitaria_Novirsa_25052020.pdf<\/div>\n\t<div class=\"col-md-2\">\n\t<a class=\"btn btn-default\" href=\"\/\/www.gob.mx\/cms\/uploads\/attachment\/file\/553923\/Actualicaci_n_de_Alerta__Sanitaria_Novirsa_25052020.pdf\" target=\"_blank\" rel=\"noopener\">\n\t<span class=\" glyphicon glyphicon-save\" aria-hidden=\"true\"><\/span>\n\t<span class=\"sr-only\">\n\tDescargar documento\n\t<\/span>\n\t<\/a>\n\t<\/div>\n\t<hr class=\"col-md-12 clearfix\">\n\t<\/li>\n\t\n\t\n\t<li class=\"clearfix documents\">\n\t<div class=\"col-md-10\" style=\"text-transform: capitalize\">\n\t39_Alerta_Sanitaria_Novirsa_S.A._de_C V._29012020.pdf<\/div>\n\t<div class=\"col-md-2\">\n\t<a class=\"btn btn-default\" href=\"\/\/www.gob.mx\/cms\/uploads\/attachment\/file\/529724\/Alerta_Sanitaria_Novirsa.pdf\" target=\"_blank\" rel=\"noopener\">\n\t<span class=\" glyphicon glyphicon-save\" aria-hidden=\"true\"><\/span>\n\t<span class=\"sr-only\">\n\tDescargar documento\n\t<\/span>\n\t<\/a>\n\t<\/div>\n\t<hr class=\"col-md-12 clearfix\">\n\t<\/li>\n\t\n\t\n\t<li class=\"clearfix documents\">\n\t<div class=\"col-md-10\" style=\"text-transform: capitalize\">\n\t38_Alerta_Sanitaria_Ajo_Estrella 27102017<\/div>\n\t<div class=\"col-md-2\">\n\t<a class=\"btn btn-default\" href=\"\/\/www.gob.mx\/cms\/uploads\/attachment\/file\/268582\/37_Alerta_Sanitaria_Ajo_Estrella.pdf\" target=\"_blank\" rel=\"noopener\">\n\t<span class=\" glyphicon glyphicon-save\" aria-hidden=\"true\"><\/span>\n\t<span class=\"sr-only\">\n\tDescargar documento\n\t<\/span>\n\t<\/a>\n\t<\/div>\n\t<hr class=\"col-md-12 clearfix\">\n\t<\/li>\n\t\n\t\n\t<li class=\"clearfix documents\">\n\t<div class=\"col-md-10\" style=\"text-transform: capitalize\">\n\t36_Alerta__Sanitaria_PHN_proher_natura_30082017 Actualizaci\u00f3n<\/div>\n\t<div class=\"col-md-2\">\n\t<a class=\"btn btn-default\" href=\"\/\/www.gob.mx\/cms\/uploads\/attachment\/file\/252473\/36_Alerta__Sanitaria_PHN_proher_natura_30082017.pdf\" target=\"_blank\" rel=\"noopener\">\n\t<span class=\" glyphicon glyphicon-save\" aria-hidden=\"true\"><\/span>\n\t<span class=\"sr-only\">\n\tDescargar documento\n\t<\/span>\n\t<\/a>\n\t<\/div>\n\t<hr class=\"col-md-12 clearfix\">\n\t<\/li>\n\t\n\t\n\t<li class=\"clearfix documents\">\n\t<div class=\"col-md-10\" style=\"text-transform: capitalize\">\n\t35_ALERTA_CAPSLIM_Actualizaci_n_2017-08-10.pdf<\/div>\n\t<div class=\"col-md-2\">\n\t<a class=\"btn btn-default\" href=\"\/\/www.gob.mx\/cms\/uploads\/attachment\/file\/248123\/ALERTA_CAPSLIM_Actualizaci_n_2017-08-10__2_.pdf\" target=\"_blank\" rel=\"noopener\">\n\t<span class=\" glyphicon glyphicon-save\" aria-hidden=\"true\"><\/span>\n\t<span class=\"sr-only\">\n\tDescargar documento\n\t<\/span>\n\t<\/a>\n\t<\/div>\n\t<hr class=\"col-md-12 clearfix\">\n\t<\/li>\n\t\n\t\n\t<li class=\"clearfix documents\">\n\t<div class=\"col-md-10\" style=\"text-transform: capitalize\">\n\t34_Alerta_Sanitaria_GLUCOAJO_C2_09082017.pdf<\/div>\n\t<div class=\"col-md-2\">\n\t<a class=\"btn btn-default\" href=\"\/\/www.gob.mx\/cms\/uploads\/attachment\/file\/247147\/Alerta_Sanitaria_GLUCOAJO_C2_09082017.pdf\" target=\"_blank\" rel=\"noopener\">\n\t<span class=\" glyphicon glyphicon-save\" aria-hidden=\"true\"><\/span>\n\t<span class=\"sr-only\">\n\tDescargar documento\n\t<\/span>\n\t<\/a>\n\t<\/div>\n\t<hr class=\"col-md-12 clearfix\">\n\t<\/li>\n\t\n\t\n\t<li class=\"clearfix documents\">\n\t<div class=\"col-md-10\" style=\"text-transform: capitalize\">\n\t37_Alerta_Sanitaria_Garnia_Cambogia_16102017.pdf<\/div>\n\t<div class=\"col-md-2\">\n\t<a class=\"btn btn-default\" href=\"\/\/www.gob.mx\/cms\/uploads\/attachment\/file\/264486\/Alerta_Sanitaria_Garnia_Cambogia_16102017.pdf\" target=\"_blank\" rel=\"noopener\">\n\t<span class=\" glyphicon glyphicon-save\" aria-hidden=\"true\"><\/span>\n\t<span class=\"sr-only\">\n\tDescargar documento\n\t<\/span>\n\t<\/a>\n\t<\/div>\n\t<hr class=\"col-md-12 clearfix\">\n\t<\/li>\n\t\n\t\n\t<li class=\"clearfix documents\">\n\t<div class=\"col-md-10\" style=\"text-transform: capitalize\">\n\t33_ALERTA_tda_mass.pdf<\/div>\n\t<div class=\"col-md-2\">\n\t<a class=\"btn btn-default\" href=\"\/\/www.gob.mx\/cms\/uploads\/attachment\/file\/244448\/ALERTA_tda_mass.pdf\" target=\"_blank\" rel=\"noopener\">\n\t<span class=\" glyphicon glyphicon-save\" aria-hidden=\"true\"><\/span>\n\t<span class=\"sr-only\">\n\tDescargar documento\n\t<\/span>\n\t<\/a>\n\t<\/div>\n\t<hr class=\"col-md-12 clearfix\">\n\t<\/li>\n\t\n\t\n\t<li class=\"clearfix documents\">\n\t<div class=\"col-md-10\" style=\"text-transform: capitalize\">\n\t32_Alerta_sanitaria_MEIZITANG_20170727<\/div>\n\t<div class=\"col-md-2\">\n\t<a class=\"btn btn-default\" href=\"\/\/www.gob.mx\/cms\/uploads\/attachment\/file\/242873\/32_Alerta_sanitaria_MEIZITANG_20170727.pdf\" target=\"_blank\" rel=\"noopener\">\n\t<span class=\" glyphicon glyphicon-save\" aria-hidden=\"true\"><\/span>\n\t<span class=\"sr-only\">\n\tDescargar documento\n\t<\/span>\n\t<\/a>\n\t<\/div>\n\t<hr class=\"col-md-12 clearfix\">\n\t<\/li>\n\t\n\t\n\t<li class=\"clearfix documents\">\n\t<div class=\"col-md-10\" style=\"text-transform: capitalize\">\n\t30_Alerta__Sanitaria_PHN_proher_natura_02082017 Actualizaci\u00f3n<\/div>\n\t<div class=\"col-md-2\">\n\t<a class=\"btn btn-default\" href=\"\/\/www.gob.mx\/cms\/uploads\/attachment\/file\/244970\/30_Alerta__Sanitaria_PHN_proher_natura_02082017.pdf\" target=\"_blank\" rel=\"noopener\">\n\t<span class=\" glyphicon glyphicon-save\" aria-hidden=\"true\"><\/span>\n\t<span class=\"sr-only\">\n\tDescargar documento\n\t<\/span>\n\t<\/a>\n\t<\/div>\n\t<hr class=\"col-md-12 clearfix\">\n\t<\/li>\n\t\n\t\n\t<li class=\"clearfix documents\">\n\t<div class=\"col-md-10\" style=\"text-transform: capitalize\">\n\t29_Alerta_Sanitaria_DEMOGRASS_20170712<\/div>\n\t<div class=\"col-md-2\">\n\t<a class=\"btn btn-default\" href=\"\/\/www.gob.mx\/cms\/uploads\/attachment\/file\/240370\/29_Alerta_Sanitaria_DEMOGRASS_20170712.pdf\" target=\"_blank\" rel=\"noopener\">\n\t<span class=\" glyphicon glyphicon-save\" aria-hidden=\"true\"><\/span>\n\t<span class=\"sr-only\">\n\tDescargar documento\n\t<\/span>\n\t<\/a>\n\t<\/div>\n\t<hr class=\"col-md-12 clearfix\">\n\t<\/li>\n\t\n\t\n\t<li class=\"clearfix documents\">\n\t<div class=\"col-md-10\" style=\"text-transform: capitalize\">\n\t28_Alerta_sanitaria_Avitia_20170630<\/div>\n\t<div class=\"col-md-2\">\n\t<a class=\"btn btn-default\" href=\"\/\/www.gob.mx\/cms\/uploads\/attachment\/file\/235970\/alerta_Avitia.pdf\" target=\"_blank\" rel=\"noopener\">\n\t<span class=\" glyphicon glyphicon-save\" aria-hidden=\"true\"><\/span>\n\t<span class=\"sr-only\">\n\tDescargar documento\n\t<\/span>\n\t<\/a>\n\t<\/div>\n\t<hr class=\"col-md-12 clearfix\">\n\t<\/li>\n\t\n\t\n\t<li class=\"clearfix documents\">\n\t<div class=\"col-md-10\" style=\"text-transform: capitalize\">\n\t27_Alerta_sanitaria_Quixom_20170630<\/div>\n\t<div class=\"col-md-2\">\n\t<a class=\"btn btn-default\" href=\"\/\/www.gob.mx\/cms\/uploads\/attachment\/file\/235948\/alerta_quixom_para_publicar_20170630.pdf\" target=\"_blank\" rel=\"noopener\">\n\t<span class=\" glyphicon glyphicon-save\" aria-hidden=\"true\"><\/span>\n\t<span class=\"sr-only\">\n\tDescargar documento\n\t<\/span>\n\t<\/a>\n\t<\/div>\n\t<hr class=\"col-md-12 clearfix\">\n\t<\/li>\n\t\n\t\n\t<li class=\"clearfix documents\">\n\t<div class=\"col-md-10\" style=\"text-transform: capitalize\">\n\t26_Alerta_sanitaria_INULINA_DE_MAGUEY_29082016<\/div>\n\t<div class=\"col-md-2\">\n\t<a class=\"btn btn-default\" href=\"\/\/www.gob.mx\/cms\/uploads\/attachment\/file\/130723\/26_Alerta_sanitaria_INULINA_DE_MAGUEY_29082016.pdf\" target=\"_blank\" rel=\"noopener\">\n\t<span class=\" glyphicon glyphicon-save\" aria-hidden=\"true\"><\/span>\n\t<span class=\"sr-only\">\n\tDescargar documento\n\t<\/span>\n\t<\/a>\n\t<\/div>\n\t<hr class=\"col-md-12 clearfix\">\n\t<\/li>\n\t\n\t\n\t<li class=\"clearfix documents\">\n\t<div class=\"col-md-10\" style=\"text-transform: capitalize\">\n\t25_Alerta_sanitaria_SEMILLA_DE_BRASIL_23062016<\/div>\n\t<div class=\"col-md-2\">\n\t<a class=\"btn btn-default\" href=\"\/\/www.gob.mx\/cms\/uploads\/attachment\/file\/130724\/25_Alerta_sanitaria_SEMILLA_DE_BRASIL_23062016.pdf\" target=\"_blank\" rel=\"noopener\">\n\t<span class=\" glyphicon glyphicon-save\" aria-hidden=\"true\"><\/span>\n\t<span class=\"sr-only\">\n\tDescargar documento\n\t<\/span>\n\t<\/a>\n\t<\/div>\n\t<hr class=\"col-md-12 clearfix\">\n\t<\/li>\n\t\n\t\n\t<li class=\"clearfix documents\">\n\t<div class=\"col-md-10\" style=\"text-transform: capitalize\">\n\t24_Alerta_REGULARIZADA_VIVRI_30062016<\/div>\n\t<div class=\"col-md-2\">\n\t<a class=\"btn btn-default\" href=\"\/\/www.gob.mx\/cms\/uploads\/attachment\/file\/130722\/24_Alerta_REGULARIZADA_VIVRI_30062016.pdf\" target=\"_blank\" rel=\"noopener\">\n\t<span class=\" glyphicon glyphicon-save\" aria-hidden=\"true\"><\/span>\n\t<span class=\"sr-only\">\n\tDescargar documento\n\t<\/span>\n\t<\/a>\n\t<\/div>\n\t<hr class=\"col-md-12 clearfix\">\n\t<\/li>\n\t\n\t\n\t<li class=\"clearfix documents\">\n\t<div class=\"col-md-10\" style=\"text-transform: capitalize\">\n\t23_Alerta_sanitaria_PRODUCTOS_INCREMENTO_CAPACIDAD_CEREBRAL_11042016<\/div>\n\t<div class=\"col-md-2\">\n\t<a class=\"btn btn-default\" href=\"\/\/www.gob.mx\/cms\/uploads\/attachment\/file\/130721\/23_Alerta_sanitaria_PRODUCTOS_INCREMENTO_CAPACIDAD_CEREBRAL_11042016.pdf\" target=\"_blank\" rel=\"noopener\">\n\t<span class=\" glyphicon glyphicon-save\" aria-hidden=\"true\"><\/span>\n\t<span class=\"sr-only\">\n\tDescargar documento\n\t<\/span>\n\t<\/a>\n\t<\/div>\n\t<hr class=\"col-md-12 clearfix\">\n\t<\/li>\n\t\n\t\n\t<li class=\"clearfix documents\">\n\t<div class=\"col-md-10\" style=\"text-transform: capitalize\">\n\t22_Alerta_sanitaria_NOVODALIN_B17_01032016<\/div>\n\t<div class=\"col-md-2\">\n\t<a class=\"btn btn-default\" href=\"\/\/www.gob.mx\/cms\/uploads\/attachment\/file\/130720\/22_Alerta_sanitaria_NOVODALIN_B17_01032016.pdf\" target=\"_blank\" rel=\"noopener\">\n\t<span class=\" glyphicon glyphicon-save\" aria-hidden=\"true\"><\/span>\n\t<span class=\"sr-only\">\n\tDescargar documento\n\t<\/span>\n\t<\/a>\n\t<\/div>\n\t<hr class=\"col-md-12 clearfix\">\n\t<\/li>\n\t\n\t\n\t<li class=\"clearfix documents\">\n\t<div class=\"col-md-10\" style=\"text-transform: capitalize\">\n\t21_Alerta_sanitaria_KETOPIA_03022016<\/div>\n\t<div class=\"col-md-2\">\n\t<a class=\"btn btn-default\" href=\"\/\/www.gob.mx\/cms\/uploads\/attachment\/file\/130719\/21_Alerta_sanitaria_KETOPIA_03022016.pdf\" target=\"_blank\" rel=\"noopener\">\n\t<span class=\" glyphicon glyphicon-save\" aria-hidden=\"true\"><\/span>\n\t<span class=\"sr-only\">\n\tDescargar documento\n\t<\/span>\n\t<\/a>\n\t<\/div>\n\t<hr class=\"col-md-12 clearfix\">\n\t<\/li>\n\t\n\t\n\t<li class=\"clearfix documents\">\n\t<div class=\"col-md-10\" style=\"text-transform: capitalize\">\n\t20_Alerta_Sanitaria__PRODUCTOS_POTENCIA_SEXUAL_CON_SIDENAFIL_12012016<\/div>\n\t<div class=\"col-md-2\">\n\t<a class=\"btn btn-default\" href=\"\/\/www.gob.mx\/cms\/uploads\/attachment\/file\/130718\/20_Alerta_Sanitaria__PRODUCTOS_POTENCIA_SEXUAL_CON_SIDENAFIL_12012016.pdf\" target=\"_blank\" rel=\"noopener\">\n\t<span class=\" glyphicon glyphicon-save\" aria-hidden=\"true\"><\/span>\n\t<span class=\"sr-only\">\n\tDescargar documento\n\t<\/span>\n\t<\/a>\n\t<\/div>\n\t<hr class=\"col-md-12 clearfix\">\n\t<\/li>\n\t\n\t\n\t<li class=\"clearfix documents\">\n\t<div class=\"col-md-10\" style=\"text-transform: capitalize\">\n\t19_Alerta_sanitaria_PRODUCTOS_POTENCIA_SEXUAL_29122015<\/div>\n\t<div class=\"col-md-2\">\n\t<a class=\"btn btn-default\" href=\"\/\/www.gob.mx\/cms\/uploads\/attachment\/file\/130717\/19_Alerta_sanitaria_PRODUCTOS_POTENCIA_SEXUAL_29122015.pdf\" target=\"_blank\" rel=\"noopener\">\n\t<span class=\" glyphicon glyphicon-save\" aria-hidden=\"true\"><\/span>\n\t<span class=\"sr-only\">\n\tDescargar documento\n\t<\/span>\n\t<\/a>\n\t<\/div>\n\t<hr class=\"col-md-12 clearfix\">\n\t<\/li>\n\t\n\t\n\t<li class=\"clearfix documents\">\n\t<div class=\"col-md-10\" style=\"text-transform: capitalize\">\n\t18_Alerta_sanitaria_FOCUS_X_28122015<\/div>\n\t<div class=\"col-md-2\">\n\t<a class=\"btn btn-default\" href=\"\/\/www.gob.mx\/cms\/uploads\/attachment\/file\/130742\/18_Alerta_sanitaria_FOCUS_X_28122015.pdf\" target=\"_blank\" rel=\"noopener\">\n\t<span class=\" glyphicon glyphicon-save\" aria-hidden=\"true\"><\/span>\n\t<span class=\"sr-only\">\n\tDescargar documento\n\t<\/span>\n\t<\/a>\n\t<\/div>\n\t<hr class=\"col-md-12 clearfix\">\n\t<\/li>\n\t\n\t\n\t<li class=\"clearfix documents\">\n\t<div class=\"col-md-10\" style=\"text-transform: capitalize\">\n\t17_Alerta_sanitaria_DIABESTEVIA_26112015<\/div>\n\t<div class=\"col-md-2\">\n\t<a class=\"btn btn-default\" href=\"\/\/www.gob.mx\/cms\/uploads\/attachment\/file\/130741\/17_Alerta_sanitaria_DIABESTEVIA_26112015.pdf\" target=\"_blank\" rel=\"noopener\">\n\t<span class=\" glyphicon glyphicon-save\" aria-hidden=\"true\"><\/span>\n\t<span class=\"sr-only\">\n\tDescargar documento\n\t<\/span>\n\t<\/a>\n\t<\/div>\n\t<hr class=\"col-md-12 clearfix\">\n\t<\/li>\n\t\n\t\n\t<li class=\"clearfix documents\">\n\t<div class=\"col-md-10\" style=\"text-transform: capitalize\">\n\t16_Alerta_sanitaria_PRODUCTO_N_CLEO_CONCENTRADO_DE_AGAVE_22072015<\/div>\n\t<div class=\"col-md-2\">\n\t<a class=\"btn btn-default\" href=\"\/\/www.gob.mx\/cms\/uploads\/attachment\/file\/130740\/16_Alerta_sanitaria_PRODUCTO_N_CLEO_CONCENTRADO_DE_AGAVE_22072015.pdf\" target=\"_blank\" rel=\"noopener\">\n\t<span class=\" glyphicon glyphicon-save\" aria-hidden=\"true\"><\/span>\n\t<span class=\"sr-only\">\n\tDescargar documento\n\t<\/span>\n\t<\/a>\n\t<\/div>\n\t<hr class=\"col-md-12 clearfix\">\n\t<\/li>\n\t\n\t\n\t<li class=\"clearfix documents\">\n\t<div class=\"col-md-10\" style=\"text-transform: capitalize\">\n\t15_Alerta_sanitaria_PRODUCTOS_RAIZANA_23032015<\/div>\n\t<div class=\"col-md-2\">\n\t<a class=\"btn btn-default\" href=\"\/\/www.gob.mx\/cms\/uploads\/attachment\/file\/130739\/15_Alerta_sanitaria_PRODUCTOS_RAIZANA_23032015.pdf\" target=\"_blank\" rel=\"noopener\">\n\t<span class=\" glyphicon glyphicon-save\" aria-hidden=\"true\"><\/span>\n\t<span class=\"sr-only\">\n\tDescargar documento\n\t<\/span>\n\t<\/a>\n\t<\/div>\n\t<hr class=\"col-md-12 clearfix\">\n\t<\/li>\n\t\n\t\n\t<li class=\"clearfix documents\">\n\t<div class=\"col-md-10\" style=\"text-transform: capitalize\">\n\t14_Alerta_sanitaria_PRODUCTOS_NAN_LABS_24022015<\/div>\n\t<div class=\"col-md-2\">\n\t<a class=\"btn btn-default\" href=\"\/\/www.gob.mx\/cms\/uploads\/attachment\/file\/130738\/14_Alerta_sanitaria_PRODUCTOS_NAN_LABS_24022015.pdf\" target=\"_blank\" rel=\"noopener\">\n\t<span class=\" glyphicon glyphicon-save\" aria-hidden=\"true\"><\/span>\n\t<span class=\"sr-only\">\n\tDescargar documento\n\t<\/span>\n\t<\/a>\n\t<\/div>\n\t<hr class=\"col-md-12 clearfix\">\n\t<\/li>\n\t\n\t\n\t<li class=\"clearfix documents\">\n\t<div class=\"col-md-10\" style=\"text-transform: capitalize\">\n\t13_Alerta_sanitaria_PRODUCTO_FRUCTANO_DE_AGAVE_19022015<\/div>\n\t<div class=\"col-md-2\">\n\t<a class=\"btn btn-default\" href=\"\/\/www.gob.mx\/cms\/uploads\/attachment\/file\/130737\/13_Alerta_sanitaria_PRODUCTO_FRUCTANO_DE_AGAVE_19022015.pdf\" target=\"_blank\" rel=\"noopener\">\n\t<span class=\" glyphicon glyphicon-save\" aria-hidden=\"true\"><\/span>\n\t<span class=\"sr-only\">\n\tDescargar documento\n\t<\/span>\n\t<\/a>\n\t<\/div>\n\t<hr class=\"col-md-12 clearfix\">\n\t<\/li>\n\t\n\t\n\t<li class=\"clearfix documents\">\n\t<div class=\"col-md-10\" style=\"text-transform: capitalize\">\n\t12_Alerta_sanitaria_P_GINAS_INTERNET-BAJAR_PESO_15012015<\/div>\n\t<div class=\"col-md-2\">\n\t<a class=\"btn btn-default\" href=\"\/\/www.gob.mx\/cms\/uploads\/attachment\/file\/130736\/12_Alerta_sanitaria_P_GINAS_INTERNET-BAJAR_PESO_15012015.pdf\" target=\"_blank\" rel=\"noopener\">\n\t<span class=\" glyphicon glyphicon-save\" aria-hidden=\"true\"><\/span>\n\t<span class=\"sr-only\">\n\tDescargar documento\n\t<\/span>\n\t<\/a>\n\t<\/div>\n\t<hr class=\"col-md-12 clearfix\">\n\t<\/li>\n\t\n\t\n\t<li class=\"clearfix documents\">\n\t<div class=\"col-md-10\" style=\"text-transform: capitalize\">\n\t11_Alerta_sanitaria_PRODUCTOS_GOOD_EXPRESS_13012014<\/div>\n\t<div class=\"col-md-2\">\n\t<a class=\"btn btn-default\" href=\"\/\/www.gob.mx\/cms\/uploads\/attachment\/file\/130735\/11_Alerta_sanitaria_PRODUCTOS_GOOD_EXPRESS_13012014.pdf\" target=\"_blank\" rel=\"noopener\">\n\t<span class=\" glyphicon glyphicon-save\" aria-hidden=\"true\"><\/span>\n\t<span class=\"sr-only\">\n\tDescargar documento\n\t<\/span>\n\t<\/a>\n\t<\/div>\n\t<hr class=\"col-md-12 clearfix\">\n\t<\/li>\n\t\n\t\n\t<li class=\"clearfix documents\">\n\t<div class=\"col-md-10\" style=\"text-transform: capitalize\">\n\t10_Alerta_sanitaria_CAPSLIM_19122014<\/div>\n\t<div class=\"col-md-2\">\n\t<a class=\"btn btn-default\" href=\"\/\/www.gob.mx\/cms\/uploads\/attachment\/file\/130734\/10_Alerta_sanitaria_CAPSLIM_19122014.pdf\" target=\"_blank\" rel=\"noopener\">\n\t<span class=\" glyphicon glyphicon-save\" aria-hidden=\"true\"><\/span>\n\t<span class=\"sr-only\">\n\tDescargar documento\n\t<\/span>\n\t<\/a>\n\t<\/div>\n\t<hr class=\"col-md-12 clearfix\">\n\t<\/li>\n\t\n\t\n\t<li class=\"clearfix documents\">\n\t<div class=\"col-md-10\" style=\"text-transform: capitalize\">\n\t9_Alerta_sanitaria_PRODUCTOS_SOLANUM_19122014<\/div>\n\t<div class=\"col-md-2\">\n\t<a class=\"btn btn-default\" href=\"\/\/www.gob.mx\/cms\/uploads\/attachment\/file\/130733\/9_Alerta_sanitaria_PRODUCTOS_SOLANUM_19122014.pdf\" target=\"_blank\" rel=\"noopener\">\n\t<span class=\" glyphicon glyphicon-save\" aria-hidden=\"true\"><\/span>\n\t<span class=\"sr-only\">\n\tDescargar documento\n\t<\/span>\n\t<\/a>\n\t<\/div>\n\t<hr class=\"col-md-12 clearfix\">\n\t<\/li>\n\t\n\t\n\t<li class=\"clearfix documents\">\n\t<div class=\"col-md-10\" style=\"text-transform: capitalize\">\n\t8_Alerta_sanitaria_THERMATRIM_02122014<\/div>\n\t<div class=\"col-md-2\">\n\t<a class=\"btn btn-default\" href=\"\/\/www.gob.mx\/cms\/uploads\/attachment\/file\/130732\/8_Alerta_sanitaria_THERMATRIM_02122014.pdf\" target=\"_blank\" rel=\"noopener\">\n\t<span class=\" glyphicon glyphicon-save\" aria-hidden=\"true\"><\/span>\n\t<span class=\"sr-only\">\n\tDescargar documento\n\t<\/span>\n\t<\/a>\n\t<\/div>\n\t<hr class=\"col-md-12 clearfix\">\n\t<\/li>\n\t\n\t\n\t<li class=\"clearfix documents\">\n\t<div class=\"col-md-10\" style=\"text-transform: capitalize\">\n\t7_Alerta_REGULARIZADA_PUBLICIDAD_IRREGULAR_USANA_24112015<\/div>\n\t<div class=\"col-md-2\">\n\t<a class=\"btn btn-default\" href=\"\/\/www.gob.mx\/cms\/uploads\/attachment\/file\/130731\/7_Alerta_REGULARIZADA_PUBLICIDAD_IRREGULAR_USANA_24112015.pdf\" target=\"_blank\" rel=\"noopener\">\n\t<span class=\" glyphicon glyphicon-save\" aria-hidden=\"true\"><\/span>\n\t<span class=\"sr-only\">\n\tDescargar documento\n\t<\/span>\n\t<\/a>\n\t<\/div>\n\t<hr class=\"col-md-12 clearfix\">\n\t<\/li>\n\t\n\t\n\t<li class=\"clearfix documents\">\n\t<div class=\"col-md-10\" style=\"text-transform: capitalize\">\n\t6_Alerta_sanitaria_PHEN_375_16062014<\/div>\n\t<div class=\"col-md-2\">\n\t<a class=\"btn btn-default\" href=\"\/\/www.gob.mx\/cms\/uploads\/attachment\/file\/130730\/6_Alerta_sanitaria_PHEN_375_16062014.pdf\" target=\"_blank\" rel=\"noopener\">\n\t<span class=\" glyphicon glyphicon-save\" aria-hidden=\"true\"><\/span>\n\t<span class=\"sr-only\">\n\tDescargar documento\n\t<\/span>\n\t<\/a>\n\t<\/div>\n\t<hr class=\"col-md-12 clearfix\">\n\t<\/li>\n\t\n\t\n\t<li class=\"clearfix documents\">\n\t<div class=\"col-md-10\" style=\"text-transform: capitalize\">\n\t5_Alerta_sanitaria_MAGNA_PENE_RX_22042014<\/div>\n\t<div class=\"col-md-2\">\n\t<a class=\"btn btn-default\" href=\"\/\/www.gob.mx\/cms\/uploads\/attachment\/file\/130729\/5_Alerta_sanitaria_MAGNA_PENE_RX_22042014.pdf\" target=\"_blank\" rel=\"noopener\">\n\t<span class=\" glyphicon glyphicon-save\" aria-hidden=\"true\"><\/span>\n\t<span class=\"sr-only\">\n\tDescargar documento\n\t<\/span>\n\t<\/a>\n\t<\/div>\n\t<hr class=\"col-md-12 clearfix\">\n\t<\/li>\n\t\n\t\n\t<li class=\"clearfix documents\">\n\t<div class=\"col-md-10\" style=\"text-transform: capitalize\">\n\t4_Alerta_sanitaria_REDUFAT_21042016<\/div>\n\t<div class=\"col-md-2\">\n\t<a class=\"btn btn-default\" href=\"\/\/www.gob.mx\/cms\/uploads\/attachment\/file\/130728\/4_Alerta_sanitaria_REDUFAT_21042016.pdf\" target=\"_blank\" rel=\"noopener\">\n\t<span class=\" glyphicon glyphicon-save\" aria-hidden=\"true\"><\/span>\n\t<span class=\"sr-only\">\n\tDescargar documento\n\t<\/span>\n\t<\/a>\n\t<\/div>\n\t<hr class=\"col-md-12 clearfix\">\n\t<\/li>\n\t\n\t\n\t<li class=\"clearfix documents\">\n\t<div class=\"col-md-10\" style=\"text-transform: capitalize\">\n\t3_Alerta_sanitaria_PRODUCTOS_SLIM_BEAUTY_USA_17012014<\/div>\n\t<div class=\"col-md-2\">\n\t<a class=\"btn btn-default\" href=\"\/\/www.gob.mx\/cms\/uploads\/attachment\/file\/130727\/3_Alerta_sanitaria_PRODUCTOS_SLIM_BEAUTY_USA_17012014.pdf\" target=\"_blank\" rel=\"noopener\">\n\t<span class=\" glyphicon glyphicon-save\" aria-hidden=\"true\"><\/span>\n\t<span class=\"sr-only\">\n\tDescargar documento\n\t<\/span>\n\t<\/a>\n\t<\/div>\n\t<hr class=\"col-md-12 clearfix\">\n\t<\/li>\n\t\n\t\n\t<li class=\"clearfix documents\">\n\t<div class=\"col-md-10\" style=\"text-transform: capitalize\">\n\t2_Alerta_sanitaria_QM69_16012014<\/div>\n\t<div class=\"col-md-2\">\n\t<a class=\"btn btn-default\" href=\"\/\/www.gob.mx\/cms\/uploads\/attachment\/file\/130726\/2_Alerta_sanitaria_QM69_16012014.pdf\" target=\"_blank\" rel=\"noopener\">\n\t<span class=\" glyphicon glyphicon-save\" aria-hidden=\"true\"><\/span>\n\t<span class=\"sr-only\">\n\tDescargar documento\n\t<\/span>\n\t<\/a>\n\t<\/div>\n\t<hr class=\"col-md-12 clearfix\">\n\t<\/li>\n\t\n\t\n\t<li class=\"clearfix documents\">\n\t<div class=\"col-md-10\" style=\"text-transform: capitalize\">\n\t1_Alerta_sanitaria_OXY_ELITE_PRO_Y_VERSA-105112013<\/div>\n\t<div class=\"col-md-2\">\n\t<a class=\"btn btn-default\" href=\"\/\/www.gob.mx\/cms\/uploads\/attachment\/file\/130725\/1_Alerta_sanitaria_OXY_ELITE_PRO_Y_VERSA-105112013.pdf\" target=\"_blank\" rel=\"noopener\">\n\t<span class=\" glyphicon glyphicon-save\" aria-hidden=\"true\"><\/span>\n\t<span class=\"sr-only\">\n\tDescargar documento\n\t<\/span>\n\t<\/a>\n\t<\/div>\n\t<hr class=\"col-md-12 clearfix\">\n\t<\/li>\n\t<\/ul>\n\t<\/div>\n","protected":false},"excerpt":{"rendered":"<p>En esta secci\u00f3n encontrar\u00e1s las alertas sanitarias que la COFEPRIS emite, sobre la probable afectaci\u00f3n a la salud de la<\/p>\n","protected":false},"author":17,"featured_media":0,"parent":0,"menu_order":0,"comment_status":"closed","ping_status":"closed","template":"","meta":{"colormag_page_container_layout":"default_layout","colormag_page_sidebar_layout":"default_layout","footnotes":""},"class_list":["post-3842","page","type-page","status-publish","hentry"],"_links":{"self":[{"href":"https:\/\/www.ssaver.gob.mx\/riesgos-sanitarios\/wp-json\/wp\/v2\/pages\/3842","targetHints":{"allow":["GET"]}}],"collection":[{"href":"https:\/\/www.ssaver.gob.mx\/riesgos-sanitarios\/wp-json\/wp\/v2\/pages"}],"about":[{"href":"https:\/\/www.ssaver.gob.mx\/riesgos-sanitarios\/wp-json\/wp\/v2\/types\/page"}],"author":[{"embeddable":true,"href":"https:\/\/www.ssaver.gob.mx\/riesgos-sanitarios\/wp-json\/wp\/v2\/users\/17"}],"replies":[{"embeddable":true,"href":"https:\/\/www.ssaver.gob.mx\/riesgos-sanitarios\/wp-json\/wp\/v2\/comments?post=3842"}],"version-history":[{"count":3,"href":"https:\/\/www.ssaver.gob.mx\/riesgos-sanitarios\/wp-json\/wp\/v2\/pages\/3842\/revisions"}],"predecessor-version":[{"id":3924,"href":"https:\/\/www.ssaver.gob.mx\/riesgos-sanitarios\/wp-json\/wp\/v2\/pages\/3842\/revisions\/3924"}],"wp:attachment":[{"href":"https:\/\/www.ssaver.gob.mx\/riesgos-sanitarios\/wp-json\/wp\/v2\/media?parent=3842"}],"curies":[{"name":"wp","href":"https:\/\/api.w.org\/{rel}","templated":true}]}}