{"id":3848,"date":"2023-04-18T14:26:26","date_gmt":"2023-04-18T19:26:26","guid":{"rendered":"https:\/\/www.ssaver.gob.mx\/riesgos-sanitarios\/?page_id=3848"},"modified":"2023-05-08T07:01:01","modified_gmt":"2023-05-08T12:01:01","slug":"alertas-sanitarias-internacionales-2022","status":"publish","type":"page","link":"https:\/\/www.ssaver.gob.mx\/riesgos-sanitarios\/alertas-sanitarias-internacionales-2022\/","title":{"rendered":"Alertas Sanitarias Internacionales 2022"},"content":{"rendered":"\n<div style=\"height:36px\" aria-hidden=\"true\" class=\"wp-block-spacer\"><\/div>\n\n\n\n<p style=\"font-size:30px\">Alertas emitidas por autoridades reguladoras internacionales<\/p>\n\n\n\n<div style=\"height:36px\" aria-hidden=\"true\" class=\"wp-block-spacer\"><\/div>\n\n\n\n<p class=\"has-medium-font-size\">Podr\u00e1s consultar Alertas Sanitarias emitidas por las agencias hom\u00f3logas a nivel internacinoal.&nbsp;<\/p>\n\n\n\n<div style=\"height:38px\" aria-hidden=\"true\" class=\"wp-block-spacer\"><\/div>\n\n\n\n<p><strong>Para buscar una alerta sanitaria<\/strong>, presione la tecla \u201cCtrl\u201d y la letra \u201cF\u201d al mismo tiempo en su teclado. Aparecer\u00e1 una peque\u00f1a barra de b\u00fasqueda en la esquina superior derecha de la pantalla de su navegador, cerca de la barra de direcciones. A continuaci\u00f3n, ingrese la alerta sanitaria que desea encontrar.<\/p>\n\n\n\n<div style=\"height:38px\" aria-hidden=\"true\" class=\"wp-block-spacer\"><\/div>\n\n\n\n<p style=\"font-size:30px\"><strong>Documentos<\/strong><\/p>\n\n\n\n<hr class=\"wp-block-separator has-text-color has-alpha-channel-opacity has-background is-style-default\" style=\"background-color:#720f3d;color:#720f3d\" \/>\n\n\n\n<div style=\"height:17px\" aria-hidden=\"true\" class=\"wp-block-spacer\"><\/div>\n\n\n\n<div class=\"\">\n\t<ul class=\"list-unstyled\">\n\t\n\t\n\t<li class=\"clearfix documents\">\n\t<div class=\"col-md-10\" style=\"text-transform: capitalize\">\n\tAlertas_Internacionales__01_al_15_de_diciembre_de_2022.pdf<\/div>\n\t<div class=\"col-md-2\">\n\t<a class=\"btn btn-default\" href=\"\/\/www.gob.mx\/cms\/uploads\/attachment\/file\/791003\/Alertas_Internacionales__01_al_15_de_diciembre.pdf\" target=\"_blank\" rel=\"noopener\">\n\t<span class=\" glyphicon glyphicon-save\" aria-hidden=\"true\"><\/span>\n\t<span class=\"sr-only\">\n\tDescargar documento\n\t<\/span>\n\t<\/a>\n\t<\/div>\n\t<hr class=\"col-md-12 clearfix\">\n\t<\/li>\n\t\n\t\n\t<li class=\"clearfix documents\">\n\t<div class=\"col-md-10\" style=\"text-transform: capitalize\">\n\tAlertas_Internacionales__01_al_30_de_noviembre_de_2022<\/div>\n\t<div class=\"col-md-2\">\n\t<a class=\"btn btn-default\" href=\"\/\/www.gob.mx\/cms\/uploads\/attachment\/file\/784355\/Alertas_Internacionales__01_al_30_de_noviembre_de_2022.pdf\" target=\"_blank\" rel=\"noopener\">\n\t<span class=\" glyphicon glyphicon-save\" aria-hidden=\"true\"><\/span>\n\t<span class=\"sr-only\">\n\tDescargar documento\n\t<\/span>\n\t<\/a>\n\t<\/div>\n\t<hr class=\"col-md-12 clearfix\">\n\t<\/li>\n\t\n\t\n\t<li class=\"clearfix documents\">\n\t<div class=\"col-md-10\" style=\"text-transform: capitalize\">\n\tAlertas_Internacionales__16_al_31_de_octubre_de_2022.pdf<\/div>\n\t<div class=\"col-md-2\">\n\t<a class=\"btn btn-default\" href=\"\/\/www.gob.mx\/cms\/uploads\/attachment\/file\/777262\/Alertas_Internacionales__16_al_31_de_octubre_de_2022.pdf\" target=\"_blank\" rel=\"noopener\">\n\t<span class=\" glyphicon glyphicon-save\" aria-hidden=\"true\"><\/span>\n\t<span class=\"sr-only\">\n\tDescargar documento\n\t<\/span>\n\t<\/a>\n\t<\/div>\n\t<hr class=\"col-md-12 clearfix\">\n\t<\/li>\n\t\n\t\n\t<li class=\"clearfix documents\">\n\t<div class=\"col-md-10\" style=\"text-transform: capitalize\">\n\tAlertas_Internacionales__01_al_30_de_septiembre_de 2022.pdf<\/div>\n\t<div class=\"col-md-2\">\n\t<a class=\"btn btn-default\" href=\"\/\/www.gob.mx\/cms\/uploads\/attachment\/file\/766689\/Alertas_Internacionales__16_al_30_de_septiembre.pdf\" target=\"_blank\" rel=\"noopener\">\n\t<span class=\" glyphicon glyphicon-save\" aria-hidden=\"true\"><\/span>\n\t<span class=\"sr-only\">\n\tDescargar documento\n\t<\/span>\n\t<\/a>\n\t<\/div>\n\t<hr class=\"col-md-12 clearfix\">\n\t<\/li>\n\t\n\t\n\t<li class=\"clearfix documents\">\n\t<div class=\"col-md-10\" style=\"text-transform: capitalize\">\n\tAlertas_Internacionales_01_al_31_de_agosto_de_2022.pdf<\/div>\n\t<div class=\"col-md-2\">\n\t<a class=\"btn btn-default\" href=\"\/\/www.gob.mx\/cms\/uploads\/attachment\/file\/759015\/Alertas_Internacionales_01_al_31_de_agosto_de_2022.pdf\" target=\"_blank\" rel=\"noopener\">\n\t<span class=\" glyphicon glyphicon-save\" aria-hidden=\"true\"><\/span>\n\t<span class=\"sr-only\">\n\tDescargar documento\n\t<\/span>\n\t<\/a>\n\t<\/div>\n\t<hr class=\"col-md-12 clearfix\">\n\t<\/li>\n\t\n\t\n\t<li class=\"clearfix documents\">\n\t<div class=\"col-md-10\" style=\"text-transform: capitalize\">\n\tAlertas_Internacionales_16_al_31_de_julio_de_2022<\/div>\n\t<div class=\"col-md-2\">\n\t<a class=\"btn btn-default\" href=\"\/\/www.gob.mx\/cms\/uploads\/attachment\/file\/750556\/Alertas_Internacionales_16_al_31_de_julio_de_2022.pdf\" target=\"_blank\" rel=\"noopener\">\n\t<span class=\" glyphicon glyphicon-save\" aria-hidden=\"true\"><\/span>\n\t<span class=\"sr-only\">\n\tDescargar documento\n\t<\/span>\n\t<\/a>\n\t<\/div>\n\t<hr class=\"col-md-12 clearfix\">\n\t<\/li>\n\t<\/ul>\n\t<\/div>\n","protected":false},"excerpt":{"rendered":"<p>Alertas emitidas por autoridades reguladoras internacionales Podr\u00e1s consultar Alertas Sanitarias emitidas por las agencias hom\u00f3logas a nivel internacinoal.&nbsp; Para buscar<\/p>\n","protected":false},"author":17,"featured_media":0,"parent":0,"menu_order":0,"comment_status":"closed","ping_status":"closed","template":"","meta":{"colormag_page_container_layout":"default_layout","colormag_page_sidebar_layout":"default_layout","footnotes":""},"class_list":["post-3848","page","type-page","status-publish","hentry"],"_links":{"self":[{"href":"https:\/\/www.ssaver.gob.mx\/riesgos-sanitarios\/wp-json\/wp\/v2\/pages\/3848","targetHints":{"allow":["GET"]}}],"collection":[{"href":"https:\/\/www.ssaver.gob.mx\/riesgos-sanitarios\/wp-json\/wp\/v2\/pages"}],"about":[{"href":"https:\/\/www.ssaver.gob.mx\/riesgos-sanitarios\/wp-json\/wp\/v2\/types\/page"}],"author":[{"embeddable":true,"href":"https:\/\/www.ssaver.gob.mx\/riesgos-sanitarios\/wp-json\/wp\/v2\/users\/17"}],"replies":[{"embeddable":true,"href":"https:\/\/www.ssaver.gob.mx\/riesgos-sanitarios\/wp-json\/wp\/v2\/comments?post=3848"}],"version-history":[{"count":3,"href":"https:\/\/www.ssaver.gob.mx\/riesgos-sanitarios\/wp-json\/wp\/v2\/pages\/3848\/revisions"}],"predecessor-version":[{"id":3928,"href":"https:\/\/www.ssaver.gob.mx\/riesgos-sanitarios\/wp-json\/wp\/v2\/pages\/3848\/revisions\/3928"}],"wp:attachment":[{"href":"https:\/\/www.ssaver.gob.mx\/riesgos-sanitarios\/wp-json\/wp\/v2\/media?parent=3848"}],"curies":[{"name":"wp","href":"https:\/\/api.w.org\/{rel}","templated":true}]}}