{"id":3850,"date":"2023-04-18T14:31:15","date_gmt":"2023-04-18T19:31:15","guid":{"rendered":"https:\/\/www.ssaver.gob.mx\/riesgos-sanitarios\/?page_id=3850"},"modified":"2023-05-08T07:00:35","modified_gmt":"2023-05-08T12:00:35","slug":"alertas-sanitarias-de-otros-productos-y-servicios","status":"publish","type":"page","link":"https:\/\/www.ssaver.gob.mx\/riesgos-sanitarios\/alertas-sanitarias-de-otros-productos-y-servicios\/","title":{"rendered":"Alertas sanitarias de otros productos y servicios"},"content":{"rendered":"\n<div style=\"height:36px\" aria-hidden=\"true\" class=\"wp-block-spacer\"><\/div>\n\n\n\n<p style=\"font-size:30px\">En esta secci\u00f3n encontrar\u00e1s las alertas sanitarias que la COFEPRIS emite, sobre la probable afectaci\u00f3n a la salud de la poblaci\u00f3n en materia de diversos productos como cosm\u00e9ticos, productos, dispositivos m\u00e9dicos, entre otros.<\/p>\n\n\n\n<div style=\"height:36px\" aria-hidden=\"true\" class=\"wp-block-spacer\"><\/div>\n\n\n\n<p class=\"has-medium-font-size\">Comisi\u00f3n Federal para la Protecci\u00f3n contra Riesgos Sanitarios<\/p>\n\n\n\n<p class=\"has-medium-font-size\">Una alerta sanitaria es un comunicado de riesgo que se refiere a que un producto, competencia de la COFEPRIS, que es procesado, comercializado, distribuido, acondicionado, o elaborado en M\u00e9xico o en otros pa\u00edses, que por su uso o consumo representa un riesgo para la salud del consumidor mexicano, que puede tener trascendencia social y frente a la cual hay que tomar medidas en salud p\u00fablica de manera urgente y eficaz.<\/p>\n\n\n\n<div style=\"height:38px\" aria-hidden=\"true\" class=\"wp-block-spacer\"><\/div>\n\n\n\n<p><strong>Para buscar una alerta sanitaria<\/strong>, presione la tecla \u201cCtrl\u201d y la letra \u201cF\u201d al mismo tiempo en su teclado. Aparecer\u00e1 una peque\u00f1a barra de b\u00fasqueda en la esquina superior derecha de la pantalla de su navegador, cerca de la barra de direcciones. A continuaci\u00f3n, ingrese la alerta sanitaria que desea encontrar.<\/p>\n\n\n\n<div style=\"height:38px\" aria-hidden=\"true\" class=\"wp-block-spacer\"><\/div>\n\n\n\n<p style=\"font-size:30px\"><strong>Documentos<\/strong><\/p>\n\n\n\n<hr class=\"wp-block-separator has-text-color has-alpha-channel-opacity has-background is-style-default\" style=\"background-color:#720f3d;color:#720f3d\" \/>\n\n\n\n<div style=\"height:17px\" aria-hidden=\"true\" class=\"wp-block-spacer\"><\/div>\n\n\n\n<div class=\"\">\n\t<ul class=\"list-unstyled\">\n\t\n\t\n\t<li class=\"clearfix documents\">\n\t<div class=\"col-md-10\" style=\"text-transform: capitalize\">\n\t24_Alerta_Sanitaria_BD_13042023.pdf<\/div>\n\t<div class=\"col-md-2\">\n\t<a class=\"btn btn-default\" href=\"\/\/www.gob.mx\/cms\/uploads\/attachment\/file\/816605\/Alerta_Sanitaria_BD_13042023.pdf\" target=\"_blank\" rel=\"noopener\">\n\t<span class=\" glyphicon glyphicon-save\" aria-hidden=\"true\"><\/span>\n\t<span class=\"sr-only\">\n\tDescargar documento\n\t<\/span>\n\t<\/a>\n\t<\/div>\n\t<hr class=\"col-md-12 clearfix\">\n\t<\/li>\n\t\n\t\n\t<li class=\"clearfix documents\">\n\t<div class=\"col-md-10\" style=\"text-transform: capitalize\">\n\t23_Alerta_Sanitaria_QUABIC-300__22072022.pdf<\/div>\n\t<div class=\"col-md-2\">\n\t<a class=\"btn btn-default\" href=\"\/\/www.gob.mx\/cms\/uploads\/attachment\/file\/745725\/Alerta_Sanitaria_QUABIC-300__22072022.pdf\" target=\"_blank\" rel=\"noopener\">\n\t<span class=\" glyphicon glyphicon-save\" aria-hidden=\"true\"><\/span>\n\t<span class=\"sr-only\">\n\tDescargar documento\n\t<\/span>\n\t<\/a>\n\t<\/div>\n\t<hr class=\"col-md-12 clearfix\">\n\t<\/li>\n\t\n\t\n\t<li class=\"clearfix documents\">\n\t<div class=\"col-md-10\" style=\"text-transform: capitalize\">\n\t22_Alerta_Sanitaria_Ambiderm_14072022_2.pdf<\/div>\n\t<div class=\"col-md-2\">\n\t<a class=\"btn btn-default\" href=\"\/\/www.gob.mx\/cms\/uploads\/attachment\/file\/744029\/Alerta_Sanitaria_Ambiderm_14072022_2.pdf\" target=\"_blank\" rel=\"noopener\">\n\t<span class=\" glyphicon glyphicon-save\" aria-hidden=\"true\"><\/span>\n\t<span class=\"sr-only\">\n\tDescargar documento\n\t<\/span>\n\t<\/a>\n\t<\/div>\n\t<hr class=\"col-md-12 clearfix\">\n\t<\/li>\n\t\n\t\n\t<li class=\"clearfix documents\">\n\t<div class=\"col-md-10\" style=\"text-transform: capitalize\">\n\t21_Alerta Sanitaria mascarillas 3M 22dic<\/div>\n\t<div class=\"col-md-2\">\n\t<a class=\"btn btn-default\" href=\"\/\/www.gob.mx\/cms\/uploads\/attachment\/file\/688799\/Alerta_Sanitaria_mascarillas_3M_22dic.pdf\" target=\"_blank\" rel=\"noopener\">\n\t<span class=\" glyphicon glyphicon-save\" aria-hidden=\"true\"><\/span>\n\t<span class=\"sr-only\">\n\tDescargar documento\n\t<\/span>\n\t<\/a>\n\t<\/div>\n\t<hr class=\"col-md-12 clearfix\">\n\t<\/li>\n\t\n\t\n\t<li class=\"clearfix documents\">\n\t<div class=\"col-md-10\" style=\"text-transform: capitalize\">\n\t20_ Alerta Sanitaria Llave 3 v\u00edas 22dic<\/div>\n\t<div class=\"col-md-2\">\n\t<a class=\"btn btn-default\" href=\"\/\/www.gob.mx\/cms\/uploads\/attachment\/file\/688798\/Alerta_Sanitaria_Llave_3_vi_as_22dic.pdf\" target=\"_blank\" rel=\"noopener\">\n\t<span class=\" glyphicon glyphicon-save\" aria-hidden=\"true\"><\/span>\n\t<span class=\"sr-only\">\n\tDescargar documento\n\t<\/span>\n\t<\/a>\n\t<\/div>\n\t<hr class=\"col-md-12 clearfix\">\n\t<\/li>\n\t\n\t\n\t<li class=\"clearfix documents\">\n\t<div class=\"col-md-10\" style=\"text-transform: capitalize\">\n\t19_Alerta_Gel_Antibacterial_22092020.pdf<\/div>\n\t<div class=\"col-md-2\">\n\t<a class=\"btn btn-default\" href=\"\/\/www.gob.mx\/cms\/uploads\/attachment\/file\/579385\/Alerta_gel_antibacterial.pdf\" target=\"_blank\" rel=\"noopener\">\n\t<span class=\" glyphicon glyphicon-save\" aria-hidden=\"true\"><\/span>\n\t<span class=\"sr-only\">\n\tDescargar documento\n\t<\/span>\n\t<\/a>\n\t<\/div>\n\t<hr class=\"col-md-12 clearfix\">\n\t<\/li>\n\t\n\t\n\t<li class=\"clearfix documents\">\n\t<div class=\"col-md-10\" style=\"text-transform: capitalize\">\n\t18_Alerta_sanitaria_Implantes_mamarios_y_expansores_31072019.pdf<\/div>\n\t<div class=\"col-md-2\">\n\t<a class=\"btn btn-default\" href=\"\/\/www.gob.mx\/cms\/uploads\/attachment\/file\/482376\/Alerta_sanitaria_Implantes_mamarios_y_expansores.pdf\" target=\"_blank\" rel=\"noopener\">\n\t<span class=\" glyphicon glyphicon-save\" aria-hidden=\"true\"><\/span>\n\t<span class=\"sr-only\">\n\tDescargar documento\n\t<\/span>\n\t<\/a>\n\t<\/div>\n\t<hr class=\"col-md-12 clearfix\">\n\t<\/li>\n\t\n\t\n\t<li class=\"clearfix documents\">\n\t<div class=\"col-md-10\" style=\"text-transform: capitalize\">\n\t17. Aviso_Preventivo_IAAS_<\/div>\n\t<div class=\"col-md-2\">\n\t<a class=\"btn btn-default\" href=\"\/\/www.gob.mx\/cms\/uploads\/attachment\/file\/463836\/Aviso_Preventivo_IAAS_23may19_validado.pdf\" target=\"_blank\" rel=\"noopener\">\n\t<span class=\" glyphicon glyphicon-save\" aria-hidden=\"true\"><\/span>\n\t<span class=\"sr-only\">\n\tDescargar documento\n\t<\/span>\n\t<\/a>\n\t<\/div>\n\t<hr class=\"col-md-12 clearfix\">\n\t<\/li>\n\t\n\t\n\t<li class=\"clearfix documents\">\n\t<div class=\"col-md-10\" style=\"text-transform: capitalize\">\n\t16_Alerta_Sanitaria_Lion_s_International_30082018.pdf<\/div>\n\t<div class=\"col-md-2\">\n\t<a class=\"btn btn-default\" href=\"\/\/www.gob.mx\/cms\/uploads\/attachment\/file\/385180\/Alerta_Sanitaria_Lion_s_International_30082018.pdf\" target=\"_blank\" rel=\"noopener\">\n\t<span class=\" glyphicon glyphicon-save\" aria-hidden=\"true\"><\/span>\n\t<span class=\"sr-only\">\n\tDescargar documento\n\t<\/span>\n\t<\/a>\n\t<\/div>\n\t<hr class=\"col-md-12 clearfix\">\n\t<\/li>\n\t\n\t\n\t<li class=\"clearfix documents\">\n\t<div class=\"col-md-10\" style=\"text-transform: capitalize\">\n\t15_Alerta_Sanitaria_DOPA_MEDICAL_LATINOAMERICA_15_11_2017.pdf<\/div>\n\t<div class=\"col-md-2\">\n\t<a class=\"btn btn-default\" href=\"\/\/www.gob.mx\/cms\/uploads\/attachment\/file\/274578\/Alerta_Sanitaria_DOPA_MEDICAL_LATINOAMERICA_.pdf\" target=\"_blank\" rel=\"noopener\">\n\t<span class=\" glyphicon glyphicon-save\" aria-hidden=\"true\"><\/span>\n\t<span class=\"sr-only\">\n\tDescargar documento\n\t<\/span>\n\t<\/a>\n\t<\/div>\n\t<hr class=\"col-md-12 clearfix\">\n\t<\/li>\n\t\n\t\n\t<li class=\"clearfix documents\">\n\t<div class=\"col-md-10\" style=\"text-transform: capitalize\">\n\t14_ALERTA_SANITARIA_ZIUR_LIFE_10_11_2017.pdf<\/div>\n\t<div class=\"col-md-2\">\n\t<a class=\"btn btn-default\" href=\"\/\/www.gob.mx\/cms\/uploads\/attachment\/file\/271753\/15_ALERTA_SANITARIA_ZIUR_LIFE_10_11_2017.pdf\" target=\"_blank\" rel=\"noopener\">\n\t<span class=\" glyphicon glyphicon-save\" aria-hidden=\"true\"><\/span>\n\t<span class=\"sr-only\">\n\tDescargar documento\n\t<\/span>\n\t<\/a>\n\t<\/div>\n\t<hr class=\"col-md-12 clearfix\">\n\t<\/li>\n\t\n\t\n\t<li class=\"clearfix documents\">\n\t<div class=\"col-md-10\" style=\"text-transform: capitalize\">\n\t13_Alerta_sanitaria_BELLACREAM_20170721<\/div>\n\t<div class=\"col-md-2\">\n\t<a class=\"btn btn-default\" href=\"\/\/www.gob.mx\/cms\/uploads\/attachment\/file\/241277\/13_Alerta_sanitaria_BELLACREAM_20170721.pdf\" target=\"_blank\" rel=\"noopener\">\n\t<span class=\" glyphicon glyphicon-save\" aria-hidden=\"true\"><\/span>\n\t<span class=\"sr-only\">\n\tDescargar documento\n\t<\/span>\n\t<\/a>\n\t<\/div>\n\t<hr class=\"col-md-12 clearfix\">\n\t<\/li>\n\t\n\t\n\t<li class=\"clearfix documents\">\n\t<div class=\"col-md-10\" style=\"text-transform: capitalize\">\n\t12_Alerta_sanitaria_CREMA_UPSIZE_20170719<\/div>\n\t<div class=\"col-md-2\">\n\t<a class=\"btn btn-default\" href=\"\/\/www.gob.mx\/cms\/uploads\/attachment\/file\/240890\/12_Alerta_sanitaria_CREMA_UPSIZE_20170719.pdf\" target=\"_blank\" rel=\"noopener\">\n\t<span class=\" glyphicon glyphicon-save\" aria-hidden=\"true\"><\/span>\n\t<span class=\"sr-only\">\n\tDescargar documento\n\t<\/span>\n\t<\/a>\n\t<\/div>\n\t<hr class=\"col-md-12 clearfix\">\n\t<\/li>\n\t\n\t\n\t<li class=\"clearfix documents\">\n\t<div class=\"col-md-10\" style=\"text-transform: capitalize\">\n\t11_Alerta_sanitaria_CREMA_LA_MILAGROSA_actualizaci_n_20170721<\/div>\n\t<div class=\"col-md-2\">\n\t<a class=\"btn btn-default\" href=\"\/\/www.gob.mx\/cms\/uploads\/attachment\/file\/247053\/11_Alerta_sanitaria_CREMA_LA_MILAGROSA_actualizaci_n_20170721.pdf\" target=\"_blank\" rel=\"noopener\">\n\t<span class=\" glyphicon glyphicon-save\" aria-hidden=\"true\"><\/span>\n\t<span class=\"sr-only\">\n\tDescargar documento\n\t<\/span>\n\t<\/a>\n\t<\/div>\n\t<hr class=\"col-md-12 clearfix\">\n\t<\/li>\n\t\n\t\n\t<li class=\"clearfix documents\">\n\t<div class=\"col-md-10\" style=\"text-transform: capitalize\">\n\t10_Alerta_sanitaria_Copa_Menstrual__actualizaci_n_07_02_17_<\/div>\n\t<div class=\"col-md-2\">\n\t<a class=\"btn btn-default\" href=\"\/\/www.gob.mx\/cms\/uploads\/attachment\/file\/189158\/10_Alerta_sanitaria_Copa_Menstrual__actualizaci_n_07_02_17_.pdf\" target=\"_blank\" rel=\"noopener\">\n\t<span class=\" glyphicon glyphicon-save\" aria-hidden=\"true\"><\/span>\n\t<span class=\"sr-only\">\n\tDescargar documento\n\t<\/span>\n\t<\/a>\n\t<\/div>\n\t<hr class=\"col-md-12 clearfix\">\n\t<\/li>\n\t\n\t\n\t<li class=\"clearfix documents\">\n\t<div class=\"col-md-10\" style=\"text-transform: capitalize\">\n\t9_Alerta_sanitaria_PRODUCTOS_DO_TERRA_06092016<\/div>\n\t<div class=\"col-md-2\">\n\t<a class=\"btn btn-default\" href=\"\/\/www.gob.mx\/cms\/uploads\/attachment\/file\/135858\/9_Alerta_sanitaria_PRODUCTOS_DO_TERRA_06092016.pdf\" target=\"_blank\" rel=\"noopener\">\n\t<span class=\" glyphicon glyphicon-save\" aria-hidden=\"true\"><\/span>\n\t<span class=\"sr-only\">\n\tDescargar documento\n\t<\/span>\n\t<\/a>\n\t<\/div>\n\t<hr class=\"col-md-12 clearfix\">\n\t<\/li>\n\t\n\t\n\t<li class=\"clearfix documents\">\n\t<div class=\"col-md-10\" style=\"text-transform: capitalize\">\n\t8_Alerta_sanitaria_MARIGUANOL_EXTRA_y_MARIHUANARNICA_12082016<\/div>\n\t<div class=\"col-md-2\">\n\t<a class=\"btn btn-default\" href=\"\/\/www.gob.mx\/cms\/uploads\/attachment\/file\/127359\/8_Alerta_sanitaria_MARIGUANOL_EXTRA_y_MARIHUANARNICA_12082016.pdf\" target=\"_blank\" rel=\"noopener\">\n\t<span class=\" glyphicon glyphicon-save\" aria-hidden=\"true\"><\/span>\n\t<span class=\"sr-only\">\n\tDescargar documento\n\t<\/span>\n\t<\/a>\n\t<\/div>\n\t<hr class=\"col-md-12 clearfix\">\n\t<\/li>\n\t\n\t\n\t<li class=\"clearfix documents\">\n\t<div class=\"col-md-10\" style=\"text-transform: capitalize\">\n\t7_Alerta_sanitaria_PRODUCTOS_NO_CRUDA_04052016<\/div>\n\t<div class=\"col-md-2\">\n\t<a class=\"btn btn-default\" href=\"\/\/www.gob.mx\/cms\/uploads\/attachment\/file\/116574\/7_Alerta_sanitaria_PRODUCTOS_NO_CRUDA_04052016.pdf\" target=\"_blank\" rel=\"noopener\">\n\t<span class=\" glyphicon glyphicon-save\" aria-hidden=\"true\"><\/span>\n\t<span class=\"sr-only\">\n\tDescargar documento\n\t<\/span>\n\t<\/a>\n\t<\/div>\n\t<hr class=\"col-md-12 clearfix\">\n\t<\/li>\n\t\n\t\n\t<li class=\"clearfix documents\">\n\t<div class=\"col-md-10\" style=\"text-transform: capitalize\">\n\t6_Alerta_sanitaria_COPA_MENSTRUAL_03022016<\/div>\n\t<div class=\"col-md-2\">\n\t<a class=\"btn btn-default\" href=\"\/\/www.gob.mx\/cms\/uploads\/attachment\/file\/116573\/6_Alerta_sanitaria_COPA_MENSTRUAL_03022016.pdf\" target=\"_blank\" rel=\"noopener\">\n\t<span class=\" glyphicon glyphicon-save\" aria-hidden=\"true\"><\/span>\n\t<span class=\"sr-only\">\n\tDescargar documento\n\t<\/span>\n\t<\/a>\n\t<\/div>\n\t<hr class=\"col-md-12 clearfix\">\n\t<\/li>\n\t\n\t\n\t<li class=\"clearfix documents\">\n\t<div class=\"col-md-10\" style=\"text-transform: capitalize\">\n\t5_Alerta_sanitaria_CREMA_PIEL_DE_SEDA_VIANSILK_16012016<\/div>\n\t<div class=\"col-md-2\">\n\t<a class=\"btn btn-default\" href=\"\/\/www.gob.mx\/cms\/uploads\/attachment\/file\/116579\/5_Alerta_sanitaria_CREMA_PIEL_DE_SEDA_VIANSILK_16012016.pdf\" target=\"_blank\" rel=\"noopener\">\n\t<span class=\" glyphicon glyphicon-save\" aria-hidden=\"true\"><\/span>\n\t<span class=\"sr-only\">\n\tDescargar documento\n\t<\/span>\n\t<\/a>\n\t<\/div>\n\t<hr class=\"col-md-12 clearfix\">\n\t<\/li>\n\t\n\t\n\t<li class=\"clearfix documents\">\n\t<div class=\"col-md-10\" style=\"text-transform: capitalize\">\n\t4_Alerta_sanitaria_TALCO_PARA_DIAB_TICO_16122015<\/div>\n\t<div class=\"col-md-2\">\n\t<a class=\"btn btn-default\" href=\"\/\/www.gob.mx\/cms\/uploads\/attachment\/file\/116578\/4_Alerta_sanitaria_TALCO_PARA_DIAB_TICO_16122015.pdf\" target=\"_blank\" rel=\"noopener\">\n\t<span class=\" glyphicon glyphicon-save\" aria-hidden=\"true\"><\/span>\n\t<span class=\"sr-only\">\n\tDescargar documento\n\t<\/span>\n\t<\/a>\n\t<\/div>\n\t<hr class=\"col-md-12 clearfix\">\n\t<\/li>\n\t\n\t\n\t<li class=\"clearfix documents\">\n\t<div class=\"col-md-10\" style=\"text-transform: capitalize\">\n\t3_Alerta_sanitaria_ENFAMIL_PREMATUROS_ENFACARE_PREMIUM_20032015<\/div>\n\t<div class=\"col-md-2\">\n\t<a class=\"btn btn-default\" href=\"\/\/www.gob.mx\/cms\/uploads\/attachment\/file\/116577\/3_Alerta_sanitaria_ENFAMIL_PREMATUROS_ENFACARE_PREMIUM_20032015.pdf\" target=\"_blank\" rel=\"noopener\">\n\t<span class=\" glyphicon glyphicon-save\" aria-hidden=\"true\"><\/span>\n\t<span class=\"sr-only\">\n\tDescargar documento\n\t<\/span>\n\t<\/a>\n\t<\/div>\n\t<hr class=\"col-md-12 clearfix\">\n\t<\/li>\n\t\n\t\n\t<li class=\"clearfix documents\">\n\t<div class=\"col-md-10\" style=\"text-transform: capitalize\">\n\t2_Alerta_sanitaria_TOALLAS_H_MEDAS_PARA_BEB__22102014<\/div>\n\t<div class=\"col-md-2\">\n\t<a class=\"btn btn-default\" href=\"\/\/www.gob.mx\/cms\/uploads\/attachment\/file\/116576\/2_Alerta_sanitaria_TOALLAS_H_MEDAS_PARA_BEB__22102014.pdf\" target=\"_blank\" rel=\"noopener\">\n\t<span class=\" glyphicon glyphicon-save\" aria-hidden=\"true\"><\/span>\n\t<span class=\"sr-only\">\n\tDescargar documento\n\t<\/span>\n\t<\/a>\n\t<\/div>\n\t<hr class=\"col-md-12 clearfix\">\n\t<\/li>\n\t\n\t\n\t<li class=\"clearfix documents\">\n\t<div class=\"col-md-10\" style=\"text-transform: capitalize\">\n\t1_Alerta_sanitaria_ASTRINGOSOL_SIN_ALCOHOL_11092014<\/div>\n\t<div class=\"col-md-2\">\n\t<a class=\"btn btn-default\" href=\"\/\/www.gob.mx\/cms\/uploads\/attachment\/file\/116575\/1_Alerta_sanitaria_ASTRINGOSOL_SIN_ALCOHOL_11092014.pdf\" target=\"_blank\" rel=\"noopener\">\n\t<span class=\" glyphicon glyphicon-save\" aria-hidden=\"true\"><\/span>\n\t<span class=\"sr-only\">\n\tDescargar documento\n\t<\/span>\n\t<\/a>\n\t<\/div>\n\t<hr class=\"col-md-12 clearfix\">\n\t<\/li>\n\t\n\t\n\t<li class=\"clearfix documents\">\n\t<div class=\"col-md-10\" style=\"text-transform: capitalize\">\n\tActualizaci\u00f3n del aviso de Lecrercia 02062019<\/div>\n\t<div class=\"col-md-2\">\n\t<a class=\"btn btn-default\" href=\"\/\/www.gob.mx\/cms\/uploads\/attachment\/file\/467335\/Actualizaci_n_del_aviso_de_Lecrercia_02062019.pdf\" target=\"_blank\" rel=\"noopener\">\n\t<span class=\" glyphicon glyphicon-save\" aria-hidden=\"true\"><\/span>\n\t<span class=\"sr-only\">\n\tDescargar documento\n\t<\/span>\n\t<\/a>\n\t<\/div>\n\t<hr class=\"col-md-12 clearfix\">\n\t<\/li>\n\t<\/ul>\n\t<\/div>\n","protected":false},"excerpt":{"rendered":"<p>En esta secci\u00f3n encontrar\u00e1s las alertas sanitarias que la COFEPRIS emite, sobre la probable afectaci\u00f3n a la salud de la<\/p>\n","protected":false},"author":17,"featured_media":0,"parent":0,"menu_order":0,"comment_status":"closed","ping_status":"closed","template":"","meta":{"colormag_page_container_layout":"default_layout","colormag_page_sidebar_layout":"default_layout","footnotes":""},"class_list":["post-3850","page","type-page","status-publish","hentry"],"_links":{"self":[{"href":"https:\/\/www.ssaver.gob.mx\/riesgos-sanitarios\/wp-json\/wp\/v2\/pages\/3850","targetHints":{"allow":["GET"]}}],"collection":[{"href":"https:\/\/www.ssaver.gob.mx\/riesgos-sanitarios\/wp-json\/wp\/v2\/pages"}],"about":[{"href":"https:\/\/www.ssaver.gob.mx\/riesgos-sanitarios\/wp-json\/wp\/v2\/types\/page"}],"author":[{"embeddable":true,"href":"https:\/\/www.ssaver.gob.mx\/riesgos-sanitarios\/wp-json\/wp\/v2\/users\/17"}],"replies":[{"embeddable":true,"href":"https:\/\/www.ssaver.gob.mx\/riesgos-sanitarios\/wp-json\/wp\/v2\/comments?post=3850"}],"version-history":[{"count":3,"href":"https:\/\/www.ssaver.gob.mx\/riesgos-sanitarios\/wp-json\/wp\/v2\/pages\/3850\/revisions"}],"predecessor-version":[{"id":3927,"href":"https:\/\/www.ssaver.gob.mx\/riesgos-sanitarios\/wp-json\/wp\/v2\/pages\/3850\/revisions\/3927"}],"wp:attachment":[{"href":"https:\/\/www.ssaver.gob.mx\/riesgos-sanitarios\/wp-json\/wp\/v2\/media?parent=3850"}],"curies":[{"name":"wp","href":"https:\/\/api.w.org\/{rel}","templated":true}]}}