{"id":3951,"date":"2023-05-12T04:49:52","date_gmt":"2023-05-12T09:49:52","guid":{"rendered":"https:\/\/www.ssaver.gob.mx\/riesgos-sanitarios\/?page_id=3951"},"modified":"2023-05-15T07:46:30","modified_gmt":"2023-05-15T12:46:30","slug":"normas-oficiales","status":"publish","type":"page","link":"https:\/\/www.ssaver.gob.mx\/riesgos-sanitarios\/normas-oficiales\/","title":{"rendered":"Normas oficiales SYTES"},"content":{"rendered":"\n<div style=\"height:24px\" aria-hidden=\"true\" class=\"wp-block-spacer\"><\/div>\n\n\n\n<p class=\"has-medium-font-size\">Consulta por temas las Normas Oficiales Mexicanas del Comit\u00e9 Consultivo Nacional de Normalizaci\u00f3n de Regulaci\u00f3n y Fomento Sanitario, las cuales establecen las reglas, especificaciones, atributos, directrices, caracter\u00edsticas o prescripciones aplicables a un producto, proceso, instalaci\u00f3n, sistema, actividad, servicio o m\u00e9todo de producci\u00f3n u operaci\u00f3n, as\u00ed como aquellas relativas a terminolog\u00eda, simbolog\u00eda, embalaje, marcado o etiquetado, as\u00ed como las que se refieran a su cumplimiento o aplicaci\u00f3n en materia de control y fomento sanitario.<\/p>\n\n\n\n<div style=\"height:24px\" aria-hidden=\"true\" class=\"wp-block-spacer\"><\/div>\n\n\n\n<p class=\"has-medium-font-size\">Seleccione la norma oficial dando clic sobre la celda correspondiente:<\/p>\n\n\n\n<div style=\"height:24px\" aria-hidden=\"true\" class=\"wp-block-spacer\"><\/div>\n\n\n\n<figure class=\"wp-block-table alignleft is-style-regular has-medium-font-size\"><table class=\"has-white-color has-white-background-color has-text-color has-background\"><tbody><tr><td class=\"has-text-align-left\" data-align=\"left\"><a href=\"http:\/\/transparencia.cofepris.gob.mx\/index.php\/es\/marco-juridico\/normas-oficiales-mexicanas\/agua\">Agua<\/a><\/td><\/tr><tr><td class=\"has-text-align-left\" data-align=\"left\"><a href=\"http:\/\/transparencia.cofepris.gob.mx\/index.php\/es\/marco-juridico\/normas-oficiales-mexicanas\/alcohol\">Alcohol<\/a><\/td><\/tr><tr><td class=\"has-text-align-left\" data-align=\"left\"><a href=\"http:\/\/transparencia.cofepris.gob.mx\/index.php\/es\/marco-juridico\/normas-oficiales-mexicanas\/buenas-practicas\">Buenas pr\u00e1cticas<\/a><\/td><\/tr><tr><td class=\"has-text-align-left\" data-align=\"left\"><a href=\"http:\/\/transparencia.cofepris.gob.mx\/index.php\/es\/marco-juridico\/normas-oficiales-mexicanas\/calidad-del-aire\">Calidad del aire<\/a><\/td><\/tr><tr><td class=\"has-text-align-left\" data-align=\"left\"><a href=\"http:\/\/transparencia.cofepris.gob.mx\/index.php\/es\/marco-juridico\/normas-oficiales-mexicanas\/dispositivos-medicos\">Dispositivos m\u00e9dicos<\/a><\/td><\/tr><tr><td class=\"has-text-align-left\" data-align=\"left\"><a href=\"http:\/\/transparencia.cofepris.gob.mx\/index.php\/es\/marco-juridico\/normas-oficiales-mexicanas\/envases\">Envases<\/a><\/td><\/tr><tr><td class=\"has-text-align-left\" data-align=\"left\"><a href=\"http:\/\/transparencia.cofepris.gob.mx\/index.php\/es\/marco-juridico\/normas-oficiales-mexicanas\/rayos-x\">Equipo de rayos X<\/a><\/td><\/tr><tr><td class=\"has-text-align-left\" data-align=\"left\"><a href=\"http:\/\/transparencia.cofepris.gob.mx\/index.php\/es\/marco-juridico\/normas-oficiales-mexicanas\/instrumentos-medicos-y-quirurgicos\">Equipos e Instrumentos M\u00e9dicos y Quir\u00fargicos<\/a><\/td><\/tr><tr><td class=\"has-text-align-left\" data-align=\"left\"><a href=\"http:\/\/transparencia.cofepris.gob.mx\/index.php\/es\/marco-juridico\/normas-oficiales-mexicanas\/etiquetado\">Etiquetado<\/a><\/td><\/tr><tr><td class=\"has-text-align-left\" data-align=\"left\"><a href=\"http:\/\/transparencia.cofepris.gob.mx\/index.php\/es\/marco-juridico\/normas-oficiales-mexicanas\/evaluacion-y-analisis-de-riesgo\">Evaluaci\u00f3n y An\u00e1lisis de Riesgo<\/a><\/td><\/tr><tr><td class=\"has-text-align-left\" data-align=\"left\"><a href=\"http:\/\/transparencia.cofepris.gob.mx\/index.php\/es\/marco-juridico\/normas-oficiales-mexicanas\/farmacos\">F\u00e1rmacos<\/a><\/td><\/tr><tr><td class=\"has-text-align-left\" data-align=\"left\"><a href=\"http:\/\/transparencia.cofepris.gob.mx\/index.php\/es\/marco-juridico\/normas-oficiales-mexicanas\/farmacopea\">Farmacopea<\/a><\/td><\/tr><tr><td class=\"has-text-align-left\" data-align=\"left\"><a href=\"http:\/\/transparencia.cofepris.gob.mx\/index.php\/es\/marco-juridico\/normas-oficiales-mexicanas\/formula-lactea\">F\u00f3rmula para Lactantes<\/a><\/td><\/tr><tr><td class=\"has-text-align-left\" data-align=\"left\"><a href=\"http:\/\/transparencia.cofepris.gob.mx\/index.php\/es\/marco-juridico\/normas-oficiales-mexicanas\/laboratorios\">Laboratorios<\/a><\/td><\/tr><tr><td class=\"has-text-align-left\" data-align=\"left\"><a href=\"http:\/\/transparencia.cofepris.gob.mx\/index.php\/es\/marco-juridico\/normas-oficiales-mexicanas\/medicamentos\">Medicamentos<\/a><\/td><\/tr><tr><td class=\"has-text-align-left\" data-align=\"left\"><a href=\"http:\/\/transparencia.cofepris.gob.mx\/index.php\/es\/marco-juridico\/normas-oficiales-mexicanas\/metodos-de-prueba\">M\u00e9todos de Prueba<\/a><\/td><\/tr><tr><td class=\"has-text-align-left\" data-align=\"left\"><a href=\"http:\/\/transparencia.cofepris.gob.mx\/index.php\/es\/marco-juridico\/normas-oficiales-mexicanas\/nutrientes-vegetales\">Nutrientes Vegetales<\/a><\/td><\/tr><tr><td class=\"has-text-align-left\" data-align=\"left\"><a href=\"http:\/\/transparencia.cofepris.gob.mx\/index.php\/es\/marco-juridico\/normas-oficiales-mexicanas\/plaguicidas\">Plaguicidas<\/a><\/td><\/tr><tr><td class=\"has-text-align-left\" data-align=\"left\"><a href=\"http:\/\/transparencia.cofepris.gob.mx\/index.php\/es\/marco-juridico\/normas-oficiales-mexicanas\/plomo\">Plomo<\/a><\/td><\/tr><tr><td class=\"has-text-align-left\" data-align=\"left\"><a href=\"http:\/\/transparencia.cofepris.gob.mx\/index.php\/es\/marco-juridico\/normas-oficiales-mexicanas\/cosmeticos\">Productos Cosm\u00e9ticos<\/a><\/td><\/tr><tr><td class=\"has-text-align-left\" data-align=\"left\"><a href=\"http:\/\/transparencia.cofepris.gob.mx\/index.php\/es\/marco-juridico\/normas-oficiales-mexicanas\/reactivos-y-cultivos\">Reactivos y Medios de Cultivo<\/a><\/td><\/tr><tr><td class=\"has-text-align-left\" data-align=\"left\"><a href=\"http:\/\/transparencia.cofepris.gob.mx\/index.php\/es\/marco-juridico\/normas-oficiales-mexicanas\/herbolarios\">Remedios Herbolarios<\/a><\/td><\/tr><tr><td class=\"has-text-align-left\" data-align=\"left\"><a href=\"http:\/\/transparencia.cofepris.gob.mx\/index.php\/es\/marco-juridico\/normas-oficiales-mexicanas\/rpbis\">Residuos Peligrosos Biol\u00f3gico-Infecciosos<\/a><\/td><\/tr><tr><td class=\"has-text-align-left\" data-align=\"left\"><a href=\"http:\/\/transparencia.cofepris.gob.mx\/index.php\/es\/marco-juridico\/normas-oficiales-mexicanas\/salud-ocupacional\">Salud Ocupacional<\/a><\/td><\/tr><tr><td class=\"has-text-align-left\" data-align=\"left\"><a href=\"http:\/\/transparencia.cofepris.gob.mx\/index.php\/es\/marco-juridico\/normas-oficiales-mexicanas\/sangre-humana\">Sangre Humana<\/a><\/td><\/tr><tr><td class=\"has-text-align-left\" data-align=\"left\"><a href=\"http:\/\/transparencia.cofepris.gob.mx\/index.php\/es\/marco-juridico\/normas-oficiales-mexicanas\/suplementos\">Suplementos Alimenticios<\/a><\/td><\/tr><tr><td class=\"has-text-align-left\" data-align=\"left\"><a href=\"http:\/\/transparencia.cofepris.gob.mx\/index.php\/es\/marco-juridico\/normas-oficiales-mexicanas\/sustancias-toxicas\">Sustancias T\u00f3xicas<\/a><\/td><\/tr><\/tbody><\/table><\/figure>\n","protected":false},"excerpt":{"rendered":"<p>Consulta por temas las Normas Oficiales Mexicanas del Comit\u00e9 Consultivo Nacional de Normalizaci\u00f3n de Regulaci\u00f3n y Fomento Sanitario, las cuales<\/p>\n","protected":false},"author":17,"featured_media":0,"parent":0,"menu_order":0,"comment_status":"closed","ping_status":"closed","template":"","meta":{"colormag_page_container_layout":"default_layout","colormag_page_sidebar_layout":"default_layout","footnotes":""},"class_list":["post-3951","page","type-page","status-publish","hentry"],"_links":{"self":[{"href":"https:\/\/www.ssaver.gob.mx\/riesgos-sanitarios\/wp-json\/wp\/v2\/pages\/3951","targetHints":{"allow":["GET"]}}],"collection":[{"href":"https:\/\/www.ssaver.gob.mx\/riesgos-sanitarios\/wp-json\/wp\/v2\/pages"}],"about":[{"href":"https:\/\/www.ssaver.gob.mx\/riesgos-sanitarios\/wp-json\/wp\/v2\/types\/page"}],"author":[{"embeddable":true,"href":"https:\/\/www.ssaver.gob.mx\/riesgos-sanitarios\/wp-json\/wp\/v2\/users\/17"}],"replies":[{"embeddable":true,"href":"https:\/\/www.ssaver.gob.mx\/riesgos-sanitarios\/wp-json\/wp\/v2\/comments?post=3951"}],"version-history":[{"count":33,"href":"https:\/\/www.ssaver.gob.mx\/riesgos-sanitarios\/wp-json\/wp\/v2\/pages\/3951\/revisions"}],"predecessor-version":[{"id":4062,"href":"https:\/\/www.ssaver.gob.mx\/riesgos-sanitarios\/wp-json\/wp\/v2\/pages\/3951\/revisions\/4062"}],"wp:attachment":[{"href":"https:\/\/www.ssaver.gob.mx\/riesgos-sanitarios\/wp-json\/wp\/v2\/media?parent=3951"}],"curies":[{"name":"wp","href":"https:\/\/api.w.org\/{rel}","templated":true}]}}