{"id":4004,"date":"2023-05-15T06:15:00","date_gmt":"2023-05-15T11:15:00","guid":{"rendered":"https:\/\/www.ssaver.gob.mx\/riesgos-sanitarios\/?page_id=4004"},"modified":"2023-05-15T07:29:33","modified_gmt":"2023-05-15T12:29:33","slug":"farmacovigilancia","status":"publish","type":"page","link":"https:\/\/www.ssaver.gob.mx\/riesgos-sanitarios\/farmacovigilancia\/","title":{"rendered":"Farmacovigilancia"},"content":{"rendered":"\n<figure class=\"wp-block-image size-full\"><img loading=\"lazy\" decoding=\"async\" width=\"1691\" height=\"751\" src=\"https:\/\/www.ssaver.gob.mx\/riesgos-sanitarios\/wp-content\/uploads\/sites\/16\/2023\/05\/farmacovigilancia3.png\" alt=\"\" class=\"wp-image-4031\" srcset=\"https:\/\/www.ssaver.gob.mx\/riesgos-sanitarios\/wp-content\/uploads\/sites\/16\/2023\/05\/farmacovigilancia3.png 1691w, https:\/\/www.ssaver.gob.mx\/riesgos-sanitarios\/wp-content\/uploads\/sites\/16\/2023\/05\/farmacovigilancia3-300x133.png 300w, https:\/\/www.ssaver.gob.mx\/riesgos-sanitarios\/wp-content\/uploads\/sites\/16\/2023\/05\/farmacovigilancia3-1024x455.png 1024w, https:\/\/www.ssaver.gob.mx\/riesgos-sanitarios\/wp-content\/uploads\/sites\/16\/2023\/05\/farmacovigilancia3-768x341.png 768w, https:\/\/www.ssaver.gob.mx\/riesgos-sanitarios\/wp-content\/uploads\/sites\/16\/2023\/05\/farmacovigilancia3-1536x682.png 1536w\" sizes=\"auto, (max-width: 1691px) 100vw, 1691px\" \/><\/figure>\n\n\n\n<div style=\"height:16px\" aria-hidden=\"true\" class=\"wp-block-spacer\"><\/div>\n\n\n\n<p class=\"has-text-align-center has-medium-font-size\">Utilizar a la Farmacovigilancia como herramienta que permita conocer el perfil de seguridad de los medicamentos.<\/p>\n\n\n\n<div style=\"height:25px\" aria-hidden=\"true\" class=\"wp-block-spacer\"><\/div>\n\n\n\n<p class=\"has-white-color has-text-color has-background has-medium-font-size\" style=\"background-color:#b9babc\"><strong>Marco Normativo<\/strong><\/p>\n\n\n\n<ul class=\"wp-block-list\">\n<li><strong><a rel=\"noreferrer noopener\" href=\"https:\/\/www.ssaver.gob.mx\/proteccioncontrariesgossanitarios\/wp-content\/uploads\/sites\/10\/2022\/12\/DOF-NOM-220-2016.pdf\" target=\"_blank\">Norma Oficial Mexicana NOM-220-SSA1-2016, Instalaci\u00f3n y Operaci\u00f3n de la Farmacovigilancia.<\/a><\/strong><\/li>\n\n\n\n<li><strong><a rel=\"noreferrer noopener\" href=\"https:\/\/www.ssaver.gob.mx\/proteccioncontrariesgossanitarios\/wp-content\/uploads\/sites\/10\/2022\/12\/NOM240SSA12012-TV.pdf\" target=\"_blank\">Norma Oficial Mexicana NOM-240-SSA1-2012, Instalaci\u00f3n y operaci\u00f3n de la Tecnovigilancia.<\/a><\/strong><\/li>\n\n\n\n<li><a rel=\"noreferrer noopener\" href=\"https:\/\/www.ssaver.gob.mx\/proteccioncontrariesgossanitarios\/wp-content\/uploads\/sites\/10\/2022\/12\/NOM-036-SSA2-2012-V.pdf\" target=\"_blank\"><strong>Norma Oficial Mexicana NOM-036-SSA2-2012, Prevenci\u00f3n y control de enfermedades. Aplicaci\u00f3n de vacunas, toxoides, faboter\u00e1picos (sueros), inmunoglobulinas en el humano.<\/strong><\/a><\/li>\n\n\n\n<li><a href=\"https:\/\/www.ssaver.gob.mx\/proteccioncontrariesgossanitarios\/wp-content\/uploads\/sites\/10\/2022\/12\/Lineamientos_de_UFV_firmados-1.pdf\"><strong>Lineamientos para dar de alta, modificaci\u00f3n o baja de unidad y\/o responsable de farmacovigilancia de acuerdo a lo establecido en la Norma Oficial Mexicana NOM-220-SSA1-2016 \u2013 Instalaci\u00f3n y Operaci\u00f3n de la Farmacovigilancia<\/strong><\/a><\/li>\n<\/ul>\n\n\n\n<div style=\"height:25px\" aria-hidden=\"true\" class=\"wp-block-spacer\"><\/div>\n\n\n\n<p class=\"has-white-color has-text-color has-background has-medium-font-size\" style=\"background-color:#b9babc\"><strong>Formatos de notificaci\u00f3n<\/strong><\/p>\n\n\n\n<div style=\"height:25px\" aria-hidden=\"true\" class=\"wp-block-spacer\"><\/div>\n\n\n\n<div class=\"wp-block-columns is-layout-flex wp-container-core-columns-is-layout-28f84493 wp-block-columns-is-layout-flex\">\n<div class=\"wp-block-column is-layout-flow wp-block-column-is-layout-flow\">\n<figure class=\"wp-block-image size-large\"><img decoding=\"async\" src=\"https:\/\/www.ssaver.gob.mx\/proteccioncontrariesgossanitarios\/wp-content\/uploads\/sites\/10\/2022\/12\/EXTRAS-13-300x259.png\" alt=\"\" \/><\/figure>\n<\/div>\n\n\n\n<div class=\"wp-block-column is-layout-flow wp-block-column-is-layout-flow\">\n<figure class=\"wp-block-image size-large\"><img decoding=\"async\" src=\"https:\/\/www.ssaver.gob.mx\/proteccioncontrariesgossanitarios\/wp-content\/uploads\/sites\/10\/2022\/12\/EXTRAS-11-300x259.png\" alt=\"\" \/><\/figure>\n<\/div>\n\n\n\n<div class=\"wp-block-column is-layout-flow wp-block-column-is-layout-flow\">\n<figure class=\"wp-block-image size-large\"><img decoding=\"async\" src=\"https:\/\/www.ssaver.gob.mx\/proteccioncontrariesgossanitarios\/wp-content\/uploads\/sites\/10\/2022\/12\/EXTRAS-12-300x259.png\" alt=\"\" \/><\/figure>\n<\/div>\n<\/div>\n\n\n\n<div style=\"height:25px\" aria-hidden=\"true\" class=\"wp-block-spacer\"><\/div>\n\n\n\n<p class=\"has-white-color has-text-color has-background has-medium-font-size\" style=\"background-color:#b9babc\"><strong>\u00bfQue es Farmacovigilancia?<\/strong><\/p>\n\n\n\n<div style=\"height:25px\" aria-hidden=\"true\" class=\"wp-block-spacer\"><\/div>\n\n\n\n<p class=\"has-medium-font-size\">Observe el siguiente video y revise \u00bfQue es la farmacovigilancia?<\/p>\n\n\n\n<div style=\"height:25px\" aria-hidden=\"true\" class=\"wp-block-spacer\"><\/div>\n\n\n\n<figure class=\"wp-block-video\"><video controls poster=\"https:\/\/www.ssaver.gob.mx\/riesgos-sanitarios\/wp-content\/uploads\/sites\/16\/2023\/05\/play3.png\" src=\"https:\/\/www.ssaver.gob.mx\/proteccioncontrariesgossanitarios\/wp-content\/uploads\/sites\/10\/2023\/01\/VideoFarmacovigilancia-2.mp4\"><\/video><\/figure>\n","protected":false},"excerpt":{"rendered":"<p>Utilizar a la Farmacovigilancia como herramienta que permita conocer el perfil de seguridad de los medicamentos. Marco Normativo Formatos de<\/p>\n","protected":false},"author":17,"featured_media":0,"parent":0,"menu_order":0,"comment_status":"closed","ping_status":"closed","template":"","meta":{"colormag_page_container_layout":"default_layout","colormag_page_sidebar_layout":"default_layout","footnotes":""},"class_list":["post-4004","page","type-page","status-publish","hentry"],"_links":{"self":[{"href":"https:\/\/www.ssaver.gob.mx\/riesgos-sanitarios\/wp-json\/wp\/v2\/pages\/4004","targetHints":{"allow":["GET"]}}],"collection":[{"href":"https:\/\/www.ssaver.gob.mx\/riesgos-sanitarios\/wp-json\/wp\/v2\/pages"}],"about":[{"href":"https:\/\/www.ssaver.gob.mx\/riesgos-sanitarios\/wp-json\/wp\/v2\/types\/page"}],"author":[{"embeddable":true,"href":"https:\/\/www.ssaver.gob.mx\/riesgos-sanitarios\/wp-json\/wp\/v2\/users\/17"}],"replies":[{"embeddable":true,"href":"https:\/\/www.ssaver.gob.mx\/riesgos-sanitarios\/wp-json\/wp\/v2\/comments?post=4004"}],"version-history":[{"count":18,"href":"https:\/\/www.ssaver.gob.mx\/riesgos-sanitarios\/wp-json\/wp\/v2\/pages\/4004\/revisions"}],"predecessor-version":[{"id":4044,"href":"https:\/\/www.ssaver.gob.mx\/riesgos-sanitarios\/wp-json\/wp\/v2\/pages\/4004\/revisions\/4044"}],"wp:attachment":[{"href":"https:\/\/www.ssaver.gob.mx\/riesgos-sanitarios\/wp-json\/wp\/v2\/media?parent=4004"}],"curies":[{"name":"wp","href":"https:\/\/api.w.org\/{rel}","templated":true}]}}