{"id":527,"date":"2022-07-01T12:08:45","date_gmt":"2022-07-01T17:08:45","guid":{"rendered":"https:\/\/www.ssaver.gob.mx\/riesgos-sanitarios\/?page_id=527"},"modified":"2023-09-26T13:17:33","modified_gmt":"2023-09-26T18:17:33","slug":"lineamientos","status":"publish","type":"page","link":"https:\/\/www.ssaver.gob.mx\/riesgos-sanitarios\/lineamientos\/","title":{"rendered":"Lineamientos"},"content":{"rendered":"\n<figure class=\"wp-block-image size-large is-resized\"><img loading=\"lazy\" decoding=\"async\" src=\"https:\/\/www.ssaver.gob.mx\/riesgos-sanitarios\/wp-content\/uploads\/sites\/16\/2022\/10\/Imagen5-1024x441.png\" alt=\"\" class=\"wp-image-3218\" style=\"width:1141px;height:491px\" width=\"1141\" height=\"491\" srcset=\"https:\/\/www.ssaver.gob.mx\/riesgos-sanitarios\/wp-content\/uploads\/sites\/16\/2022\/10\/Imagen5-1024x441.png 1024w, https:\/\/www.ssaver.gob.mx\/riesgos-sanitarios\/wp-content\/uploads\/sites\/16\/2022\/10\/Imagen5-300x129.png 300w, https:\/\/www.ssaver.gob.mx\/riesgos-sanitarios\/wp-content\/uploads\/sites\/16\/2022\/10\/Imagen5-768x331.png 768w, https:\/\/www.ssaver.gob.mx\/riesgos-sanitarios\/wp-content\/uploads\/sites\/16\/2022\/10\/Imagen5-1536x662.png 1536w, https:\/\/www.ssaver.gob.mx\/riesgos-sanitarios\/wp-content\/uploads\/sites\/16\/2022\/10\/Imagen5.png 1601w\" sizes=\"auto, (max-width: 1141px) 100vw, 1141px\" \/><\/figure>\n\n\n\n<div style=\"height:35px\" aria-hidden=\"true\" class=\"wp-block-spacer\"><\/div>\n\n\n\n<p style=\"font-size:18px\">Bienvenido,&nbsp;<strong>d\u00e9 clic sobre la imagen que corresponda al giro de su actividad:<\/strong><\/p>\n\n\n\n<div class=\"wp-block-columns is-layout-flex wp-container-core-columns-is-layout-28f84493 wp-block-columns-is-layout-flex\">\n<div class=\"wp-block-column is-vertically-aligned-center is-layout-flow wp-block-column-is-layout-flow\" style=\"flex-basis:33.33%\">\n<h2 class=\"wp-block-heading has-text-align-center\"><a href=\"https:\/\/www.ssaver.gob.mx\/riesgos-sanitarios\/lineamientos-escuela\/\"><strong>Escuelas<\/strong><\/a><\/h2>\n\n\n\n<h5 class=\"wp-block-heading has-text-align-center\"><a href=\"https:\/\/www.ssaver.gob.mx\/riesgos-sanitarios\/lineamientos-escuela\/\">P\u00fablicas o Privadas<\/a><\/h5>\n<\/div>\n\n\n\n<div class=\"wp-block-column is-layout-flow wp-block-column-is-layout-flow\" style=\"flex-basis:66.66%\">\n<figure class=\"wp-block-image aligncenter size-full is-resized\"><a href=\"https:\/\/www.ssaver.gob.mx\/riesgos-sanitarios\/lineamientos-escuela\/\"><img loading=\"lazy\" decoding=\"async\" src=\"https:\/\/www.ssaver.gob.mx\/riesgos-sanitarios\/wp-content\/uploads\/sites\/16\/2022\/07\/BOTON-ESCUELA-QR.png\" alt=\"\" class=\"wp-image-621\" style=\"width:669px;height:404px\" width=\"669\" height=\"404\" srcset=\"https:\/\/www.ssaver.gob.mx\/riesgos-sanitarios\/wp-content\/uploads\/sites\/16\/2022\/07\/BOTON-ESCUELA-QR.png 943w, https:\/\/www.ssaver.gob.mx\/riesgos-sanitarios\/wp-content\/uploads\/sites\/16\/2022\/07\/BOTON-ESCUELA-QR-300x182.png 300w, https:\/\/www.ssaver.gob.mx\/riesgos-sanitarios\/wp-content\/uploads\/sites\/16\/2022\/07\/BOTON-ESCUELA-QR-768x465.png 768w\" sizes=\"auto, (max-width: 669px) 100vw, 669px\" \/><\/a><\/figure>\n<\/div>\n<\/div>\n\n\n\n<hr class=\"wp-block-separator has-alpha-channel-opacity\"\/>\n\n\n\n<div class=\"wp-block-columns is-layout-flex wp-container-core-columns-is-layout-28f84493 wp-block-columns-is-layout-flex\">\n<div class=\"wp-block-column is-layout-flow wp-block-column-is-layout-flow\" style=\"flex-basis:66.66%\">\n<figure class=\"wp-block-image aligncenter size-full is-resized\"><a href=\"https:\/\/www.ssaver.gob.mx\/riesgos-sanitarios\/establecimientos\"><img loading=\"lazy\" decoding=\"async\" src=\"https:\/\/www.ssaver.gob.mx\/riesgos-sanitarios\/wp-content\/uploads\/sites\/16\/2022\/07\/PROP.-2-PARA-LISTAS-QR-01-e1663958593824.png\" alt=\"\" class=\"wp-image-627\" style=\"width:613px;height:455px\" width=\"613\" height=\"455\" srcset=\"https:\/\/www.ssaver.gob.mx\/riesgos-sanitarios\/wp-content\/uploads\/sites\/16\/2022\/07\/PROP.-2-PARA-LISTAS-QR-01-e1663958593824.png 544w, https:\/\/www.ssaver.gob.mx\/riesgos-sanitarios\/wp-content\/uploads\/sites\/16\/2022\/07\/PROP.-2-PARA-LISTAS-QR-01-e1663958593824-300x223.png 300w\" sizes=\"auto, (max-width: 613px) 100vw, 613px\" \/><\/a><\/figure>\n<\/div>\n\n\n\n<div class=\"wp-block-column is-vertically-aligned-center is-layout-flow wp-block-column-is-layout-flow\" style=\"flex-basis:33.33%\">\n<h2 class=\"wp-block-heading alignwide has-text-align-left\"><a href=\"https:\/\/www.ssaver.gob.mx\/riesgos-sanitarios\/establecimientos\/\"><strong>Establecimientos<\/strong><\/a><\/h2>\n\n\n\n<h5 class=\"wp-block-heading\"><a href=\"https:\/\/www.ssaver.gob.mx\/riesgos-sanitarios\/establecimientos\/\">Instituci\u00f3n, sociedad, asociaci\u00f3n, empresa, industria, compa\u00f1\u00eda, cooperativa, religi\u00f3n y\/o comercio<\/a><\/h5>\n<\/div>\n<\/div>\n\n\n\n<div style=\"height:37px\" aria-hidden=\"true\" class=\"wp-block-spacer\"><\/div>\n\n\n\n<!DOCTYPE html>\n<html lang=\"en\">\n<head>\n  <title>Bootstrap Example<\/title>\n  <meta charset=\"utf-8\">\n  <meta name=\"viewport\" content=\"width=device-width, initial-scale=1\">\n  \n  <!-- Latest compiled and minified CSS -->\n  <link rel=\"stylesheet\" href=\"https:\/\/cdn.jsdelivr.net\/npm\/bootstrap@3.4.1\/dist\/css\/bootstrap.min.css\" integrity=\"sha384-HSMxcRTRxnN+Bdg0JdbxYKrThecOKuH5zCYotlSAcp1+c8xmyTe9GYg1l9a69psu\" crossorigin=\"anonymous\">\n\n  <!-- Optional theme -->\n <link rel=\"stylesheet\" href=\"https:\/\/cdn.jsdelivr.net\/npm\/bootstrap@3.4.1\/dist\/css\/bootstrap-theme.min.css\" integrity=\"sha384-6pzBo3FDv\/PJ8r2KRkGHifhEocL+1X2rVCTTkUfGk7\/0pbek5mMa1upzvWbrUbOZ\" crossorigin=\"anonymous\">\n\n  <script src=\"https:\/\/code.jquery.com\/jquery-3.7.0.min.js\"><\/script>\n  <!-- Latest compiled and minified JavaScript -->\n  <script src=\"https:\/\/cdn.jsdelivr.net\/npm\/bootstrap@3.4.1\/dist\/js\/bootstrap.min.js\" integrity=\"sha384-aJ21OjlMXNL5UyIl\/XNwTMqvzeRMZH2w8c5cRVpzpU8Y5bApTppSuUkhZXN0VxHd\" crossorigin=\"anonymous\"><\/script>\n<\/head>\n<body>\n\n<div class=\"container\">\n\n  <div id=\"myModal\" class=\"modal fade\" tabindex=\"-1\" role=\"dialog\">\n  <div class=\"modal-dialog modal-lg\" role=\"document\">\n    <div class=\"modal-content\">\n      <div class=\"modal-header\">\n        <button type=\"button\" class=\"close\" data-dismiss=\"modal\" aria-label=\"Close\"><span aria-hidden=\"true\">&times;<\/span><\/button>\n        <h4 class=\"modal-title\">AVISO: QUEDA SIN FUNCIONES ESTA PAGINA WEB<\/h4>\n      <\/div>\n      <div class=\"modal-body\">\n        <p style=\"text-align: justify;\">\nDERIVADO DEL ACUERDO QUE ABROGA EL ACUERDO POR EL QUE SE EMITEN LOS LINEAMIENTOS PARA EL REGRESO A LA NUEVA NORMALIDAD DE LAS ACTIVIDADES ECON\u00d3MICAS DE FORMA ORDENADA, GRADUAL Y CAUTA EN EL ESTADO DE VERACRUZ, PUBLICADO EN LA GACETA OFICIAL, EL 22 DE JUNIO DE 2020, N\u00daMERO EXTRAORDINARIO 248, TOMO II. PUBLICADO EN LA GACETA OFICIAL DEL ESTADO DE VERACRUZ.<\/p>\n        <p style=\"text-align: justify;\"><b>QUEDA SIN FUNCIONES ESTA PAGINA WEB<\/b> OFRECIENDOLE LO SIGUIENTE: LA AUTORIDAD SANITARIA BUSCA IMPULSAR Y PROMOVER LA CONFIANZA Y SOLIDARIDAD CIUDADANA A TRAV\u00c9S DE LA PARTICIPACI\u00d3N CONJUNTA MEDIANTE LA INSCRIPCI\u00d3N AL \u00abPADR\u00d3N DE ESTABLECIMIENTOS DE CONFIANZA CIUDADANA: VERACRUZ LIBRE DE RIESGOS SANITARIOS\u00bb CON EL OBJETO DE APEGARSE AL PROGRAMA DE VIGILANCIA PROACTIVA, <b>PODR\u00c1 INICIAR LOS TR\u00c1MITES MEDIANTE LA PLATAFORMA ELECTR\u00d3NICA<\/b> <a href=\"https:\/\/WWW.SSAVER.GOB.MX\/RIESGOS-SANITARIOS\/VIGILANCIA-PROACTIVA\/\" target=\"_blank\" rel=\"noopener\">HTTPS:\/\/WWW.SSAVER.GOB.MX\/RIESGOS-SANITARIOS\/VIGILANCIA-PROACTIVA\/<\/a> PARA SU REGULARIZACI\u00d3N ANTE LA DPRS.<\/p>\n      <\/div>\n      <div class=\"modal-footer\">\n        <button type=\"button\" class=\"btn btn-default\" data-dismiss=\"modal\" style=\"background-image: linear-gradient(to bottom,#fff 0,#780404 100%);\">Cerrar<\/button>\n        <!--<button type=\"button\" class=\"btn btn-primary\">Save changes<\/button>-->\n      <\/div>\n    <\/div><!-- \/.modal-content -->\n  <\/div><!-- \/.modal-dialog -->\n<\/div><!-- \/.modal -->\n  \n<\/div>\n\n<script>\n$(window).on('load', function() {\n        $('#myModal').modal('show');\n    });\n<\/script>\n\n<\/body>\n<\/html>\n","protected":false},"excerpt":{"rendered":"<p>Bienvenido,&nbsp;d\u00e9 clic sobre la imagen que corresponda al giro de su actividad: Escuelas P\u00fablicas o Privadas Establecimientos Instituci\u00f3n, sociedad, asociaci\u00f3n,<\/p>\n","protected":false},"author":17,"featured_media":0,"parent":0,"menu_order":0,"comment_status":"closed","ping_status":"closed","template":"","meta":{"colormag_page_container_layout":"default_layout","colormag_page_sidebar_layout":"default_layout","footnotes":""},"class_list":["post-527","page","type-page","status-publish","hentry"],"_links":{"self":[{"href":"https:\/\/www.ssaver.gob.mx\/riesgos-sanitarios\/wp-json\/wp\/v2\/pages\/527","targetHints":{"allow":["GET"]}}],"collection":[{"href":"https:\/\/www.ssaver.gob.mx\/riesgos-sanitarios\/wp-json\/wp\/v2\/pages"}],"about":[{"href":"https:\/\/www.ssaver.gob.mx\/riesgos-sanitarios\/wp-json\/wp\/v2\/types\/page"}],"author":[{"embeddable":true,"href":"https:\/\/www.ssaver.gob.mx\/riesgos-sanitarios\/wp-json\/wp\/v2\/users\/17"}],"replies":[{"embeddable":true,"href":"https:\/\/www.ssaver.gob.mx\/riesgos-sanitarios\/wp-json\/wp\/v2\/comments?post=527"}],"version-history":[{"count":198,"href":"https:\/\/www.ssaver.gob.mx\/riesgos-sanitarios\/wp-json\/wp\/v2\/pages\/527\/revisions"}],"predecessor-version":[{"id":4199,"href":"https:\/\/www.ssaver.gob.mx\/riesgos-sanitarios\/wp-json\/wp\/v2\/pages\/527\/revisions\/4199"}],"wp:attachment":[{"href":"https:\/\/www.ssaver.gob.mx\/riesgos-sanitarios\/wp-json\/wp\/v2\/media?parent=527"}],"curies":[{"name":"wp","href":"https:\/\/api.w.org\/{rel}","templated":true}]}}