{"id":1149,"date":"2025-01-09T16:23:25","date_gmt":"2025-01-09T22:23:25","guid":{"rendered":"https:\/\/www.ssaver.gob.mx\/salud-publica\/?page_id=1149"},"modified":"2026-03-26T12:46:53","modified_gmt":"2026-03-26T18:46:53","slug":"directorio-salud-mental","status":"publish","type":"page","link":"https:\/\/www.ssaver.gob.mx\/salud-publica\/directorio-salud-mental\/","title":{"rendered":"Directorio Salud Mental"},"content":{"rendered":"\n<div class=\"wp-block-group is-layout-constrained wp-container-core-group-is-layout-9517baca wp-block-group-is-layout-constrained\">\n<div class=\"wp-block-columns is-layout-flex wp-container-core-columns-is-layout-28f84493 wp-block-columns-is-layout-flex\">\n<div class=\"wp-block-column is-layout-flow wp-block-column-is-layout-flow\" style=\"flex-basis:100%\">\n<hr class=\"wp-block-separator has-text-color has-alpha-channel-opacity has-background is-style-wide\" style=\"background-color:#d8bf31;color:#d8bf31\" \/>\n\n\n\n<figure class=\"wp-block-table has-medium-font-size\"><table class=\"has-fixed-layout\"><tbody><tr><td><strong>M\u00f3dulos de salud mental y CISAMES<\/strong><\/td><td>&nbsp; <strong>Servicios de salud de veracruz<\/strong><\/td><\/tr><tr><td><strong>I P\u00e1nuco<\/strong><\/td><td>M\u00f3dulo de Salud Mental. Hospital General de Zona \u00abDr. Manuel I. \u00c1vila\u00bb Calle Juan de la Luz Enr\u00edquez No.19, Col. Maza, P\u00e1nuco, Ver. Tel. 8466881190.<\/td><\/tr><tr><td><strong>II Tuxpan<\/strong><\/td><td>M\u00f3dulo de Salud Mental. Aquiles Serd\u00e1n No. 4, Santiago de la Pe\u00f1a, Ver. Tel. 783 83 7 89 77<\/td><\/tr><tr><td><strong>III Poza Rica<\/strong><\/td><td>M\u00f3dulo de Salud Mental. Cabecera Jurisdiccional Pozo 174 S\/N. Col. Morelos C. P. 93340, Poza Rica, Ver. Tels. 7828220008 y 7828230824 (preguntar por la trabajadora social del m\u00f3dulo de salud mental).<\/td><\/tr><tr><td><strong>IV Mtz. de la Torre<\/strong><\/td><td>M\u00f3dulo de Salud Mental. Cabecera Jurisdiccional Zaragoza, No. 200, Col. Centro C.P. 93600, Mart\u00ednez De La Torre, Ver. Tel. M\u00f3dulo: 2323241201 o 43430 ext. 5055.<\/td><\/tr><tr><td><strong>V Xalapa<\/strong><\/td><td>M\u00f3dulo de Salud Mental. Av. Orizaba 27, 2do. Piso Fraccionamiento, Veracruz, Xalapa, Ver. (Sin Tel\u00e9fono)<\/td><\/tr><tr><td><strong>VI C\u00f3rdoba<\/strong><\/td><td>M\u00f3dulo de Salud Mental. Centro de Salud Urbano de C\u00f3rdoba, Calle 21 No. 913 Col. Jard\u00edn. C.P. 94640, C\u00f3rdoba, Ver. Tel. 271 7 12 11 35<\/td><\/tr><tr><td><strong>VII Orizaba<\/strong><\/td><td>M\u00f3dulo de Salud Mental. Centro de Salud Urbano de Orizaba, Avenida Colon, No. 1231, C. P. 94300, Orizaba, Ver. Tel. 272 724 02 39 (preguntar por la trabajadora social del m\u00f3dulo de salud mental).<\/td><\/tr><tr><td><strong>VIII Veracruz<\/strong><\/td><td>UNEME-CISAME: Av. 20 de Noviembre No. 1074. Col. Centro, C.P. 91700. Anexo al Hospital Regional. Tel. 229 93 1 24 84 (preguntar por la trabajadora social del m\u00f3dulo de salud mental).<\/td><\/tr><tr><td><strong>IX Cosamaloapan<\/strong><\/td><td>M\u00f3dulo de Salud Mental. Hospital General de Zona, Nicol\u00e1s, Bravo No. 306, Col Centro, C.P. 95400, Cosamaloapan, Ver. Tel. 2888821301 (preguntar por el coordinador jurisdiccional de salud mental).<\/td><\/tr><tr><td><strong>X San Andr\u00e9s Tuxtla<\/strong><\/td><td>M\u00f3dulo de Salud Mental. Boulevard 5 de Febrero, no. 10. Col. Primero de mayo, Jurisdicci\u00f3n sanitaria. San Andr\u00e9s Tuxtla, Ver. Tel. 2949421457 \/ 2949422099 y 2949420659.<\/td><\/tr><tr><td><strong>XI Coatzacoalcos<\/strong><\/td><td>UNEME-CISAME: Av. Zaragoza Esq. Bravo, Col. Centro, C. P. 96400; Coatzacoalcos; Ver. Tel. 92 12 12 72 05<\/td><\/tr><\/tbody><\/table><\/figure>\n\n\n\n<figure class=\"wp-block-table has-medium-font-size\"><table class=\"has-fixed-layout\"><tbody><tr><td>&nbsp;<strong>&#8211;<\/strong><\/td><td><strong>Hospitales con servicio de psicolog\u00eda<\/strong><\/td><\/tr><tr><td><strong>Tuxpan<\/strong><\/td><td>\u00c1lvaro Obreg\u00f3n No. 13. Col. Centro C.P. 92800. Tuxpan, Ver. Tels. 783 8 34 01 99, 783 834 35 88. \/ Turno Matutino.<\/td><\/tr><tr><td><strong>Papantla<\/strong><\/td><td>Francisco I. Madero No. 618 Col. Centro C.P. 93400 Papantla, Ver. Tel. 784 84 2 45 29, 2 00 94, 2 44 34, 2 45 28. Turno Matutino.<\/td><\/tr><tr><td><strong>Xalapa Centro Estatal De Cancerolog\u00eda<\/strong><\/td><td>Aguascalientes No. 100 Col. Progreso Macuiltepetl C.P. 91097. Xalapa, Ver. Tel. 228 8 40 09 75 \/ Turno Matutino.<\/td><\/tr><tr><td><strong>Xalapa Centro De Alta Especialidad Dr. Rafael Lucio<\/strong><\/td><td>Adolfo Ru\u00edz Cortines No. 2903. Xalapa, Ver. Tel. 228 81 44 5 00, 8 14 45 10. \/ Turno Matutino.<\/td><\/tr><tr><td><strong>Xalapa Hospital Regional Dr. Luis F. Nach\u00f3n.<\/strong><\/td><td>Pedro Rend\u00f3n No. 1 Zona Centro C.P. 91000 Xalapa, Ver. Tel. 228 8 18 80 90, 818 40 42, 228 81 84 9 20 \/ Turno Matutino.<\/td><\/tr><tr><td><strong>Coatepec<\/strong><\/td><td>Hidalgo y Bravo S\/N, Col. Centro C.P. 91500 Coatepec, Ver. Tel. 288 8 16 00 87, 8 16 02 44. \/ Turno Matutino.<\/td><\/tr><\/tbody><\/table><\/figure>\n\n\n\n<figure class=\"wp-block-table has-medium-font-size\"><table class=\"has-fixed-layout\"><tbody><tr><td><strong>+<\/strong><\/td><td>Hospitales de servicio de psicolog\u00eda<\/td><\/tr><tr><td><strong>Teocelo<\/strong><\/td><td>Covarrubias, No. 2, Col. Centro C.P. 91615. Teocelo, Ver. Tel. 228 8 21 00 16. \/ Turno Matutino.<\/td><\/tr><tr><td><strong>Yanga<\/strong><\/td><td>Km. 341.5 Carretera C\u00f3rdoba-Veracruz Col. Industrial C.P. 94690, C\u00f3rdoba, Ver. Tel. 271 71 20 3 15, 77 217. Turno Matutino.<\/td><\/tr><tr><td><strong>Tlaquilpa<\/strong><\/td><td>Dom. Conocido Carretera Tlaquilpa Astacinga, Comunidad Vista Hermosa C.P. 94800. Tlaquilpa, Ver. Turno Matutino.<\/td><\/tr><tr><td><strong>Tarimoya<\/strong><\/td><td>Av. del \u00c1rbol S\/N Entre Sabino y Nacaxtle. Col. Reserva II, C.P. 91855. Tarimoya, Ver. Tel. 229 9 86 65 69. Turno Matutino.<\/td><\/tr><tr><td><strong>Boca del R\u00edo<\/strong><\/td><td>Calle Aquiles Serd\u00e1n S\/N Col. Ricardo Flores Mag\u00f3n. C.P. 94290, Boca del R\u00edo, Ver. Tel. 229 9 23 48 30 200 y 229 9 23 48 30 201. \/ Turno Matutino.<\/td><\/tr><tr><td><strong>Veracruz<\/strong><\/td><td>Av. 20 de Noviembre No. 1074 Col. Centro C.P. 91700 Veracruz, Ver. Tel. 229 9 55 12 28, 32 11 71 Y 31 29 23. Turno Matutino.<\/td><\/tr><tr><td><strong>Tierra Blanca<\/strong><\/td><td>Av. Julio Mart\u00ednez S\/N Col. Pemex C.P. 95180 Tierra Blanca, Ver. Tel. 274 74 36 977, 74 36 219 Turno Matutino.<\/td><\/tr><tr><td><strong>San Andr\u00e9s<\/strong><\/td><td>Juan de la Barrera No. 54, Col. Bel\u00e9n Grande C.P. 95780. San Andr\u00e9s Tuxtla, Ver. Tel. 294 94 20 447. Turno Matutino.<\/td><\/tr><tr><td><strong>Santiago Tuxtla<\/strong><\/td><td>Carretera Santiago Isla Km. 1.5 C.P. 95830 Santiago Tuxtla, Ver. Tel. 294 94 7 06 69. \/ Turno Matutino.<\/td><\/tr><tr><td><strong>Catemaco<\/strong><\/td><td>Carretera Sontecomapan Km. 1 Col. Linda Vista C.P. 95870. Catemaco, Ver. Tel. 294 94 3 18 40. \/ Turno Matutino.<\/td><\/tr><\/tbody><\/table><\/figure>\n\n\n\n<figure class=\"wp-block-table has-medium-font-size\"><table class=\"has-fixed-layout\"><tbody><tr><td>&#8211;<\/td><td><strong>Jurisdicci\u00f3n sanitaria No. V Xalapa<\/strong><\/td><\/tr><tr><td>Gast\u00f3n Melo<\/td><td>Diego Le\u00f1o 2 Bis. Zona Centro, Xalapa, Ver. Tel. 228 8170890<\/td><\/tr><tr><td>Emiliano Zapata<\/td><td>Ram\u00f3n Caracas Esq. Teresa Pe\u00f1afiel. Col. Emiliano Zapata. Xalapa, Ver. Tel. 228 812 4634<\/td><\/tr><tr><td>Lerdo De Tejada<\/td><td>Coyoac\u00e1n #62. Col. Lerdo De Tejada, Xalapa, Ver. Tel. 228 814 6479<\/td><\/tr><tr><td>Miguel Alem\u00e1n<\/td><td>Av. Miguel Alem\u00e1n #109, Xalapa, Ver. Tel. 228 840 7800<\/td><\/tr><tr><td>Revoluci\u00f3n<\/td><td>Valent\u00edn Canalizo 100, Col. Revoluci\u00f3n, Xalapa, Ver.<\/td><\/tr><tr><td>Maraboto<\/td><td>Santiago Bonilla #85, Col. Obrero Campesina, Xalapa, Ver. Tel. 228 815 6485<\/td><\/tr><\/tbody><\/table><\/figure>\n<\/div>\n<\/div>\n<\/div>\n","protected":false},"excerpt":{"rendered":"<p>M\u00f3dulos de salud mental y CISAMES &nbsp; Servicios de salud de veracruz I P\u00e1nuco M\u00f3dulo de Salud Mental. Hospital General<\/p>\n","protected":false},"author":2,"featured_media":0,"parent":0,"menu_order":0,"comment_status":"closed","ping_status":"closed","template":"","meta":{"colormag_page_container_layout":"default_layout","colormag_page_sidebar_layout":"default_layout","footnotes":""},"class_list":["post-1149","page","type-page","status-publish","hentry"],"_links":{"self":[{"href":"https:\/\/www.ssaver.gob.mx\/salud-publica\/wp-json\/wp\/v2\/pages\/1149","targetHints":{"allow":["GET"]}}],"collection":[{"href":"https:\/\/www.ssaver.gob.mx\/salud-publica\/wp-json\/wp\/v2\/pages"}],"about":[{"href":"https:\/\/www.ssaver.gob.mx\/salud-publica\/wp-json\/wp\/v2\/types\/page"}],"author":[{"embeddable":true,"href":"https:\/\/www.ssaver.gob.mx\/salud-publica\/wp-json\/wp\/v2\/users\/2"}],"replies":[{"embeddable":true,"href":"https:\/\/www.ssaver.gob.mx\/salud-publica\/wp-json\/wp\/v2\/comments?post=1149"}],"version-history":[{"count":2,"href":"https:\/\/www.ssaver.gob.mx\/salud-publica\/wp-json\/wp\/v2\/pages\/1149\/revisions"}],"predecessor-version":[{"id":1739,"href":"https:\/\/www.ssaver.gob.mx\/salud-publica\/wp-json\/wp\/v2\/pages\/1149\/revisions\/1739"}],"wp:attachment":[{"href":"https:\/\/www.ssaver.gob.mx\/salud-publica\/wp-json\/wp\/v2\/media?parent=1149"}],"curies":[{"name":"wp","href":"https:\/\/api.w.org\/{rel}","templated":true}]}}