{"id":1403,"date":"2025-05-14T11:27:52","date_gmt":"2025-05-14T16:27:52","guid":{"rendered":"https:\/\/www.ssaver.gob.mx\/salud-publica\/?page_id=1403"},"modified":"2026-03-26T12:41:36","modified_gmt":"2026-03-26T18:41:36","slug":"chagas","status":"publish","type":"page","link":"https:\/\/www.ssaver.gob.mx\/salud-publica\/chagas\/","title":{"rendered":"Chagas"},"content":{"rendered":"\n<div class=\"wp-block-group is-layout-constrained wp-container-core-group-is-layout-9517baca wp-block-group-is-layout-constrained\">\n<div class=\"wp-block-columns is-layout-flex wp-container-core-columns-is-layout-28f84493 wp-block-columns-is-layout-flex\">\n<div class=\"wp-block-column is-layout-flow wp-block-column-is-layout-flow\" style=\"flex-basis:100%\">\n<div class=\"wp-block-columns is-layout-flex wp-container-core-columns-is-layout-28f84493 wp-block-columns-is-layout-flex\">\n<div class=\"wp-block-column is-layout-flow wp-block-column-is-layout-flow\" style=\"flex-basis:300px\">\n<p class=\"has-text-align-left\" style=\"font-size:24px\">La <strong>enfermedad de Chagas<\/strong>, tambi\u00e9n conocida como <strong>tripanosomiasis americana<\/strong>, es una infecci\u00f3n potencialmente grave causada por el par\u00e1sito <strong><em>Trypanosoma cruzi<\/em><\/strong>. Es end\u00e9mica de Am\u00e9rica Latina, aunque tambi\u00e9n se han reportado casos en otros continentes.<\/p>\n<\/div>\n\n\n\n<div class=\"wp-block-column is-layout-flow wp-block-column-is-layout-flow\"><\/div>\n\n\n\n<div class=\"wp-block-column is-layout-flow wp-block-column-is-layout-flow\" style=\"flex-basis:780px\">\n<figure class=\"wp-block-image size-large\"><img loading=\"lazy\" decoding=\"async\" width=\"1024\" height=\"991\" src=\"https:\/\/www.ssaver.gob.mx\/salud-publica\/wp-content\/uploads\/sites\/42\/2025\/05\/chagas_1-1-1-1024x991.jpg\" alt=\"\" class=\"wp-image-1405\" srcset=\"https:\/\/www.ssaver.gob.mx\/salud-publica\/wp-content\/uploads\/sites\/42\/2025\/05\/chagas_1-1-1-1024x991.jpg 1024w, https:\/\/www.ssaver.gob.mx\/salud-publica\/wp-content\/uploads\/sites\/42\/2025\/05\/chagas_1-1-1-300x290.jpg 300w, https:\/\/www.ssaver.gob.mx\/salud-publica\/wp-content\/uploads\/sites\/42\/2025\/05\/chagas_1-1-1-768x743.jpg 768w, https:\/\/www.ssaver.gob.mx\/salud-publica\/wp-content\/uploads\/sites\/42\/2025\/05\/chagas_1-1-1-1536x1486.jpg 1536w, https:\/\/www.ssaver.gob.mx\/salud-publica\/wp-content\/uploads\/sites\/42\/2025\/05\/chagas_1-1-1-2048x1982.jpg 2048w\" sizes=\"auto, (max-width: 1024px) 100vw, 1024px\" \/><\/figure>\n<\/div>\n<\/div>\n\n\n\n<hr class=\"wp-block-separator has-text-color has-alpha-channel-opacity has-background is-style-wide\" style=\"background-color:#a32445;color:#a32445\" \/>\n\n\n\n<figure class=\"wp-block-image size-large\"><img loading=\"lazy\" decoding=\"async\" width=\"1024\" height=\"989\" src=\"https:\/\/www.ssaver.gob.mx\/salud-publica\/wp-content\/uploads\/sites\/42\/2025\/05\/chagas_3-1-1024x989.jpg\" alt=\"\" class=\"wp-image-1406\" srcset=\"https:\/\/www.ssaver.gob.mx\/salud-publica\/wp-content\/uploads\/sites\/42\/2025\/05\/chagas_3-1-1024x989.jpg 1024w, https:\/\/www.ssaver.gob.mx\/salud-publica\/wp-content\/uploads\/sites\/42\/2025\/05\/chagas_3-1-300x290.jpg 300w, https:\/\/www.ssaver.gob.mx\/salud-publica\/wp-content\/uploads\/sites\/42\/2025\/05\/chagas_3-1-768x742.jpg 768w, https:\/\/www.ssaver.gob.mx\/salud-publica\/wp-content\/uploads\/sites\/42\/2025\/05\/chagas_3-1-1536x1483.jpg 1536w, https:\/\/www.ssaver.gob.mx\/salud-publica\/wp-content\/uploads\/sites\/42\/2025\/05\/chagas_3-1-2048x1977.jpg 2048w\" sizes=\"auto, (max-width: 1024px) 100vw, 1024px\" \/><\/figure>\n\n\n\n<h1 class=\"wp-block-heading has-text-color has-link-color has-large-font-size wp-elements-12461a98fd2e90968b723ae4a86671ab\" style=\"color:#bd9558\"><strong>\u00bfC\u00f3mo se transmite?<\/strong><\/h1>\n\n\n\n<p class=\"has-medium-font-size\">La v\u00eda m\u00e1s com\u00fan de transmisi\u00f3n es a trav\u00e9s de insectos conocidos como <strong>vinchucas<\/strong>, <strong>chinches besuconas<\/strong> o <strong>triatominos<\/strong>, que act\u00faan como vectores. El proceso ocurre as\u00ed:<\/p>\n\n\n\n<ol class=\"wp-block-list\">\n<li class=\"has-medium-font-size\"><strong>La vinchuca pica a una persona para alimentarse de sangre.<\/strong><\/li>\n\n\n\n<li class=\"has-medium-font-size\"><strong>Mientras pica, defeca cerca del sitio de la picadura.<\/strong><\/li>\n\n\n\n<li class=\"has-medium-font-size\"><strong>Las heces del insecto contienen el par\u00e1sito <em>Trypanosoma cruzi<\/em>.<\/strong><\/li>\n\n\n\n<li class=\"has-medium-font-size\"><strong>La persona, al rascarse, puede introducir el par\u00e1sito en su organismo a trav\u00e9s de la herida o de mucosas (ojos, boca, etc.).<\/strong><\/li>\n<\/ol>\n\n\n\n<h3 class=\"wp-block-heading has-medium-font-size\">Otras formas de contagio:<\/h3>\n\n\n\n<ul class=\"wp-block-list has-medium-font-size\">\n<li><strong>Transfusi\u00f3n de sangre<\/strong> o trasplante de \u00f3rganos infectados.<\/li>\n\n\n\n<li><strong>Transmisi\u00f3n de madre a hijo<\/strong> durante el embarazo o parto.<\/li>\n\n\n\n<li><strong>Consumo de alimentos contaminados<\/strong> con el par\u00e1sito (por ejemplo, jugos o alimentos contaminados con heces de vinchuca).<\/li>\n\n\n\n<li><strong>Accidentes de laboratorio<\/strong> (casos poco frecuentes).<\/li>\n<\/ul>\n\n\n\n<div class=\"wp-block-columns is-layout-flex wp-container-core-columns-is-layout-28f84493 wp-block-columns-is-layout-flex\">\n<div class=\"wp-block-column is-layout-flow wp-block-column-is-layout-flow\">\n<figure class=\"wp-block-image size-large\"><img loading=\"lazy\" decoding=\"async\" width=\"1024\" height=\"1024\" src=\"https:\/\/www.ssaver.gob.mx\/salud-publica\/wp-content\/uploads\/sites\/42\/2025\/05\/chagas_8-1-1024x1024.jpg\" alt=\"\" class=\"wp-image-1407\" srcset=\"https:\/\/www.ssaver.gob.mx\/salud-publica\/wp-content\/uploads\/sites\/42\/2025\/05\/chagas_8-1-1024x1024.jpg 1024w, https:\/\/www.ssaver.gob.mx\/salud-publica\/wp-content\/uploads\/sites\/42\/2025\/05\/chagas_8-1-300x300.jpg 300w, https:\/\/www.ssaver.gob.mx\/salud-publica\/wp-content\/uploads\/sites\/42\/2025\/05\/chagas_8-1-150x150.jpg 150w, https:\/\/www.ssaver.gob.mx\/salud-publica\/wp-content\/uploads\/sites\/42\/2025\/05\/chagas_8-1-768x768.jpg 768w, https:\/\/www.ssaver.gob.mx\/salud-publica\/wp-content\/uploads\/sites\/42\/2025\/05\/chagas_8-1-1536x1536.jpg 1536w, https:\/\/www.ssaver.gob.mx\/salud-publica\/wp-content\/uploads\/sites\/42\/2025\/05\/chagas_8-1-2048x2048.jpg 2048w, https:\/\/www.ssaver.gob.mx\/salud-publica\/wp-content\/uploads\/sites\/42\/2025\/05\/chagas_8-1-215x215.jpg 215w\" sizes=\"auto, (max-width: 1024px) 100vw, 1024px\" \/><\/figure>\n<\/div>\n\n\n\n<div class=\"wp-block-column is-layout-flow wp-block-column-is-layout-flow\">\n<figure class=\"wp-block-image size-large\"><img loading=\"lazy\" decoding=\"async\" width=\"1024\" height=\"1024\" src=\"https:\/\/www.ssaver.gob.mx\/salud-publica\/wp-content\/uploads\/sites\/42\/2025\/05\/chagas_6-1-1024x1024.jpg\" alt=\"\" class=\"wp-image-1408\" srcset=\"https:\/\/www.ssaver.gob.mx\/salud-publica\/wp-content\/uploads\/sites\/42\/2025\/05\/chagas_6-1-1024x1024.jpg 1024w, https:\/\/www.ssaver.gob.mx\/salud-publica\/wp-content\/uploads\/sites\/42\/2025\/05\/chagas_6-1-300x300.jpg 300w, https:\/\/www.ssaver.gob.mx\/salud-publica\/wp-content\/uploads\/sites\/42\/2025\/05\/chagas_6-1-150x150.jpg 150w, https:\/\/www.ssaver.gob.mx\/salud-publica\/wp-content\/uploads\/sites\/42\/2025\/05\/chagas_6-1-768x768.jpg 768w, https:\/\/www.ssaver.gob.mx\/salud-publica\/wp-content\/uploads\/sites\/42\/2025\/05\/chagas_6-1-1536x1536.jpg 1536w, https:\/\/www.ssaver.gob.mx\/salud-publica\/wp-content\/uploads\/sites\/42\/2025\/05\/chagas_6-1-2048x2048.jpg 2048w, https:\/\/www.ssaver.gob.mx\/salud-publica\/wp-content\/uploads\/sites\/42\/2025\/05\/chagas_6-1-215x215.jpg 215w\" sizes=\"auto, (max-width: 1024px) 100vw, 1024px\" \/><\/figure>\n<\/div>\n<\/div>\n\n\n\n<div class=\"wp-block-columns is-layout-flex wp-container-core-columns-is-layout-28f84493 wp-block-columns-is-layout-flex\">\n<div class=\"wp-block-column is-layout-flow wp-block-column-is-layout-flow\" style=\"flex-basis:66%\">\n<h1 class=\"wp-block-heading has-text-color has-link-color has-large-font-size wp-elements-f321cb7bb1645912a03452ea8610fc9f\" style=\"color:#bd9558\"><strong>\u00bfCu\u00e1les son los s\u00edntomas?<\/strong><\/h1>\n\n\n\n<h3 class=\"wp-block-heading has-medium-font-size\">La enfermedad tiene dos fases:<\/h3>\n\n\n\n<ul class=\"wp-block-list has-medium-font-size\">\n<li><strong>Fase aguda<\/strong> (dura semanas o meses): puede ser asintom\u00e1tica o presentar fiebre, fatiga, inflamaci\u00f3n en el sitio de la picadura, ganglios inflamados, entre otros. En algunos casos se nota un signo visible, como el <strong>\u00absigno de Roma\u00f1a\u00bb<\/strong> (hinchaz\u00f3n del ojo).<\/li>\n\n\n\n<li><strong>Fase cr\u00f3nica<\/strong>: si no se trata, puede durar a\u00f1os o d\u00e9cadas y causar <strong>da\u00f1o grave al coraz\u00f3n<\/strong>, sistema digestivo y sistema nervioso.<\/li>\n<\/ul>\n<\/div>\n\n\n\n<div class=\"wp-block-column is-layout-flow wp-block-column-is-layout-flow\" style=\"flex-basis:66.66%\">\n<figure class=\"wp-block-image size-large\"><img loading=\"lazy\" decoding=\"async\" width=\"1024\" height=\"987\" src=\"https:\/\/www.ssaver.gob.mx\/salud-publica\/wp-content\/uploads\/sites\/42\/2025\/05\/chagas_2-1-1024x987.jpg\" alt=\"\" class=\"wp-image-1409\" srcset=\"https:\/\/www.ssaver.gob.mx\/salud-publica\/wp-content\/uploads\/sites\/42\/2025\/05\/chagas_2-1-1024x987.jpg 1024w, https:\/\/www.ssaver.gob.mx\/salud-publica\/wp-content\/uploads\/sites\/42\/2025\/05\/chagas_2-1-300x289.jpg 300w, https:\/\/www.ssaver.gob.mx\/salud-publica\/wp-content\/uploads\/sites\/42\/2025\/05\/chagas_2-1-768x740.jpg 768w, https:\/\/www.ssaver.gob.mx\/salud-publica\/wp-content\/uploads\/sites\/42\/2025\/05\/chagas_2-1-1536x1481.jpg 1536w, https:\/\/www.ssaver.gob.mx\/salud-publica\/wp-content\/uploads\/sites\/42\/2025\/05\/chagas_2-1-2048x1974.jpg 2048w\" sizes=\"auto, (max-width: 1024px) 100vw, 1024px\" \/><\/figure>\n<\/div>\n<\/div>\n\n\n\n<figure class=\"wp-block-image aligncenter size-large is-resized\"><img loading=\"lazy\" decoding=\"async\" width=\"1024\" height=\"987\" src=\"https:\/\/www.ssaver.gob.mx\/salud-publica\/wp-content\/uploads\/sites\/42\/2025\/05\/chagas_4-1-1024x987.jpg\" alt=\"\" class=\"wp-image-1410\" style=\"width:794px;height:auto\" srcset=\"https:\/\/www.ssaver.gob.mx\/salud-publica\/wp-content\/uploads\/sites\/42\/2025\/05\/chagas_4-1-1024x987.jpg 1024w, https:\/\/www.ssaver.gob.mx\/salud-publica\/wp-content\/uploads\/sites\/42\/2025\/05\/chagas_4-1-300x289.jpg 300w, https:\/\/www.ssaver.gob.mx\/salud-publica\/wp-content\/uploads\/sites\/42\/2025\/05\/chagas_4-1-768x740.jpg 768w, https:\/\/www.ssaver.gob.mx\/salud-publica\/wp-content\/uploads\/sites\/42\/2025\/05\/chagas_4-1-1536x1480.jpg 1536w, https:\/\/www.ssaver.gob.mx\/salud-publica\/wp-content\/uploads\/sites\/42\/2025\/05\/chagas_4-1-2048x1973.jpg 2048w\" sizes=\"auto, (max-width: 1024px) 100vw, 1024px\" \/><\/figure>\n\n\n\n<div style=\"height:22px\" aria-hidden=\"true\" class=\"wp-block-spacer\"><\/div>\n\n\n\n<figure class=\"wp-block-image aligncenter size-large is-resized\"><a href=\"https:\/\/www.facebook.com\/PromoSaludVer?mibextid=ZbWKwL\"><img loading=\"lazy\" decoding=\"async\" width=\"1024\" height=\"566\" src=\"https:\/\/www.ssaver.gob.mx\/salud-publica\/wp-content\/uploads\/sites\/42\/2025\/05\/ICONOS-MICROSITIO_dig-07-1024x566.png\" alt=\"\" class=\"wp-image-1415\" style=\"width:450px\" srcset=\"https:\/\/www.ssaver.gob.mx\/salud-publica\/wp-content\/uploads\/sites\/42\/2025\/05\/ICONOS-MICROSITIO_dig-07-1024x566.png 1024w, https:\/\/www.ssaver.gob.mx\/salud-publica\/wp-content\/uploads\/sites\/42\/2025\/05\/ICONOS-MICROSITIO_dig-07-300x166.png 300w, https:\/\/www.ssaver.gob.mx\/salud-publica\/wp-content\/uploads\/sites\/42\/2025\/05\/ICONOS-MICROSITIO_dig-07-768x424.png 768w, https:\/\/www.ssaver.gob.mx\/salud-publica\/wp-content\/uploads\/sites\/42\/2025\/05\/ICONOS-MICROSITIO_dig-07-1536x849.png 1536w, https:\/\/www.ssaver.gob.mx\/salud-publica\/wp-content\/uploads\/sites\/42\/2025\/05\/ICONOS-MICROSITIO_dig-07-2048x1132.png 2048w\" sizes=\"auto, (max-width: 1024px) 100vw, 1024px\" \/><\/a><\/figure>\n\n\n\n<p><\/p>\n<\/div>\n<\/div>\n<\/div>\n","protected":false},"excerpt":{"rendered":"<p>La enfermedad de Chagas, tambi\u00e9n conocida como tripanosomiasis americana, es una infecci\u00f3n potencialmente grave causada por el par\u00e1sito Trypanosoma cruzi.<\/p>\n","protected":false},"author":64,"featured_media":0,"parent":0,"menu_order":0,"comment_status":"closed","ping_status":"closed","template":"","meta":{"colormag_page_container_layout":"default_layout","colormag_page_sidebar_layout":"default_layout","footnotes":""},"class_list":["post-1403","page","type-page","status-publish","hentry"],"_links":{"self":[{"href":"https:\/\/www.ssaver.gob.mx\/salud-publica\/wp-json\/wp\/v2\/pages\/1403","targetHints":{"allow":["GET"]}}],"collection":[{"href":"https:\/\/www.ssaver.gob.mx\/salud-publica\/wp-json\/wp\/v2\/pages"}],"about":[{"href":"https:\/\/www.ssaver.gob.mx\/salud-publica\/wp-json\/wp\/v2\/types\/page"}],"author":[{"embeddable":true,"href":"https:\/\/www.ssaver.gob.mx\/salud-publica\/wp-json\/wp\/v2\/users\/64"}],"replies":[{"embeddable":true,"href":"https:\/\/www.ssaver.gob.mx\/salud-publica\/wp-json\/wp\/v2\/comments?post=1403"}],"version-history":[{"count":3,"href":"https:\/\/www.ssaver.gob.mx\/salud-publica\/wp-json\/wp\/v2\/pages\/1403\/revisions"}],"predecessor-version":[{"id":1734,"href":"https:\/\/www.ssaver.gob.mx\/salud-publica\/wp-json\/wp\/v2\/pages\/1403\/revisions\/1734"}],"wp:attachment":[{"href":"https:\/\/www.ssaver.gob.mx\/salud-publica\/wp-json\/wp\/v2\/media?parent=1403"}],"curies":[{"name":"wp","href":"https:\/\/api.w.org\/{rel}","templated":true}]}}