{"id":225,"date":"2024-08-22T15:55:43","date_gmt":"2024-08-22T20:55:43","guid":{"rendered":"https:\/\/www.ssaver.gob.mx\/salud-publica\/?page_id=225"},"modified":"2026-03-27T11:00:11","modified_gmt":"2026-03-27T17:00:11","slug":"zoonosis","status":"publish","type":"page","link":"https:\/\/www.ssaver.gob.mx\/salud-publica\/zoonosis\/","title":{"rendered":"Zoonosis"},"content":{"rendered":"\n<div class=\"wp-block-group is-layout-constrained wp-container-core-group-is-layout-9517baca wp-block-group-is-layout-constrained\">\n<div class=\"wp-block-columns is-layout-flex wp-container-core-columns-is-layout-28f84493 wp-block-columns-is-layout-flex\">\n<div class=\"wp-block-column is-layout-flow wp-block-column-is-layout-flow\" style=\"flex-basis:100%\">\n<p class=\"has-medium-font-size\">Una <strong>zoonosis <\/strong><em>es una enfermedad que ha pasado de un animal a humanos.<\/em> Los pat\u00f3genos zoon\u00f3ticos <strong>pueden ser bacterias, virus, par\u00e1sitos o agentes no convencionales<\/strong> y propagarse a los humanos por contacto directo o a trav\u00e9s de los alimentos, el agua o el medio ambiente.<\/p>\n\n\n\n<p class=\"has-medium-font-size\">El <strong>Programa de Zoonosis en Veracruz <\/strong>tiene diferentes acciones que implementa para la <strong>prevenci\u00f3n, seguimiento y control de enfermedades<\/strong> como <strong>Rabia, Brucelosis, Rickettsiosis, Leptospirosis y Teniasis\/Cisticercosis.<\/strong><\/p>\n\n\n\n<div style=\"height:32px\" aria-hidden=\"true\" class=\"wp-block-spacer\"><\/div>\n\n\n\n<p class=\"has-medium-font-size\">Reducir el riesgo sanitario de la poblaci\u00f3n Veracruzana de contraer enfermedades zoon\u00f3ticas. As\u00ed como brindar:<\/p>\n\n\n\n<ul class=\"wp-block-list\">\n<li class=\"has-medium-font-size\"><strong>Tratamiento Antirr\u00e1bico Humano<\/strong> a personas agredidas por animales con sospecha a rabia.<\/li>\n\n\n\n<li class=\"has-medium-font-size\"><strong>Tratamiento y seguimiento <\/strong>a los casos confirmados de <strong>Brucelosis, Leptospirosis, Rickettsiosis y Teniosis\/Cisticercos hasta el alta sanitaria.<\/strong><\/li>\n<\/ul>\n\n\n\n<div style=\"height:41px\" aria-hidden=\"true\" class=\"wp-block-spacer\"><\/div>\n\n\n\n<p class=\"has-medium-font-size\">As\u00ed mismo, <strong>coadyuvar<\/strong> en la:<\/p>\n\n\n\n<ul class=\"wp-block-list\">\n<li class=\"has-medium-font-size\">Vacunaci\u00f3n Antirr\u00e1bica Canina y Felina.<\/li>\n\n\n\n<li class=\"has-medium-font-size\">Esterilizacion de mascotas.<\/li>\n\n\n\n<li><\/li>\n\n\n\n<li><\/li>\n<\/ul>\n\n\n\n<p class=\"has-white-color has-text-color has-background has-link-color has-medium-font-size wp-elements-e99b23d784afeba88a494a8db6d27c57\" style=\"background-color:#801338\"><strong>Brucelosis<\/strong><\/p>\n\n\n\n<figure class=\"wp-block-image aligncenter size-large is-resized\"><img loading=\"lazy\" decoding=\"async\" width=\"1024\" height=\"1024\" src=\"https:\/\/www.ssaver.gob.mx\/salud-publica\/wp-content\/uploads\/sites\/42\/2025\/03\/brucelosis-1024x1024.jpg\" alt=\"\" class=\"wp-image-1353\" style=\"width:629px;height:auto\" srcset=\"https:\/\/www.ssaver.gob.mx\/salud-publica\/wp-content\/uploads\/sites\/42\/2025\/03\/brucelosis-1024x1024.jpg 1024w, https:\/\/www.ssaver.gob.mx\/salud-publica\/wp-content\/uploads\/sites\/42\/2025\/03\/brucelosis-300x300.jpg 300w, https:\/\/www.ssaver.gob.mx\/salud-publica\/wp-content\/uploads\/sites\/42\/2025\/03\/brucelosis-150x150.jpg 150w, https:\/\/www.ssaver.gob.mx\/salud-publica\/wp-content\/uploads\/sites\/42\/2025\/03\/brucelosis-768x768.jpg 768w, https:\/\/www.ssaver.gob.mx\/salud-publica\/wp-content\/uploads\/sites\/42\/2025\/03\/brucelosis-1536x1536.jpg 1536w, https:\/\/www.ssaver.gob.mx\/salud-publica\/wp-content\/uploads\/sites\/42\/2025\/03\/brucelosis-2048x2048.jpg 2048w, https:\/\/www.ssaver.gob.mx\/salud-publica\/wp-content\/uploads\/sites\/42\/2025\/03\/brucelosis-215x215.jpg 215w\" sizes=\"auto, (max-width: 1024px) 100vw, 1024px\" \/><\/figure>\n\n\n\n<figure class=\"wp-block-video\"><video height=\"1080\" style=\"aspect-ratio: 1920 \/ 1080;\" width=\"1920\" controls src=\"https:\/\/www.ssaver.gob.mx\/salud-publica\/wp-content\/uploads\/sites\/42\/2025\/04\/Video-brucelosis-Prevenir.mp4\"><\/video><\/figure>\n\n\n\n<figure class=\"wp-block-video\"><video height=\"1080\" style=\"aspect-ratio: 1920 \/ 1080;\" width=\"1920\" controls src=\"https:\/\/www.ssaver.gob.mx\/salud-publica\/wp-content\/uploads\/sites\/42\/2025\/04\/video-brucelosis-Si-eres.mp4\"><\/video><\/figure>\n\n\n\n<p class=\"has-white-color has-text-color has-background has-link-color has-medium-font-size wp-elements-c59f1971ac2f08d4ca1d9f32f65474ce\" style=\"background-color:#801338\"><strong>Influenza Aviar<\/strong><\/p>\n\n\n\n<figure class=\"wp-block-gallery has-nested-images columns-default is-cropped wp-block-gallery-1 is-layout-flex wp-block-gallery-is-layout-flex\">\n<figure class=\"wp-block-image size-large\"><img loading=\"lazy\" decoding=\"async\" width=\"1022\" height=\"1024\" data-id=\"1367\" src=\"https:\/\/www.ssaver.gob.mx\/salud-publica\/wp-content\/uploads\/sites\/42\/2025\/04\/sabiasque.01-1022x1024.jpg\" alt=\"\" class=\"wp-image-1367\" srcset=\"https:\/\/www.ssaver.gob.mx\/salud-publica\/wp-content\/uploads\/sites\/42\/2025\/04\/sabiasque.01-1022x1024.jpg 1022w, https:\/\/www.ssaver.gob.mx\/salud-publica\/wp-content\/uploads\/sites\/42\/2025\/04\/sabiasque.01-300x300.jpg 300w, https:\/\/www.ssaver.gob.mx\/salud-publica\/wp-content\/uploads\/sites\/42\/2025\/04\/sabiasque.01-150x150.jpg 150w, https:\/\/www.ssaver.gob.mx\/salud-publica\/wp-content\/uploads\/sites\/42\/2025\/04\/sabiasque.01-768x770.jpg 768w, https:\/\/www.ssaver.gob.mx\/salud-publica\/wp-content\/uploads\/sites\/42\/2025\/04\/sabiasque.01-1533x1536.jpg 1533w, https:\/\/www.ssaver.gob.mx\/salud-publica\/wp-content\/uploads\/sites\/42\/2025\/04\/sabiasque.01-2044x2048.jpg 2044w, https:\/\/www.ssaver.gob.mx\/salud-publica\/wp-content\/uploads\/sites\/42\/2025\/04\/sabiasque.01-215x215.jpg 215w\" sizes=\"auto, (max-width: 1022px) 100vw, 1022px\" \/><\/figure>\n\n\n\n<figure class=\"wp-block-image size-large\"><img loading=\"lazy\" decoding=\"async\" width=\"1022\" height=\"1024\" data-id=\"1368\" src=\"https:\/\/www.ssaver.gob.mx\/salud-publica\/wp-content\/uploads\/sites\/42\/2025\/04\/sabiasque._06-1022x1024.jpg\" alt=\"\" class=\"wp-image-1368\" srcset=\"https:\/\/www.ssaver.gob.mx\/salud-publica\/wp-content\/uploads\/sites\/42\/2025\/04\/sabiasque._06-1022x1024.jpg 1022w, https:\/\/www.ssaver.gob.mx\/salud-publica\/wp-content\/uploads\/sites\/42\/2025\/04\/sabiasque._06-300x300.jpg 300w, https:\/\/www.ssaver.gob.mx\/salud-publica\/wp-content\/uploads\/sites\/42\/2025\/04\/sabiasque._06-150x150.jpg 150w, https:\/\/www.ssaver.gob.mx\/salud-publica\/wp-content\/uploads\/sites\/42\/2025\/04\/sabiasque._06-768x770.jpg 768w, https:\/\/www.ssaver.gob.mx\/salud-publica\/wp-content\/uploads\/sites\/42\/2025\/04\/sabiasque._06-1533x1536.jpg 1533w, https:\/\/www.ssaver.gob.mx\/salud-publica\/wp-content\/uploads\/sites\/42\/2025\/04\/sabiasque._06-2044x2048.jpg 2044w, https:\/\/www.ssaver.gob.mx\/salud-publica\/wp-content\/uploads\/sites\/42\/2025\/04\/sabiasque._06-215x215.jpg 215w\" sizes=\"auto, (max-width: 1022px) 100vw, 1022px\" \/><\/figure>\n\n\n\n<figure class=\"wp-block-image size-large\"><img loading=\"lazy\" decoding=\"async\" width=\"1022\" height=\"1024\" data-id=\"1369\" src=\"https:\/\/www.ssaver.gob.mx\/salud-publica\/wp-content\/uploads\/sites\/42\/2025\/04\/sabiasque._05-1022x1024.jpg\" alt=\"\" class=\"wp-image-1369\" srcset=\"https:\/\/www.ssaver.gob.mx\/salud-publica\/wp-content\/uploads\/sites\/42\/2025\/04\/sabiasque._05-1022x1024.jpg 1022w, https:\/\/www.ssaver.gob.mx\/salud-publica\/wp-content\/uploads\/sites\/42\/2025\/04\/sabiasque._05-300x300.jpg 300w, https:\/\/www.ssaver.gob.mx\/salud-publica\/wp-content\/uploads\/sites\/42\/2025\/04\/sabiasque._05-150x150.jpg 150w, https:\/\/www.ssaver.gob.mx\/salud-publica\/wp-content\/uploads\/sites\/42\/2025\/04\/sabiasque._05-768x770.jpg 768w, https:\/\/www.ssaver.gob.mx\/salud-publica\/wp-content\/uploads\/sites\/42\/2025\/04\/sabiasque._05-1533x1536.jpg 1533w, https:\/\/www.ssaver.gob.mx\/salud-publica\/wp-content\/uploads\/sites\/42\/2025\/04\/sabiasque._05-2044x2048.jpg 2044w, https:\/\/www.ssaver.gob.mx\/salud-publica\/wp-content\/uploads\/sites\/42\/2025\/04\/sabiasque._05-215x215.jpg 215w\" sizes=\"auto, (max-width: 1022px) 100vw, 1022px\" \/><\/figure>\n<\/figure>\n\n\n\n<figure class=\"wp-block-gallery has-nested-images columns-default is-cropped wp-block-gallery-2 is-layout-flex wp-block-gallery-is-layout-flex\">\n<figure class=\"wp-block-image size-large\"><img loading=\"lazy\" decoding=\"async\" width=\"1022\" height=\"1024\" data-id=\"1370\" src=\"https:\/\/www.ssaver.gob.mx\/salud-publica\/wp-content\/uploads\/sites\/42\/2025\/04\/sabiasque._04-1022x1024.jpg\" alt=\"\" class=\"wp-image-1370\" srcset=\"https:\/\/www.ssaver.gob.mx\/salud-publica\/wp-content\/uploads\/sites\/42\/2025\/04\/sabiasque._04-1022x1024.jpg 1022w, https:\/\/www.ssaver.gob.mx\/salud-publica\/wp-content\/uploads\/sites\/42\/2025\/04\/sabiasque._04-300x300.jpg 300w, https:\/\/www.ssaver.gob.mx\/salud-publica\/wp-content\/uploads\/sites\/42\/2025\/04\/sabiasque._04-150x150.jpg 150w, https:\/\/www.ssaver.gob.mx\/salud-publica\/wp-content\/uploads\/sites\/42\/2025\/04\/sabiasque._04-768x770.jpg 768w, https:\/\/www.ssaver.gob.mx\/salud-publica\/wp-content\/uploads\/sites\/42\/2025\/04\/sabiasque._04-1533x1536.jpg 1533w, https:\/\/www.ssaver.gob.mx\/salud-publica\/wp-content\/uploads\/sites\/42\/2025\/04\/sabiasque._04-2044x2048.jpg 2044w, https:\/\/www.ssaver.gob.mx\/salud-publica\/wp-content\/uploads\/sites\/42\/2025\/04\/sabiasque._04-215x215.jpg 215w\" sizes=\"auto, (max-width: 1022px) 100vw, 1022px\" \/><\/figure>\n\n\n\n<figure class=\"wp-block-image size-large\"><img loading=\"lazy\" decoding=\"async\" width=\"1022\" height=\"1024\" data-id=\"1371\" src=\"https:\/\/www.ssaver.gob.mx\/salud-publica\/wp-content\/uploads\/sites\/42\/2025\/04\/sabiasque._03-1022x1024.jpg\" alt=\"\" class=\"wp-image-1371\" srcset=\"https:\/\/www.ssaver.gob.mx\/salud-publica\/wp-content\/uploads\/sites\/42\/2025\/04\/sabiasque._03-1022x1024.jpg 1022w, https:\/\/www.ssaver.gob.mx\/salud-publica\/wp-content\/uploads\/sites\/42\/2025\/04\/sabiasque._03-300x300.jpg 300w, https:\/\/www.ssaver.gob.mx\/salud-publica\/wp-content\/uploads\/sites\/42\/2025\/04\/sabiasque._03-150x150.jpg 150w, https:\/\/www.ssaver.gob.mx\/salud-publica\/wp-content\/uploads\/sites\/42\/2025\/04\/sabiasque._03-768x770.jpg 768w, https:\/\/www.ssaver.gob.mx\/salud-publica\/wp-content\/uploads\/sites\/42\/2025\/04\/sabiasque._03-1533x1536.jpg 1533w, https:\/\/www.ssaver.gob.mx\/salud-publica\/wp-content\/uploads\/sites\/42\/2025\/04\/sabiasque._03-2044x2048.jpg 2044w, https:\/\/www.ssaver.gob.mx\/salud-publica\/wp-content\/uploads\/sites\/42\/2025\/04\/sabiasque._03-215x215.jpg 215w\" sizes=\"auto, (max-width: 1022px) 100vw, 1022px\" \/><\/figure>\n\n\n\n<figure class=\"wp-block-image size-large\"><img loading=\"lazy\" decoding=\"async\" width=\"1022\" height=\"1024\" data-id=\"1372\" src=\"https:\/\/www.ssaver.gob.mx\/salud-publica\/wp-content\/uploads\/sites\/42\/2025\/04\/sabiasque._02-1022x1024.jpg\" alt=\"\" class=\"wp-image-1372\" srcset=\"https:\/\/www.ssaver.gob.mx\/salud-publica\/wp-content\/uploads\/sites\/42\/2025\/04\/sabiasque._02-1022x1024.jpg 1022w, https:\/\/www.ssaver.gob.mx\/salud-publica\/wp-content\/uploads\/sites\/42\/2025\/04\/sabiasque._02-300x300.jpg 300w, https:\/\/www.ssaver.gob.mx\/salud-publica\/wp-content\/uploads\/sites\/42\/2025\/04\/sabiasque._02-150x150.jpg 150w, https:\/\/www.ssaver.gob.mx\/salud-publica\/wp-content\/uploads\/sites\/42\/2025\/04\/sabiasque._02-768x770.jpg 768w, https:\/\/www.ssaver.gob.mx\/salud-publica\/wp-content\/uploads\/sites\/42\/2025\/04\/sabiasque._02-1533x1536.jpg 1533w, https:\/\/www.ssaver.gob.mx\/salud-publica\/wp-content\/uploads\/sites\/42\/2025\/04\/sabiasque._02-2044x2048.jpg 2044w, https:\/\/www.ssaver.gob.mx\/salud-publica\/wp-content\/uploads\/sites\/42\/2025\/04\/sabiasque._02-215x215.jpg 215w\" sizes=\"auto, (max-width: 1022px) 100vw, 1022px\" \/><\/figure>\n<\/figure>\n\n\n\n<p class=\"has-white-color has-text-color has-background has-link-color has-medium-font-size wp-elements-24af8f8190f79eb5f490ebded732f8c6\" style=\"background-color:#801338\"><strong>Rickettsiosis<\/strong><\/p>\n\n\n\n<figure class=\"wp-block-image size-large\"><img loading=\"lazy\" decoding=\"async\" width=\"1024\" height=\"785\" src=\"https:\/\/www.ssaver.gob.mx\/salud-publica\/wp-content\/uploads\/sites\/42\/2024\/09\/WhatsApp-Image-2024-09-24-at-2.42.04-PM-1024x785.jpeg\" alt=\"\" class=\"wp-image-875\" srcset=\"https:\/\/www.ssaver.gob.mx\/salud-publica\/wp-content\/uploads\/sites\/42\/2024\/09\/WhatsApp-Image-2024-09-24-at-2.42.04-PM-1024x785.jpeg 1024w, https:\/\/www.ssaver.gob.mx\/salud-publica\/wp-content\/uploads\/sites\/42\/2024\/09\/WhatsApp-Image-2024-09-24-at-2.42.04-PM-300x230.jpeg 300w, https:\/\/www.ssaver.gob.mx\/salud-publica\/wp-content\/uploads\/sites\/42\/2024\/09\/WhatsApp-Image-2024-09-24-at-2.42.04-PM-768x589.jpeg 768w, https:\/\/www.ssaver.gob.mx\/salud-publica\/wp-content\/uploads\/sites\/42\/2024\/09\/WhatsApp-Image-2024-09-24-at-2.42.04-PM-345x265.jpeg 345w, https:\/\/www.ssaver.gob.mx\/salud-publica\/wp-content\/uploads\/sites\/42\/2024\/09\/WhatsApp-Image-2024-09-24-at-2.42.04-PM.jpeg 1080w\" sizes=\"auto, (max-width: 1024px) 100vw, 1024px\" \/><\/figure>\n\n\n\n<div class=\"wp-block-group is-content-justification-center is-nowrap is-layout-flex wp-container-core-group-is-layout-23441af8 wp-block-group-is-layout-flex\">\n<figure class=\"wp-block-image size-large is-resized\"><a href=\"https:\/\/www.facebook.com\/PromoSaludVer?mibextid=ZbWKwL\"><img loading=\"lazy\" decoding=\"async\" width=\"1024\" height=\"566\" src=\"https:\/\/www.ssaver.gob.mx\/salud-publica\/wp-content\/uploads\/sites\/42\/2025\/03\/ICONOS-MICROSITIO_dig-07-2-1024x566.png\" alt=\"\" class=\"wp-image-1318\" style=\"width:317px;height:auto\" srcset=\"https:\/\/www.ssaver.gob.mx\/salud-publica\/wp-content\/uploads\/sites\/42\/2025\/03\/ICONOS-MICROSITIO_dig-07-2-1024x566.png 1024w, https:\/\/www.ssaver.gob.mx\/salud-publica\/wp-content\/uploads\/sites\/42\/2025\/03\/ICONOS-MICROSITIO_dig-07-2-300x166.png 300w, https:\/\/www.ssaver.gob.mx\/salud-publica\/wp-content\/uploads\/sites\/42\/2025\/03\/ICONOS-MICROSITIO_dig-07-2-768x424.png 768w, https:\/\/www.ssaver.gob.mx\/salud-publica\/wp-content\/uploads\/sites\/42\/2025\/03\/ICONOS-MICROSITIO_dig-07-2-1536x849.png 1536w, https:\/\/www.ssaver.gob.mx\/salud-publica\/wp-content\/uploads\/sites\/42\/2025\/03\/ICONOS-MICROSITIO_dig-07-2-2048x1132.png 2048w\" sizes=\"auto, (max-width: 1024px) 100vw, 1024px\" \/><\/a><\/figure>\n<\/div>\n<\/div>\n<\/div>\n<\/div>\n","protected":false},"excerpt":{"rendered":"<p>Una zoonosis es una enfermedad que ha pasado de un animal a humanos. Los pat\u00f3genos zoon\u00f3ticos pueden ser bacterias, virus,<\/p>\n","protected":false},"author":50,"featured_media":0,"parent":0,"menu_order":0,"comment_status":"closed","ping_status":"closed","template":"","meta":{"colormag_page_container_layout":"default_layout","colormag_page_sidebar_layout":"default_layout","footnotes":""},"class_list":["post-225","page","type-page","status-publish","hentry"],"_links":{"self":[{"href":"https:\/\/www.ssaver.gob.mx\/salud-publica\/wp-json\/wp\/v2\/pages\/225","targetHints":{"allow":["GET"]}}],"collection":[{"href":"https:\/\/www.ssaver.gob.mx\/salud-publica\/wp-json\/wp\/v2\/pages"}],"about":[{"href":"https:\/\/www.ssaver.gob.mx\/salud-publica\/wp-json\/wp\/v2\/types\/page"}],"author":[{"embeddable":true,"href":"https:\/\/www.ssaver.gob.mx\/salud-publica\/wp-json\/wp\/v2\/users\/50"}],"replies":[{"embeddable":true,"href":"https:\/\/www.ssaver.gob.mx\/salud-publica\/wp-json\/wp\/v2\/comments?post=225"}],"version-history":[{"count":24,"href":"https:\/\/www.ssaver.gob.mx\/salud-publica\/wp-json\/wp\/v2\/pages\/225\/revisions"}],"predecessor-version":[{"id":1755,"href":"https:\/\/www.ssaver.gob.mx\/salud-publica\/wp-json\/wp\/v2\/pages\/225\/revisions\/1755"}],"wp:attachment":[{"href":"https:\/\/www.ssaver.gob.mx\/salud-publica\/wp-json\/wp\/v2\/media?parent=225"}],"curies":[{"name":"wp","href":"https:\/\/api.w.org\/{rel}","templated":true}]}}