{"id":232,"date":"2024-07-26T13:08:00","date_gmt":"2024-07-26T18:08:00","guid":{"rendered":"https:\/\/www.ssaver.gob.mx\/salud-publica\/?page_id=232"},"modified":"2026-03-27T10:48:14","modified_gmt":"2026-03-27T16:48:14","slug":"enfermedades-respiratorias-e-influenza","status":"publish","type":"page","link":"https:\/\/www.ssaver.gob.mx\/salud-publica\/enfermedades-respiratorias-e-influenza\/","title":{"rendered":"Enfermedades respiratorias e influenza"},"content":{"rendered":"\n<div class=\"wp-block-group is-layout-constrained wp-container-core-group-is-layout-9517baca wp-block-group-is-layout-constrained\">\n<div class=\"wp-block-columns is-layout-flex wp-container-core-columns-is-layout-28f84493 wp-block-columns-is-layout-flex\">\n<div class=\"wp-block-column is-layout-flow wp-block-column-is-layout-flow\" style=\"flex-basis:100%\">\n<figure class=\"wp-block-image aligncenter size-large\"><img loading=\"lazy\" decoding=\"async\" width=\"1024\" height=\"450\" src=\"https:\/\/www.ssaver.gob.mx\/salud-publica\/wp-content\/uploads\/sites\/42\/2024\/09\/ERAS-1024x450.png\" alt=\"\" class=\"wp-image-895\" srcset=\"https:\/\/www.ssaver.gob.mx\/salud-publica\/wp-content\/uploads\/sites\/42\/2024\/09\/ERAS-1024x450.png 1024w, https:\/\/www.ssaver.gob.mx\/salud-publica\/wp-content\/uploads\/sites\/42\/2024\/09\/ERAS-300x132.png 300w, https:\/\/www.ssaver.gob.mx\/salud-publica\/wp-content\/uploads\/sites\/42\/2024\/09\/ERAS-768x337.png 768w, https:\/\/www.ssaver.gob.mx\/salud-publica\/wp-content\/uploads\/sites\/42\/2024\/09\/ERAS-1536x675.png 1536w, https:\/\/www.ssaver.gob.mx\/salud-publica\/wp-content\/uploads\/sites\/42\/2024\/09\/ERAS-2048x900.png 2048w, https:\/\/www.ssaver.gob.mx\/salud-publica\/wp-content\/uploads\/sites\/42\/2024\/09\/ERAS-1070x470.png 1070w\" sizes=\"auto, (max-width: 1024px) 100vw, 1024px\" \/><\/figure>\n\n\n\n<p><\/p>\n\n\n\n<p class=\"has-text-align-left has-large-font-size\"><strong>Este programa tiene el objetivo de <\/strong>garantizar la detecci\u00f3n oportuna, el diagn\u00f3stico confiable y el acceso al tratamiento, as\u00ed como la notificaci\u00f3n de las Enfermedades Respiratorias (Asma, EPOC, neumon\u00eda) e Influenza, en personas de 18 a\u00f1os y m\u00e1s.<\/p>\n\n\n\n<figure class=\"wp-block-image aligncenter size-full\"><img loading=\"lazy\" decoding=\"async\" width=\"929\" height=\"655\" src=\"https:\/\/www.ssaver.gob.mx\/salud-publica\/wp-content\/uploads\/sites\/42\/2024\/04\/Banner_recomendaciones-14.png\" alt=\"\" class=\"wp-image-238\" srcset=\"https:\/\/www.ssaver.gob.mx\/salud-publica\/wp-content\/uploads\/sites\/42\/2024\/04\/Banner_recomendaciones-14.png 929w, https:\/\/www.ssaver.gob.mx\/salud-publica\/wp-content\/uploads\/sites\/42\/2024\/04\/Banner_recomendaciones-14-300x212.png 300w, https:\/\/www.ssaver.gob.mx\/salud-publica\/wp-content\/uploads\/sites\/42\/2024\/04\/Banner_recomendaciones-14-768x541.png 768w\" sizes=\"auto, (max-width: 929px) 100vw, 929px\" \/><\/figure>\n\n\n\n<div class=\"wp-block-group is-content-justification-center is-nowrap is-layout-flex wp-container-core-group-is-layout-23441af8 wp-block-group-is-layout-flex\">\n<figure class=\"wp-block-image size-large is-resized\"><img loading=\"lazy\" decoding=\"async\" width=\"1024\" height=\"1024\" src=\"https:\/\/www.ssaver.gob.mx\/salud-publica\/wp-content\/uploads\/sites\/42\/2024\/07\/WhatsApp-Image-2024-07-26-at-2.45.14-PM-1024x1024.jpeg\" alt=\"\" class=\"wp-image-689\" style=\"width:613px;height:auto\" srcset=\"https:\/\/www.ssaver.gob.mx\/salud-publica\/wp-content\/uploads\/sites\/42\/2024\/07\/WhatsApp-Image-2024-07-26-at-2.45.14-PM-1024x1024.jpeg 1024w, https:\/\/www.ssaver.gob.mx\/salud-publica\/wp-content\/uploads\/sites\/42\/2024\/07\/WhatsApp-Image-2024-07-26-at-2.45.14-PM-300x300.jpeg 300w, https:\/\/www.ssaver.gob.mx\/salud-publica\/wp-content\/uploads\/sites\/42\/2024\/07\/WhatsApp-Image-2024-07-26-at-2.45.14-PM-150x150.jpeg 150w, https:\/\/www.ssaver.gob.mx\/salud-publica\/wp-content\/uploads\/sites\/42\/2024\/07\/WhatsApp-Image-2024-07-26-at-2.45.14-PM-768x768.jpeg 768w, https:\/\/www.ssaver.gob.mx\/salud-publica\/wp-content\/uploads\/sites\/42\/2024\/07\/WhatsApp-Image-2024-07-26-at-2.45.14-PM-215x215.jpeg 215w, https:\/\/www.ssaver.gob.mx\/salud-publica\/wp-content\/uploads\/sites\/42\/2024\/07\/WhatsApp-Image-2024-07-26-at-2.45.14-PM.jpeg 1080w\" sizes=\"auto, (max-width: 1024px) 100vw, 1024px\" \/><\/figure>\n\n\n\n<figure class=\"wp-block-image size-large is-resized\"><img loading=\"lazy\" decoding=\"async\" width=\"1024\" height=\"1024\" src=\"https:\/\/www.ssaver.gob.mx\/salud-publica\/wp-content\/uploads\/sites\/42\/2024\/07\/WhatsApp-Image-2024-07-26-at-2.45.14-PM-1-1024x1024.jpeg\" alt=\"\" class=\"wp-image-690\" style=\"width:614px;height:auto\" srcset=\"https:\/\/www.ssaver.gob.mx\/salud-publica\/wp-content\/uploads\/sites\/42\/2024\/07\/WhatsApp-Image-2024-07-26-at-2.45.14-PM-1-1024x1024.jpeg 1024w, https:\/\/www.ssaver.gob.mx\/salud-publica\/wp-content\/uploads\/sites\/42\/2024\/07\/WhatsApp-Image-2024-07-26-at-2.45.14-PM-1-300x300.jpeg 300w, https:\/\/www.ssaver.gob.mx\/salud-publica\/wp-content\/uploads\/sites\/42\/2024\/07\/WhatsApp-Image-2024-07-26-at-2.45.14-PM-1-150x150.jpeg 150w, https:\/\/www.ssaver.gob.mx\/salud-publica\/wp-content\/uploads\/sites\/42\/2024\/07\/WhatsApp-Image-2024-07-26-at-2.45.14-PM-1-768x768.jpeg 768w, https:\/\/www.ssaver.gob.mx\/salud-publica\/wp-content\/uploads\/sites\/42\/2024\/07\/WhatsApp-Image-2024-07-26-at-2.45.14-PM-1-215x215.jpeg 215w, https:\/\/www.ssaver.gob.mx\/salud-publica\/wp-content\/uploads\/sites\/42\/2024\/07\/WhatsApp-Image-2024-07-26-at-2.45.14-PM-1.jpeg 1080w\" sizes=\"auto, (max-width: 1024px) 100vw, 1024px\" \/><\/figure>\n<\/div>\n\n\n\n<figure class=\"wp-block-image aligncenter size-large is-resized\"><img loading=\"lazy\" decoding=\"async\" width=\"1024\" height=\"1024\" src=\"https:\/\/www.ssaver.gob.mx\/salud-publica\/wp-content\/uploads\/sites\/42\/2024\/07\/WhatsApp-Image-2024-07-26-at-2.45.15-PM-1024x1024.jpeg\" alt=\"\" class=\"wp-image-691\" style=\"width:692px;height:auto\" srcset=\"https:\/\/www.ssaver.gob.mx\/salud-publica\/wp-content\/uploads\/sites\/42\/2024\/07\/WhatsApp-Image-2024-07-26-at-2.45.15-PM-1024x1024.jpeg 1024w, https:\/\/www.ssaver.gob.mx\/salud-publica\/wp-content\/uploads\/sites\/42\/2024\/07\/WhatsApp-Image-2024-07-26-at-2.45.15-PM-300x300.jpeg 300w, https:\/\/www.ssaver.gob.mx\/salud-publica\/wp-content\/uploads\/sites\/42\/2024\/07\/WhatsApp-Image-2024-07-26-at-2.45.15-PM-150x150.jpeg 150w, https:\/\/www.ssaver.gob.mx\/salud-publica\/wp-content\/uploads\/sites\/42\/2024\/07\/WhatsApp-Image-2024-07-26-at-2.45.15-PM-768x768.jpeg 768w, https:\/\/www.ssaver.gob.mx\/salud-publica\/wp-content\/uploads\/sites\/42\/2024\/07\/WhatsApp-Image-2024-07-26-at-2.45.15-PM-215x215.jpeg 215w, https:\/\/www.ssaver.gob.mx\/salud-publica\/wp-content\/uploads\/sites\/42\/2024\/07\/WhatsApp-Image-2024-07-26-at-2.45.15-PM.jpeg 1080w\" sizes=\"auto, (max-width: 1024px) 100vw, 1024px\" \/><\/figure>\n\n\n\n<hr class=\"wp-block-separator has-text-color has-vivid-red-color has-alpha-channel-opacity has-vivid-red-background-color has-background is-style-wide\" \/>\n\n\n\n<h1 class=\"wp-block-heading has-text-align-center has-text-color has-link-color wp-elements-7be02d86f41ebb5d783f0f4d68c2c701\" style=\"color:#ca9e67\"><strong>MATERIALES DESCARGABLES<\/strong><\/h1>\n\n\n\n<div class=\"wp-block-group is-content-justification-center is-nowrap is-layout-flex wp-container-core-group-is-layout-23441af8 wp-block-group-is-layout-flex\">\n<figure class=\"wp-block-image size-large is-resized\"><img loading=\"lazy\" decoding=\"async\" width=\"791\" height=\"1024\" src=\"https:\/\/www.ssaver.gob.mx\/salud-publica\/wp-content\/uploads\/sites\/42\/2024\/04\/WhatsApp-Image-2024-04-18-at-9.31.28-AM-791x1024.jpeg\" alt=\"\" class=\"wp-image-448\" style=\"width:260px;height:auto\" srcset=\"https:\/\/www.ssaver.gob.mx\/salud-publica\/wp-content\/uploads\/sites\/42\/2024\/04\/WhatsApp-Image-2024-04-18-at-9.31.28-AM-791x1024.jpeg 791w, https:\/\/www.ssaver.gob.mx\/salud-publica\/wp-content\/uploads\/sites\/42\/2024\/04\/WhatsApp-Image-2024-04-18-at-9.31.28-AM-232x300.jpeg 232w, https:\/\/www.ssaver.gob.mx\/salud-publica\/wp-content\/uploads\/sites\/42\/2024\/04\/WhatsApp-Image-2024-04-18-at-9.31.28-AM-768x994.jpeg 768w, https:\/\/www.ssaver.gob.mx\/salud-publica\/wp-content\/uploads\/sites\/42\/2024\/04\/WhatsApp-Image-2024-04-18-at-9.31.28-AM.jpeg 1080w\" sizes=\"auto, (max-width: 791px) 100vw, 791px\" \/><\/figure>\n\n\n\n<figure class=\"wp-block-image size-full\"><img loading=\"lazy\" decoding=\"async\" width=\"158\" height=\"157\" src=\"https:\/\/www.ssaver.gob.mx\/salud-publica\/wp-content\/uploads\/sites\/42\/2024\/04\/WHITEEEE-11.png\" alt=\"\" class=\"wp-image-199\" srcset=\"https:\/\/www.ssaver.gob.mx\/salud-publica\/wp-content\/uploads\/sites\/42\/2024\/04\/WHITEEEE-11.png 158w, https:\/\/www.ssaver.gob.mx\/salud-publica\/wp-content\/uploads\/sites\/42\/2024\/04\/WHITEEEE-11-150x150.png 150w\" sizes=\"auto, (max-width: 158px) 100vw, 158px\" \/><\/figure>\n\n\n\n<figure class=\"wp-block-image size-large is-resized\"><img loading=\"lazy\" decoding=\"async\" width=\"1024\" height=\"785\" src=\"https:\/\/www.ssaver.gob.mx\/salud-publica\/wp-content\/uploads\/sites\/42\/2024\/04\/WhatsApp-Image-2024-04-19-at-8.19.55-AM-1-min-1024x785.jpeg\" alt=\"\" class=\"wp-image-449\" style=\"width:350px;height:auto\" srcset=\"https:\/\/www.ssaver.gob.mx\/salud-publica\/wp-content\/uploads\/sites\/42\/2024\/04\/WhatsApp-Image-2024-04-19-at-8.19.55-AM-1-min-1024x785.jpeg 1024w, https:\/\/www.ssaver.gob.mx\/salud-publica\/wp-content\/uploads\/sites\/42\/2024\/04\/WhatsApp-Image-2024-04-19-at-8.19.55-AM-1-min-300x230.jpeg 300w, https:\/\/www.ssaver.gob.mx\/salud-publica\/wp-content\/uploads\/sites\/42\/2024\/04\/WhatsApp-Image-2024-04-19-at-8.19.55-AM-1-min-768x588.jpeg 768w, https:\/\/www.ssaver.gob.mx\/salud-publica\/wp-content\/uploads\/sites\/42\/2024\/04\/WhatsApp-Image-2024-04-19-at-8.19.55-AM-1-min-345x265.jpeg 345w, https:\/\/www.ssaver.gob.mx\/salud-publica\/wp-content\/uploads\/sites\/42\/2024\/04\/WhatsApp-Image-2024-04-19-at-8.19.55-AM-1-min.jpeg 1061w\" sizes=\"auto, (max-width: 1024px) 100vw, 1024px\" \/><\/figure>\n\n\n\n<figure class=\"wp-block-image size-full\"><img loading=\"lazy\" decoding=\"async\" width=\"158\" height=\"157\" src=\"https:\/\/www.ssaver.gob.mx\/salud-publica\/wp-content\/uploads\/sites\/42\/2024\/04\/WHITEEEE-11.png\" alt=\"\" class=\"wp-image-199\" srcset=\"https:\/\/www.ssaver.gob.mx\/salud-publica\/wp-content\/uploads\/sites\/42\/2024\/04\/WHITEEEE-11.png 158w, https:\/\/www.ssaver.gob.mx\/salud-publica\/wp-content\/uploads\/sites\/42\/2024\/04\/WHITEEEE-11-150x150.png 150w\" sizes=\"auto, (max-width: 158px) 100vw, 158px\" \/><\/figure>\n\n\n\n<figure class=\"wp-block-image size-large\"><img loading=\"lazy\" decoding=\"async\" width=\"1024\" height=\"785\" src=\"https:\/\/www.ssaver.gob.mx\/salud-publica\/wp-content\/uploads\/sites\/42\/2024\/04\/WhatsApp-Image-2024-04-19-at-8.19.55-AM-2-min-1024x785.jpeg\" alt=\"\" class=\"wp-image-450\" srcset=\"https:\/\/www.ssaver.gob.mx\/salud-publica\/wp-content\/uploads\/sites\/42\/2024\/04\/WhatsApp-Image-2024-04-19-at-8.19.55-AM-2-min-1024x785.jpeg 1024w, https:\/\/www.ssaver.gob.mx\/salud-publica\/wp-content\/uploads\/sites\/42\/2024\/04\/WhatsApp-Image-2024-04-19-at-8.19.55-AM-2-min-300x230.jpeg 300w, https:\/\/www.ssaver.gob.mx\/salud-publica\/wp-content\/uploads\/sites\/42\/2024\/04\/WhatsApp-Image-2024-04-19-at-8.19.55-AM-2-min-768x589.jpeg 768w, https:\/\/www.ssaver.gob.mx\/salud-publica\/wp-content\/uploads\/sites\/42\/2024\/04\/WhatsApp-Image-2024-04-19-at-8.19.55-AM-2-min-345x265.jpeg 345w, https:\/\/www.ssaver.gob.mx\/salud-publica\/wp-content\/uploads\/sites\/42\/2024\/04\/WhatsApp-Image-2024-04-19-at-8.19.55-AM-2-min.jpeg 1057w\" sizes=\"auto, (max-width: 1024px) 100vw, 1024px\" \/><\/figure>\n<\/div>\n\n\n\n<div class=\"wp-block-group is-content-justification-center is-nowrap is-layout-flex wp-container-core-group-is-layout-23441af8 wp-block-group-is-layout-flex\">\n<figure class=\"wp-block-image size-full is-resized\"><a href=\"https:\/\/www.ssaver.gob.mx\/salud-publica\/wp-content\/uploads\/sites\/42\/2024\/04\/WhatsApp-Image-2024-04-18-at-9.31.28-AM.jpeg\" target=\"_blank\" rel=\"noreferrer noopener\"><img loading=\"lazy\" decoding=\"async\" width=\"158\" height=\"116\" src=\"https:\/\/www.ssaver.gob.mx\/salud-publica\/wp-content\/uploads\/sites\/42\/2024\/04\/Flecha-descargar-02.png\" alt=\"\" class=\"wp-image-192\" style=\"width:221px;height:auto\" \/><\/a><\/figure>\n\n\n\n<figure class=\"wp-block-image size-full is-resized\"><img loading=\"lazy\" decoding=\"async\" width=\"158\" height=\"157\" src=\"https:\/\/www.ssaver.gob.mx\/salud-publica\/wp-content\/uploads\/sites\/42\/2024\/04\/WHITEEEE-11.png\" alt=\"\" class=\"wp-image-199\" style=\"width:77px;height:auto\" srcset=\"https:\/\/www.ssaver.gob.mx\/salud-publica\/wp-content\/uploads\/sites\/42\/2024\/04\/WHITEEEE-11.png 158w, https:\/\/www.ssaver.gob.mx\/salud-publica\/wp-content\/uploads\/sites\/42\/2024\/04\/WHITEEEE-11-150x150.png 150w\" sizes=\"auto, (max-width: 158px) 100vw, 158px\" \/><\/figure>\n\n\n\n<figure class=\"wp-block-image size-full is-resized\"><img loading=\"lazy\" decoding=\"async\" width=\"158\" height=\"157\" src=\"https:\/\/www.ssaver.gob.mx\/salud-publica\/wp-content\/uploads\/sites\/42\/2024\/04\/WHITEEEE-11.png\" alt=\"\" class=\"wp-image-199\" style=\"width:47px;height:auto\" srcset=\"https:\/\/www.ssaver.gob.mx\/salud-publica\/wp-content\/uploads\/sites\/42\/2024\/04\/WHITEEEE-11.png 158w, https:\/\/www.ssaver.gob.mx\/salud-publica\/wp-content\/uploads\/sites\/42\/2024\/04\/WHITEEEE-11-150x150.png 150w\" sizes=\"auto, (max-width: 158px) 100vw, 158px\" \/><\/figure>\n\n\n\n<figure class=\"wp-block-image size-full is-resized\"><a href=\"https:\/\/www.ssaver.gob.mx\/salud-publica\/wp-content\/uploads\/sites\/42\/2024\/04\/WhatsApp-Image-2024-04-19-at-8.19.55-AM-1-min.jpeg\" target=\"_blank\" rel=\"noreferrer noopener\"><img loading=\"lazy\" decoding=\"async\" width=\"158\" height=\"116\" src=\"https:\/\/www.ssaver.gob.mx\/salud-publica\/wp-content\/uploads\/sites\/42\/2024\/04\/Flecha-descargar-02.png\" alt=\"\" class=\"wp-image-192\" style=\"width:217px;height:auto\" \/><\/a><\/figure>\n\n\n\n<figure class=\"wp-block-image size-full is-resized\"><img loading=\"lazy\" decoding=\"async\" width=\"158\" height=\"157\" src=\"https:\/\/www.ssaver.gob.mx\/salud-publica\/wp-content\/uploads\/sites\/42\/2024\/04\/WHITEEEE-11.png\" alt=\"\" class=\"wp-image-199\" style=\"width:151px;height:auto\" srcset=\"https:\/\/www.ssaver.gob.mx\/salud-publica\/wp-content\/uploads\/sites\/42\/2024\/04\/WHITEEEE-11.png 158w, https:\/\/www.ssaver.gob.mx\/salud-publica\/wp-content\/uploads\/sites\/42\/2024\/04\/WHITEEEE-11-150x150.png 150w\" sizes=\"auto, (max-width: 158px) 100vw, 158px\" \/><\/figure>\n\n\n\n<figure class=\"wp-block-image size-full is-resized\"><a href=\"https:\/\/www.ssaver.gob.mx\/salud-publica\/wp-content\/uploads\/sites\/42\/2024\/04\/WhatsApp-Image-2024-04-19-at-8.19.55-AM-2-min.jpeg\" target=\"_blank\" rel=\"noreferrer noopener\"><img loading=\"lazy\" decoding=\"async\" width=\"158\" height=\"116\" src=\"https:\/\/www.ssaver.gob.mx\/salud-publica\/wp-content\/uploads\/sites\/42\/2024\/04\/Flecha-descargar-02.png\" alt=\"\" class=\"wp-image-192\" style=\"width:210px;height:auto\" \/><\/a><\/figure>\n\n\n\n<figure class=\"wp-block-image size-full is-resized\"><img loading=\"lazy\" decoding=\"async\" width=\"158\" height=\"157\" src=\"https:\/\/www.ssaver.gob.mx\/salud-publica\/wp-content\/uploads\/sites\/42\/2024\/04\/WHITEEEE-11.png\" alt=\"\" class=\"wp-image-199\" style=\"width:56px;height:auto\" srcset=\"https:\/\/www.ssaver.gob.mx\/salud-publica\/wp-content\/uploads\/sites\/42\/2024\/04\/WHITEEEE-11.png 158w, https:\/\/www.ssaver.gob.mx\/salud-publica\/wp-content\/uploads\/sites\/42\/2024\/04\/WHITEEEE-11-150x150.png 150w\" sizes=\"auto, (max-width: 158px) 100vw, 158px\" \/><\/figure>\n<\/div>\n\n\n\n<hr class=\"wp-block-separator has-text-color has-alpha-channel-opacity has-background is-style-wide\" style=\"background-color:#a32445;color:#a32445\" \/>\n\n\n\n<div class=\"wp-block-group is-content-justification-center is-nowrap is-layout-flex wp-container-core-group-is-layout-23441af8 wp-block-group-is-layout-flex\">\n<figure class=\"wp-block-image size-full\"><a href=\"https:\/\/www.facebook.com\/PromoSaludVer?mibextid=ZbWKwL\" target=\"_blank\" rel=\"noreferrer noopener\"><img loading=\"lazy\" decoding=\"async\" width=\"157\" height=\"116\" src=\"https:\/\/www.ssaver.gob.mx\/salud-publica\/wp-content\/uploads\/sites\/42\/2024\/04\/Material-de-difusion-03.png\" alt=\"\" class=\"wp-image-194\" \/><\/a><\/figure>\n\n\n\n<figure class=\"wp-block-image size-full\"><img loading=\"lazy\" decoding=\"async\" width=\"158\" height=\"157\" src=\"https:\/\/www.ssaver.gob.mx\/salud-publica\/wp-content\/uploads\/sites\/42\/2024\/04\/WHITEEEE-11.png\" alt=\"\" class=\"wp-image-199\" srcset=\"https:\/\/www.ssaver.gob.mx\/salud-publica\/wp-content\/uploads\/sites\/42\/2024\/04\/WHITEEEE-11.png 158w, https:\/\/www.ssaver.gob.mx\/salud-publica\/wp-content\/uploads\/sites\/42\/2024\/04\/WHITEEEE-11-150x150.png 150w\" sizes=\"auto, (max-width: 158px) 100vw, 158px\" \/><\/figure>\n\n\n\n<figure class=\"wp-block-image size-full\"><img loading=\"lazy\" decoding=\"async\" width=\"158\" height=\"157\" src=\"https:\/\/www.ssaver.gob.mx\/salud-publica\/wp-content\/uploads\/sites\/42\/2024\/04\/WHITEEEE-11.png\" alt=\"\" class=\"wp-image-199\" srcset=\"https:\/\/www.ssaver.gob.mx\/salud-publica\/wp-content\/uploads\/sites\/42\/2024\/04\/WHITEEEE-11.png 158w, https:\/\/www.ssaver.gob.mx\/salud-publica\/wp-content\/uploads\/sites\/42\/2024\/04\/WHITEEEE-11-150x150.png 150w\" sizes=\"auto, (max-width: 158px) 100vw, 158px\" \/><\/figure>\n\n\n\n<figure class=\"wp-block-image size-full\"><a href=\"https:\/\/www.ssaver.gob.mx\/salud-publica\/wp-content\/uploads\/sites\/42\/2024\/04\/ASMA.pdf\" target=\"_blank\" rel=\"noreferrer noopener\"><img loading=\"lazy\" decoding=\"async\" width=\"198\" height=\"116\" src=\"https:\/\/www.ssaver.gob.mx\/salud-publica\/wp-content\/uploads\/sites\/42\/2024\/04\/Recursos-digitales-05.png\" alt=\"\" class=\"wp-image-191\" srcset=\"https:\/\/www.ssaver.gob.mx\/salud-publica\/wp-content\/uploads\/sites\/42\/2024\/04\/Recursos-digitales-05.png 198w, https:\/\/www.ssaver.gob.mx\/salud-publica\/wp-content\/uploads\/sites\/42\/2024\/04\/Recursos-digitales-05-184x109.png 184w\" sizes=\"auto, (max-width: 198px) 100vw, 198px\" \/><\/a><\/figure>\n<\/div>\n<\/div>\n<\/div>\n<\/div>\n","protected":false},"excerpt":{"rendered":"<p>Este programa tiene el objetivo de garantizar la detecci\u00f3n oportuna, el diagn\u00f3stico confiable y el acceso al tratamiento, as\u00ed como<\/p>\n","protected":false},"author":50,"featured_media":0,"parent":0,"menu_order":0,"comment_status":"closed","ping_status":"closed","template":"","meta":{"colormag_page_container_layout":"default_layout","colormag_page_sidebar_layout":"default_layout","footnotes":""},"class_list":["post-232","page","type-page","status-publish","hentry"],"_links":{"self":[{"href":"https:\/\/www.ssaver.gob.mx\/salud-publica\/wp-json\/wp\/v2\/pages\/232","targetHints":{"allow":["GET"]}}],"collection":[{"href":"https:\/\/www.ssaver.gob.mx\/salud-publica\/wp-json\/wp\/v2\/pages"}],"about":[{"href":"https:\/\/www.ssaver.gob.mx\/salud-publica\/wp-json\/wp\/v2\/types\/page"}],"author":[{"embeddable":true,"href":"https:\/\/www.ssaver.gob.mx\/salud-publica\/wp-json\/wp\/v2\/users\/50"}],"replies":[{"embeddable":true,"href":"https:\/\/www.ssaver.gob.mx\/salud-publica\/wp-json\/wp\/v2\/comments?post=232"}],"version-history":[{"count":6,"href":"https:\/\/www.ssaver.gob.mx\/salud-publica\/wp-json\/wp\/v2\/pages\/232\/revisions"}],"predecessor-version":[{"id":1743,"href":"https:\/\/www.ssaver.gob.mx\/salud-publica\/wp-json\/wp\/v2\/pages\/232\/revisions\/1743"}],"wp:attachment":[{"href":"https:\/\/www.ssaver.gob.mx\/salud-publica\/wp-json\/wp\/v2\/media?parent=232"}],"curies":[{"name":"wp","href":"https:\/\/api.w.org\/{rel}","templated":true}]}}